{"id":15955,"date":"2025-07-30T11:42:39","date_gmt":"2025-07-30T09:42:39","guid":{"rendered":"https:\/\/v2.frank-pen.de\/?post_type=product&#038;p=15955"},"modified":"2025-09-29T15:49:29","modified_gmt":"2025-09-29T13:49:29","slug":"kugelschreiber-austen","status":"publish","type":"product","link":"https:\/\/pen.eu\/es\/producto\/kugelschreiber-austen\/","title":{"rendered":"Kugelschreiber &#8220;Austen&#8221;"},"content":{"rendered":"<p>Der Austen Kugelschreiber aus recyceltem Kunststoff (RABS) vereint durchdachte Funktionalit\u00e4t mit beruhigenden Elementen \u2013 ideal f\u00fcr den Alltag im B\u00fcro oder unterwegs. Der doppelt eingespritzte Schaft bietet eine weiche Griffzone, die f\u00fcr hohen Schreibkomfort sorgt, w\u00e4hrend der farblich abgestimmte, sensorische Aufkleber am Clip eine beruhigende Wirkung entfaltet und dabei hilft, Stress oder Nervosit\u00e4t zu reduzieren. Der Bambus-Dr\u00fccker setzt einen nat\u00fcrlichen, nachhaltigen Akzent und rundet das Design harmonisch ab. Ausgestattet mit einer Parker-kompatiblen Mine mit Dokumental-Tinte liefert der Stift bis zu 800\u202fMeter fl\u00fcssiges, gleichm\u00e4\u00dfiges Schreibvergn\u00fcgen. Der Kugelschreiber Austen ist damit nicht nur ein praktisches Schreibger\u00e4t, sondern auch ein durchdachtes Werbemittel, das Ruhe, Stil und Umweltbewusstsein ausstrahlt.<\/p>","protected":false},"excerpt":{"rendered":"<p>Der Austen Kugelschreiber aus recyceltem Kunststoff (RABS) vereint durchdachte Funktionalit\u00e4t mit beruhigenden Elementen \u2013 ideal f\u00fcr den Alltag im B\u00fcro oder unterwegs. Der doppelt eingespritzte Schaft bietet eine weiche Griffzone, die f\u00fcr hohen Schreibkomfort sorgt, w\u00e4hrend der farblich abgestimmte, sensorische Aufkleber am Clip eine beruhigende Wirkung entfaltet und dabei hilft, Stress oder Nervosit\u00e4t zu reduzieren. [&hellip;]<\/p>\n","protected":false},"featured_media":15970,"comment_status":"open","ping_status":"closed","template":"","meta":[],"product_brand":[],"product_cat":[310,247],"product_tag":[741,782,788,657,781],"class_list":{"0":"post-15955","1":"product","2":"type-product","3":"status-publish","4":"has-post-thumbnail","6":"product_cat-kugelschreiber-aus-kunststoff","7":"product_cat-schreibgeraete","8":"product_tag-akj","9":"product_tag-left-63","10":"product_tag-mtop-42","11":"product_tag-shortpen","12":"product_tag-top-49","13":"pa_eigenschaft-anti-stress","14":"pa_eigenschaft-eco-friendly","15":"pa_farbe-grau","16":"pa_farbe-rosegold","17":"pa_farbe-rot","18":"pa_material-bambus","19":"pa_material-kunststoff","20":"pa_mindestmenge-24","21":"pa_werbeanbringung-digitaldruck","22":"pa_werbeanbringung-siebdruck","24":"first","25":"instock","26":"taxable","27":"shipping-taxable","28":"purchasable","29":"product-type-variable","30":"add-to-wishlist-after_add_to_cart"},"yoast_head":"<!-- This site is optimized with the Yoast SEO plugin v27.4 - https:\/\/yoast.com\/product\/yoast-seo-wordpress\/ -->\n<title>Kugelschreiber &quot;Austen&quot; - PEN.EU<\/title>\n<meta name=\"robots\" content=\"index, follow, max-snippet:-1, max-image-preview:large, max-video-preview:-1\" \/>\n<link rel=\"canonical\" href=\"https:\/\/pen.eu\/es\/producto\/kugelschreiber-austen\/\" \/>\n<meta property=\"og:locale\" content=\"es_ES\" \/>\n<meta property=\"og:type\" content=\"article\" \/>\n<meta property=\"og:title\" content=\"Kugelschreiber &quot;Austen&quot; - PEN.EU\" \/>\n<meta property=\"og:description\" content=\"Der Austen Kugelschreiber aus recyceltem Kunststoff (RABS) vereint durchdachte Funktionalit\u00e4t mit beruhigenden Elementen \u2013 ideal f\u00fcr den Alltag im B\u00fcro oder unterwegs. Der doppelt eingespritzte Schaft bietet eine weiche Griffzone, die f\u00fcr hohen Schreibkomfort sorgt, w\u00e4hrend der farblich abgestimmte, sensorische Aufkleber am Clip eine beruhigende Wirkung entfaltet und dabei hilft, Stress oder Nervosit\u00e4t zu reduzieren. [&hellip;]\" \/>\n<meta property=\"og:url\" content=\"https:\/\/pen.eu\/es\/producto\/kugelschreiber-austen\/\" \/>\n<meta property=\"og:site_name\" content=\"PEN.EU\" \/>\n<meta property=\"article:modified_time\" content=\"2025-09-29T13:49:29+00:00\" \/>\n<meta property=\"og:image\" content=\"https:\/\/pen.eu\/wp-content\/uploads\/2025\/07\/AKJ-C_Black.png\" \/>\n\t<meta property=\"og:image:width\" content=\"2000\" \/>\n\t<meta property=\"og:image:height\" content=\"2000\" \/>\n\t<meta property=\"og:image:type\" content=\"image\/png\" \/>\n<meta name=\"twitter:card\" content=\"summary_large_image\" \/>\n<meta name=\"twitter:label1\" content=\"Tiempo de lectura\" \/>\n\t<meta name=\"twitter:data1\" content=\"1 minuto\" \/>\n<script type=\"application\/ld+json\" class=\"yoast-schema-graph\">{\"@context\":\"https:\\\/\\\/schema.org\",\"@graph\":[{\"@type\":\"WebPage\",\"@id\":\"https:\\\/\\\/pen.eu\\\/produkt\\\/kugelschreiber-austen\\\/\",\"url\":\"https:\\\/\\\/pen.eu\\\/produkt\\\/kugelschreiber-austen\\\/\",\"name\":\"Kugelschreiber \\\"Austen\\\" - PEN.EU\",\"isPartOf\":{\"@id\":\"https:\\\/\\\/pen.eu\\\/#website\"},\"primaryImageOfPage\":{\"@id\":\"https:\\\/\\\/pen.eu\\\/produkt\\\/kugelschreiber-austen\\\/#primaryimage\"},\"image\":{\"@id\":\"https:\\\/\\\/pen.eu\\\/produkt\\\/kugelschreiber-austen\\\/#primaryimage\"},\"thumbnailUrl\":\"https:\\\/\\\/pen.eu\\\/wp-content\\\/uploads\\\/2025\\\/07\\\/AKJ-C_Black.png\",\"datePublished\":\"2025-07-30T09:42:39+00:00\",\"dateModified\":\"2025-09-29T13:49:29+00:00\",\"breadcrumb\":{\"@id\":\"https:\\\/\\\/pen.eu\\\/produkt\\\/kugelschreiber-austen\\\/#breadcrumb\"},\"inLanguage\":\"es\",\"potentialAction\":[{\"@type\":\"ReadAction\",\"target\":[\"https:\\\/\\\/pen.eu\\\/produkt\\\/kugelschreiber-austen\\\/\"]}]},{\"@type\":\"ImageObject\",\"inLanguage\":\"es\",\"@id\":\"https:\\\/\\\/pen.eu\\\/produkt\\\/kugelschreiber-austen\\\/#primaryimage\",\"url\":\"https:\\\/\\\/pen.eu\\\/wp-content\\\/uploads\\\/2025\\\/07\\\/AKJ-C_Black.png\",\"contentUrl\":\"https:\\\/\\\/pen.eu\\\/wp-content\\\/uploads\\\/2025\\\/07\\\/AKJ-C_Black.png\",\"width\":2000,\"height\":2000,\"caption\":\"AKJ-C_Black\"},{\"@type\":\"BreadcrumbList\",\"@id\":\"https:\\\/\\\/pen.eu\\\/produkt\\\/kugelschreiber-austen\\\/#breadcrumb\",\"itemListElement\":[{\"@type\":\"ListItem\",\"position\":1,\"name\":\"Home\",\"item\":\"https:\\\/\\\/pen.eu\\\/\"},{\"@type\":\"ListItem\",\"position\":2,\"name\":\"Shop\",\"item\":\"https:\\\/\\\/pen.eu\\\/ch\\\/shop\\\/\"},{\"@type\":\"ListItem\",\"position\":3,\"name\":\"Kugelschreiber &#8220;Austen&#8221;\"}]},{\"@type\":\"WebSite\",\"@id\":\"https:\\\/\\\/pen.eu\\\/#website\",\"url\":\"https:\\\/\\\/pen.eu\\\/\",\"name\":\"PEN.EU\",\"description\":\"Kugelschreiber bedrucken mit Logo | pen.eu\",\"potentialAction\":[{\"@type\":\"SearchAction\",\"target\":{\"@type\":\"EntryPoint\",\"urlTemplate\":\"https:\\\/\\\/pen.eu\\\/?s={search_term_string}\"},\"query-input\":{\"@type\":\"PropertyValueSpecification\",\"valueRequired\":true,\"valueName\":\"search_term_string\"}}],\"inLanguage\":\"es\"}]}<\/script>\n<!-- \/ Yoast SEO plugin. -->","yoast_head_json":{"title":"Kugelschreiber \"Austen\" - PEN.EU","robots":{"index":"index","follow":"follow","max-snippet":"max-snippet:-1","max-image-preview":"max-image-preview:large","max-video-preview":"max-video-preview:-1"},"canonical":"https:\/\/pen.eu\/es\/producto\/kugelschreiber-austen\/","og_locale":"es_ES","og_type":"article","og_title":"Kugelschreiber \"Austen\" - PEN.EU","og_description":"Der Austen Kugelschreiber aus recyceltem Kunststoff (RABS) vereint durchdachte Funktionalit\u00e4t mit beruhigenden Elementen \u2013 ideal f\u00fcr den Alltag im B\u00fcro oder unterwegs. Der doppelt eingespritzte Schaft bietet eine weiche Griffzone, die f\u00fcr hohen Schreibkomfort sorgt, w\u00e4hrend der farblich abgestimmte, sensorische Aufkleber am Clip eine beruhigende Wirkung entfaltet und dabei hilft, Stress oder Nervosit\u00e4t zu reduzieren. [&hellip;]","og_url":"https:\/\/pen.eu\/es\/producto\/kugelschreiber-austen\/","og_site_name":"PEN.EU","article_modified_time":"2025-09-29T13:49:29+00:00","og_image":[{"width":2000,"height":2000,"url":"https:\/\/pen.eu\/wp-content\/uploads\/2025\/07\/AKJ-C_Black.png","type":"image\/png"}],"twitter_card":"summary_large_image","twitter_misc":{"Tiempo de lectura":"1 minuto"},"schema":{"@context":"https:\/\/schema.org","@graph":[{"@type":"WebPage","@id":"https:\/\/pen.eu\/produkt\/kugelschreiber-austen\/","url":"https:\/\/pen.eu\/produkt\/kugelschreiber-austen\/","name":"Kugelschreiber \"Austen\" - PEN.EU","isPartOf":{"@id":"https:\/\/pen.eu\/#website"},"primaryImageOfPage":{"@id":"https:\/\/pen.eu\/produkt\/kugelschreiber-austen\/#primaryimage"},"image":{"@id":"https:\/\/pen.eu\/produkt\/kugelschreiber-austen\/#primaryimage"},"thumbnailUrl":"https:\/\/pen.eu\/wp-content\/uploads\/2025\/07\/AKJ-C_Black.png","datePublished":"2025-07-30T09:42:39+00:00","dateModified":"2025-09-29T13:49:29+00:00","breadcrumb":{"@id":"https:\/\/pen.eu\/produkt\/kugelschreiber-austen\/#breadcrumb"},"inLanguage":"es","potentialAction":[{"@type":"ReadAction","target":["https:\/\/pen.eu\/produkt\/kugelschreiber-austen\/"]}]},{"@type":"ImageObject","inLanguage":"es","@id":"https:\/\/pen.eu\/produkt\/kugelschreiber-austen\/#primaryimage","url":"https:\/\/pen.eu\/wp-content\/uploads\/2025\/07\/AKJ-C_Black.png","contentUrl":"https:\/\/pen.eu\/wp-content\/uploads\/2025\/07\/AKJ-C_Black.png","width":2000,"height":2000,"caption":"AKJ-C_Black"},{"@type":"BreadcrumbList","@id":"https:\/\/pen.eu\/produkt\/kugelschreiber-austen\/#breadcrumb","itemListElement":[{"@type":"ListItem","position":1,"name":"Home","item":"https:\/\/pen.eu\/"},{"@type":"ListItem","position":2,"name":"Shop","item":"https:\/\/pen.eu\/ch\/shop\/"},{"@type":"ListItem","position":3,"name":"Kugelschreiber &#8220;Austen&#8221;"}]},{"@type":"WebSite","@id":"https:\/\/pen.eu\/#website","url":"https:\/\/pen.eu\/","name":"PEN.EU","description":"Kugelschreiber bedrucken mit Logo | pen.eu","potentialAction":[{"@type":"SearchAction","target":{"@type":"EntryPoint","urlTemplate":"https:\/\/pen.eu\/?s={search_term_string}"},"query-input":{"@type":"PropertyValueSpecification","valueRequired":true,"valueName":"search_term_string"}}],"inLanguage":"es"}]}},"_links":{"self":[{"href":"https:\/\/pen.eu\/es\/wp-json\/wp\/v2\/product\/15955","targetHints":{"allow":["GET"]}}],"collection":[{"href":"https:\/\/pen.eu\/es\/wp-json\/wp\/v2\/product"}],"about":[{"href":"https:\/\/pen.eu\/es\/wp-json\/wp\/v2\/types\/product"}],"replies":[{"embeddable":true,"href":"https:\/\/pen.eu\/es\/wp-json\/wp\/v2\/comments?post=15955"}],"wp:featuredmedia":[{"embeddable":true,"href":"https:\/\/pen.eu\/es\/wp-json\/wp\/v2\/media\/15970"}],"wp:attachment":[{"href":"https:\/\/pen.eu\/es\/wp-json\/wp\/v2\/media?parent=15955"}],"wp:term":[{"taxonomy":"product_brand","embeddable":true,"href":"https:\/\/pen.eu\/es\/wp-json\/wp\/v2\/product_brand?post=15955"},{"taxonomy":"product_cat","embeddable":true,"href":"https:\/\/pen.eu\/es\/wp-json\/wp\/v2\/product_cat?post=15955"},{"taxonomy":"product_tag","embeddable":true,"href":"https:\/\/pen.eu\/es\/wp-json\/wp\/v2\/product_tag?post=15955"}],"curies":[{"name":"wp","href":"https:\/\/api.w.org\/{rel}","templated":true}]}}