{"id":15962,"date":"2025-07-30T11:48:01","date_gmt":"2025-07-30T09:48:01","guid":{"rendered":"https:\/\/v2.frank-pen.de\/?post_type=product&#038;p=15962"},"modified":"2025-11-04T08:15:58","modified_gmt":"2025-11-04T07:15:58","slug":"kugelschreiber-stone","status":"publish","type":"product","link":"https:\/\/pen.eu\/es\/producto\/kugelschreiber-stone\/","title":{"rendered":"Kugelschreiber &#8220;Stone&#8221;"},"content":{"rendered":"<p>Der Kugelschreiber &#8220;Stone&#8221; mit Stylus vereint auff\u00e4lliges Design mit durchdachter Funktion. Gefertigt aus hochwertigem ABS-Kunststoff, verf\u00fcgt er \u00fcber ein neu lackiertes Soft-Touch-Finish mit strukturierter Oberfl\u00e4che, das nicht nur edel wirkt, sondern auch f\u00fcr optimalen Halt sorgt. Der Schaft ist mit neun Chevron-Einschnitten versehen, durch die eine bronzefarbene Verzierung sichtbar wird \u2013 ein stilvoller Kontrast, der dem Stift Tiefe und Eleganz verleiht. Passend dazu sind Dr\u00fccker, Clip und Spitze ebenfalls in Bronze gehalten, was das harmonische Gesamtbild abrundet. Der schwarze Stylus am Dr\u00fccker erm\u00f6glicht die Nutzung auf Touchscreens und macht den Stone zu einem vielseitigen Begleiter im B\u00fcroalltag oder unterwegs. Mit seiner schlanken Mine und der dokumentenechten Tinte bietet der Stift ein sanftes Schreibgef\u00fchl \u00fcber eine Reichweite von bis zu 500\u202fMetern. Ein Kugelschreiber, der sowohl in der Hand als auch im Design \u00fcberzeugt.<\/p>","protected":false},"excerpt":{"rendered":"<p>Der Kugelschreiber &#8220;Stone&#8221; mit Stylus vereint auff\u00e4lliges Design mit durchdachter Funktion. Gefertigt aus hochwertigem ABS-Kunststoff, verf\u00fcgt er \u00fcber ein neu lackiertes Soft-Touch-Finish mit strukturierter Oberfl\u00e4che, das nicht nur edel wirkt, sondern auch f\u00fcr optimalen Halt sorgt. Der Schaft ist mit neun Chevron-Einschnitten versehen, durch die eine bronzefarbene Verzierung sichtbar wird \u2013 ein stilvoller Kontrast, der [&hellip;]<\/p>\n","protected":false},"featured_media":16049,"comment_status":"open","ping_status":"closed","template":"","meta":[],"product_brand":[],"product_cat":[310,247],"product_tag":[745,883,882,783,798,657,781],"class_list":{"0":"post-15962","1":"product","2":"type-product","3":"status-publish","4":"has-post-thumbnail","6":"product_cat-kugelschreiber-aus-kunststoff","7":"product_cat-schreibgeraete","8":"product_tag-akm","9":"product_tag-cleft-59","10":"product_tag-ctop-52","11":"product_tag-left-59","12":"product_tag-mtop-43","13":"product_tag-shortpen","14":"product_tag-top-49","15":"pa_eigenschaft-soft-touch","16":"pa_eigenschaft-stylus","17":"pa_farbe-grau","18":"pa_farbe-rosegold","19":"pa_farbe-rot","20":"pa_material-kunststoff","21":"pa_mindestmenge-24","22":"pa_werbeanbringung-digitaldruck","23":"pa_werbeanbringung-siebdruck","25":"first","26":"instock","27":"taxable","28":"shipping-taxable","29":"purchasable","30":"product-type-variable","31":"add-to-wishlist-after_add_to_cart"},"yoast_head":"<!-- This site is optimized with the Yoast SEO plugin v27.3 - https:\/\/yoast.com\/product\/yoast-seo-wordpress\/ -->\n<title>Kugelschreiber &quot;Stone&quot; - PEN.EU<\/title>\n<meta name=\"robots\" content=\"index, follow, max-snippet:-1, max-image-preview:large, max-video-preview:-1\" \/>\n<link rel=\"canonical\" href=\"https:\/\/pen.eu\/es\/producto\/kugelschreiber-stone\/\" \/>\n<meta property=\"og:locale\" content=\"es_ES\" \/>\n<meta property=\"og:type\" content=\"article\" \/>\n<meta property=\"og:title\" content=\"Kugelschreiber &quot;Stone&quot; - PEN.EU\" \/>\n<meta property=\"og:description\" content=\"Der Kugelschreiber &#8220;Stone&#8221; mit Stylus vereint auff\u00e4lliges Design mit durchdachter Funktion. Gefertigt aus hochwertigem ABS-Kunststoff, verf\u00fcgt er \u00fcber ein neu lackiertes Soft-Touch-Finish mit strukturierter Oberfl\u00e4che, das nicht nur edel wirkt, sondern auch f\u00fcr optimalen Halt sorgt. Der Schaft ist mit neun Chevron-Einschnitten versehen, durch die eine bronzefarbene Verzierung sichtbar wird \u2013 ein stilvoller Kontrast, der [&hellip;]\" \/>\n<meta property=\"og:url\" content=\"https:\/\/pen.eu\/es\/producto\/kugelschreiber-stone\/\" \/>\n<meta property=\"og:site_name\" content=\"PEN.EU\" \/>\n<meta property=\"article:modified_time\" content=\"2025-11-04T07:15:58+00:00\" \/>\n<meta property=\"og:image\" content=\"https:\/\/pen.eu\/wp-content\/uploads\/2025\/07\/AKM-C_Sage.png\" \/>\n\t<meta property=\"og:image:width\" content=\"2000\" \/>\n\t<meta property=\"og:image:height\" content=\"2000\" \/>\n\t<meta property=\"og:image:type\" content=\"image\/png\" \/>\n<meta name=\"twitter:card\" content=\"summary_large_image\" \/>\n<meta name=\"twitter:label1\" content=\"Tiempo de lectura\" \/>\n\t<meta name=\"twitter:data1\" content=\"1 minuto\" \/>\n<script type=\"application\/ld+json\" class=\"yoast-schema-graph\">{\"@context\":\"https:\\\/\\\/schema.org\",\"@graph\":[{\"@type\":\"WebPage\",\"@id\":\"https:\\\/\\\/pen.eu\\\/produkt\\\/kugelschreiber-stone\\\/\",\"url\":\"https:\\\/\\\/pen.eu\\\/produkt\\\/kugelschreiber-stone\\\/\",\"name\":\"Kugelschreiber \\\"Stone\\\" - PEN.EU\",\"isPartOf\":{\"@id\":\"https:\\\/\\\/pen.eu\\\/#website\"},\"primaryImageOfPage\":{\"@id\":\"https:\\\/\\\/pen.eu\\\/produkt\\\/kugelschreiber-stone\\\/#primaryimage\"},\"image\":{\"@id\":\"https:\\\/\\\/pen.eu\\\/produkt\\\/kugelschreiber-stone\\\/#primaryimage\"},\"thumbnailUrl\":\"https:\\\/\\\/pen.eu\\\/wp-content\\\/uploads\\\/2025\\\/07\\\/AKM-C_Sage.png\",\"datePublished\":\"2025-07-30T09:48:01+00:00\",\"dateModified\":\"2025-11-04T07:15:58+00:00\",\"breadcrumb\":{\"@id\":\"https:\\\/\\\/pen.eu\\\/produkt\\\/kugelschreiber-stone\\\/#breadcrumb\"},\"inLanguage\":\"es\",\"potentialAction\":[{\"@type\":\"ReadAction\",\"target\":[\"https:\\\/\\\/pen.eu\\\/produkt\\\/kugelschreiber-stone\\\/\"]}]},{\"@type\":\"ImageObject\",\"inLanguage\":\"es\",\"@id\":\"https:\\\/\\\/pen.eu\\\/produkt\\\/kugelschreiber-stone\\\/#primaryimage\",\"url\":\"https:\\\/\\\/pen.eu\\\/wp-content\\\/uploads\\\/2025\\\/07\\\/AKM-C_Sage.png\",\"contentUrl\":\"https:\\\/\\\/pen.eu\\\/wp-content\\\/uploads\\\/2025\\\/07\\\/AKM-C_Sage.png\",\"width\":2000,\"height\":2000,\"caption\":\"AKM-C_Sage\"},{\"@type\":\"BreadcrumbList\",\"@id\":\"https:\\\/\\\/pen.eu\\\/produkt\\\/kugelschreiber-stone\\\/#breadcrumb\",\"itemListElement\":[{\"@type\":\"ListItem\",\"position\":1,\"name\":\"Home\",\"item\":\"https:\\\/\\\/pen.eu\\\/\"},{\"@type\":\"ListItem\",\"position\":2,\"name\":\"Shop\",\"item\":\"https:\\\/\\\/pen.eu\\\/ch\\\/shop\\\/\"},{\"@type\":\"ListItem\",\"position\":3,\"name\":\"Kugelschreiber &#8220;Stone&#8221;\"}]},{\"@type\":\"WebSite\",\"@id\":\"https:\\\/\\\/pen.eu\\\/#website\",\"url\":\"https:\\\/\\\/pen.eu\\\/\",\"name\":\"PEN.EU\",\"description\":\"Kugelschreiber bedrucken mit Logo | pen.eu\",\"potentialAction\":[{\"@type\":\"SearchAction\",\"target\":{\"@type\":\"EntryPoint\",\"urlTemplate\":\"https:\\\/\\\/pen.eu\\\/?s={search_term_string}\"},\"query-input\":{\"@type\":\"PropertyValueSpecification\",\"valueRequired\":true,\"valueName\":\"search_term_string\"}}],\"inLanguage\":\"es\"}]}<\/script>\n<!-- \/ Yoast SEO plugin. -->","yoast_head_json":{"title":"Kugelschreiber \"Stone\" - PEN.EU","robots":{"index":"index","follow":"follow","max-snippet":"max-snippet:-1","max-image-preview":"max-image-preview:large","max-video-preview":"max-video-preview:-1"},"canonical":"https:\/\/pen.eu\/es\/producto\/kugelschreiber-stone\/","og_locale":"es_ES","og_type":"article","og_title":"Kugelschreiber \"Stone\" - PEN.EU","og_description":"Der Kugelschreiber &#8220;Stone&#8221; mit Stylus vereint auff\u00e4lliges Design mit durchdachter Funktion. Gefertigt aus hochwertigem ABS-Kunststoff, verf\u00fcgt er \u00fcber ein neu lackiertes Soft-Touch-Finish mit strukturierter Oberfl\u00e4che, das nicht nur edel wirkt, sondern auch f\u00fcr optimalen Halt sorgt. Der Schaft ist mit neun Chevron-Einschnitten versehen, durch die eine bronzefarbene Verzierung sichtbar wird \u2013 ein stilvoller Kontrast, der [&hellip;]","og_url":"https:\/\/pen.eu\/es\/producto\/kugelschreiber-stone\/","og_site_name":"PEN.EU","article_modified_time":"2025-11-04T07:15:58+00:00","og_image":[{"width":2000,"height":2000,"url":"https:\/\/pen.eu\/wp-content\/uploads\/2025\/07\/AKM-C_Sage.png","type":"image\/png"}],"twitter_card":"summary_large_image","twitter_misc":{"Tiempo de lectura":"1 minuto"},"schema":{"@context":"https:\/\/schema.org","@graph":[{"@type":"WebPage","@id":"https:\/\/pen.eu\/produkt\/kugelschreiber-stone\/","url":"https:\/\/pen.eu\/produkt\/kugelschreiber-stone\/","name":"Kugelschreiber \"Stone\" - PEN.EU","isPartOf":{"@id":"https:\/\/pen.eu\/#website"},"primaryImageOfPage":{"@id":"https:\/\/pen.eu\/produkt\/kugelschreiber-stone\/#primaryimage"},"image":{"@id":"https:\/\/pen.eu\/produkt\/kugelschreiber-stone\/#primaryimage"},"thumbnailUrl":"https:\/\/pen.eu\/wp-content\/uploads\/2025\/07\/AKM-C_Sage.png","datePublished":"2025-07-30T09:48:01+00:00","dateModified":"2025-11-04T07:15:58+00:00","breadcrumb":{"@id":"https:\/\/pen.eu\/produkt\/kugelschreiber-stone\/#breadcrumb"},"inLanguage":"es","potentialAction":[{"@type":"ReadAction","target":["https:\/\/pen.eu\/produkt\/kugelschreiber-stone\/"]}]},{"@type":"ImageObject","inLanguage":"es","@id":"https:\/\/pen.eu\/produkt\/kugelschreiber-stone\/#primaryimage","url":"https:\/\/pen.eu\/wp-content\/uploads\/2025\/07\/AKM-C_Sage.png","contentUrl":"https:\/\/pen.eu\/wp-content\/uploads\/2025\/07\/AKM-C_Sage.png","width":2000,"height":2000,"caption":"AKM-C_Sage"},{"@type":"BreadcrumbList","@id":"https:\/\/pen.eu\/produkt\/kugelschreiber-stone\/#breadcrumb","itemListElement":[{"@type":"ListItem","position":1,"name":"Home","item":"https:\/\/pen.eu\/"},{"@type":"ListItem","position":2,"name":"Shop","item":"https:\/\/pen.eu\/ch\/shop\/"},{"@type":"ListItem","position":3,"name":"Kugelschreiber &#8220;Stone&#8221;"}]},{"@type":"WebSite","@id":"https:\/\/pen.eu\/#website","url":"https:\/\/pen.eu\/","name":"PEN.EU","description":"Kugelschreiber bedrucken mit Logo | pen.eu","potentialAction":[{"@type":"SearchAction","target":{"@type":"EntryPoint","urlTemplate":"https:\/\/pen.eu\/?s={search_term_string}"},"query-input":{"@type":"PropertyValueSpecification","valueRequired":true,"valueName":"search_term_string"}}],"inLanguage":"es"}]}},"_links":{"self":[{"href":"https:\/\/pen.eu\/es\/wp-json\/wp\/v2\/product\/15962","targetHints":{"allow":["GET"]}}],"collection":[{"href":"https:\/\/pen.eu\/es\/wp-json\/wp\/v2\/product"}],"about":[{"href":"https:\/\/pen.eu\/es\/wp-json\/wp\/v2\/types\/product"}],"replies":[{"embeddable":true,"href":"https:\/\/pen.eu\/es\/wp-json\/wp\/v2\/comments?post=15962"}],"wp:featuredmedia":[{"embeddable":true,"href":"https:\/\/pen.eu\/es\/wp-json\/wp\/v2\/media\/16049"}],"wp:attachment":[{"href":"https:\/\/pen.eu\/es\/wp-json\/wp\/v2\/media?parent=15962"}],"wp:term":[{"taxonomy":"product_brand","embeddable":true,"href":"https:\/\/pen.eu\/es\/wp-json\/wp\/v2\/product_brand?post=15962"},{"taxonomy":"product_cat","embeddable":true,"href":"https:\/\/pen.eu\/es\/wp-json\/wp\/v2\/product_cat?post=15962"},{"taxonomy":"product_tag","embeddable":true,"href":"https:\/\/pen.eu\/es\/wp-json\/wp\/v2\/product_tag?post=15962"}],"curies":[{"name":"wp","href":"https:\/\/api.w.org\/{rel}","templated":true}]}}