{"id":17003,"date":"2025-10-06T11:22:18","date_gmt":"2025-10-06T09:22:18","guid":{"rendered":"https:\/\/v2.frank-pen.de\/?post_type=product&#038;p=17003"},"modified":"2025-12-11T08:56:03","modified_gmt":"2025-12-11T07:56:03","slug":"kugelschreiber-clara","status":"publish","type":"product","link":"https:\/\/pen.eu\/es\/producto\/kugelschreiber-clara\/","title":{"rendered":"Kugelschreiber &#8220;Clara&#8221;"},"content":{"rendered":"<p>El bol\u00edgrafo Clara de pl\u00e1stico reciclado destaca por su dise\u00f1o estilizado y moderno, con cuerpo, clip y pulsador fabricados en RABS (pl\u00e1stico reciclado). Su recambio fino, junto con la tinta Dokumental de alta calidad, ofrece una experiencia de escritura suave a lo largo de 800 m. La punta de 1,0 mm garantiza un trazo fiable y constante.<\/p>","protected":false},"excerpt":{"rendered":"<p>El bol\u00edgrafo Clara de pl\u00e1stico reciclado destaca por su dise\u00f1o estilizado y moderno, con cuerpo, clip y pulsador fabricados en RABS (pl\u00e1stico reciclado). Su recambio fino, junto con la tinta Dokumental de alta calidad, ofrece una experiencia de escritura suave a lo largo de 800 m. La punta de 1,0 mm garantiza un trazo fiable y constante.<\/p>","protected":false},"featured_media":16033,"comment_status":"open","ping_status":"closed","template":"","meta":[],"product_brand":[],"product_cat":[309,247],"product_tag":[854,744,658],"class_list":{"0":"post-17003","1":"product","2":"type-product","3":"status-publish","4":"has-post-thumbnail","6":"product_cat-kugelschreiber-aus-metall","7":"product_cat-schreibgeraete","8":"product_tag-2303-fp-1024","9":"product_tag-akp","10":"product_tag-longpen","11":"pa_eigenschaft-soft-touch","12":"pa_eigenschaft-stylus","13":"pa_farbe-anthrazit","14":"pa_farbe-dunkelrot","15":"pa_farbe-marine","16":"pa_farbe-schwarz","17":"pa_material-gummi","18":"pa_material-metall","19":"pa_mindestmenge-24","20":"pa_minenfarbe-blau","21":"pa_minenfarbe-schwarz","22":"pa_werbeanbringung-digitaldruck","23":"pa_werbeanbringung-spiegelgravur","25":"first","26":"instock","27":"featured","28":"taxable","29":"shipping-taxable","30":"purchasable","31":"product-type-variable","32":"add-to-wishlist-after_add_to_cart"},"yoast_head":"<!-- This site is optimized with the Yoast SEO plugin v27.2 - https:\/\/yoast.com\/product\/yoast-seo-wordpress\/ -->\n<title>Kugelschreiber &quot;Clara&quot; - PEN.EU<\/title>\n<meta name=\"robots\" content=\"index, follow, max-snippet:-1, max-image-preview:large, max-video-preview:-1\" \/>\n<link rel=\"canonical\" href=\"https:\/\/pen.eu\/es\/producto\/kugelschreiber-clara\/\" \/>\n<meta property=\"og:locale\" content=\"es_ES\" \/>\n<meta property=\"og:type\" content=\"article\" \/>\n<meta property=\"og:title\" content=\"Kugelschreiber &quot;Clara&quot; - PEN.EU\" \/>\n<meta property=\"og:description\" content=\"Der Kugelschreiber Clara aus recyceltem Kunststoff besticht durch seinen schlanken, modernen Look mit Schaft, Clip und Dr\u00fccker aus RABS (recycelten Kunststoff). Seine feine Mine in Kombination mit hochwertiger Dokumental-Tinte sorgt f\u00fcr ein gleichm\u00e4\u00dfiges Schreibgef\u00fchl \u00fcber eine Strecke von 800 m. Die 1,0-mm-Spitze garantiert dabei eine zuverl\u00e4ssige und konstante Linienf\u00fchrung.\" \/>\n<meta property=\"og:url\" content=\"https:\/\/pen.eu\/es\/producto\/kugelschreiber-clara\/\" \/>\n<meta property=\"og:site_name\" content=\"PEN.EU\" \/>\n<meta property=\"article:modified_time\" content=\"2025-12-11T07:56:03+00:00\" \/>\n<meta property=\"og:image\" content=\"https:\/\/pen.eu\/wp-content\/uploads\/2025\/07\/AKP-C_Yellow.png\" \/>\n\t<meta property=\"og:image:width\" content=\"2000\" \/>\n\t<meta property=\"og:image:height\" content=\"2000\" \/>\n\t<meta property=\"og:image:type\" content=\"image\/png\" \/>\n<meta name=\"twitter:card\" content=\"summary_large_image\" \/>\n<meta name=\"twitter:label1\" content=\"Tiempo de lectura\" \/>\n\t<meta name=\"twitter:data1\" content=\"1 minuto\" \/>\n<script type=\"application\/ld+json\" class=\"yoast-schema-graph\">{\"@context\":\"https:\/\/schema.org\",\"@graph\":[{\"@type\":\"WebPage\",\"@id\":\"https:\/\/pen.eu\/produkt\/kugelschreiber-clara\/\",\"url\":\"https:\/\/pen.eu\/produkt\/kugelschreiber-clara\/\",\"name\":\"Kugelschreiber \\\"Clara\\\" - PEN.EU\",\"isPartOf\":{\"@id\":\"https:\/\/pen.eu\/#website\"},\"primaryImageOfPage\":{\"@id\":\"https:\/\/pen.eu\/produkt\/kugelschreiber-clara\/#primaryimage\"},\"image\":{\"@id\":\"https:\/\/pen.eu\/produkt\/kugelschreiber-clara\/#primaryimage\"},\"thumbnailUrl\":\"https:\/\/pen.eu\/wp-content\/uploads\/2025\/07\/AKP-C_Yellow.png\",\"datePublished\":\"2025-10-06T09:22:18+00:00\",\"dateModified\":\"2025-12-11T07:56:03+00:00\",\"breadcrumb\":{\"@id\":\"https:\/\/pen.eu\/produkt\/kugelschreiber-clara\/#breadcrumb\"},\"inLanguage\":\"es\",\"potentialAction\":[{\"@type\":\"ReadAction\",\"target\":[\"https:\/\/pen.eu\/produkt\/kugelschreiber-clara\/\"]}]},{\"@type\":\"ImageObject\",\"inLanguage\":\"es\",\"@id\":\"https:\/\/pen.eu\/produkt\/kugelschreiber-clara\/#primaryimage\",\"url\":\"https:\/\/pen.eu\/wp-content\/uploads\/2025\/07\/AKP-C_Yellow.png\",\"contentUrl\":\"https:\/\/pen.eu\/wp-content\/uploads\/2025\/07\/AKP-C_Yellow.png\",\"width\":2000,\"height\":2000,\"caption\":\"AKP-C_Yellow\"},{\"@type\":\"BreadcrumbList\",\"@id\":\"https:\/\/pen.eu\/produkt\/kugelschreiber-clara\/#breadcrumb\",\"itemListElement\":[{\"@type\":\"ListItem\",\"position\":1,\"name\":\"Home\",\"item\":\"https:\/\/pen.eu\/\"},{\"@type\":\"ListItem\",\"position\":2,\"name\":\"Shop\",\"item\":\"https:\/\/pen.eu\/ch\/shop\/\"},{\"@type\":\"ListItem\",\"position\":3,\"name\":\"Kugelschreiber &#8220;Clara&#8221;\"}]},{\"@type\":\"WebSite\",\"@id\":\"https:\/\/pen.eu\/#website\",\"url\":\"https:\/\/pen.eu\/\",\"name\":\"PEN.EU\",\"description\":\"Kugelschreiber bedrucken mit Logo | pen.eu\",\"potentialAction\":[{\"@type\":\"SearchAction\",\"target\":{\"@type\":\"EntryPoint\",\"urlTemplate\":\"https:\/\/pen.eu\/?s={search_term_string}\"},\"query-input\":{\"@type\":\"PropertyValueSpecification\",\"valueRequired\":true,\"valueName\":\"search_term_string\"}}],\"inLanguage\":\"es\"}]}<\/script>\n<!-- \/ Yoast SEO plugin. -->","yoast_head_json":{"title":"Kugelschreiber \"Clara\" - PEN.EU","robots":{"index":"index","follow":"follow","max-snippet":"max-snippet:-1","max-image-preview":"max-image-preview:large","max-video-preview":"max-video-preview:-1"},"canonical":"https:\/\/pen.eu\/es\/producto\/kugelschreiber-clara\/","og_locale":"es_ES","og_type":"article","og_title":"Kugelschreiber \"Clara\" - PEN.EU","og_description":"Der Kugelschreiber Clara aus recyceltem Kunststoff besticht durch seinen schlanken, modernen Look mit Schaft, Clip und Dr\u00fccker aus RABS (recycelten Kunststoff). Seine feine Mine in Kombination mit hochwertiger Dokumental-Tinte sorgt f\u00fcr ein gleichm\u00e4\u00dfiges Schreibgef\u00fchl \u00fcber eine Strecke von 800 m. Die 1,0-mm-Spitze garantiert dabei eine zuverl\u00e4ssige und konstante Linienf\u00fchrung.","og_url":"https:\/\/pen.eu\/es\/producto\/kugelschreiber-clara\/","og_site_name":"PEN.EU","article_modified_time":"2025-12-11T07:56:03+00:00","og_image":[{"width":2000,"height":2000,"url":"https:\/\/pen.eu\/wp-content\/uploads\/2025\/07\/AKP-C_Yellow.png","type":"image\/png"}],"twitter_card":"summary_large_image","twitter_misc":{"Tiempo de lectura":"1 minuto"},"schema":{"@context":"https:\/\/schema.org","@graph":[{"@type":"WebPage","@id":"https:\/\/pen.eu\/produkt\/kugelschreiber-clara\/","url":"https:\/\/pen.eu\/produkt\/kugelschreiber-clara\/","name":"Kugelschreiber \"Clara\" - PEN.EU","isPartOf":{"@id":"https:\/\/pen.eu\/#website"},"primaryImageOfPage":{"@id":"https:\/\/pen.eu\/produkt\/kugelschreiber-clara\/#primaryimage"},"image":{"@id":"https:\/\/pen.eu\/produkt\/kugelschreiber-clara\/#primaryimage"},"thumbnailUrl":"https:\/\/pen.eu\/wp-content\/uploads\/2025\/07\/AKP-C_Yellow.png","datePublished":"2025-10-06T09:22:18+00:00","dateModified":"2025-12-11T07:56:03+00:00","breadcrumb":{"@id":"https:\/\/pen.eu\/produkt\/kugelschreiber-clara\/#breadcrumb"},"inLanguage":"es","potentialAction":[{"@type":"ReadAction","target":["https:\/\/pen.eu\/produkt\/kugelschreiber-clara\/"]}]},{"@type":"ImageObject","inLanguage":"es","@id":"https:\/\/pen.eu\/produkt\/kugelschreiber-clara\/#primaryimage","url":"https:\/\/pen.eu\/wp-content\/uploads\/2025\/07\/AKP-C_Yellow.png","contentUrl":"https:\/\/pen.eu\/wp-content\/uploads\/2025\/07\/AKP-C_Yellow.png","width":2000,"height":2000,"caption":"AKP-C_Yellow"},{"@type":"BreadcrumbList","@id":"https:\/\/pen.eu\/produkt\/kugelschreiber-clara\/#breadcrumb","itemListElement":[{"@type":"ListItem","position":1,"name":"Home","item":"https:\/\/pen.eu\/"},{"@type":"ListItem","position":2,"name":"Shop","item":"https:\/\/pen.eu\/ch\/shop\/"},{"@type":"ListItem","position":3,"name":"Kugelschreiber &#8220;Clara&#8221;"}]},{"@type":"WebSite","@id":"https:\/\/pen.eu\/#website","url":"https:\/\/pen.eu\/","name":"PEN.EU","description":"Kugelschreiber bedrucken mit Logo | pen.eu","potentialAction":[{"@type":"SearchAction","target":{"@type":"EntryPoint","urlTemplate":"https:\/\/pen.eu\/?s={search_term_string}"},"query-input":{"@type":"PropertyValueSpecification","valueRequired":true,"valueName":"search_term_string"}}],"inLanguage":"es"}]}},"_links":{"self":[{"href":"https:\/\/pen.eu\/es\/wp-json\/wp\/v2\/product\/17003","targetHints":{"allow":["GET"]}}],"collection":[{"href":"https:\/\/pen.eu\/es\/wp-json\/wp\/v2\/product"}],"about":[{"href":"https:\/\/pen.eu\/es\/wp-json\/wp\/v2\/types\/product"}],"replies":[{"embeddable":true,"href":"https:\/\/pen.eu\/es\/wp-json\/wp\/v2\/comments?post=17003"}],"wp:featuredmedia":[{"embeddable":true,"href":"https:\/\/pen.eu\/es\/wp-json\/wp\/v2\/media\/16033"}],"wp:attachment":[{"href":"https:\/\/pen.eu\/es\/wp-json\/wp\/v2\/media?parent=17003"}],"wp:term":[{"taxonomy":"product_brand","embeddable":true,"href":"https:\/\/pen.eu\/es\/wp-json\/wp\/v2\/product_brand?post=17003"},{"taxonomy":"product_cat","embeddable":true,"href":"https:\/\/pen.eu\/es\/wp-json\/wp\/v2\/product_cat?post=17003"},{"taxonomy":"product_tag","embeddable":true,"href":"https:\/\/pen.eu\/es\/wp-json\/wp\/v2\/product_tag?post=17003"}],"curies":[{"name":"wp","href":"https:\/\/api.w.org\/{rel}","templated":true}]}}