{"id":7663,"date":"2024-10-20T18:55:59","date_gmt":"2024-10-20T16:55:59","guid":{"rendered":"https:\/\/v2.frank-pen.de\/?post_type=product&#038;p=7663"},"modified":"2025-09-30T14:55:21","modified_gmt":"2025-09-30T12:55:21","slug":"trinkflasche-brooke","status":"publish","type":"product","link":"https:\/\/pen.eu\/es\/producto\/trinkflasche-brooke\/","title":{"rendered":"Vaso para beber \"Brooke\""},"content":{"rendered":"<p>\u00a1Ha llegado la elegante botella Brooke! Con una capacidad de 590 ml, fabricada en vidrio de borosilicato mate y rematada con una tapa de bamb\u00fa natural, combina sostenibilidad con dise\u00f1o moderno. Perfecta para marcas que quieren destacar con responsabilidad y estilo. Este regalo promocional de alta calidad transmite una sensaci\u00f3n de exclusividad \u2013 a un precio justo. Solo apta para lavado a mano. Se entrega en una caja de regalo elegante y personalizada.<\/p>","protected":false},"excerpt":{"rendered":"<p>Die stilvolle Trinkflasche Brooke ist da! Mit einem Fassungsverm\u00f6gen von 590 ml, gefertigt aus mattem Borosilikatglas und veredelt mit einem nat\u00fcrlichen Bambusdeckel, vereint sie Nachhaltigkeit und modernes Design. Perfekt f\u00fcr Marken, die mit Verantwortung und Stil \u00fcberzeugen m\u00f6chten. Dieses hochwertige Werbegeschenk vermittelt ein edles Gef\u00fchl \u2013 und das zu einem fairen Preis. Nur f\u00fcr die [&hellip;]<\/p>\n","protected":false},"featured_media":7682,"comment_status":"open","ping_status":"closed","template":"","meta":[],"product_brand":[],"product_cat":[248],"product_tag":[336,682,689,335],"class_list":{"0":"post-7663","1":"product","2":"type-product","3":"status-publish","4":"has-post-thumbnail","6":"product_cat-trinkgefaesse","7":"product_tag-brooke","8":"product_tag-designbottle","9":"product_tag-slimsize","10":"product_tag-wdk","11":"pa_farbe-blau","12":"pa_farbe-dunkelblau","13":"pa_farbe-transparent","14":"pa_material-bambus","15":"pa_material-borosilikatglas","16":"pa_mindestmenge-315","17":"pa_werbeanbringung-siebdruck","19":"first","20":"instock","21":"taxable","22":"shipping-taxable","23":"purchasable","24":"product-type-variable","25":"add-to-wishlist-after_add_to_cart"},"yoast_head":"<!-- This site is optimized with the Yoast SEO plugin v27.4 - https:\/\/yoast.com\/product\/yoast-seo-wordpress\/ -->\n<title>Trinkflasche &quot;Brooke&quot; - PEN.EU<\/title>\n<meta name=\"robots\" content=\"index, follow, max-snippet:-1, max-image-preview:large, max-video-preview:-1\" \/>\n<link rel=\"canonical\" href=\"https:\/\/pen.eu\/es\/producto\/trinkflasche-brooke\/\" \/>\n<meta property=\"og:locale\" content=\"es_ES\" \/>\n<meta property=\"og:type\" content=\"article\" \/>\n<meta property=\"og:title\" content=\"Trinkflasche &quot;Brooke&quot; - PEN.EU\" \/>\n<meta property=\"og:description\" content=\"Die stilvolle Trinkflasche Brooke ist da! Mit einem Fassungsverm\u00f6gen von 590 ml, gefertigt aus mattem Borosilikatglas und veredelt mit einem nat\u00fcrlichen Bambusdeckel, vereint sie Nachhaltigkeit und modernes Design. Perfekt f\u00fcr Marken, die mit Verantwortung und Stil \u00fcberzeugen m\u00f6chten. Dieses hochwertige Werbegeschenk vermittelt ein edles Gef\u00fchl \u2013 und das zu einem fairen Preis. Nur f\u00fcr die [&hellip;]\" \/>\n<meta property=\"og:url\" content=\"https:\/\/pen.eu\/es\/producto\/trinkflasche-brooke\/\" \/>\n<meta property=\"og:site_name\" content=\"PEN.EU\" \/>\n<meta property=\"article:modified_time\" content=\"2025-09-30T12:55:21+00:00\" \/>\n<meta property=\"og:image\" content=\"https:\/\/pen.eu\/wp-content\/uploads\/2024\/10\/051301411-GS.jpg\" \/>\n\t<meta property=\"og:image:width\" content=\"1800\" \/>\n\t<meta property=\"og:image:height\" content=\"1800\" \/>\n\t<meta property=\"og:image:type\" content=\"image\/jpeg\" \/>\n<meta name=\"twitter:card\" content=\"summary_large_image\" \/>\n<script type=\"application\/ld+json\" class=\"yoast-schema-graph\">{\"@context\":\"https:\\\/\\\/schema.org\",\"@graph\":[{\"@type\":\"WebPage\",\"@id\":\"https:\\\/\\\/pen.eu\\\/produkt\\\/trinkflasche-brooke\\\/\",\"url\":\"https:\\\/\\\/pen.eu\\\/produkt\\\/trinkflasche-brooke\\\/\",\"name\":\"Trinkflasche \\\"Brooke\\\" - PEN.EU\",\"isPartOf\":{\"@id\":\"https:\\\/\\\/pen.eu\\\/#website\"},\"primaryImageOfPage\":{\"@id\":\"https:\\\/\\\/pen.eu\\\/produkt\\\/trinkflasche-brooke\\\/#primaryimage\"},\"image\":{\"@id\":\"https:\\\/\\\/pen.eu\\\/produkt\\\/trinkflasche-brooke\\\/#primaryimage\"},\"thumbnailUrl\":\"https:\\\/\\\/pen.eu\\\/wp-content\\\/uploads\\\/2024\\\/10\\\/051301411-GS.jpg\",\"datePublished\":\"2024-10-20T16:55:59+00:00\",\"dateModified\":\"2025-09-30T12:55:21+00:00\",\"breadcrumb\":{\"@id\":\"https:\\\/\\\/pen.eu\\\/produkt\\\/trinkflasche-brooke\\\/#breadcrumb\"},\"inLanguage\":\"es\",\"potentialAction\":[{\"@type\":\"ReadAction\",\"target\":[\"https:\\\/\\\/pen.eu\\\/produkt\\\/trinkflasche-brooke\\\/\"]}]},{\"@type\":\"ImageObject\",\"inLanguage\":\"es\",\"@id\":\"https:\\\/\\\/pen.eu\\\/produkt\\\/trinkflasche-brooke\\\/#primaryimage\",\"url\":\"https:\\\/\\\/pen.eu\\\/wp-content\\\/uploads\\\/2024\\\/10\\\/051301411-GS.jpg\",\"contentUrl\":\"https:\\\/\\\/pen.eu\\\/wp-content\\\/uploads\\\/2024\\\/10\\\/051301411-GS.jpg\",\"width\":1800,\"height\":1800},{\"@type\":\"BreadcrumbList\",\"@id\":\"https:\\\/\\\/pen.eu\\\/produkt\\\/trinkflasche-brooke\\\/#breadcrumb\",\"itemListElement\":[{\"@type\":\"ListItem\",\"position\":1,\"name\":\"Home\",\"item\":\"https:\\\/\\\/pen.eu\\\/\"},{\"@type\":\"ListItem\",\"position\":2,\"name\":\"Shop\",\"item\":\"https:\\\/\\\/pen.eu\\\/ch\\\/shop\\\/\"},{\"@type\":\"ListItem\",\"position\":3,\"name\":\"Trinkflasche &#8220;Brooke&#8221;\"}]},{\"@type\":\"WebSite\",\"@id\":\"https:\\\/\\\/pen.eu\\\/#website\",\"url\":\"https:\\\/\\\/pen.eu\\\/\",\"name\":\"PEN.EU\",\"description\":\"Kugelschreiber bedrucken mit Logo | pen.eu\",\"potentialAction\":[{\"@type\":\"SearchAction\",\"target\":{\"@type\":\"EntryPoint\",\"urlTemplate\":\"https:\\\/\\\/pen.eu\\\/?s={search_term_string}\"},\"query-input\":{\"@type\":\"PropertyValueSpecification\",\"valueRequired\":true,\"valueName\":\"search_term_string\"}}],\"inLanguage\":\"es\"}]}<\/script>\n<!-- \/ Yoast SEO plugin. -->","yoast_head_json":{"title":"Trinkflasche \"Brooke\" - PEN.EU","robots":{"index":"index","follow":"follow","max-snippet":"max-snippet:-1","max-image-preview":"max-image-preview:large","max-video-preview":"max-video-preview:-1"},"canonical":"https:\/\/pen.eu\/es\/producto\/trinkflasche-brooke\/","og_locale":"es_ES","og_type":"article","og_title":"Trinkflasche \"Brooke\" - PEN.EU","og_description":"Die stilvolle Trinkflasche Brooke ist da! Mit einem Fassungsverm\u00f6gen von 590 ml, gefertigt aus mattem Borosilikatglas und veredelt mit einem nat\u00fcrlichen Bambusdeckel, vereint sie Nachhaltigkeit und modernes Design. Perfekt f\u00fcr Marken, die mit Verantwortung und Stil \u00fcberzeugen m\u00f6chten. Dieses hochwertige Werbegeschenk vermittelt ein edles Gef\u00fchl \u2013 und das zu einem fairen Preis. Nur f\u00fcr die [&hellip;]","og_url":"https:\/\/pen.eu\/es\/producto\/trinkflasche-brooke\/","og_site_name":"PEN.EU","article_modified_time":"2025-09-30T12:55:21+00:00","og_image":[{"width":1800,"height":1800,"url":"https:\/\/pen.eu\/wp-content\/uploads\/2024\/10\/051301411-GS.jpg","type":"image\/jpeg"}],"twitter_card":"summary_large_image","schema":{"@context":"https:\/\/schema.org","@graph":[{"@type":"WebPage","@id":"https:\/\/pen.eu\/produkt\/trinkflasche-brooke\/","url":"https:\/\/pen.eu\/produkt\/trinkflasche-brooke\/","name":"Trinkflasche \"Brooke\" - PEN.EU","isPartOf":{"@id":"https:\/\/pen.eu\/#website"},"primaryImageOfPage":{"@id":"https:\/\/pen.eu\/produkt\/trinkflasche-brooke\/#primaryimage"},"image":{"@id":"https:\/\/pen.eu\/produkt\/trinkflasche-brooke\/#primaryimage"},"thumbnailUrl":"https:\/\/pen.eu\/wp-content\/uploads\/2024\/10\/051301411-GS.jpg","datePublished":"2024-10-20T16:55:59+00:00","dateModified":"2025-09-30T12:55:21+00:00","breadcrumb":{"@id":"https:\/\/pen.eu\/produkt\/trinkflasche-brooke\/#breadcrumb"},"inLanguage":"es","potentialAction":[{"@type":"ReadAction","target":["https:\/\/pen.eu\/produkt\/trinkflasche-brooke\/"]}]},{"@type":"ImageObject","inLanguage":"es","@id":"https:\/\/pen.eu\/produkt\/trinkflasche-brooke\/#primaryimage","url":"https:\/\/pen.eu\/wp-content\/uploads\/2024\/10\/051301411-GS.jpg","contentUrl":"https:\/\/pen.eu\/wp-content\/uploads\/2024\/10\/051301411-GS.jpg","width":1800,"height":1800},{"@type":"BreadcrumbList","@id":"https:\/\/pen.eu\/produkt\/trinkflasche-brooke\/#breadcrumb","itemListElement":[{"@type":"ListItem","position":1,"name":"Home","item":"https:\/\/pen.eu\/"},{"@type":"ListItem","position":2,"name":"Shop","item":"https:\/\/pen.eu\/ch\/shop\/"},{"@type":"ListItem","position":3,"name":"Trinkflasche &#8220;Brooke&#8221;"}]},{"@type":"WebSite","@id":"https:\/\/pen.eu\/#website","url":"https:\/\/pen.eu\/","name":"PEN.EU","description":"Kugelschreiber bedrucken mit Logo | pen.eu","potentialAction":[{"@type":"SearchAction","target":{"@type":"EntryPoint","urlTemplate":"https:\/\/pen.eu\/?s={search_term_string}"},"query-input":{"@type":"PropertyValueSpecification","valueRequired":true,"valueName":"search_term_string"}}],"inLanguage":"es"}]}},"_links":{"self":[{"href":"https:\/\/pen.eu\/es\/wp-json\/wp\/v2\/product\/7663","targetHints":{"allow":["GET"]}}],"collection":[{"href":"https:\/\/pen.eu\/es\/wp-json\/wp\/v2\/product"}],"about":[{"href":"https:\/\/pen.eu\/es\/wp-json\/wp\/v2\/types\/product"}],"replies":[{"embeddable":true,"href":"https:\/\/pen.eu\/es\/wp-json\/wp\/v2\/comments?post=7663"}],"wp:featuredmedia":[{"embeddable":true,"href":"https:\/\/pen.eu\/es\/wp-json\/wp\/v2\/media\/7682"}],"wp:attachment":[{"href":"https:\/\/pen.eu\/es\/wp-json\/wp\/v2\/media?parent=7663"}],"wp:term":[{"taxonomy":"product_brand","embeddable":true,"href":"https:\/\/pen.eu\/es\/wp-json\/wp\/v2\/product_brand?post=7663"},{"taxonomy":"product_cat","embeddable":true,"href":"https:\/\/pen.eu\/es\/wp-json\/wp\/v2\/product_cat?post=7663"},{"taxonomy":"product_tag","embeddable":true,"href":"https:\/\/pen.eu\/es\/wp-json\/wp\/v2\/product_tag?post=7663"}],"curies":[{"name":"wp","href":"https:\/\/api.w.org\/{rel}","templated":true}]}}