{"id":7747,"date":"2024-10-22T14:18:20","date_gmt":"2024-10-22T12:18:20","guid":{"rendered":"https:\/\/v2.frank-pen.de\/?post_type=product&#038;p=7747"},"modified":"2025-12-15T08:06:43","modified_gmt":"2025-12-15T07:06:43","slug":"trinkflasche-vida","status":"publish","type":"product","link":"https:\/\/pen.eu\/es\/producto\/trinkflasche-vida\/","title":{"rendered":"Vaso para beber \u201cVida\u201d"},"content":{"rendered":"<p>La botella Vida \u2013 sostenible, pr\u00e1ctica y con estilo. Con una capacidad de 500 ml, est\u00e1 fabricada con pl\u00e1stico PET reciclado (rPET), perfecta para quienes valoran el compromiso con el medioambiente. Su tapa de acero inoxidable a prueba de fugas y la correa integrada la convierten en una compa\u00f1era ideal para llevar a todas partes. Su logotipo destaca perfectamente con serigraf\u00eda a un color o impresi\u00f3n digital a todo color \u2013 ideal para mensajes de marca sostenibles. Solo apta para lavado a mano.<\/p>","protected":false},"excerpt":{"rendered":"<p>Die Trinkflasche Vida \u2013 nachhaltig, praktisch und stylisch. Mit einem Fassungsverm\u00f6gen von 500 ml wird sie aus recyceltem PET-Kunststoff (rPET) gefertigt \u2013 f\u00fcr alle, die Wert auf Umweltbewusstsein legen. Der auslaufsichere Edelstahldeckel und die integrierte Handschlaufe machen sie zum idealen Begleiter f\u00fcr unterwegs. Ihr Logo kommt im 1-Farb-Siebdruck oder Digitaldruck bestens zur Geltung \u2013 perfekt [&hellip;]<\/p>\n","protected":false},"featured_media":7787,"comment_status":"open","ping_status":"closed","template":"","meta":[],"product_brand":[],"product_cat":[248],"product_tag":[682,344,343,684],"class_list":{"0":"post-7747","1":"product","2":"type-product","3":"status-publish","4":"has-post-thumbnail","6":"product_cat-trinkgefaesse","7":"product_tag-designbottle","8":"product_tag-palma","9":"product_tag-wds","10":"product_tag-widesize","11":"pa_eigenschaft-doppelwandig","12":"pa_farbe-dunkelblau","13":"pa_farbe-grau","14":"pa_farbe-hellblau","15":"pa_farbe-lindgruen","16":"pa_farbe-orange","17":"pa_farbe-rot","18":"pa_farbe-transparent","19":"pa_material-kunststoff","20":"pa_mindestmenge-326","21":"pa_werbeanbringung-digitaldruck","22":"pa_werbeanbringung-siebdruck","24":"first","25":"instock","26":"taxable","27":"shipping-taxable","28":"purchasable","29":"product-type-variable","30":"add-to-wishlist-after_add_to_cart"},"yoast_head":"<!-- This site is optimized with the Yoast SEO plugin v27.3 - https:\/\/yoast.com\/product\/yoast-seo-wordpress\/ -->\n<title>Trinkflasche &quot;Vida&quot; - PEN.EU<\/title>\n<meta name=\"robots\" content=\"index, follow, max-snippet:-1, max-image-preview:large, max-video-preview:-1\" \/>\n<link rel=\"canonical\" href=\"https:\/\/pen.eu\/es\/producto\/trinkflasche-vida\/\" \/>\n<meta property=\"og:locale\" content=\"es_ES\" \/>\n<meta property=\"og:type\" content=\"article\" \/>\n<meta property=\"og:title\" content=\"Trinkflasche &quot;Vida&quot; - PEN.EU\" \/>\n<meta property=\"og:description\" content=\"Die Trinkflasche Vida \u2013 nachhaltig, praktisch und stylisch. Mit einem Fassungsverm\u00f6gen von 500 ml wird sie aus recyceltem PET-Kunststoff (rPET) gefertigt \u2013 f\u00fcr alle, die Wert auf Umweltbewusstsein legen. Der auslaufsichere Edelstahldeckel und die integrierte Handschlaufe machen sie zum idealen Begleiter f\u00fcr unterwegs. Ihr Logo kommt im 1-Farb-Siebdruck oder Digitaldruck bestens zur Geltung \u2013 perfekt [&hellip;]\" \/>\n<meta property=\"og:url\" content=\"https:\/\/pen.eu\/es\/producto\/trinkflasche-vida\/\" \/>\n<meta property=\"og:site_name\" content=\"PEN.EU\" \/>\n<meta property=\"article:modified_time\" content=\"2025-12-15T07:06:43+00:00\" \/>\n<meta property=\"og:image\" content=\"https:\/\/pen.eu\/wp-content\/uploads\/2024\/10\/051301604-GS.jpg\" \/>\n\t<meta property=\"og:image:width\" content=\"2000\" \/>\n\t<meta property=\"og:image:height\" content=\"2000\" \/>\n\t<meta property=\"og:image:type\" content=\"image\/jpeg\" \/>\n<meta name=\"twitter:card\" content=\"summary_large_image\" \/>\n<script type=\"application\/ld+json\" class=\"yoast-schema-graph\">{\"@context\":\"https:\\\/\\\/schema.org\",\"@graph\":[{\"@type\":\"WebPage\",\"@id\":\"https:\\\/\\\/pen.eu\\\/produkt\\\/trinkflasche-vida\\\/\",\"url\":\"https:\\\/\\\/pen.eu\\\/produkt\\\/trinkflasche-vida\\\/\",\"name\":\"Trinkflasche \\\"Vida\\\" - PEN.EU\",\"isPartOf\":{\"@id\":\"https:\\\/\\\/pen.eu\\\/#website\"},\"primaryImageOfPage\":{\"@id\":\"https:\\\/\\\/pen.eu\\\/produkt\\\/trinkflasche-vida\\\/#primaryimage\"},\"image\":{\"@id\":\"https:\\\/\\\/pen.eu\\\/produkt\\\/trinkflasche-vida\\\/#primaryimage\"},\"thumbnailUrl\":\"https:\\\/\\\/pen.eu\\\/wp-content\\\/uploads\\\/2024\\\/10\\\/051301604-GS.jpg\",\"datePublished\":\"2024-10-22T12:18:20+00:00\",\"dateModified\":\"2025-12-15T07:06:43+00:00\",\"breadcrumb\":{\"@id\":\"https:\\\/\\\/pen.eu\\\/produkt\\\/trinkflasche-vida\\\/#breadcrumb\"},\"inLanguage\":\"es\",\"potentialAction\":[{\"@type\":\"ReadAction\",\"target\":[\"https:\\\/\\\/pen.eu\\\/produkt\\\/trinkflasche-vida\\\/\"]}]},{\"@type\":\"ImageObject\",\"inLanguage\":\"es\",\"@id\":\"https:\\\/\\\/pen.eu\\\/produkt\\\/trinkflasche-vida\\\/#primaryimage\",\"url\":\"https:\\\/\\\/pen.eu\\\/wp-content\\\/uploads\\\/2024\\\/10\\\/051301604-GS.jpg\",\"contentUrl\":\"https:\\\/\\\/pen.eu\\\/wp-content\\\/uploads\\\/2024\\\/10\\\/051301604-GS.jpg\",\"width\":2000,\"height\":2000},{\"@type\":\"BreadcrumbList\",\"@id\":\"https:\\\/\\\/pen.eu\\\/produkt\\\/trinkflasche-vida\\\/#breadcrumb\",\"itemListElement\":[{\"@type\":\"ListItem\",\"position\":1,\"name\":\"Home\",\"item\":\"https:\\\/\\\/pen.eu\\\/\"},{\"@type\":\"ListItem\",\"position\":2,\"name\":\"Shop\",\"item\":\"https:\\\/\\\/pen.eu\\\/ch\\\/shop\\\/\"},{\"@type\":\"ListItem\",\"position\":3,\"name\":\"Trinkflasche &#8220;Vida&#8221;\"}]},{\"@type\":\"WebSite\",\"@id\":\"https:\\\/\\\/pen.eu\\\/#website\",\"url\":\"https:\\\/\\\/pen.eu\\\/\",\"name\":\"PEN.EU\",\"description\":\"Kugelschreiber bedrucken mit Logo | pen.eu\",\"potentialAction\":[{\"@type\":\"SearchAction\",\"target\":{\"@type\":\"EntryPoint\",\"urlTemplate\":\"https:\\\/\\\/pen.eu\\\/?s={search_term_string}\"},\"query-input\":{\"@type\":\"PropertyValueSpecification\",\"valueRequired\":true,\"valueName\":\"search_term_string\"}}],\"inLanguage\":\"es\"}]}<\/script>\n<!-- \/ Yoast SEO plugin. -->","yoast_head_json":{"title":"Trinkflasche \"Vida\" - PEN.EU","robots":{"index":"index","follow":"follow","max-snippet":"max-snippet:-1","max-image-preview":"max-image-preview:large","max-video-preview":"max-video-preview:-1"},"canonical":"https:\/\/pen.eu\/es\/producto\/trinkflasche-vida\/","og_locale":"es_ES","og_type":"article","og_title":"Trinkflasche \"Vida\" - PEN.EU","og_description":"Die Trinkflasche Vida \u2013 nachhaltig, praktisch und stylisch. Mit einem Fassungsverm\u00f6gen von 500 ml wird sie aus recyceltem PET-Kunststoff (rPET) gefertigt \u2013 f\u00fcr alle, die Wert auf Umweltbewusstsein legen. Der auslaufsichere Edelstahldeckel und die integrierte Handschlaufe machen sie zum idealen Begleiter f\u00fcr unterwegs. Ihr Logo kommt im 1-Farb-Siebdruck oder Digitaldruck bestens zur Geltung \u2013 perfekt [&hellip;]","og_url":"https:\/\/pen.eu\/es\/producto\/trinkflasche-vida\/","og_site_name":"PEN.EU","article_modified_time":"2025-12-15T07:06:43+00:00","og_image":[{"width":2000,"height":2000,"url":"https:\/\/pen.eu\/wp-content\/uploads\/2024\/10\/051301604-GS.jpg","type":"image\/jpeg"}],"twitter_card":"summary_large_image","schema":{"@context":"https:\/\/schema.org","@graph":[{"@type":"WebPage","@id":"https:\/\/pen.eu\/produkt\/trinkflasche-vida\/","url":"https:\/\/pen.eu\/produkt\/trinkflasche-vida\/","name":"Trinkflasche \"Vida\" - PEN.EU","isPartOf":{"@id":"https:\/\/pen.eu\/#website"},"primaryImageOfPage":{"@id":"https:\/\/pen.eu\/produkt\/trinkflasche-vida\/#primaryimage"},"image":{"@id":"https:\/\/pen.eu\/produkt\/trinkflasche-vida\/#primaryimage"},"thumbnailUrl":"https:\/\/pen.eu\/wp-content\/uploads\/2024\/10\/051301604-GS.jpg","datePublished":"2024-10-22T12:18:20+00:00","dateModified":"2025-12-15T07:06:43+00:00","breadcrumb":{"@id":"https:\/\/pen.eu\/produkt\/trinkflasche-vida\/#breadcrumb"},"inLanguage":"es","potentialAction":[{"@type":"ReadAction","target":["https:\/\/pen.eu\/produkt\/trinkflasche-vida\/"]}]},{"@type":"ImageObject","inLanguage":"es","@id":"https:\/\/pen.eu\/produkt\/trinkflasche-vida\/#primaryimage","url":"https:\/\/pen.eu\/wp-content\/uploads\/2024\/10\/051301604-GS.jpg","contentUrl":"https:\/\/pen.eu\/wp-content\/uploads\/2024\/10\/051301604-GS.jpg","width":2000,"height":2000},{"@type":"BreadcrumbList","@id":"https:\/\/pen.eu\/produkt\/trinkflasche-vida\/#breadcrumb","itemListElement":[{"@type":"ListItem","position":1,"name":"Home","item":"https:\/\/pen.eu\/"},{"@type":"ListItem","position":2,"name":"Shop","item":"https:\/\/pen.eu\/ch\/shop\/"},{"@type":"ListItem","position":3,"name":"Trinkflasche &#8220;Vida&#8221;"}]},{"@type":"WebSite","@id":"https:\/\/pen.eu\/#website","url":"https:\/\/pen.eu\/","name":"PEN.EU","description":"Kugelschreiber bedrucken mit Logo | pen.eu","potentialAction":[{"@type":"SearchAction","target":{"@type":"EntryPoint","urlTemplate":"https:\/\/pen.eu\/?s={search_term_string}"},"query-input":{"@type":"PropertyValueSpecification","valueRequired":true,"valueName":"search_term_string"}}],"inLanguage":"es"}]}},"_links":{"self":[{"href":"https:\/\/pen.eu\/es\/wp-json\/wp\/v2\/product\/7747","targetHints":{"allow":["GET"]}}],"collection":[{"href":"https:\/\/pen.eu\/es\/wp-json\/wp\/v2\/product"}],"about":[{"href":"https:\/\/pen.eu\/es\/wp-json\/wp\/v2\/types\/product"}],"replies":[{"embeddable":true,"href":"https:\/\/pen.eu\/es\/wp-json\/wp\/v2\/comments?post=7747"}],"wp:featuredmedia":[{"embeddable":true,"href":"https:\/\/pen.eu\/es\/wp-json\/wp\/v2\/media\/7787"}],"wp:attachment":[{"href":"https:\/\/pen.eu\/es\/wp-json\/wp\/v2\/media?parent=7747"}],"wp:term":[{"taxonomy":"product_brand","embeddable":true,"href":"https:\/\/pen.eu\/es\/wp-json\/wp\/v2\/product_brand?post=7747"},{"taxonomy":"product_cat","embeddable":true,"href":"https:\/\/pen.eu\/es\/wp-json\/wp\/v2\/product_cat?post=7747"},{"taxonomy":"product_tag","embeddable":true,"href":"https:\/\/pen.eu\/es\/wp-json\/wp\/v2\/product_tag?post=7747"}],"curies":[{"name":"wp","href":"https:\/\/api.w.org\/{rel}","templated":true}]}}