{"id":8000,"date":"2024-10-23T21:24:20","date_gmt":"2024-10-23T19:24:20","guid":{"rendered":"https:\/\/v2.frank-pen.de\/?post_type=product&#038;p=8000"},"modified":"2026-01-22T09:25:50","modified_gmt":"2026-01-22T08:25:50","slug":"trinkflasche-nomad","status":"publish","type":"product","link":"https:\/\/pen.eu\/es\/producto\/trinkflasche-nomad\/","title":{"rendered":"Vaso para beber \"Nomad\""},"content":{"rendered":"<p>La Nomad \u2013 botella de acero inoxidable de 530 ml con elegantes detalles en cobre. Esta botella de doble pared con aislamiento al vac\u00edo combina funcionalidad t\u00e9rmica con un dise\u00f1o sofisticado. El cuerpo exterior est\u00e1 fabricado en acero inoxidable 201 resistente, y el interior en acero inoxidable 304 de alta calidad \u2013 ideal para mantener la temperatura de las bebidas hasta 6 horas. La tapa y la base en tono cobre a\u00f1aden un toque distinguido, mientras que el acabado mate le da una apariencia moderna y elegante. Con una capacidad de 530 ml y un peso de solo 296 g, es la compa\u00f1era perfecta para llevar. No apta para lavavajillas ni microondas. Empaquetada en bolsa de polietileno.<\/p>","protected":false},"excerpt":{"rendered":"<p>Die Nomad \u2013 530 ml Edelstahlflasche mit stilvoller Kupfernote. Diese doppelwandige, vakuumisolierte Flasche kombiniert funktionale W\u00e4rme- und K\u00e4ltehaltung mit einem eleganten Design. Der Au\u00dfenk\u00f6rper besteht aus robustem Edelstahl 201, das Innere aus hochwertigem Edelstahl 304 \u2013 ideal, um Getr\u00e4nke bis zu 6 Stunden auf Temperatur zu halten. Der kupferfarbene Deckel und Boden setzen edle Akzente, [&hellip;]<\/p>\n","protected":false},"featured_media":8015,"comment_status":"open","ping_status":"closed","template":"","meta":[],"product_brand":[],"product_cat":[248],"product_tag":[682,687,367,818,368,684],"class_list":{"0":"post-8000","1":"product","2":"type-product","3":"status-publish","4":"has-post-thumbnail","6":"product_cat-trinkgefaesse","7":"product_tag-designbottle","8":"product_tag-logomiddle","9":"product_tag-marta","10":"product_tag-top-48","11":"product_tag-wfk","12":"product_tag-widesize","13":"pa_farbe-creme","14":"pa_farbe-schwarz","15":"pa_material-edelstahl","16":"pa_mindestmenge-357","17":"pa_werbeanbringung-digitaldruck","18":"pa_werbeanbringung-lasergravur","19":"pa_werbeanbringung-siebdruck","21":"first","22":"instock","23":"taxable","24":"shipping-taxable","25":"purchasable","26":"product-type-variable","27":"add-to-wishlist-after_add_to_cart"},"yoast_head":"<!-- This site is optimized with the Yoast SEO plugin v27.4 - https:\/\/yoast.com\/product\/yoast-seo-wordpress\/ -->\n<title>Trinkflasche &quot;Nomad&quot; - PEN.EU<\/title>\n<meta name=\"robots\" content=\"index, follow, max-snippet:-1, max-image-preview:large, max-video-preview:-1\" \/>\n<link rel=\"canonical\" href=\"https:\/\/pen.eu\/es\/producto\/trinkflasche-nomad\/\" \/>\n<meta property=\"og:locale\" content=\"es_ES\" \/>\n<meta property=\"og:type\" content=\"article\" \/>\n<meta property=\"og:title\" content=\"Trinkflasche &quot;Nomad&quot; - PEN.EU\" \/>\n<meta property=\"og:description\" content=\"Die Nomad \u2013 530 ml Edelstahlflasche mit stilvoller Kupfernote. Diese doppelwandige, vakuumisolierte Flasche kombiniert funktionale W\u00e4rme- und K\u00e4ltehaltung mit einem eleganten Design. Der Au\u00dfenk\u00f6rper besteht aus robustem Edelstahl 201, das Innere aus hochwertigem Edelstahl 304 \u2013 ideal, um Getr\u00e4nke bis zu 6 Stunden auf Temperatur zu halten. Der kupferfarbene Deckel und Boden setzen edle Akzente, [&hellip;]\" \/>\n<meta property=\"og:url\" content=\"https:\/\/pen.eu\/es\/producto\/trinkflasche-nomad\/\" \/>\n<meta property=\"og:site_name\" content=\"PEN.EU\" \/>\n<meta property=\"article:modified_time\" content=\"2026-01-22T08:25:50+00:00\" \/>\n<meta property=\"og:image\" content=\"https:\/\/pen.eu\/wp-content\/uploads\/2024\/10\/051302403-GS.jpg\" \/>\n\t<meta property=\"og:image:width\" content=\"2000\" \/>\n\t<meta property=\"og:image:height\" content=\"2000\" \/>\n\t<meta property=\"og:image:type\" content=\"image\/jpeg\" \/>\n<meta name=\"twitter:card\" content=\"summary_large_image\" \/>\n<meta name=\"twitter:label1\" content=\"Tiempo de lectura\" \/>\n\t<meta name=\"twitter:data1\" content=\"1 minuto\" \/>\n<script type=\"application\/ld+json\" class=\"yoast-schema-graph\">{\"@context\":\"https:\\\/\\\/schema.org\",\"@graph\":[{\"@type\":\"WebPage\",\"@id\":\"https:\\\/\\\/pen.eu\\\/produkt\\\/trinkflasche-nomad\\\/\",\"url\":\"https:\\\/\\\/pen.eu\\\/produkt\\\/trinkflasche-nomad\\\/\",\"name\":\"Trinkflasche \\\"Nomad\\\" - PEN.EU\",\"isPartOf\":{\"@id\":\"https:\\\/\\\/pen.eu\\\/#website\"},\"primaryImageOfPage\":{\"@id\":\"https:\\\/\\\/pen.eu\\\/produkt\\\/trinkflasche-nomad\\\/#primaryimage\"},\"image\":{\"@id\":\"https:\\\/\\\/pen.eu\\\/produkt\\\/trinkflasche-nomad\\\/#primaryimage\"},\"thumbnailUrl\":\"https:\\\/\\\/pen.eu\\\/wp-content\\\/uploads\\\/2024\\\/10\\\/051302403-GS.jpg\",\"datePublished\":\"2024-10-23T19:24:20+00:00\",\"dateModified\":\"2026-01-22T08:25:50+00:00\",\"breadcrumb\":{\"@id\":\"https:\\\/\\\/pen.eu\\\/produkt\\\/trinkflasche-nomad\\\/#breadcrumb\"},\"inLanguage\":\"es\",\"potentialAction\":[{\"@type\":\"ReadAction\",\"target\":[\"https:\\\/\\\/pen.eu\\\/produkt\\\/trinkflasche-nomad\\\/\"]}]},{\"@type\":\"ImageObject\",\"inLanguage\":\"es\",\"@id\":\"https:\\\/\\\/pen.eu\\\/produkt\\\/trinkflasche-nomad\\\/#primaryimage\",\"url\":\"https:\\\/\\\/pen.eu\\\/wp-content\\\/uploads\\\/2024\\\/10\\\/051302403-GS.jpg\",\"contentUrl\":\"https:\\\/\\\/pen.eu\\\/wp-content\\\/uploads\\\/2024\\\/10\\\/051302403-GS.jpg\",\"width\":2000,\"height\":2000},{\"@type\":\"BreadcrumbList\",\"@id\":\"https:\\\/\\\/pen.eu\\\/produkt\\\/trinkflasche-nomad\\\/#breadcrumb\",\"itemListElement\":[{\"@type\":\"ListItem\",\"position\":1,\"name\":\"Home\",\"item\":\"https:\\\/\\\/pen.eu\\\/\"},{\"@type\":\"ListItem\",\"position\":2,\"name\":\"Shop\",\"item\":\"https:\\\/\\\/pen.eu\\\/ch\\\/shop\\\/\"},{\"@type\":\"ListItem\",\"position\":3,\"name\":\"Trinkflasche &#8220;Nomad&#8221;\"}]},{\"@type\":\"WebSite\",\"@id\":\"https:\\\/\\\/pen.eu\\\/#website\",\"url\":\"https:\\\/\\\/pen.eu\\\/\",\"name\":\"PEN.EU\",\"description\":\"Kugelschreiber bedrucken mit Logo | pen.eu\",\"potentialAction\":[{\"@type\":\"SearchAction\",\"target\":{\"@type\":\"EntryPoint\",\"urlTemplate\":\"https:\\\/\\\/pen.eu\\\/?s={search_term_string}\"},\"query-input\":{\"@type\":\"PropertyValueSpecification\",\"valueRequired\":true,\"valueName\":\"search_term_string\"}}],\"inLanguage\":\"es\"}]}<\/script>\n<!-- \/ Yoast SEO plugin. -->","yoast_head_json":{"title":"Trinkflasche \"Nomad\" - PEN.EU","robots":{"index":"index","follow":"follow","max-snippet":"max-snippet:-1","max-image-preview":"max-image-preview:large","max-video-preview":"max-video-preview:-1"},"canonical":"https:\/\/pen.eu\/es\/producto\/trinkflasche-nomad\/","og_locale":"es_ES","og_type":"article","og_title":"Trinkflasche \"Nomad\" - PEN.EU","og_description":"Die Nomad \u2013 530 ml Edelstahlflasche mit stilvoller Kupfernote. Diese doppelwandige, vakuumisolierte Flasche kombiniert funktionale W\u00e4rme- und K\u00e4ltehaltung mit einem eleganten Design. Der Au\u00dfenk\u00f6rper besteht aus robustem Edelstahl 201, das Innere aus hochwertigem Edelstahl 304 \u2013 ideal, um Getr\u00e4nke bis zu 6 Stunden auf Temperatur zu halten. Der kupferfarbene Deckel und Boden setzen edle Akzente, [&hellip;]","og_url":"https:\/\/pen.eu\/es\/producto\/trinkflasche-nomad\/","og_site_name":"PEN.EU","article_modified_time":"2026-01-22T08:25:50+00:00","og_image":[{"width":2000,"height":2000,"url":"https:\/\/pen.eu\/wp-content\/uploads\/2024\/10\/051302403-GS.jpg","type":"image\/jpeg"}],"twitter_card":"summary_large_image","twitter_misc":{"Tiempo de lectura":"1 minuto"},"schema":{"@context":"https:\/\/schema.org","@graph":[{"@type":"WebPage","@id":"https:\/\/pen.eu\/produkt\/trinkflasche-nomad\/","url":"https:\/\/pen.eu\/produkt\/trinkflasche-nomad\/","name":"Trinkflasche \"Nomad\" - PEN.EU","isPartOf":{"@id":"https:\/\/pen.eu\/#website"},"primaryImageOfPage":{"@id":"https:\/\/pen.eu\/produkt\/trinkflasche-nomad\/#primaryimage"},"image":{"@id":"https:\/\/pen.eu\/produkt\/trinkflasche-nomad\/#primaryimage"},"thumbnailUrl":"https:\/\/pen.eu\/wp-content\/uploads\/2024\/10\/051302403-GS.jpg","datePublished":"2024-10-23T19:24:20+00:00","dateModified":"2026-01-22T08:25:50+00:00","breadcrumb":{"@id":"https:\/\/pen.eu\/produkt\/trinkflasche-nomad\/#breadcrumb"},"inLanguage":"es","potentialAction":[{"@type":"ReadAction","target":["https:\/\/pen.eu\/produkt\/trinkflasche-nomad\/"]}]},{"@type":"ImageObject","inLanguage":"es","@id":"https:\/\/pen.eu\/produkt\/trinkflasche-nomad\/#primaryimage","url":"https:\/\/pen.eu\/wp-content\/uploads\/2024\/10\/051302403-GS.jpg","contentUrl":"https:\/\/pen.eu\/wp-content\/uploads\/2024\/10\/051302403-GS.jpg","width":2000,"height":2000},{"@type":"BreadcrumbList","@id":"https:\/\/pen.eu\/produkt\/trinkflasche-nomad\/#breadcrumb","itemListElement":[{"@type":"ListItem","position":1,"name":"Home","item":"https:\/\/pen.eu\/"},{"@type":"ListItem","position":2,"name":"Shop","item":"https:\/\/pen.eu\/ch\/shop\/"},{"@type":"ListItem","position":3,"name":"Trinkflasche &#8220;Nomad&#8221;"}]},{"@type":"WebSite","@id":"https:\/\/pen.eu\/#website","url":"https:\/\/pen.eu\/","name":"PEN.EU","description":"Kugelschreiber bedrucken mit Logo | pen.eu","potentialAction":[{"@type":"SearchAction","target":{"@type":"EntryPoint","urlTemplate":"https:\/\/pen.eu\/?s={search_term_string}"},"query-input":{"@type":"PropertyValueSpecification","valueRequired":true,"valueName":"search_term_string"}}],"inLanguage":"es"}]}},"_links":{"self":[{"href":"https:\/\/pen.eu\/es\/wp-json\/wp\/v2\/product\/8000","targetHints":{"allow":["GET"]}}],"collection":[{"href":"https:\/\/pen.eu\/es\/wp-json\/wp\/v2\/product"}],"about":[{"href":"https:\/\/pen.eu\/es\/wp-json\/wp\/v2\/types\/product"}],"replies":[{"embeddable":true,"href":"https:\/\/pen.eu\/es\/wp-json\/wp\/v2\/comments?post=8000"}],"wp:featuredmedia":[{"embeddable":true,"href":"https:\/\/pen.eu\/es\/wp-json\/wp\/v2\/media\/8015"}],"wp:attachment":[{"href":"https:\/\/pen.eu\/es\/wp-json\/wp\/v2\/media?parent=8000"}],"wp:term":[{"taxonomy":"product_brand","embeddable":true,"href":"https:\/\/pen.eu\/es\/wp-json\/wp\/v2\/product_brand?post=8000"},{"taxonomy":"product_cat","embeddable":true,"href":"https:\/\/pen.eu\/es\/wp-json\/wp\/v2\/product_cat?post=8000"},{"taxonomy":"product_tag","embeddable":true,"href":"https:\/\/pen.eu\/es\/wp-json\/wp\/v2\/product_tag?post=8000"}],"curies":[{"name":"wp","href":"https:\/\/api.w.org\/{rel}","templated":true}]}}