{"id":8237,"date":"2024-10-24T21:39:55","date_gmt":"2024-10-24T19:39:55","guid":{"rendered":"https:\/\/v2.frank-pen.de\/?post_type=product&#038;p=8237"},"modified":"2025-11-13T09:13:15","modified_gmt":"2025-11-13T08:13:15","slug":"trinkbecher-pippa","status":"publish","type":"product","link":"https:\/\/pen.eu\/es\/producto\/trinkbecher-pippa\/","title":{"rendered":"Vaso para beber \"Pippa\""},"content":{"rendered":"<p>El Pippa \u2013 vaso t\u00e9rmico de cer\u00e1mica de doble pared de 265 ml con tapa de silicona a juego. Un compa\u00f1ero elegante y pr\u00e1ctico para bebidas calientes o fr\u00edas: este vaso de gres resistente destaca por su exterior mate con motas y su interior blanco brillante. Las combinaciones de colores aportan un toque moderno \u2013 azul hielo y crema con motas negras, gris oscuro con blanco. La tapa de silicona a juego se coloca f\u00e1cilmente y garantiza una bebida segura mientras te desplazas. Ideal para el uso diario \u2013 se presenta en una caja de regalo de cart\u00f3n kraft sostenible. No apto para microondas ni lavavajillas.<\/p>","protected":false},"excerpt":{"rendered":"<p>Der Pippa \u2013 265 ml doppelwandiger Keramiktumbler mit passendem Silikondeckel. Ein stilvoller und praktischer Begleiter f\u00fcr hei\u00dfe oder kalte Getr\u00e4nke: Dieser Tumbler aus robustem Steinzeug \u00fcberzeugt mit einer matten, gesprenkelten Au\u00dfenfl\u00e4che und einem gl\u00e4nzenden wei\u00dfen Innenleben. Die Farbkombinationen bieten eine moderne Optik \u2013 Eisblau und Creme mit schwarzen Sprenkeln, Dunkelgrau mit wei\u00dfen. Der farblich abgestimmte [&hellip;]<\/p>\n","protected":false},"featured_media":8253,"comment_status":"open","ping_status":"closed","template":"","meta":[],"product_brand":[],"product_cat":[767,248],"product_tag":[683,386,687,689,387],"class_list":{"0":"post-8237","1":"product","2":"type-product","3":"status-publish","4":"has-post-thumbnail","6":"product_cat-trinkbecher","7":"product_cat-trinkgefaesse","8":"product_tag-designcup","9":"product_tag-jakob","10":"product_tag-logomiddle","11":"product_tag-slimsize","12":"product_tag-weq","13":"pa_farbe-creme","14":"pa_farbe-grau","15":"pa_farbe-hellblau","16":"pa_material-keramik","17":"pa_material-silikon","18":"pa_mindestmenge-361","19":"pa_werbeanbringung-siebdruck","21":"first","22":"instock","23":"taxable","24":"shipping-taxable","25":"purchasable","26":"product-type-variable","27":"add-to-wishlist-after_add_to_cart"},"yoast_head":"<!-- This site is optimized with the Yoast SEO plugin v27.4 - https:\/\/yoast.com\/product\/yoast-seo-wordpress\/ -->\n<title>Trinkbecher &quot;Pippa&quot; - PEN.EU<\/title>\n<meta name=\"robots\" content=\"index, follow, max-snippet:-1, max-image-preview:large, max-video-preview:-1\" \/>\n<link rel=\"canonical\" href=\"https:\/\/pen.eu\/es\/producto\/trinkbecher-pippa\/\" \/>\n<meta property=\"og:locale\" content=\"es_ES\" \/>\n<meta property=\"og:type\" content=\"article\" \/>\n<meta property=\"og:title\" content=\"Trinkbecher &quot;Pippa&quot; - PEN.EU\" \/>\n<meta property=\"og:description\" content=\"Der Pippa \u2013 265 ml doppelwandiger Keramiktumbler mit passendem Silikondeckel. Ein stilvoller und praktischer Begleiter f\u00fcr hei\u00dfe oder kalte Getr\u00e4nke: Dieser Tumbler aus robustem Steinzeug \u00fcberzeugt mit einer matten, gesprenkelten Au\u00dfenfl\u00e4che und einem gl\u00e4nzenden wei\u00dfen Innenleben. Die Farbkombinationen bieten eine moderne Optik \u2013 Eisblau und Creme mit schwarzen Sprenkeln, Dunkelgrau mit wei\u00dfen. Der farblich abgestimmte [&hellip;]\" \/>\n<meta property=\"og:url\" content=\"https:\/\/pen.eu\/es\/producto\/trinkbecher-pippa\/\" \/>\n<meta property=\"og:site_name\" content=\"PEN.EU\" \/>\n<meta property=\"article:modified_time\" content=\"2025-11-13T08:13:15+00:00\" \/>\n<meta property=\"og:image\" content=\"https:\/\/pen.eu\/wp-content\/uploads\/2024\/10\/0513031112-GS.jpg\" \/>\n\t<meta property=\"og:image:width\" content=\"1800\" \/>\n\t<meta property=\"og:image:height\" content=\"1800\" \/>\n\t<meta property=\"og:image:type\" content=\"image\/jpeg\" \/>\n<meta name=\"twitter:card\" content=\"summary_large_image\" \/>\n<script type=\"application\/ld+json\" class=\"yoast-schema-graph\">{\"@context\":\"https:\\\/\\\/schema.org\",\"@graph\":[{\"@type\":\"WebPage\",\"@id\":\"https:\\\/\\\/pen.eu\\\/produkt\\\/trinkbecher-pippa\\\/\",\"url\":\"https:\\\/\\\/pen.eu\\\/produkt\\\/trinkbecher-pippa\\\/\",\"name\":\"Trinkbecher \\\"Pippa\\\" - PEN.EU\",\"isPartOf\":{\"@id\":\"https:\\\/\\\/pen.eu\\\/#website\"},\"primaryImageOfPage\":{\"@id\":\"https:\\\/\\\/pen.eu\\\/produkt\\\/trinkbecher-pippa\\\/#primaryimage\"},\"image\":{\"@id\":\"https:\\\/\\\/pen.eu\\\/produkt\\\/trinkbecher-pippa\\\/#primaryimage\"},\"thumbnailUrl\":\"https:\\\/\\\/pen.eu\\\/wp-content\\\/uploads\\\/2024\\\/10\\\/0513031112-GS.jpg\",\"datePublished\":\"2024-10-24T19:39:55+00:00\",\"dateModified\":\"2025-11-13T08:13:15+00:00\",\"breadcrumb\":{\"@id\":\"https:\\\/\\\/pen.eu\\\/produkt\\\/trinkbecher-pippa\\\/#breadcrumb\"},\"inLanguage\":\"es\",\"potentialAction\":[{\"@type\":\"ReadAction\",\"target\":[\"https:\\\/\\\/pen.eu\\\/produkt\\\/trinkbecher-pippa\\\/\"]}]},{\"@type\":\"ImageObject\",\"inLanguage\":\"es\",\"@id\":\"https:\\\/\\\/pen.eu\\\/produkt\\\/trinkbecher-pippa\\\/#primaryimage\",\"url\":\"https:\\\/\\\/pen.eu\\\/wp-content\\\/uploads\\\/2024\\\/10\\\/0513031112-GS.jpg\",\"contentUrl\":\"https:\\\/\\\/pen.eu\\\/wp-content\\\/uploads\\\/2024\\\/10\\\/0513031112-GS.jpg\",\"width\":1800,\"height\":1800},{\"@type\":\"BreadcrumbList\",\"@id\":\"https:\\\/\\\/pen.eu\\\/produkt\\\/trinkbecher-pippa\\\/#breadcrumb\",\"itemListElement\":[{\"@type\":\"ListItem\",\"position\":1,\"name\":\"Home\",\"item\":\"https:\\\/\\\/pen.eu\\\/\"},{\"@type\":\"ListItem\",\"position\":2,\"name\":\"Shop\",\"item\":\"https:\\\/\\\/pen.eu\\\/ch\\\/shop\\\/\"},{\"@type\":\"ListItem\",\"position\":3,\"name\":\"Trinkbecher &#8220;Pippa&#8221;\"}]},{\"@type\":\"WebSite\",\"@id\":\"https:\\\/\\\/pen.eu\\\/#website\",\"url\":\"https:\\\/\\\/pen.eu\\\/\",\"name\":\"PEN.EU\",\"description\":\"Kugelschreiber bedrucken mit Logo | pen.eu\",\"potentialAction\":[{\"@type\":\"SearchAction\",\"target\":{\"@type\":\"EntryPoint\",\"urlTemplate\":\"https:\\\/\\\/pen.eu\\\/?s={search_term_string}\"},\"query-input\":{\"@type\":\"PropertyValueSpecification\",\"valueRequired\":true,\"valueName\":\"search_term_string\"}}],\"inLanguage\":\"es\"}]}<\/script>\n<!-- \/ Yoast SEO plugin. -->","yoast_head_json":{"title":"Trinkbecher \"Pippa\" - PEN.EU","robots":{"index":"index","follow":"follow","max-snippet":"max-snippet:-1","max-image-preview":"max-image-preview:large","max-video-preview":"max-video-preview:-1"},"canonical":"https:\/\/pen.eu\/es\/producto\/trinkbecher-pippa\/","og_locale":"es_ES","og_type":"article","og_title":"Trinkbecher \"Pippa\" - PEN.EU","og_description":"Der Pippa \u2013 265 ml doppelwandiger Keramiktumbler mit passendem Silikondeckel. Ein stilvoller und praktischer Begleiter f\u00fcr hei\u00dfe oder kalte Getr\u00e4nke: Dieser Tumbler aus robustem Steinzeug \u00fcberzeugt mit einer matten, gesprenkelten Au\u00dfenfl\u00e4che und einem gl\u00e4nzenden wei\u00dfen Innenleben. Die Farbkombinationen bieten eine moderne Optik \u2013 Eisblau und Creme mit schwarzen Sprenkeln, Dunkelgrau mit wei\u00dfen. Der farblich abgestimmte [&hellip;]","og_url":"https:\/\/pen.eu\/es\/producto\/trinkbecher-pippa\/","og_site_name":"PEN.EU","article_modified_time":"2025-11-13T08:13:15+00:00","og_image":[{"width":1800,"height":1800,"url":"https:\/\/pen.eu\/wp-content\/uploads\/2024\/10\/0513031112-GS.jpg","type":"image\/jpeg"}],"twitter_card":"summary_large_image","schema":{"@context":"https:\/\/schema.org","@graph":[{"@type":"WebPage","@id":"https:\/\/pen.eu\/produkt\/trinkbecher-pippa\/","url":"https:\/\/pen.eu\/produkt\/trinkbecher-pippa\/","name":"Trinkbecher \"Pippa\" - PEN.EU","isPartOf":{"@id":"https:\/\/pen.eu\/#website"},"primaryImageOfPage":{"@id":"https:\/\/pen.eu\/produkt\/trinkbecher-pippa\/#primaryimage"},"image":{"@id":"https:\/\/pen.eu\/produkt\/trinkbecher-pippa\/#primaryimage"},"thumbnailUrl":"https:\/\/pen.eu\/wp-content\/uploads\/2024\/10\/0513031112-GS.jpg","datePublished":"2024-10-24T19:39:55+00:00","dateModified":"2025-11-13T08:13:15+00:00","breadcrumb":{"@id":"https:\/\/pen.eu\/produkt\/trinkbecher-pippa\/#breadcrumb"},"inLanguage":"es","potentialAction":[{"@type":"ReadAction","target":["https:\/\/pen.eu\/produkt\/trinkbecher-pippa\/"]}]},{"@type":"ImageObject","inLanguage":"es","@id":"https:\/\/pen.eu\/produkt\/trinkbecher-pippa\/#primaryimage","url":"https:\/\/pen.eu\/wp-content\/uploads\/2024\/10\/0513031112-GS.jpg","contentUrl":"https:\/\/pen.eu\/wp-content\/uploads\/2024\/10\/0513031112-GS.jpg","width":1800,"height":1800},{"@type":"BreadcrumbList","@id":"https:\/\/pen.eu\/produkt\/trinkbecher-pippa\/#breadcrumb","itemListElement":[{"@type":"ListItem","position":1,"name":"Home","item":"https:\/\/pen.eu\/"},{"@type":"ListItem","position":2,"name":"Shop","item":"https:\/\/pen.eu\/ch\/shop\/"},{"@type":"ListItem","position":3,"name":"Trinkbecher &#8220;Pippa&#8221;"}]},{"@type":"WebSite","@id":"https:\/\/pen.eu\/#website","url":"https:\/\/pen.eu\/","name":"PEN.EU","description":"Kugelschreiber bedrucken mit Logo | pen.eu","potentialAction":[{"@type":"SearchAction","target":{"@type":"EntryPoint","urlTemplate":"https:\/\/pen.eu\/?s={search_term_string}"},"query-input":{"@type":"PropertyValueSpecification","valueRequired":true,"valueName":"search_term_string"}}],"inLanguage":"es"}]}},"_links":{"self":[{"href":"https:\/\/pen.eu\/es\/wp-json\/wp\/v2\/product\/8237","targetHints":{"allow":["GET"]}}],"collection":[{"href":"https:\/\/pen.eu\/es\/wp-json\/wp\/v2\/product"}],"about":[{"href":"https:\/\/pen.eu\/es\/wp-json\/wp\/v2\/types\/product"}],"replies":[{"embeddable":true,"href":"https:\/\/pen.eu\/es\/wp-json\/wp\/v2\/comments?post=8237"}],"wp:featuredmedia":[{"embeddable":true,"href":"https:\/\/pen.eu\/es\/wp-json\/wp\/v2\/media\/8253"}],"wp:attachment":[{"href":"https:\/\/pen.eu\/es\/wp-json\/wp\/v2\/media?parent=8237"}],"wp:term":[{"taxonomy":"product_brand","embeddable":true,"href":"https:\/\/pen.eu\/es\/wp-json\/wp\/v2\/product_brand?post=8237"},{"taxonomy":"product_cat","embeddable":true,"href":"https:\/\/pen.eu\/es\/wp-json\/wp\/v2\/product_cat?post=8237"},{"taxonomy":"product_tag","embeddable":true,"href":"https:\/\/pen.eu\/es\/wp-json\/wp\/v2\/product_tag?post=8237"}],"curies":[{"name":"wp","href":"https:\/\/api.w.org\/{rel}","templated":true}]}}