{"id":8593,"date":"2024-11-02T18:18:55","date_gmt":"2024-11-02T17:18:55","guid":{"rendered":"https:\/\/v2.frank-pen.de\/?post_type=product&#038;p=8593"},"modified":"2025-10-06T12:54:13","modified_gmt":"2025-10-06T10:54:13","slug":"einkaufstasche-chaya","status":"publish","type":"product","link":"https:\/\/pen.eu\/es\/producto\/einkaufstasche-chaya\/","title":{"rendered":"Bolsa de compra \"Chaya\""},"content":{"rendered":"<p>\u00a1Nuestra popular bolsa de la compra Chaya, ahora disponible en poli\u00e9ster rPET reciclado! Esta bolsa ecol\u00f3gica combina funcionalidad y sostenibilidad. Fabricada con un material resistente y reutilizable, cuenta con asas dobles integradas y se pliega r\u00e1pidamente de forma compacta. Una bolsa integrada con cierre pr\u00e1ctico permite guardarla de forma segura \u2013 ideal para llevar en el bolso, la mochila o incluso en el llavero. La etiqueta ecol\u00f3gica cosida y los colores inspirados en la naturaleza refuerzan el mensaje sostenible de esta bolsa con estilo.<\/p>","protected":false},"excerpt":{"rendered":"<p>Unsere beliebte Chaya Einkaufstasche \u2013 jetzt erh\u00e4ltlich aus recyceltem rPET-Polyester! Diese umweltfreundliche Einkaufstasche kombiniert Funktionalit\u00e4t mit Nachhaltigkeit. Aus robustem, wiederverwendbarem Material gefertigt, verf\u00fcgt sie \u00fcber integrierte Doppelgriffe und l\u00e4sst sich im Handumdrehen kompakt zusammenfalten. Ein integrierter Beutel mit praktischem Verschluss erm\u00f6glicht es, die Tasche sicher zu verstauen \u2013 ideal f\u00fcr Handtasche, Rucksack oder sogar den [&hellip;]<\/p>\n","protected":false},"featured_media":8608,"comment_status":"open","ping_status":"closed","template":"","meta":[],"product_brand":[],"product_cat":[249],"product_tag":[435,803,799,802,436],"class_list":{"0":"post-8593","1":"product","2":"type-product","3":"status-publish","4":"has-post-thumbnail","6":"product_cat-taschen","7":"product_tag-cape","8":"product_tag-left-43","9":"product_tag-slimlogo","10":"product_tag-top-62","11":"product_tag-ufz","12":"pa_farbe-grau","13":"pa_farbe-himmelblau","14":"pa_farbe-marine","15":"pa_material-polyester","16":"pa_mindestmenge-24","17":"pa_werbeanbringung-digitaldruck","18":"pa_werbeanbringung-siebdruck","20":"first","21":"instock","22":"taxable","23":"shipping-taxable","24":"purchasable","25":"product-type-variable","26":"add-to-wishlist-after_add_to_cart"},"yoast_head":"<!-- This site is optimized with the Yoast SEO plugin v27.4 - https:\/\/yoast.com\/product\/yoast-seo-wordpress\/ -->\n<title>Einkaufstasche &quot;Chaya&quot; - PEN.EU<\/title>\n<meta name=\"robots\" content=\"index, follow, max-snippet:-1, max-image-preview:large, max-video-preview:-1\" \/>\n<link rel=\"canonical\" href=\"https:\/\/pen.eu\/es\/producto\/einkaufstasche-chaya\/\" \/>\n<meta property=\"og:locale\" content=\"es_ES\" \/>\n<meta property=\"og:type\" content=\"article\" \/>\n<meta property=\"og:title\" content=\"Einkaufstasche &quot;Chaya&quot; - PEN.EU\" \/>\n<meta property=\"og:description\" content=\"Unsere beliebte Chaya Einkaufstasche \u2013 jetzt erh\u00e4ltlich aus recyceltem rPET-Polyester! Diese umweltfreundliche Einkaufstasche kombiniert Funktionalit\u00e4t mit Nachhaltigkeit. Aus robustem, wiederverwendbarem Material gefertigt, verf\u00fcgt sie \u00fcber integrierte Doppelgriffe und l\u00e4sst sich im Handumdrehen kompakt zusammenfalten. Ein integrierter Beutel mit praktischem Verschluss erm\u00f6glicht es, die Tasche sicher zu verstauen \u2013 ideal f\u00fcr Handtasche, Rucksack oder sogar den [&hellip;]\" \/>\n<meta property=\"og:url\" content=\"https:\/\/pen.eu\/es\/producto\/einkaufstasche-chaya\/\" \/>\n<meta property=\"og:site_name\" content=\"PEN.EU\" \/>\n<meta property=\"article:modified_time\" content=\"2025-10-06T10:54:13+00:00\" \/>\n<meta property=\"og:image\" content=\"https:\/\/pen.eu\/wp-content\/uploads\/2024\/11\/0514019113-GDD.jpg\" \/>\n\t<meta property=\"og:image:width\" content=\"1800\" \/>\n\t<meta property=\"og:image:height\" content=\"1800\" \/>\n\t<meta property=\"og:image:type\" content=\"image\/jpeg\" \/>\n<meta name=\"twitter:card\" content=\"summary_large_image\" \/>\n<script type=\"application\/ld+json\" class=\"yoast-schema-graph\">{\"@context\":\"https:\\\/\\\/schema.org\",\"@graph\":[{\"@type\":\"WebPage\",\"@id\":\"https:\\\/\\\/pen.eu\\\/produkt\\\/einkaufstasche-chaya\\\/\",\"url\":\"https:\\\/\\\/pen.eu\\\/produkt\\\/einkaufstasche-chaya\\\/\",\"name\":\"Einkaufstasche \\\"Chaya\\\" - PEN.EU\",\"isPartOf\":{\"@id\":\"https:\\\/\\\/pen.eu\\\/#website\"},\"primaryImageOfPage\":{\"@id\":\"https:\\\/\\\/pen.eu\\\/produkt\\\/einkaufstasche-chaya\\\/#primaryimage\"},\"image\":{\"@id\":\"https:\\\/\\\/pen.eu\\\/produkt\\\/einkaufstasche-chaya\\\/#primaryimage\"},\"thumbnailUrl\":\"https:\\\/\\\/pen.eu\\\/wp-content\\\/uploads\\\/2024\\\/11\\\/0514019113-GDD.jpg\",\"datePublished\":\"2024-11-02T17:18:55+00:00\",\"dateModified\":\"2025-10-06T10:54:13+00:00\",\"breadcrumb\":{\"@id\":\"https:\\\/\\\/pen.eu\\\/produkt\\\/einkaufstasche-chaya\\\/#breadcrumb\"},\"inLanguage\":\"es\",\"potentialAction\":[{\"@type\":\"ReadAction\",\"target\":[\"https:\\\/\\\/pen.eu\\\/produkt\\\/einkaufstasche-chaya\\\/\"]}]},{\"@type\":\"ImageObject\",\"inLanguage\":\"es\",\"@id\":\"https:\\\/\\\/pen.eu\\\/produkt\\\/einkaufstasche-chaya\\\/#primaryimage\",\"url\":\"https:\\\/\\\/pen.eu\\\/wp-content\\\/uploads\\\/2024\\\/11\\\/0514019113-GDD.jpg\",\"contentUrl\":\"https:\\\/\\\/pen.eu\\\/wp-content\\\/uploads\\\/2024\\\/11\\\/0514019113-GDD.jpg\",\"width\":1800,\"height\":1800},{\"@type\":\"BreadcrumbList\",\"@id\":\"https:\\\/\\\/pen.eu\\\/produkt\\\/einkaufstasche-chaya\\\/#breadcrumb\",\"itemListElement\":[{\"@type\":\"ListItem\",\"position\":1,\"name\":\"Home\",\"item\":\"https:\\\/\\\/pen.eu\\\/\"},{\"@type\":\"ListItem\",\"position\":2,\"name\":\"Shop\",\"item\":\"https:\\\/\\\/pen.eu\\\/ch\\\/shop\\\/\"},{\"@type\":\"ListItem\",\"position\":3,\"name\":\"Einkaufstasche &#8220;Chaya&#8221;\"}]},{\"@type\":\"WebSite\",\"@id\":\"https:\\\/\\\/pen.eu\\\/#website\",\"url\":\"https:\\\/\\\/pen.eu\\\/\",\"name\":\"PEN.EU\",\"description\":\"Kugelschreiber bedrucken mit Logo | pen.eu\",\"potentialAction\":[{\"@type\":\"SearchAction\",\"target\":{\"@type\":\"EntryPoint\",\"urlTemplate\":\"https:\\\/\\\/pen.eu\\\/?s={search_term_string}\"},\"query-input\":{\"@type\":\"PropertyValueSpecification\",\"valueRequired\":true,\"valueName\":\"search_term_string\"}}],\"inLanguage\":\"es\"}]}<\/script>\n<!-- \/ Yoast SEO plugin. -->","yoast_head_json":{"title":"Einkaufstasche \"Chaya\" - PEN.EU","robots":{"index":"index","follow":"follow","max-snippet":"max-snippet:-1","max-image-preview":"max-image-preview:large","max-video-preview":"max-video-preview:-1"},"canonical":"https:\/\/pen.eu\/es\/producto\/einkaufstasche-chaya\/","og_locale":"es_ES","og_type":"article","og_title":"Einkaufstasche \"Chaya\" - PEN.EU","og_description":"Unsere beliebte Chaya Einkaufstasche \u2013 jetzt erh\u00e4ltlich aus recyceltem rPET-Polyester! Diese umweltfreundliche Einkaufstasche kombiniert Funktionalit\u00e4t mit Nachhaltigkeit. Aus robustem, wiederverwendbarem Material gefertigt, verf\u00fcgt sie \u00fcber integrierte Doppelgriffe und l\u00e4sst sich im Handumdrehen kompakt zusammenfalten. Ein integrierter Beutel mit praktischem Verschluss erm\u00f6glicht es, die Tasche sicher zu verstauen \u2013 ideal f\u00fcr Handtasche, Rucksack oder sogar den [&hellip;]","og_url":"https:\/\/pen.eu\/es\/producto\/einkaufstasche-chaya\/","og_site_name":"PEN.EU","article_modified_time":"2025-10-06T10:54:13+00:00","og_image":[{"width":1800,"height":1800,"url":"https:\/\/pen.eu\/wp-content\/uploads\/2024\/11\/0514019113-GDD.jpg","type":"image\/jpeg"}],"twitter_card":"summary_large_image","schema":{"@context":"https:\/\/schema.org","@graph":[{"@type":"WebPage","@id":"https:\/\/pen.eu\/produkt\/einkaufstasche-chaya\/","url":"https:\/\/pen.eu\/produkt\/einkaufstasche-chaya\/","name":"Einkaufstasche \"Chaya\" - PEN.EU","isPartOf":{"@id":"https:\/\/pen.eu\/#website"},"primaryImageOfPage":{"@id":"https:\/\/pen.eu\/produkt\/einkaufstasche-chaya\/#primaryimage"},"image":{"@id":"https:\/\/pen.eu\/produkt\/einkaufstasche-chaya\/#primaryimage"},"thumbnailUrl":"https:\/\/pen.eu\/wp-content\/uploads\/2024\/11\/0514019113-GDD.jpg","datePublished":"2024-11-02T17:18:55+00:00","dateModified":"2025-10-06T10:54:13+00:00","breadcrumb":{"@id":"https:\/\/pen.eu\/produkt\/einkaufstasche-chaya\/#breadcrumb"},"inLanguage":"es","potentialAction":[{"@type":"ReadAction","target":["https:\/\/pen.eu\/produkt\/einkaufstasche-chaya\/"]}]},{"@type":"ImageObject","inLanguage":"es","@id":"https:\/\/pen.eu\/produkt\/einkaufstasche-chaya\/#primaryimage","url":"https:\/\/pen.eu\/wp-content\/uploads\/2024\/11\/0514019113-GDD.jpg","contentUrl":"https:\/\/pen.eu\/wp-content\/uploads\/2024\/11\/0514019113-GDD.jpg","width":1800,"height":1800},{"@type":"BreadcrumbList","@id":"https:\/\/pen.eu\/produkt\/einkaufstasche-chaya\/#breadcrumb","itemListElement":[{"@type":"ListItem","position":1,"name":"Home","item":"https:\/\/pen.eu\/"},{"@type":"ListItem","position":2,"name":"Shop","item":"https:\/\/pen.eu\/ch\/shop\/"},{"@type":"ListItem","position":3,"name":"Einkaufstasche &#8220;Chaya&#8221;"}]},{"@type":"WebSite","@id":"https:\/\/pen.eu\/#website","url":"https:\/\/pen.eu\/","name":"PEN.EU","description":"Kugelschreiber bedrucken mit Logo | pen.eu","potentialAction":[{"@type":"SearchAction","target":{"@type":"EntryPoint","urlTemplate":"https:\/\/pen.eu\/?s={search_term_string}"},"query-input":{"@type":"PropertyValueSpecification","valueRequired":true,"valueName":"search_term_string"}}],"inLanguage":"es"}]}},"_links":{"self":[{"href":"https:\/\/pen.eu\/es\/wp-json\/wp\/v2\/product\/8593","targetHints":{"allow":["GET"]}}],"collection":[{"href":"https:\/\/pen.eu\/es\/wp-json\/wp\/v2\/product"}],"about":[{"href":"https:\/\/pen.eu\/es\/wp-json\/wp\/v2\/types\/product"}],"replies":[{"embeddable":true,"href":"https:\/\/pen.eu\/es\/wp-json\/wp\/v2\/comments?post=8593"}],"wp:featuredmedia":[{"embeddable":true,"href":"https:\/\/pen.eu\/es\/wp-json\/wp\/v2\/media\/8608"}],"wp:attachment":[{"href":"https:\/\/pen.eu\/es\/wp-json\/wp\/v2\/media?parent=8593"}],"wp:term":[{"taxonomy":"product_brand","embeddable":true,"href":"https:\/\/pen.eu\/es\/wp-json\/wp\/v2\/product_brand?post=8593"},{"taxonomy":"product_cat","embeddable":true,"href":"https:\/\/pen.eu\/es\/wp-json\/wp\/v2\/product_cat?post=8593"},{"taxonomy":"product_tag","embeddable":true,"href":"https:\/\/pen.eu\/es\/wp-json\/wp\/v2\/product_tag?post=8593"}],"curies":[{"name":"wp","href":"https:\/\/api.w.org\/{rel}","templated":true}]}}