{"id":9019,"date":"2024-11-06T18:05:30","date_gmt":"2024-11-06T17:05:30","guid":{"rendered":"https:\/\/v2.frank-pen.de\/?post_type=product&#038;p=9019"},"modified":"2025-09-29T15:59:15","modified_gmt":"2025-09-29T13:59:15","slug":"kugelschreiber-partisan","status":"publish","type":"product","link":"https:\/\/pen.eu\/es\/producto\/kugelschreiber-partisan\/","title":{"rendered":"Kugelschreiber &#8220;Partisan&#8221;"},"content":{"rendered":"<p>El bol\u00edgrafo \"Partisan\" es la elecci\u00f3n perfecta para quienes prefieren un dise\u00f1o sencillo y atemporal. Fabricado en pl\u00e1stico, se adapta c\u00f3modamente a la mano gracias a su empu\u00f1adura ergon\u00f3mica, lo que permite una escritura sin esfuerzo. Disponible en una amplia gama de colores llamativos, ofrece una generosa zona de impresi\u00f3n que proporciona m\u00e1s espacio para su logotipo o mensaje que la mayor\u00eda de los modelos. Con una punta de bol\u00edgrafo fiable y un mecanismo de clic f\u00e1cil de usar, garantiza una experiencia de escritura fluida y constante.<\/p>","protected":false},"excerpt":{"rendered":"<p>Der &#8220;Partisan&#8221; Kugelschreiber ist die perfekte Wahl f\u00fcr alle, die ein schlichtes und zeitloses Design bevorzugen. Dieser Kugelschreiber aus Kunststoff liegt dank seines komfortablen Griffs angenehm in der Hand und erm\u00f6glicht ein m\u00fcheloses Schreiben. Erh\u00e4ltlich in einer Vielzahl leuchtender Farben, bietet er einen gro\u00dfz\u00fcgigen Druckbereich, der mehr Platz f\u00fcr Ihr Logo oder Ihre Botschaft bietet [&hellip;]<\/p>\n","protected":false},"featured_media":9089,"comment_status":"open","ping_status":"closed","template":"","meta":[],"product_brand":[],"product_cat":[310,247],"product_tag":[487,782,791,488,657,780],"class_list":{"0":"post-9019","1":"product","2":"type-product","3":"status-publish","4":"has-post-thumbnail","6":"product_cat-kugelschreiber-aus-kunststoff","7":"product_cat-schreibgeraete","8":"product_tag-inkwave","9":"product_tag-left-63","10":"product_tag-mtop-46","11":"product_tag-pmc","12":"product_tag-shortpen","13":"product_tag-top-50","14":"pa_eigenschaft-stylus","15":"pa_farbe-blau","16":"pa_farbe-hellgruen","17":"pa_farbe-lila","18":"pa_farbe-orange","19":"pa_farbe-pink","20":"pa_farbe-schwarz","21":"pa_material-kunststoff","22":"pa_mindestmenge-486","23":"pa_werbeanbringung-digitaldruck","24":"pa_werbeanbringung-siebdruck","26":"first","27":"instock","28":"taxable","29":"shipping-taxable","30":"purchasable","31":"product-type-variable","32":"add-to-wishlist-after_add_to_cart"},"yoast_head":"<!-- This site is optimized with the Yoast SEO plugin v27.4 - https:\/\/yoast.com\/product\/yoast-seo-wordpress\/ -->\n<title>Kugelschreiber &quot;Partisan&quot; - PEN.EU<\/title>\n<meta name=\"robots\" content=\"index, follow, max-snippet:-1, max-image-preview:large, max-video-preview:-1\" \/>\n<link rel=\"canonical\" href=\"https:\/\/pen.eu\/es\/producto\/kugelschreiber-partisan\/\" \/>\n<meta property=\"og:locale\" content=\"es_ES\" \/>\n<meta property=\"og:type\" content=\"article\" \/>\n<meta property=\"og:title\" content=\"Kugelschreiber &quot;Partisan&quot; - PEN.EU\" \/>\n<meta property=\"og:description\" content=\"Der &#8220;Partisan&#8221; Kugelschreiber ist die perfekte Wahl f\u00fcr alle, die ein schlichtes und zeitloses Design bevorzugen. Dieser Kugelschreiber aus Kunststoff liegt dank seines komfortablen Griffs angenehm in der Hand und erm\u00f6glicht ein m\u00fcheloses Schreiben. Erh\u00e4ltlich in einer Vielzahl leuchtender Farben, bietet er einen gro\u00dfz\u00fcgigen Druckbereich, der mehr Platz f\u00fcr Ihr Logo oder Ihre Botschaft bietet [&hellip;]\" \/>\n<meta property=\"og:url\" content=\"https:\/\/pen.eu\/es\/producto\/kugelschreiber-partisan\/\" \/>\n<meta property=\"og:site_name\" content=\"PEN.EU\" \/>\n<meta property=\"article:modified_time\" content=\"2025-09-29T13:59:15+00:00\" \/>\n<meta property=\"og:image\" content=\"https:\/\/pen.eu\/wp-content\/uploads\/2024\/11\/051201011-MS-GDD.jpg\" \/>\n\t<meta property=\"og:image:width\" content=\"956\" \/>\n\t<meta property=\"og:image:height\" content=\"956\" \/>\n\t<meta property=\"og:image:type\" content=\"image\/jpeg\" \/>\n<meta name=\"twitter:card\" content=\"summary_large_image\" \/>\n<script type=\"application\/ld+json\" class=\"yoast-schema-graph\">{\"@context\":\"https:\\\/\\\/schema.org\",\"@graph\":[{\"@type\":\"WebPage\",\"@id\":\"https:\\\/\\\/pen.eu\\\/produkt\\\/kugelschreiber-partisan\\\/\",\"url\":\"https:\\\/\\\/pen.eu\\\/produkt\\\/kugelschreiber-partisan\\\/\",\"name\":\"Kugelschreiber \\\"Partisan\\\" - PEN.EU\",\"isPartOf\":{\"@id\":\"https:\\\/\\\/pen.eu\\\/#website\"},\"primaryImageOfPage\":{\"@id\":\"https:\\\/\\\/pen.eu\\\/produkt\\\/kugelschreiber-partisan\\\/#primaryimage\"},\"image\":{\"@id\":\"https:\\\/\\\/pen.eu\\\/produkt\\\/kugelschreiber-partisan\\\/#primaryimage\"},\"thumbnailUrl\":\"https:\\\/\\\/pen.eu\\\/wp-content\\\/uploads\\\/2024\\\/11\\\/051201011-MS-GDD.jpg\",\"datePublished\":\"2024-11-06T17:05:30+00:00\",\"dateModified\":\"2025-09-29T13:59:15+00:00\",\"breadcrumb\":{\"@id\":\"https:\\\/\\\/pen.eu\\\/produkt\\\/kugelschreiber-partisan\\\/#breadcrumb\"},\"inLanguage\":\"es\",\"potentialAction\":[{\"@type\":\"ReadAction\",\"target\":[\"https:\\\/\\\/pen.eu\\\/produkt\\\/kugelschreiber-partisan\\\/\"]}]},{\"@type\":\"ImageObject\",\"inLanguage\":\"es\",\"@id\":\"https:\\\/\\\/pen.eu\\\/produkt\\\/kugelschreiber-partisan\\\/#primaryimage\",\"url\":\"https:\\\/\\\/pen.eu\\\/wp-content\\\/uploads\\\/2024\\\/11\\\/051201011-MS-GDD.jpg\",\"contentUrl\":\"https:\\\/\\\/pen.eu\\\/wp-content\\\/uploads\\\/2024\\\/11\\\/051201011-MS-GDD.jpg\",\"width\":956,\"height\":956},{\"@type\":\"BreadcrumbList\",\"@id\":\"https:\\\/\\\/pen.eu\\\/produkt\\\/kugelschreiber-partisan\\\/#breadcrumb\",\"itemListElement\":[{\"@type\":\"ListItem\",\"position\":1,\"name\":\"Home\",\"item\":\"https:\\\/\\\/pen.eu\\\/\"},{\"@type\":\"ListItem\",\"position\":2,\"name\":\"Shop\",\"item\":\"https:\\\/\\\/pen.eu\\\/ch\\\/shop\\\/\"},{\"@type\":\"ListItem\",\"position\":3,\"name\":\"Kugelschreiber &#8220;Partisan&#8221;\"}]},{\"@type\":\"WebSite\",\"@id\":\"https:\\\/\\\/pen.eu\\\/#website\",\"url\":\"https:\\\/\\\/pen.eu\\\/\",\"name\":\"PEN.EU\",\"description\":\"Kugelschreiber bedrucken mit Logo | pen.eu\",\"potentialAction\":[{\"@type\":\"SearchAction\",\"target\":{\"@type\":\"EntryPoint\",\"urlTemplate\":\"https:\\\/\\\/pen.eu\\\/?s={search_term_string}\"},\"query-input\":{\"@type\":\"PropertyValueSpecification\",\"valueRequired\":true,\"valueName\":\"search_term_string\"}}],\"inLanguage\":\"es\"}]}<\/script>\n<!-- \/ Yoast SEO plugin. -->","yoast_head_json":{"title":"Kugelschreiber \"Partisan\" - PEN.EU","robots":{"index":"index","follow":"follow","max-snippet":"max-snippet:-1","max-image-preview":"max-image-preview:large","max-video-preview":"max-video-preview:-1"},"canonical":"https:\/\/pen.eu\/es\/producto\/kugelschreiber-partisan\/","og_locale":"es_ES","og_type":"article","og_title":"Kugelschreiber \"Partisan\" - PEN.EU","og_description":"Der &#8220;Partisan&#8221; Kugelschreiber ist die perfekte Wahl f\u00fcr alle, die ein schlichtes und zeitloses Design bevorzugen. Dieser Kugelschreiber aus Kunststoff liegt dank seines komfortablen Griffs angenehm in der Hand und erm\u00f6glicht ein m\u00fcheloses Schreiben. Erh\u00e4ltlich in einer Vielzahl leuchtender Farben, bietet er einen gro\u00dfz\u00fcgigen Druckbereich, der mehr Platz f\u00fcr Ihr Logo oder Ihre Botschaft bietet [&hellip;]","og_url":"https:\/\/pen.eu\/es\/producto\/kugelschreiber-partisan\/","og_site_name":"PEN.EU","article_modified_time":"2025-09-29T13:59:15+00:00","og_image":[{"width":956,"height":956,"url":"https:\/\/pen.eu\/wp-content\/uploads\/2024\/11\/051201011-MS-GDD.jpg","type":"image\/jpeg"}],"twitter_card":"summary_large_image","schema":{"@context":"https:\/\/schema.org","@graph":[{"@type":"WebPage","@id":"https:\/\/pen.eu\/produkt\/kugelschreiber-partisan\/","url":"https:\/\/pen.eu\/produkt\/kugelschreiber-partisan\/","name":"Kugelschreiber \"Partisan\" - PEN.EU","isPartOf":{"@id":"https:\/\/pen.eu\/#website"},"primaryImageOfPage":{"@id":"https:\/\/pen.eu\/produkt\/kugelschreiber-partisan\/#primaryimage"},"image":{"@id":"https:\/\/pen.eu\/produkt\/kugelschreiber-partisan\/#primaryimage"},"thumbnailUrl":"https:\/\/pen.eu\/wp-content\/uploads\/2024\/11\/051201011-MS-GDD.jpg","datePublished":"2024-11-06T17:05:30+00:00","dateModified":"2025-09-29T13:59:15+00:00","breadcrumb":{"@id":"https:\/\/pen.eu\/produkt\/kugelschreiber-partisan\/#breadcrumb"},"inLanguage":"es","potentialAction":[{"@type":"ReadAction","target":["https:\/\/pen.eu\/produkt\/kugelschreiber-partisan\/"]}]},{"@type":"ImageObject","inLanguage":"es","@id":"https:\/\/pen.eu\/produkt\/kugelschreiber-partisan\/#primaryimage","url":"https:\/\/pen.eu\/wp-content\/uploads\/2024\/11\/051201011-MS-GDD.jpg","contentUrl":"https:\/\/pen.eu\/wp-content\/uploads\/2024\/11\/051201011-MS-GDD.jpg","width":956,"height":956},{"@type":"BreadcrumbList","@id":"https:\/\/pen.eu\/produkt\/kugelschreiber-partisan\/#breadcrumb","itemListElement":[{"@type":"ListItem","position":1,"name":"Home","item":"https:\/\/pen.eu\/"},{"@type":"ListItem","position":2,"name":"Shop","item":"https:\/\/pen.eu\/ch\/shop\/"},{"@type":"ListItem","position":3,"name":"Kugelschreiber &#8220;Partisan&#8221;"}]},{"@type":"WebSite","@id":"https:\/\/pen.eu\/#website","url":"https:\/\/pen.eu\/","name":"PEN.EU","description":"Kugelschreiber bedrucken mit Logo | pen.eu","potentialAction":[{"@type":"SearchAction","target":{"@type":"EntryPoint","urlTemplate":"https:\/\/pen.eu\/?s={search_term_string}"},"query-input":{"@type":"PropertyValueSpecification","valueRequired":true,"valueName":"search_term_string"}}],"inLanguage":"es"}]}},"_links":{"self":[{"href":"https:\/\/pen.eu\/es\/wp-json\/wp\/v2\/product\/9019","targetHints":{"allow":["GET"]}}],"collection":[{"href":"https:\/\/pen.eu\/es\/wp-json\/wp\/v2\/product"}],"about":[{"href":"https:\/\/pen.eu\/es\/wp-json\/wp\/v2\/types\/product"}],"replies":[{"embeddable":true,"href":"https:\/\/pen.eu\/es\/wp-json\/wp\/v2\/comments?post=9019"}],"wp:featuredmedia":[{"embeddable":true,"href":"https:\/\/pen.eu\/es\/wp-json\/wp\/v2\/media\/9089"}],"wp:attachment":[{"href":"https:\/\/pen.eu\/es\/wp-json\/wp\/v2\/media?parent=9019"}],"wp:term":[{"taxonomy":"product_brand","embeddable":true,"href":"https:\/\/pen.eu\/es\/wp-json\/wp\/v2\/product_brand?post=9019"},{"taxonomy":"product_cat","embeddable":true,"href":"https:\/\/pen.eu\/es\/wp-json\/wp\/v2\/product_cat?post=9019"},{"taxonomy":"product_tag","embeddable":true,"href":"https:\/\/pen.eu\/es\/wp-json\/wp\/v2\/product_tag?post=9019"}],"curies":[{"name":"wp","href":"https:\/\/api.w.org\/{rel}","templated":true}]}}