{"id":9099,"date":"2024-11-07T12:06:05","date_gmt":"2024-11-07T11:06:05","guid":{"rendered":"https:\/\/v2.frank-pen.de\/?post_type=product&#038;p=9099"},"modified":"2025-11-05T08:29:23","modified_gmt":"2025-11-05T07:29:23","slug":"kugelschreiber-vortex","status":"publish","type":"product","link":"https:\/\/pen.eu\/es\/producto\/kugelschreiber-vortex\/","title":{"rendered":"Bol\u00edgrafo \u201cVortex\u201d"},"content":{"rendered":"<p>Este bol\u00edgrafo personalizable \u201cVortex\u201d, fabricado con pl\u00e1stico ABS reciclado y con un elegante acabado met\u00e1lico, es un regalo promocional pr\u00e1ctico y con estilo. Su logotipo, nombre de empresa o texto personalizado se imprime en el cuerpo del bol\u00edgrafo en un solo color o en impresi\u00f3n digital a todo color, convirti\u00e9ndolo en un verdadero punto de atracci\u00f3n. Su dise\u00f1o atractivo garantiza un uso frecuente. La punta de stylus permite un manejo sencillo de dispositivos con pantalla t\u00e1ctil como smartphones y tablets. Adem\u00e1s, este bol\u00edgrafo de pulsaci\u00f3n est\u00e1 equipado con tinta resistente a la documentaci\u00f3n, ideal para firmar documentos importantes de forma segura y fiable.<\/p>","protected":false},"excerpt":{"rendered":"<p>Dieser individuell gestaltbare Kugelschreiber &#8220;Vortex&#8221; aus recyceltem ABS-Kunststoff in edler Metallic-Optik ist ein stilvolles und praktisches Werbegeschenk. Ihr Logo, Firmenname oder Wunschtext wird auf den Schaft entweder 1-farbig oder vollfarbig (Digitaldruck) gedruckt und macht diesen Kugelschreiber zu einem echten Hingucker. Dank seines attraktiven Designs wird er immer wieder gerne verwendet. Die Stylus-Spitze erm\u00f6glicht die einfache [&hellip;]<\/p>\n","protected":false},"featured_media":9150,"comment_status":"open","ping_status":"closed","template":"","meta":[],"product_brand":[],"product_cat":[310,247],"product_tag":[491,792,658,490],"class_list":{"0":"post-9099","1":"product","2":"type-product","3":"status-publish","4":"has-post-thumbnail","6":"product_cat-kugelschreiber-aus-kunststoff","7":"product_cat-schreibgeraete","8":"product_tag-ajy","9":"product_tag-left-49","10":"product_tag-longpen","11":"product_tag-scriptflow","12":"pa_eigenschaft-eco-friendly","13":"pa_eigenschaft-stylus","14":"pa_farbe-blau","15":"pa_farbe-dunkelblau","16":"pa_farbe-rot","17":"pa_farbe-salbei","18":"pa_farbe-sand","19":"pa_farbe-silber","20":"pa_material-kunststoff","21":"pa_mindestmenge-486","22":"pa_werbeanbringung-digitaldruck","23":"pa_werbeanbringung-siebdruck","25":"first","26":"instock","27":"taxable","28":"shipping-taxable","29":"purchasable","30":"product-type-variable","31":"has-default-attributes","32":"add-to-wishlist-after_add_to_cart"},"yoast_head":"<!-- This site is optimized with the Yoast SEO plugin v27.4 - https:\/\/yoast.com\/product\/yoast-seo-wordpress\/ -->\n<title>Kugelschreiber &quot;Vortex&quot; - PEN.EU<\/title>\n<meta name=\"robots\" content=\"index, follow, max-snippet:-1, max-image-preview:large, max-video-preview:-1\" \/>\n<link rel=\"canonical\" href=\"https:\/\/pen.eu\/es\/producto\/kugelschreiber-vortex\/\" \/>\n<meta property=\"og:locale\" content=\"es_ES\" \/>\n<meta property=\"og:type\" content=\"article\" \/>\n<meta property=\"og:title\" content=\"Kugelschreiber &quot;Vortex&quot; - PEN.EU\" \/>\n<meta property=\"og:description\" content=\"Dieser individuell gestaltbare Kugelschreiber &#8220;Vortex&#8221; aus recyceltem ABS-Kunststoff in edler Metallic-Optik ist ein stilvolles und praktisches Werbegeschenk. Ihr Logo, Firmenname oder Wunschtext wird auf den Schaft entweder 1-farbig oder vollfarbig (Digitaldruck) gedruckt und macht diesen Kugelschreiber zu einem echten Hingucker. Dank seines attraktiven Designs wird er immer wieder gerne verwendet. Die Stylus-Spitze erm\u00f6glicht die einfache [&hellip;]\" \/>\n<meta property=\"og:url\" content=\"https:\/\/pen.eu\/es\/producto\/kugelschreiber-vortex\/\" \/>\n<meta property=\"og:site_name\" content=\"PEN.EU\" \/>\n<meta property=\"article:modified_time\" content=\"2025-11-05T07:29:23+00:00\" \/>\n<meta property=\"og:image\" content=\"https:\/\/pen.eu\/wp-content\/uploads\/2024\/11\/051201111-MS-GDD-1.jpg\" \/>\n\t<meta property=\"og:image:width\" content=\"2000\" \/>\n\t<meta property=\"og:image:height\" content=\"2000\" \/>\n\t<meta property=\"og:image:type\" content=\"image\/jpeg\" \/>\n<meta name=\"twitter:card\" content=\"summary_large_image\" \/>\n<script type=\"application\/ld+json\" class=\"yoast-schema-graph\">{\"@context\":\"https:\\\/\\\/schema.org\",\"@graph\":[{\"@type\":\"WebPage\",\"@id\":\"https:\\\/\\\/pen.eu\\\/produkt\\\/kugelschreiber-vortex\\\/\",\"url\":\"https:\\\/\\\/pen.eu\\\/produkt\\\/kugelschreiber-vortex\\\/\",\"name\":\"Kugelschreiber \\\"Vortex\\\" - PEN.EU\",\"isPartOf\":{\"@id\":\"https:\\\/\\\/pen.eu\\\/#website\"},\"primaryImageOfPage\":{\"@id\":\"https:\\\/\\\/pen.eu\\\/produkt\\\/kugelschreiber-vortex\\\/#primaryimage\"},\"image\":{\"@id\":\"https:\\\/\\\/pen.eu\\\/produkt\\\/kugelschreiber-vortex\\\/#primaryimage\"},\"thumbnailUrl\":\"https:\\\/\\\/pen.eu\\\/wp-content\\\/uploads\\\/2024\\\/11\\\/051201111-MS-GDD-1.jpg\",\"datePublished\":\"2024-11-07T11:06:05+00:00\",\"dateModified\":\"2025-11-05T07:29:23+00:00\",\"breadcrumb\":{\"@id\":\"https:\\\/\\\/pen.eu\\\/produkt\\\/kugelschreiber-vortex\\\/#breadcrumb\"},\"inLanguage\":\"es\",\"potentialAction\":[{\"@type\":\"ReadAction\",\"target\":[\"https:\\\/\\\/pen.eu\\\/produkt\\\/kugelschreiber-vortex\\\/\"]}]},{\"@type\":\"ImageObject\",\"inLanguage\":\"es\",\"@id\":\"https:\\\/\\\/pen.eu\\\/produkt\\\/kugelschreiber-vortex\\\/#primaryimage\",\"url\":\"https:\\\/\\\/pen.eu\\\/wp-content\\\/uploads\\\/2024\\\/11\\\/051201111-MS-GDD-1.jpg\",\"contentUrl\":\"https:\\\/\\\/pen.eu\\\/wp-content\\\/uploads\\\/2024\\\/11\\\/051201111-MS-GDD-1.jpg\",\"width\":2000,\"height\":2000},{\"@type\":\"BreadcrumbList\",\"@id\":\"https:\\\/\\\/pen.eu\\\/produkt\\\/kugelschreiber-vortex\\\/#breadcrumb\",\"itemListElement\":[{\"@type\":\"ListItem\",\"position\":1,\"name\":\"Home\",\"item\":\"https:\\\/\\\/pen.eu\\\/\"},{\"@type\":\"ListItem\",\"position\":2,\"name\":\"Shop\",\"item\":\"https:\\\/\\\/pen.eu\\\/ch\\\/shop\\\/\"},{\"@type\":\"ListItem\",\"position\":3,\"name\":\"Kugelschreiber &#8220;Vortex&#8221;\"}]},{\"@type\":\"WebSite\",\"@id\":\"https:\\\/\\\/pen.eu\\\/#website\",\"url\":\"https:\\\/\\\/pen.eu\\\/\",\"name\":\"PEN.EU\",\"description\":\"Kugelschreiber bedrucken mit Logo | pen.eu\",\"potentialAction\":[{\"@type\":\"SearchAction\",\"target\":{\"@type\":\"EntryPoint\",\"urlTemplate\":\"https:\\\/\\\/pen.eu\\\/?s={search_term_string}\"},\"query-input\":{\"@type\":\"PropertyValueSpecification\",\"valueRequired\":true,\"valueName\":\"search_term_string\"}}],\"inLanguage\":\"es\"}]}<\/script>\n<!-- \/ Yoast SEO plugin. -->","yoast_head_json":{"title":"Kugelschreiber \"Vortex\" - PEN.EU","robots":{"index":"index","follow":"follow","max-snippet":"max-snippet:-1","max-image-preview":"max-image-preview:large","max-video-preview":"max-video-preview:-1"},"canonical":"https:\/\/pen.eu\/es\/producto\/kugelschreiber-vortex\/","og_locale":"es_ES","og_type":"article","og_title":"Kugelschreiber \"Vortex\" - PEN.EU","og_description":"Dieser individuell gestaltbare Kugelschreiber &#8220;Vortex&#8221; aus recyceltem ABS-Kunststoff in edler Metallic-Optik ist ein stilvolles und praktisches Werbegeschenk. Ihr Logo, Firmenname oder Wunschtext wird auf den Schaft entweder 1-farbig oder vollfarbig (Digitaldruck) gedruckt und macht diesen Kugelschreiber zu einem echten Hingucker. Dank seines attraktiven Designs wird er immer wieder gerne verwendet. Die Stylus-Spitze erm\u00f6glicht die einfache [&hellip;]","og_url":"https:\/\/pen.eu\/es\/producto\/kugelschreiber-vortex\/","og_site_name":"PEN.EU","article_modified_time":"2025-11-05T07:29:23+00:00","og_image":[{"width":2000,"height":2000,"url":"https:\/\/pen.eu\/wp-content\/uploads\/2024\/11\/051201111-MS-GDD-1.jpg","type":"image\/jpeg"}],"twitter_card":"summary_large_image","schema":{"@context":"https:\/\/schema.org","@graph":[{"@type":"WebPage","@id":"https:\/\/pen.eu\/produkt\/kugelschreiber-vortex\/","url":"https:\/\/pen.eu\/produkt\/kugelschreiber-vortex\/","name":"Kugelschreiber \"Vortex\" - PEN.EU","isPartOf":{"@id":"https:\/\/pen.eu\/#website"},"primaryImageOfPage":{"@id":"https:\/\/pen.eu\/produkt\/kugelschreiber-vortex\/#primaryimage"},"image":{"@id":"https:\/\/pen.eu\/produkt\/kugelschreiber-vortex\/#primaryimage"},"thumbnailUrl":"https:\/\/pen.eu\/wp-content\/uploads\/2024\/11\/051201111-MS-GDD-1.jpg","datePublished":"2024-11-07T11:06:05+00:00","dateModified":"2025-11-05T07:29:23+00:00","breadcrumb":{"@id":"https:\/\/pen.eu\/produkt\/kugelschreiber-vortex\/#breadcrumb"},"inLanguage":"es","potentialAction":[{"@type":"ReadAction","target":["https:\/\/pen.eu\/produkt\/kugelschreiber-vortex\/"]}]},{"@type":"ImageObject","inLanguage":"es","@id":"https:\/\/pen.eu\/produkt\/kugelschreiber-vortex\/#primaryimage","url":"https:\/\/pen.eu\/wp-content\/uploads\/2024\/11\/051201111-MS-GDD-1.jpg","contentUrl":"https:\/\/pen.eu\/wp-content\/uploads\/2024\/11\/051201111-MS-GDD-1.jpg","width":2000,"height":2000},{"@type":"BreadcrumbList","@id":"https:\/\/pen.eu\/produkt\/kugelschreiber-vortex\/#breadcrumb","itemListElement":[{"@type":"ListItem","position":1,"name":"Home","item":"https:\/\/pen.eu\/"},{"@type":"ListItem","position":2,"name":"Shop","item":"https:\/\/pen.eu\/ch\/shop\/"},{"@type":"ListItem","position":3,"name":"Kugelschreiber &#8220;Vortex&#8221;"}]},{"@type":"WebSite","@id":"https:\/\/pen.eu\/#website","url":"https:\/\/pen.eu\/","name":"PEN.EU","description":"Kugelschreiber bedrucken mit Logo | pen.eu","potentialAction":[{"@type":"SearchAction","target":{"@type":"EntryPoint","urlTemplate":"https:\/\/pen.eu\/?s={search_term_string}"},"query-input":{"@type":"PropertyValueSpecification","valueRequired":true,"valueName":"search_term_string"}}],"inLanguage":"es"}]}},"_links":{"self":[{"href":"https:\/\/pen.eu\/es\/wp-json\/wp\/v2\/product\/9099","targetHints":{"allow":["GET"]}}],"collection":[{"href":"https:\/\/pen.eu\/es\/wp-json\/wp\/v2\/product"}],"about":[{"href":"https:\/\/pen.eu\/es\/wp-json\/wp\/v2\/types\/product"}],"replies":[{"embeddable":true,"href":"https:\/\/pen.eu\/es\/wp-json\/wp\/v2\/comments?post=9099"}],"wp:featuredmedia":[{"embeddable":true,"href":"https:\/\/pen.eu\/es\/wp-json\/wp\/v2\/media\/9150"}],"wp:attachment":[{"href":"https:\/\/pen.eu\/es\/wp-json\/wp\/v2\/media?parent=9099"}],"wp:term":[{"taxonomy":"product_brand","embeddable":true,"href":"https:\/\/pen.eu\/es\/wp-json\/wp\/v2\/product_brand?post=9099"},{"taxonomy":"product_cat","embeddable":true,"href":"https:\/\/pen.eu\/es\/wp-json\/wp\/v2\/product_cat?post=9099"},{"taxonomy":"product_tag","embeddable":true,"href":"https:\/\/pen.eu\/es\/wp-json\/wp\/v2\/product_tag?post=9099"}],"curies":[{"name":"wp","href":"https:\/\/api.w.org\/{rel}","templated":true}]}}