{"id":91,"date":"2024-09-19T09:15:17","date_gmt":"2024-09-19T07:15:17","guid":{"rendered":"https:\/\/v2.frank-pen.de\/produkt\/kugelschreiber-alcudia-gold\/"},"modified":"2026-01-22T07:44:03","modified_gmt":"2026-01-22T06:44:03","slug":"kugelschreiber-crownpoint","status":"publish","type":"product","link":"https:\/\/pen.eu\/es\/producto\/kugelschreiber-crownpoint\/","title":{"rendered":"Bol\u00edgrafo \u201cCrownPoint\u201d"},"content":{"rendered":"<p>El bol\u00edgrafo \u201cCrownPoint\u201d combina un dise\u00f1o elegante con una alta funcionalidad. Fabricado en aluminio y con un acabado gomoso, suave y sedoso al tacto, destaca por sus refinados detalles en color dorado. La recarga italiana de alta calidad, disponible en azul o negro con tinta alemana Documental\u00ae, garantiza una escritura fluida de hasta 2.000 metros. La tinta cumple con las normas ISO 12757-1 y -2, asegurando resultados fiables y resistentes al paso del tiempo. Disponible con un elegante grabado espejo brillante en dorado o con una impresi\u00f3n digital multicolor de alta calidad.<\/p>","protected":false},"excerpt":{"rendered":"<p>Der \u201cCrownPoint\u201d Kugelschreiber vereint elegantes Design mit hoher Funktionalit\u00e4t. Gefertigt aus Aluminium und mit einer samtig-weichen, gummierten Oberfl\u00e4che versehen, besticht er durch edle, goldfarbene Details. Die hochwertige italienische Farbmine in blau oder schwarz mit deutscher Dokumental\u00ae-Tinte garantiert ein fl\u00fcssiges Schreibgef\u00fchl \u00fcber bis zu 2.000 Meter hinweg. Die Tinte entspricht den Normen ISO 12757-1 und -2 [&hellip;]<\/p>\n","protected":false},"featured_media":92,"comment_status":"open","ping_status":"closed","template":"","meta":[],"product_brand":[],"product_cat":[309,247],"product_tag":[658,499,500],"class_list":{"0":"post-91","1":"product","2":"type-product","3":"status-publish","4":"has-post-thumbnail","6":"product_cat-kugelschreiber-aus-metall","7":"product_cat-schreibgeraete","8":"product_tag-longpen","9":"product_tag-mmq","10":"product_tag-paragon","11":"pa_eigenschaft-dokumentenecht","12":"pa_eigenschaft-soft-touch","13":"pa_farbe-anthrazit","14":"pa_farbe-marine","15":"pa_farbe-rot","16":"pa_farbe-schwarz","17":"pa_farbe-weiss","18":"pa_material-metall","19":"pa_mindestmenge-24","20":"pa_minenfarbe-blau","21":"pa_minenfarbe-schwarz","22":"pa_werbeanbringung-digitaldruck","23":"pa_werbeanbringung-spiegelgravur","25":"first","26":"instock","27":"taxable","28":"shipping-taxable","29":"purchasable","30":"product-type-variable","31":"add-to-wishlist-after_add_to_cart"},"yoast_head":"<!-- This site is optimized with the Yoast SEO plugin v27.4 - https:\/\/yoast.com\/product\/yoast-seo-wordpress\/ -->\n<title>Kugelschreiber \u201cCrownPoint\u201d - PEN.EU<\/title>\n<meta name=\"robots\" content=\"index, follow, max-snippet:-1, max-image-preview:large, max-video-preview:-1\" \/>\n<link rel=\"canonical\" href=\"https:\/\/pen.eu\/es\/producto\/kugelschreiber-crownpoint\/\" \/>\n<meta property=\"og:locale\" content=\"es_ES\" \/>\n<meta property=\"og:type\" content=\"article\" \/>\n<meta property=\"og:title\" content=\"Kugelschreiber \u201cCrownPoint\u201d - PEN.EU\" \/>\n<meta property=\"og:description\" content=\"Der \u201cCrownPoint\u201d Kugelschreiber vereint elegantes Design mit hoher Funktionalit\u00e4t. Gefertigt aus Aluminium und mit einer samtig-weichen, gummierten Oberfl\u00e4che versehen, besticht er durch edle, goldfarbene Details. Die hochwertige italienische Farbmine in blau oder schwarz mit deutscher Dokumental\u00ae-Tinte garantiert ein fl\u00fcssiges Schreibgef\u00fchl \u00fcber bis zu 2.000 Meter hinweg. Die Tinte entspricht den Normen ISO 12757-1 und -2 [&hellip;]\" \/>\n<meta property=\"og:url\" content=\"https:\/\/pen.eu\/es\/producto\/kugelschreiber-crownpoint\/\" \/>\n<meta property=\"og:site_name\" content=\"PEN.EU\" \/>\n<meta property=\"article:modified_time\" content=\"2026-01-22T06:44:03+00:00\" \/>\n<meta property=\"og:image\" content=\"https:\/\/pen.eu\/wp-content\/uploads\/2024\/09\/051104903-GLM.jpg\" \/>\n\t<meta property=\"og:image:width\" content=\"1800\" \/>\n\t<meta property=\"og:image:height\" content=\"1800\" \/>\n\t<meta property=\"og:image:type\" content=\"image\/jpeg\" \/>\n<meta name=\"twitter:card\" content=\"summary_large_image\" \/>\n<script type=\"application\/ld+json\" class=\"yoast-schema-graph\">{\"@context\":\"https:\\\/\\\/schema.org\",\"@graph\":[{\"@type\":\"WebPage\",\"@id\":\"https:\\\/\\\/pen.eu\\\/produkt\\\/kugelschreiber-crownpoint\\\/\",\"url\":\"https:\\\/\\\/pen.eu\\\/produkt\\\/kugelschreiber-crownpoint\\\/\",\"name\":\"Kugelschreiber \u201cCrownPoint\u201d - PEN.EU\",\"isPartOf\":{\"@id\":\"https:\\\/\\\/pen.eu\\\/#website\"},\"primaryImageOfPage\":{\"@id\":\"https:\\\/\\\/pen.eu\\\/produkt\\\/kugelschreiber-crownpoint\\\/#primaryimage\"},\"image\":{\"@id\":\"https:\\\/\\\/pen.eu\\\/produkt\\\/kugelschreiber-crownpoint\\\/#primaryimage\"},\"thumbnailUrl\":\"https:\\\/\\\/pen.eu\\\/wp-content\\\/uploads\\\/2024\\\/09\\\/051104903-GLM.jpg\",\"datePublished\":\"2024-09-19T07:15:17+00:00\",\"dateModified\":\"2026-01-22T06:44:03+00:00\",\"breadcrumb\":{\"@id\":\"https:\\\/\\\/pen.eu\\\/produkt\\\/kugelschreiber-crownpoint\\\/#breadcrumb\"},\"inLanguage\":\"es\",\"potentialAction\":[{\"@type\":\"ReadAction\",\"target\":[\"https:\\\/\\\/pen.eu\\\/produkt\\\/kugelschreiber-crownpoint\\\/\"]}]},{\"@type\":\"ImageObject\",\"inLanguage\":\"es\",\"@id\":\"https:\\\/\\\/pen.eu\\\/produkt\\\/kugelschreiber-crownpoint\\\/#primaryimage\",\"url\":\"https:\\\/\\\/pen.eu\\\/wp-content\\\/uploads\\\/2024\\\/09\\\/051104903-GLM.jpg\",\"contentUrl\":\"https:\\\/\\\/pen.eu\\\/wp-content\\\/uploads\\\/2024\\\/09\\\/051104903-GLM.jpg\",\"width\":1800,\"height\":1800},{\"@type\":\"BreadcrumbList\",\"@id\":\"https:\\\/\\\/pen.eu\\\/produkt\\\/kugelschreiber-crownpoint\\\/#breadcrumb\",\"itemListElement\":[{\"@type\":\"ListItem\",\"position\":1,\"name\":\"Home\",\"item\":\"https:\\\/\\\/pen.eu\\\/\"},{\"@type\":\"ListItem\",\"position\":2,\"name\":\"Shop\",\"item\":\"https:\\\/\\\/pen.eu\\\/ch\\\/shop\\\/\"},{\"@type\":\"ListItem\",\"position\":3,\"name\":\"Kugelschreiber \u201cCrownPoint\u201d\"}]},{\"@type\":\"WebSite\",\"@id\":\"https:\\\/\\\/pen.eu\\\/#website\",\"url\":\"https:\\\/\\\/pen.eu\\\/\",\"name\":\"PEN.EU\",\"description\":\"Kugelschreiber bedrucken mit Logo | pen.eu\",\"potentialAction\":[{\"@type\":\"SearchAction\",\"target\":{\"@type\":\"EntryPoint\",\"urlTemplate\":\"https:\\\/\\\/pen.eu\\\/?s={search_term_string}\"},\"query-input\":{\"@type\":\"PropertyValueSpecification\",\"valueRequired\":true,\"valueName\":\"search_term_string\"}}],\"inLanguage\":\"es\"}]}<\/script>\n<!-- \/ Yoast SEO plugin. -->","yoast_head_json":{"title":"Kugelschreiber \u201cCrownPoint\u201d - PEN.EU","robots":{"index":"index","follow":"follow","max-snippet":"max-snippet:-1","max-image-preview":"max-image-preview:large","max-video-preview":"max-video-preview:-1"},"canonical":"https:\/\/pen.eu\/es\/producto\/kugelschreiber-crownpoint\/","og_locale":"es_ES","og_type":"article","og_title":"Kugelschreiber \u201cCrownPoint\u201d - PEN.EU","og_description":"Der \u201cCrownPoint\u201d Kugelschreiber vereint elegantes Design mit hoher Funktionalit\u00e4t. Gefertigt aus Aluminium und mit einer samtig-weichen, gummierten Oberfl\u00e4che versehen, besticht er durch edle, goldfarbene Details. Die hochwertige italienische Farbmine in blau oder schwarz mit deutscher Dokumental\u00ae-Tinte garantiert ein fl\u00fcssiges Schreibgef\u00fchl \u00fcber bis zu 2.000 Meter hinweg. Die Tinte entspricht den Normen ISO 12757-1 und -2 [&hellip;]","og_url":"https:\/\/pen.eu\/es\/producto\/kugelschreiber-crownpoint\/","og_site_name":"PEN.EU","article_modified_time":"2026-01-22T06:44:03+00:00","og_image":[{"width":1800,"height":1800,"url":"https:\/\/pen.eu\/wp-content\/uploads\/2024\/09\/051104903-GLM.jpg","type":"image\/jpeg"}],"twitter_card":"summary_large_image","schema":{"@context":"https:\/\/schema.org","@graph":[{"@type":"WebPage","@id":"https:\/\/pen.eu\/produkt\/kugelschreiber-crownpoint\/","url":"https:\/\/pen.eu\/produkt\/kugelschreiber-crownpoint\/","name":"Kugelschreiber \u201cCrownPoint\u201d - PEN.EU","isPartOf":{"@id":"https:\/\/pen.eu\/#website"},"primaryImageOfPage":{"@id":"https:\/\/pen.eu\/produkt\/kugelschreiber-crownpoint\/#primaryimage"},"image":{"@id":"https:\/\/pen.eu\/produkt\/kugelschreiber-crownpoint\/#primaryimage"},"thumbnailUrl":"https:\/\/pen.eu\/wp-content\/uploads\/2024\/09\/051104903-GLM.jpg","datePublished":"2024-09-19T07:15:17+00:00","dateModified":"2026-01-22T06:44:03+00:00","breadcrumb":{"@id":"https:\/\/pen.eu\/produkt\/kugelschreiber-crownpoint\/#breadcrumb"},"inLanguage":"es","potentialAction":[{"@type":"ReadAction","target":["https:\/\/pen.eu\/produkt\/kugelschreiber-crownpoint\/"]}]},{"@type":"ImageObject","inLanguage":"es","@id":"https:\/\/pen.eu\/produkt\/kugelschreiber-crownpoint\/#primaryimage","url":"https:\/\/pen.eu\/wp-content\/uploads\/2024\/09\/051104903-GLM.jpg","contentUrl":"https:\/\/pen.eu\/wp-content\/uploads\/2024\/09\/051104903-GLM.jpg","width":1800,"height":1800},{"@type":"BreadcrumbList","@id":"https:\/\/pen.eu\/produkt\/kugelschreiber-crownpoint\/#breadcrumb","itemListElement":[{"@type":"ListItem","position":1,"name":"Home","item":"https:\/\/pen.eu\/"},{"@type":"ListItem","position":2,"name":"Shop","item":"https:\/\/pen.eu\/ch\/shop\/"},{"@type":"ListItem","position":3,"name":"Kugelschreiber \u201cCrownPoint\u201d"}]},{"@type":"WebSite","@id":"https:\/\/pen.eu\/#website","url":"https:\/\/pen.eu\/","name":"PEN.EU","description":"Kugelschreiber bedrucken mit Logo | pen.eu","potentialAction":[{"@type":"SearchAction","target":{"@type":"EntryPoint","urlTemplate":"https:\/\/pen.eu\/?s={search_term_string}"},"query-input":{"@type":"PropertyValueSpecification","valueRequired":true,"valueName":"search_term_string"}}],"inLanguage":"es"}]}},"_links":{"self":[{"href":"https:\/\/pen.eu\/es\/wp-json\/wp\/v2\/product\/91","targetHints":{"allow":["GET"]}}],"collection":[{"href":"https:\/\/pen.eu\/es\/wp-json\/wp\/v2\/product"}],"about":[{"href":"https:\/\/pen.eu\/es\/wp-json\/wp\/v2\/types\/product"}],"replies":[{"embeddable":true,"href":"https:\/\/pen.eu\/es\/wp-json\/wp\/v2\/comments?post=91"}],"wp:featuredmedia":[{"embeddable":true,"href":"https:\/\/pen.eu\/es\/wp-json\/wp\/v2\/media\/92"}],"wp:attachment":[{"href":"https:\/\/pen.eu\/es\/wp-json\/wp\/v2\/media?parent=91"}],"wp:term":[{"taxonomy":"product_brand","embeddable":true,"href":"https:\/\/pen.eu\/es\/wp-json\/wp\/v2\/product_brand?post=91"},{"taxonomy":"product_cat","embeddable":true,"href":"https:\/\/pen.eu\/es\/wp-json\/wp\/v2\/product_cat?post=91"},{"taxonomy":"product_tag","embeddable":true,"href":"https:\/\/pen.eu\/es\/wp-json\/wp\/v2\/product_tag?post=91"}],"curies":[{"name":"wp","href":"https:\/\/api.w.org\/{rel}","templated":true}]}}