{"id":9685,"date":"2024-11-12T17:52:12","date_gmt":"2024-11-12T16:52:12","guid":{"rendered":"https:\/\/v2.frank-pen.de\/?post_type=product&#038;p=9685"},"modified":"2025-09-29T15:55:48","modified_gmt":"2025-09-29T13:55:48","slug":"kugelschreiber-hughes-celestial","status":"publish","type":"product","link":"https:\/\/pen.eu\/es\/producto\/kugelschreiber-hughes-celestial\/","title":{"rendered":"Bol\u00edgrafo \"Hughes Celestial\""},"content":{"rendered":"<p>Descubra un nuevo nivel de confort al escribir con el bol\u00edgrafo de gel Hughes Celestial. La tinta de gel de alta calidad ofrece una experiencia de escritura suave y uniforme, haciendo de cada l\u00ednea un aut\u00e9ntico placer. Acabado con un clip met\u00e1lico en oro rosa y elegantes detalles decorativos, este bol\u00edgrafo de gel irradia lujo y estilo. La perfecta armon\u00eda entre materiales y colores combina funcionalidad y est\u00e9tica, haciendo de este instrumento de escritura mucho m\u00e1s que una herramienta, es una declaraci\u00f3n de gusto exigente y calidad superior.<\/p>","protected":false},"excerpt":{"rendered":"<p>Erleben Sie ein neues Niveau des Schreibkomforts mit dem Hughes Celestial Gelschreiber. Die hochwertige Gel-Tinte bietet ein sanftes, gleichm\u00e4\u00dfiges Schreibgef\u00fchl und macht jede Zeile zu einem Vergn\u00fcgen. Veredelt mit einem ros\u00e9goldenen Metallclip und eleganten Zierdetails, strahlt dieser Gelschreiber Luxus und Stil aus. Die perfekte Abstimmung von Materialien und Farben vereint Funktionalit\u00e4t und \u00c4sthetik, wodurch dieses [&hellip;]<\/p>\n","protected":false},"featured_media":9749,"comment_status":"open","ping_status":"closed","template":"","meta":[],"product_brand":[],"product_cat":[310,247],"product_tag":[549,782,548,657,776],"class_list":{"0":"post-9685","1":"product","2":"type-product","3":"status-publish","4":"has-post-thumbnail","6":"product_cat-kugelschreiber-aus-kunststoff","7":"product_cat-schreibgeraete","8":"product_tag-ajd","9":"product_tag-left-63","10":"product_tag-primemark","11":"product_tag-shortpen","12":"product_tag-top-50-5","13":"pa_eigenschaft-gel-kugelschreiber","14":"pa_eigenschaft-rose-gold","15":"pa_farbe-fuchsia","16":"pa_farbe-gelb","17":"pa_farbe-pastellblau","18":"pa_farbe-sand","19":"pa_material-kunststoff","20":"pa_mindestmenge-486","21":"pa_werbeanbringung-digitaldruck","22":"pa_werbeanbringung-siebdruck","24":"first","25":"instock","26":"taxable","27":"shipping-taxable","28":"purchasable","29":"product-type-variable","30":"has-default-attributes","31":"add-to-wishlist-after_add_to_cart"},"yoast_head":"<!-- This site is optimized with the Yoast SEO plugin v27.4 - https:\/\/yoast.com\/product\/yoast-seo-wordpress\/ -->\n<title>Kugelschreiber &quot;Hughes Celestial&quot; - PEN.EU<\/title>\n<meta name=\"robots\" content=\"index, follow, max-snippet:-1, max-image-preview:large, max-video-preview:-1\" \/>\n<link rel=\"canonical\" href=\"https:\/\/pen.eu\/es\/producto\/kugelschreiber-hughes-celestial\/\" \/>\n<meta property=\"og:locale\" content=\"es_ES\" \/>\n<meta property=\"og:type\" content=\"article\" \/>\n<meta property=\"og:title\" content=\"Kugelschreiber &quot;Hughes Celestial&quot; - PEN.EU\" \/>\n<meta property=\"og:description\" content=\"Erleben Sie ein neues Niveau des Schreibkomforts mit dem Hughes Celestial Gelschreiber. Die hochwertige Gel-Tinte bietet ein sanftes, gleichm\u00e4\u00dfiges Schreibgef\u00fchl und macht jede Zeile zu einem Vergn\u00fcgen. Veredelt mit einem ros\u00e9goldenen Metallclip und eleganten Zierdetails, strahlt dieser Gelschreiber Luxus und Stil aus. Die perfekte Abstimmung von Materialien und Farben vereint Funktionalit\u00e4t und \u00c4sthetik, wodurch dieses [&hellip;]\" \/>\n<meta property=\"og:url\" content=\"https:\/\/pen.eu\/es\/producto\/kugelschreiber-hughes-celestial\/\" \/>\n<meta property=\"og:site_name\" content=\"PEN.EU\" \/>\n<meta property=\"article:modified_time\" content=\"2025-09-29T13:55:48+00:00\" \/>\n<meta property=\"og:image\" content=\"https:\/\/pen.eu\/wp-content\/uploads\/2024\/11\/051201808-MS-GDD.jpg\" \/>\n\t<meta property=\"og:image:width\" content=\"2000\" \/>\n\t<meta property=\"og:image:height\" content=\"2000\" \/>\n\t<meta property=\"og:image:type\" content=\"image\/jpeg\" \/>\n<meta name=\"twitter:card\" content=\"summary_large_image\" \/>\n<script type=\"application\/ld+json\" class=\"yoast-schema-graph\">{\"@context\":\"https:\\\/\\\/schema.org\",\"@graph\":[{\"@type\":\"WebPage\",\"@id\":\"https:\\\/\\\/pen.eu\\\/produkt\\\/kugelschreiber-hughes-celestial\\\/\",\"url\":\"https:\\\/\\\/pen.eu\\\/produkt\\\/kugelschreiber-hughes-celestial\\\/\",\"name\":\"Kugelschreiber \\\"Hughes Celestial\\\" - PEN.EU\",\"isPartOf\":{\"@id\":\"https:\\\/\\\/pen.eu\\\/#website\"},\"primaryImageOfPage\":{\"@id\":\"https:\\\/\\\/pen.eu\\\/produkt\\\/kugelschreiber-hughes-celestial\\\/#primaryimage\"},\"image\":{\"@id\":\"https:\\\/\\\/pen.eu\\\/produkt\\\/kugelschreiber-hughes-celestial\\\/#primaryimage\"},\"thumbnailUrl\":\"https:\\\/\\\/pen.eu\\\/wp-content\\\/uploads\\\/2024\\\/11\\\/051201808-MS-GDD.jpg\",\"datePublished\":\"2024-11-12T16:52:12+00:00\",\"dateModified\":\"2025-09-29T13:55:48+00:00\",\"breadcrumb\":{\"@id\":\"https:\\\/\\\/pen.eu\\\/produkt\\\/kugelschreiber-hughes-celestial\\\/#breadcrumb\"},\"inLanguage\":\"es\",\"potentialAction\":[{\"@type\":\"ReadAction\",\"target\":[\"https:\\\/\\\/pen.eu\\\/produkt\\\/kugelschreiber-hughes-celestial\\\/\"]}]},{\"@type\":\"ImageObject\",\"inLanguage\":\"es\",\"@id\":\"https:\\\/\\\/pen.eu\\\/produkt\\\/kugelschreiber-hughes-celestial\\\/#primaryimage\",\"url\":\"https:\\\/\\\/pen.eu\\\/wp-content\\\/uploads\\\/2024\\\/11\\\/051201808-MS-GDD.jpg\",\"contentUrl\":\"https:\\\/\\\/pen.eu\\\/wp-content\\\/uploads\\\/2024\\\/11\\\/051201808-MS-GDD.jpg\",\"width\":2000,\"height\":2000},{\"@type\":\"BreadcrumbList\",\"@id\":\"https:\\\/\\\/pen.eu\\\/produkt\\\/kugelschreiber-hughes-celestial\\\/#breadcrumb\",\"itemListElement\":[{\"@type\":\"ListItem\",\"position\":1,\"name\":\"Home\",\"item\":\"https:\\\/\\\/pen.eu\\\/\"},{\"@type\":\"ListItem\",\"position\":2,\"name\":\"Shop\",\"item\":\"https:\\\/\\\/pen.eu\\\/ch\\\/shop\\\/\"},{\"@type\":\"ListItem\",\"position\":3,\"name\":\"Kugelschreiber &#8220;Hughes Celestial&#8221;\"}]},{\"@type\":\"WebSite\",\"@id\":\"https:\\\/\\\/pen.eu\\\/#website\",\"url\":\"https:\\\/\\\/pen.eu\\\/\",\"name\":\"PEN.EU\",\"description\":\"Kugelschreiber bedrucken mit Logo | pen.eu\",\"potentialAction\":[{\"@type\":\"SearchAction\",\"target\":{\"@type\":\"EntryPoint\",\"urlTemplate\":\"https:\\\/\\\/pen.eu\\\/?s={search_term_string}\"},\"query-input\":{\"@type\":\"PropertyValueSpecification\",\"valueRequired\":true,\"valueName\":\"search_term_string\"}}],\"inLanguage\":\"es\"}]}<\/script>\n<!-- \/ Yoast SEO plugin. -->","yoast_head_json":{"title":"Kugelschreiber \"Hughes Celestial\" - PEN.EU","robots":{"index":"index","follow":"follow","max-snippet":"max-snippet:-1","max-image-preview":"max-image-preview:large","max-video-preview":"max-video-preview:-1"},"canonical":"https:\/\/pen.eu\/es\/producto\/kugelschreiber-hughes-celestial\/","og_locale":"es_ES","og_type":"article","og_title":"Kugelschreiber \"Hughes Celestial\" - PEN.EU","og_description":"Erleben Sie ein neues Niveau des Schreibkomforts mit dem Hughes Celestial Gelschreiber. Die hochwertige Gel-Tinte bietet ein sanftes, gleichm\u00e4\u00dfiges Schreibgef\u00fchl und macht jede Zeile zu einem Vergn\u00fcgen. Veredelt mit einem ros\u00e9goldenen Metallclip und eleganten Zierdetails, strahlt dieser Gelschreiber Luxus und Stil aus. Die perfekte Abstimmung von Materialien und Farben vereint Funktionalit\u00e4t und \u00c4sthetik, wodurch dieses [&hellip;]","og_url":"https:\/\/pen.eu\/es\/producto\/kugelschreiber-hughes-celestial\/","og_site_name":"PEN.EU","article_modified_time":"2025-09-29T13:55:48+00:00","og_image":[{"width":2000,"height":2000,"url":"https:\/\/pen.eu\/wp-content\/uploads\/2024\/11\/051201808-MS-GDD.jpg","type":"image\/jpeg"}],"twitter_card":"summary_large_image","schema":{"@context":"https:\/\/schema.org","@graph":[{"@type":"WebPage","@id":"https:\/\/pen.eu\/produkt\/kugelschreiber-hughes-celestial\/","url":"https:\/\/pen.eu\/produkt\/kugelschreiber-hughes-celestial\/","name":"Kugelschreiber \"Hughes Celestial\" - PEN.EU","isPartOf":{"@id":"https:\/\/pen.eu\/#website"},"primaryImageOfPage":{"@id":"https:\/\/pen.eu\/produkt\/kugelschreiber-hughes-celestial\/#primaryimage"},"image":{"@id":"https:\/\/pen.eu\/produkt\/kugelschreiber-hughes-celestial\/#primaryimage"},"thumbnailUrl":"https:\/\/pen.eu\/wp-content\/uploads\/2024\/11\/051201808-MS-GDD.jpg","datePublished":"2024-11-12T16:52:12+00:00","dateModified":"2025-09-29T13:55:48+00:00","breadcrumb":{"@id":"https:\/\/pen.eu\/produkt\/kugelschreiber-hughes-celestial\/#breadcrumb"},"inLanguage":"es","potentialAction":[{"@type":"ReadAction","target":["https:\/\/pen.eu\/produkt\/kugelschreiber-hughes-celestial\/"]}]},{"@type":"ImageObject","inLanguage":"es","@id":"https:\/\/pen.eu\/produkt\/kugelschreiber-hughes-celestial\/#primaryimage","url":"https:\/\/pen.eu\/wp-content\/uploads\/2024\/11\/051201808-MS-GDD.jpg","contentUrl":"https:\/\/pen.eu\/wp-content\/uploads\/2024\/11\/051201808-MS-GDD.jpg","width":2000,"height":2000},{"@type":"BreadcrumbList","@id":"https:\/\/pen.eu\/produkt\/kugelschreiber-hughes-celestial\/#breadcrumb","itemListElement":[{"@type":"ListItem","position":1,"name":"Home","item":"https:\/\/pen.eu\/"},{"@type":"ListItem","position":2,"name":"Shop","item":"https:\/\/pen.eu\/ch\/shop\/"},{"@type":"ListItem","position":3,"name":"Kugelschreiber &#8220;Hughes Celestial&#8221;"}]},{"@type":"WebSite","@id":"https:\/\/pen.eu\/#website","url":"https:\/\/pen.eu\/","name":"PEN.EU","description":"Kugelschreiber bedrucken mit Logo | pen.eu","potentialAction":[{"@type":"SearchAction","target":{"@type":"EntryPoint","urlTemplate":"https:\/\/pen.eu\/?s={search_term_string}"},"query-input":{"@type":"PropertyValueSpecification","valueRequired":true,"valueName":"search_term_string"}}],"inLanguage":"es"}]}},"_links":{"self":[{"href":"https:\/\/pen.eu\/es\/wp-json\/wp\/v2\/product\/9685","targetHints":{"allow":["GET"]}}],"collection":[{"href":"https:\/\/pen.eu\/es\/wp-json\/wp\/v2\/product"}],"about":[{"href":"https:\/\/pen.eu\/es\/wp-json\/wp\/v2\/types\/product"}],"replies":[{"embeddable":true,"href":"https:\/\/pen.eu\/es\/wp-json\/wp\/v2\/comments?post=9685"}],"wp:featuredmedia":[{"embeddable":true,"href":"https:\/\/pen.eu\/es\/wp-json\/wp\/v2\/media\/9749"}],"wp:attachment":[{"href":"https:\/\/pen.eu\/es\/wp-json\/wp\/v2\/media?parent=9685"}],"wp:term":[{"taxonomy":"product_brand","embeddable":true,"href":"https:\/\/pen.eu\/es\/wp-json\/wp\/v2\/product_brand?post=9685"},{"taxonomy":"product_cat","embeddable":true,"href":"https:\/\/pen.eu\/es\/wp-json\/wp\/v2\/product_cat?post=9685"},{"taxonomy":"product_tag","embeddable":true,"href":"https:\/\/pen.eu\/es\/wp-json\/wp\/v2\/product_tag?post=9685"}],"curies":[{"name":"wp","href":"https:\/\/api.w.org\/{rel}","templated":true}]}}