{"id":9870,"date":"2024-11-15T07:11:56","date_gmt":"2024-11-15T06:11:56","guid":{"rendered":"https:\/\/v2.frank-pen.de\/?post_type=product&#038;p=9870"},"modified":"2025-12-15T08:06:43","modified_gmt":"2025-12-15T07:06:43","slug":"kugelschreiber-splendor","status":"publish","type":"product","link":"https:\/\/pen.eu\/es\/producto\/kugelschreiber-splendor\/","title":{"rendered":"Kugelschreiber &#8220;Splendor&#8221;"},"content":{"rendered":"<p>El bol\u00edgrafo Splendor combina elegantes detalles en oro rosa con colores de cuerpo soft-touch lujosos, creando una impresi\u00f3n con mucho estilo. Este bol\u00edgrafo de pl\u00e1stico con mecanismo de pulsaci\u00f3n cuenta con un cuerpo engomado y una empu\u00f1adura a juego, lo que garantiza una escritura c\u00f3moda. El stylus capacitivo integrado permite un manejo suave de sus dispositivos con pantalla t\u00e1ctil. Personalice este moderno instrumento de escritura con serigraf\u00eda a un solo color o con impresi\u00f3n por inyecci\u00f3n de tinta a todo color para resaltar al m\u00e1ximo su logotipo o mensaje. Perfecto para eventos de networking, ferias, conferencias y otras oportunidades de marketing \u2013 un regalo promocional moderno que presenta su marca de forma profesional y entusiasma a su p\u00fablico objetivo.<\/p>","protected":false},"excerpt":{"rendered":"<p>Der\u00a0Kugelschreiber Splendor kombiniert edle Ros\u00e9gold-Details mit luxuri\u00f6sen Soft-Touch-Geh\u00e4usefarben und sorgt so f\u00fcr einen stilvollen Auftritt. Der Druckkugelschreiber aus Kunststoff verf\u00fcgt \u00fcber einen gummierten Schaft mit passendem Griff, der ein angenehmes Schreibgef\u00fchl bietet. Der integrierte kapazitive Stylus erm\u00f6glicht eine reibungslose Bedienung Ihrer Touchscreen-Ger\u00e4te. Personalisieren Sie dieses moderne Schreibger\u00e4t mit einem einfarbigen Siebdruck oder der leuchtenden Vollfarb-Tintenstrahldrucktechnologie [&hellip;]<\/p>\n","protected":false},"featured_media":9911,"comment_status":"open","ping_status":"closed","template":"","meta":[],"product_brand":[],"product_cat":[310,247],"product_tag":[557,558,783,657,780],"class_list":{"0":"post-9870","1":"product","2":"type-product","3":"status-publish","4":"has-post-thumbnail","6":"product_cat-kugelschreiber-aus-kunststoff","7":"product_cat-schreibgeraete","8":"product_tag-agx","9":"product_tag-clearscript","10":"product_tag-left-59","11":"product_tag-shortpen","12":"product_tag-top-50","13":"pa_eigenschaft-rose-gold","14":"pa_eigenschaft-soft-touch","15":"pa_eigenschaft-stylus","16":"pa_farbe-anthrazit","17":"pa_farbe-dunkelrot","18":"pa_farbe-marine","19":"pa_farbe-rosegold","20":"pa_farbe-schwarz","21":"pa_material-gummi","22":"pa_material-kunststoff","23":"pa_mindestmenge-486","24":"pa_werbeanbringung-digitaldruck","25":"pa_werbeanbringung-siebdruck","27":"first","28":"instock","29":"taxable","30":"shipping-taxable","31":"purchasable","32":"product-type-variable","33":"has-default-attributes","34":"add-to-wishlist-after_add_to_cart"},"yoast_head":"<!-- This site is optimized with the Yoast SEO plugin v27.4 - https:\/\/yoast.com\/product\/yoast-seo-wordpress\/ -->\n<title>Kugelschreiber &quot;Splendor&quot; - PEN.EU<\/title>\n<meta name=\"robots\" content=\"index, follow, max-snippet:-1, max-image-preview:large, max-video-preview:-1\" \/>\n<link rel=\"canonical\" href=\"https:\/\/pen.eu\/es\/producto\/kugelschreiber-splendor\/\" \/>\n<meta property=\"og:locale\" content=\"es_ES\" \/>\n<meta property=\"og:type\" content=\"article\" \/>\n<meta property=\"og:title\" content=\"Kugelschreiber &quot;Splendor&quot; - PEN.EU\" \/>\n<meta property=\"og:description\" content=\"Der\u00a0Kugelschreiber Splendor kombiniert edle Ros\u00e9gold-Details mit luxuri\u00f6sen Soft-Touch-Geh\u00e4usefarben und sorgt so f\u00fcr einen stilvollen Auftritt. Der Druckkugelschreiber aus Kunststoff verf\u00fcgt \u00fcber einen gummierten Schaft mit passendem Griff, der ein angenehmes Schreibgef\u00fchl bietet. Der integrierte kapazitive Stylus erm\u00f6glicht eine reibungslose Bedienung Ihrer Touchscreen-Ger\u00e4te. Personalisieren Sie dieses moderne Schreibger\u00e4t mit einem einfarbigen Siebdruck oder der leuchtenden Vollfarb-Tintenstrahldrucktechnologie [&hellip;]\" \/>\n<meta property=\"og:url\" content=\"https:\/\/pen.eu\/es\/producto\/kugelschreiber-splendor\/\" \/>\n<meta property=\"og:site_name\" content=\"PEN.EU\" \/>\n<meta property=\"article:modified_time\" content=\"2025-12-15T07:06:43+00:00\" \/>\n<meta property=\"og:image\" content=\"https:\/\/pen.eu\/wp-content\/uploads\/2024\/11\/0512022139-MS-GS.jpg\" \/>\n\t<meta property=\"og:image:width\" content=\"2000\" \/>\n\t<meta property=\"og:image:height\" content=\"2000\" \/>\n\t<meta property=\"og:image:type\" content=\"image\/jpeg\" \/>\n<meta name=\"twitter:card\" content=\"summary_large_image\" \/>\n<script type=\"application\/ld+json\" class=\"yoast-schema-graph\">{\"@context\":\"https:\\\/\\\/schema.org\",\"@graph\":[{\"@type\":\"WebPage\",\"@id\":\"https:\\\/\\\/pen.eu\\\/produkt\\\/kugelschreiber-splendor\\\/\",\"url\":\"https:\\\/\\\/pen.eu\\\/produkt\\\/kugelschreiber-splendor\\\/\",\"name\":\"Kugelschreiber \\\"Splendor\\\" - PEN.EU\",\"isPartOf\":{\"@id\":\"https:\\\/\\\/pen.eu\\\/#website\"},\"primaryImageOfPage\":{\"@id\":\"https:\\\/\\\/pen.eu\\\/produkt\\\/kugelschreiber-splendor\\\/#primaryimage\"},\"image\":{\"@id\":\"https:\\\/\\\/pen.eu\\\/produkt\\\/kugelschreiber-splendor\\\/#primaryimage\"},\"thumbnailUrl\":\"https:\\\/\\\/pen.eu\\\/wp-content\\\/uploads\\\/2024\\\/11\\\/0512022139-MS-GS.jpg\",\"datePublished\":\"2024-11-15T06:11:56+00:00\",\"dateModified\":\"2025-12-15T07:06:43+00:00\",\"breadcrumb\":{\"@id\":\"https:\\\/\\\/pen.eu\\\/produkt\\\/kugelschreiber-splendor\\\/#breadcrumb\"},\"inLanguage\":\"es\",\"potentialAction\":[{\"@type\":\"ReadAction\",\"target\":[\"https:\\\/\\\/pen.eu\\\/produkt\\\/kugelschreiber-splendor\\\/\"]}]},{\"@type\":\"ImageObject\",\"inLanguage\":\"es\",\"@id\":\"https:\\\/\\\/pen.eu\\\/produkt\\\/kugelschreiber-splendor\\\/#primaryimage\",\"url\":\"https:\\\/\\\/pen.eu\\\/wp-content\\\/uploads\\\/2024\\\/11\\\/0512022139-MS-GS.jpg\",\"contentUrl\":\"https:\\\/\\\/pen.eu\\\/wp-content\\\/uploads\\\/2024\\\/11\\\/0512022139-MS-GS.jpg\",\"width\":2000,\"height\":2000},{\"@type\":\"BreadcrumbList\",\"@id\":\"https:\\\/\\\/pen.eu\\\/produkt\\\/kugelschreiber-splendor\\\/#breadcrumb\",\"itemListElement\":[{\"@type\":\"ListItem\",\"position\":1,\"name\":\"Home\",\"item\":\"https:\\\/\\\/pen.eu\\\/\"},{\"@type\":\"ListItem\",\"position\":2,\"name\":\"Shop\",\"item\":\"https:\\\/\\\/pen.eu\\\/ch\\\/shop\\\/\"},{\"@type\":\"ListItem\",\"position\":3,\"name\":\"Kugelschreiber &#8220;Splendor&#8221;\"}]},{\"@type\":\"WebSite\",\"@id\":\"https:\\\/\\\/pen.eu\\\/#website\",\"url\":\"https:\\\/\\\/pen.eu\\\/\",\"name\":\"PEN.EU\",\"description\":\"Kugelschreiber bedrucken mit Logo | pen.eu\",\"potentialAction\":[{\"@type\":\"SearchAction\",\"target\":{\"@type\":\"EntryPoint\",\"urlTemplate\":\"https:\\\/\\\/pen.eu\\\/?s={search_term_string}\"},\"query-input\":{\"@type\":\"PropertyValueSpecification\",\"valueRequired\":true,\"valueName\":\"search_term_string\"}}],\"inLanguage\":\"es\"}]}<\/script>\n<!-- \/ Yoast SEO plugin. -->","yoast_head_json":{"title":"Kugelschreiber \"Splendor\" - PEN.EU","robots":{"index":"index","follow":"follow","max-snippet":"max-snippet:-1","max-image-preview":"max-image-preview:large","max-video-preview":"max-video-preview:-1"},"canonical":"https:\/\/pen.eu\/es\/producto\/kugelschreiber-splendor\/","og_locale":"es_ES","og_type":"article","og_title":"Kugelschreiber \"Splendor\" - PEN.EU","og_description":"Der\u00a0Kugelschreiber Splendor kombiniert edle Ros\u00e9gold-Details mit luxuri\u00f6sen Soft-Touch-Geh\u00e4usefarben und sorgt so f\u00fcr einen stilvollen Auftritt. Der Druckkugelschreiber aus Kunststoff verf\u00fcgt \u00fcber einen gummierten Schaft mit passendem Griff, der ein angenehmes Schreibgef\u00fchl bietet. Der integrierte kapazitive Stylus erm\u00f6glicht eine reibungslose Bedienung Ihrer Touchscreen-Ger\u00e4te. Personalisieren Sie dieses moderne Schreibger\u00e4t mit einem einfarbigen Siebdruck oder der leuchtenden Vollfarb-Tintenstrahldrucktechnologie [&hellip;]","og_url":"https:\/\/pen.eu\/es\/producto\/kugelschreiber-splendor\/","og_site_name":"PEN.EU","article_modified_time":"2025-12-15T07:06:43+00:00","og_image":[{"width":2000,"height":2000,"url":"https:\/\/pen.eu\/wp-content\/uploads\/2024\/11\/0512022139-MS-GS.jpg","type":"image\/jpeg"}],"twitter_card":"summary_large_image","schema":{"@context":"https:\/\/schema.org","@graph":[{"@type":"WebPage","@id":"https:\/\/pen.eu\/produkt\/kugelschreiber-splendor\/","url":"https:\/\/pen.eu\/produkt\/kugelschreiber-splendor\/","name":"Kugelschreiber \"Splendor\" - PEN.EU","isPartOf":{"@id":"https:\/\/pen.eu\/#website"},"primaryImageOfPage":{"@id":"https:\/\/pen.eu\/produkt\/kugelschreiber-splendor\/#primaryimage"},"image":{"@id":"https:\/\/pen.eu\/produkt\/kugelschreiber-splendor\/#primaryimage"},"thumbnailUrl":"https:\/\/pen.eu\/wp-content\/uploads\/2024\/11\/0512022139-MS-GS.jpg","datePublished":"2024-11-15T06:11:56+00:00","dateModified":"2025-12-15T07:06:43+00:00","breadcrumb":{"@id":"https:\/\/pen.eu\/produkt\/kugelschreiber-splendor\/#breadcrumb"},"inLanguage":"es","potentialAction":[{"@type":"ReadAction","target":["https:\/\/pen.eu\/produkt\/kugelschreiber-splendor\/"]}]},{"@type":"ImageObject","inLanguage":"es","@id":"https:\/\/pen.eu\/produkt\/kugelschreiber-splendor\/#primaryimage","url":"https:\/\/pen.eu\/wp-content\/uploads\/2024\/11\/0512022139-MS-GS.jpg","contentUrl":"https:\/\/pen.eu\/wp-content\/uploads\/2024\/11\/0512022139-MS-GS.jpg","width":2000,"height":2000},{"@type":"BreadcrumbList","@id":"https:\/\/pen.eu\/produkt\/kugelschreiber-splendor\/#breadcrumb","itemListElement":[{"@type":"ListItem","position":1,"name":"Home","item":"https:\/\/pen.eu\/"},{"@type":"ListItem","position":2,"name":"Shop","item":"https:\/\/pen.eu\/ch\/shop\/"},{"@type":"ListItem","position":3,"name":"Kugelschreiber &#8220;Splendor&#8221;"}]},{"@type":"WebSite","@id":"https:\/\/pen.eu\/#website","url":"https:\/\/pen.eu\/","name":"PEN.EU","description":"Kugelschreiber bedrucken mit Logo | pen.eu","potentialAction":[{"@type":"SearchAction","target":{"@type":"EntryPoint","urlTemplate":"https:\/\/pen.eu\/?s={search_term_string}"},"query-input":{"@type":"PropertyValueSpecification","valueRequired":true,"valueName":"search_term_string"}}],"inLanguage":"es"}]}},"_links":{"self":[{"href":"https:\/\/pen.eu\/es\/wp-json\/wp\/v2\/product\/9870","targetHints":{"allow":["GET"]}}],"collection":[{"href":"https:\/\/pen.eu\/es\/wp-json\/wp\/v2\/product"}],"about":[{"href":"https:\/\/pen.eu\/es\/wp-json\/wp\/v2\/types\/product"}],"replies":[{"embeddable":true,"href":"https:\/\/pen.eu\/es\/wp-json\/wp\/v2\/comments?post=9870"}],"wp:featuredmedia":[{"embeddable":true,"href":"https:\/\/pen.eu\/es\/wp-json\/wp\/v2\/media\/9911"}],"wp:attachment":[{"href":"https:\/\/pen.eu\/es\/wp-json\/wp\/v2\/media?parent=9870"}],"wp:term":[{"taxonomy":"product_brand","embeddable":true,"href":"https:\/\/pen.eu\/es\/wp-json\/wp\/v2\/product_brand?post=9870"},{"taxonomy":"product_cat","embeddable":true,"href":"https:\/\/pen.eu\/es\/wp-json\/wp\/v2\/product_cat?post=9870"},{"taxonomy":"product_tag","embeddable":true,"href":"https:\/\/pen.eu\/es\/wp-json\/wp\/v2\/product_tag?post=9870"}],"curies":[{"name":"wp","href":"https:\/\/api.w.org\/{rel}","templated":true}]}}