{"id":11236,"date":"2024-12-13T14:42:57","date_gmt":"2024-12-13T13:42:57","guid":{"rendered":"https:\/\/v2.frank-pen.de\/?page_id=11236"},"modified":"2025-11-21T13:41:12","modified_gmt":"2025-11-21T12:41:12","slug":"ueber-uns","status":"publish","type":"page","link":"https:\/\/pen.eu\/fr\/ueber-uns\/","title":{"rendered":"\u00c0 propos de nous"},"content":{"rendered":"<section class=\"vc_section porto-section porto-inner-container py-0\"><div class=\"container\">\n\n<div class=\"wp-block-columns mb-5 is-layout-flex wp-container-core-columns-is-layout-9d6595d7 wp-block-columns-is-layout-flex\">\n<div class=\"wp-block-column is-layout-flow wp-block-column-is-layout-flow\" style=\"flex-basis:41.6666%\">\n<figure class=\"wp-block-image size-full\"><img fetchpriority=\"high\" decoding=\"async\" width=\"640\" height=\"420\" src=\"https:\/\/pen.eu\/wp-content\/uploads\/2025\/06\/wittenberg-1.jpg\" alt=\"\" class=\"wp-image-12937\" srcset=\"https:\/\/pen.eu\/wp-content\/uploads\/2025\/06\/wittenberg-1.jpg 640w, https:\/\/pen.eu\/wp-content\/uploads\/2025\/06\/wittenberg-1-600x394.jpg 600w, https:\/\/pen.eu\/wp-content\/uploads\/2025\/06\/wittenberg-1-400x263.jpg 400w\" sizes=\"(max-width: 640px) 100vw, 640px\" \/><\/figure>\n<\/div>\n\n\n\n<div class=\"wp-block-column is-layout-flow wp-block-column-is-layout-flow\" style=\"flex-basis:58.3333%\"><h2 class=\"porto-heading mb-4\" style=\"font-size:1.875rem;font-weight:400;\">Chez soi dans la ville de Martin Luther.<\/h2>\n\n\n<p>Depuis 2011, nous nous consacrons avec passion au d\u00e9veloppement et \u00e0 la production de stylos personnalis\u00e9s. Ce qui a commenc\u00e9 sous le nom de FRANK PEN est devenu Europe Pen GmbH, une entreprise solidement \u00e9tablie dans le secteur des articles promotionnels. Notre objectif : red\u00e9finir le march\u00e9 promotionnel par la simplicit\u00e9.\nPour y parvenir, nous proposons une s\u00e9lection soign\u00e9e d\u2019instruments d\u2019\u00e9criture, de bouteilles r\u00e9utilisables, de sacs et de carnets parfaits pour mettre en valeur le message de votre marque avec style et impact.<\/p>\n\n\n\n<p><\/p>\n\n\n\n<p>Contrairement \u00e0 de nombreux concurrents, nous misons sur la transparence : pas de frais de livraison en Europe, pas de frais de logo, et aucune d\u00e9marche commerciale agressive. Promis !<\/p>\n\n\n\n<p><\/p>\n\n\n\n<p>Que vous soyez un petit entrepreneur \u00e0 la recherche de solutions promotionnelles abordables, un responsable marketing souhaitant renforcer son image de marque, ou un professionnel des salons d\u00e9sireux de laisser une impression durable. PEN.EU est votre partenaire\u00a0de\u00a0confiance.<\/p>\n<\/div>\n<\/div>\n\n\n\n<div class=\"wp-block-columns mb-5 is-layout-flex wp-container-core-columns-is-layout-9d6595d7 wp-block-columns-is-layout-flex\">\n<div class=\"wp-block-column order-sms-2 is-layout-flow wp-block-column-is-layout-flow\" style=\"flex-basis:41.6666%\">\n<figure class=\"wp-block-image size-full\"><img decoding=\"async\" width=\"640\" height=\"420\" src=\"https:\/\/pen.eu\/wp-content\/uploads\/2025\/06\/produktion-2.jpg\" alt=\"\" class=\"wp-image-12934\" srcset=\"https:\/\/pen.eu\/wp-content\/uploads\/2025\/06\/produktion-2.jpg 640w, https:\/\/pen.eu\/wp-content\/uploads\/2025\/06\/produktion-2-600x394.jpg 600w, https:\/\/pen.eu\/wp-content\/uploads\/2025\/06\/produktion-2-400x263.jpg 400w\" sizes=\"(max-width: 640px) 100vw, 640px\" \/><\/figure>\n<\/div>\n\n\n\n<div class=\"wp-block-column is-layout-flow wp-block-column-is-layout-flow\" style=\"flex-basis:58.3333%\"><h2 class=\"porto-heading mb-4\" style=\"font-size:1.875rem;font-weight:400;\">Production en Europe.<\/h2>\n\n\n<p>Chez PEN.EU, nous nous engageons \u00e0 r\u00e9duire au maximum notre empreinte \u00e9cologique. C\u2019est pourquoi tous nos processus d\u2019impression et de gravure sont r\u00e9alis\u00e9s exclusivement en Europe, avec efficacit\u00e9, responsabilit\u00e9 environnementale et selon des standards de qualit\u00e9 \u00e9lev\u00e9s.\nGr\u00e2ce \u00e0 six technologies de finition de pointe tampographie, s\u00e9rigraphie, impression num\u00e9rique, gravure laser, entre autres nous assurons chaque jour jusqu\u2019\u00e0 90 000 impressions et 70 000 gravures, de mani\u00e8re fiable et ponctuelle.<\/p>\n\n\n\n<p><\/p>\n\n\n\n<p>Nous stockons actuellement plus de 3 000 000 d\u2019articles publicitaires personnalisables pr\u00eats \u00e0 \u00eatre rapidement finalis\u00e9s selon les sp\u00e9cifications du client. Cette infrastructure bien pens\u00e9e et efficace permet non seulement des d\u00e9lais de livraison courts et une grande flexibilit\u00e9, mais contribue \u00e9galement de mani\u00e8re pr\u00e9cieuse \u00e0 la durabilit\u00e9 dans le secteur des objets publicitaires.<\/p>\n<\/div>\n<\/div>\n\n\n\n<div class=\"wp-block-columns mb-5 is-layout-flex wp-container-core-columns-is-layout-9d6595d7 wp-block-columns-is-layout-flex\">\n<div class=\"wp-block-column is-layout-flow wp-block-column-is-layout-flow\" style=\"flex-basis:41.6666%\"><div class=\"porto-carousel owl-carousel has-ccols ccols-xl-1 ccols-lg-1 ccols-md-1 ccols-sm-1 ccols-1\" data-plugin-options=\"{&quot;themeConfig&quot;:true,&quot;stagePadding&quot;:0,&quot;margin&quot;:0,&quot;autoplay&quot;:false,&quot;mouseDrag&quot;:true,&quot;touchDrag&quot;:true,&quot;autoplayTimeout&quot;:5000,&quot;autoplayHoverPause&quot;:false,&quot;items&quot;:1,&quot;xl&quot;:1,&quot;lg&quot;:1,&quot;md&quot;:1,&quot;sm&quot;:1,&quot;xs&quot;:1,&quot;nav&quot;:false,&quot;dots&quot;:true,&quot;animateIn&quot;:&quot;&quot;,&quot;animateOut&quot;:&quot;&quot;,&quot;loop&quot;:false,&quot;center&quot;:false,&quot;video&quot;:false,&quot;lazyLoad&quot;:false,&quot;fullscreen&quot;:false}\">\n\n<figure class=\"wp-block-image size-full mb-0\"><img decoding=\"async\" width=\"641\" height=\"420\" src=\"https:\/\/pen.eu\/wp-content\/uploads\/2025\/06\/map.jpg\" alt=\"\" class=\"wp-image-12935\" srcset=\"https:\/\/pen.eu\/wp-content\/uploads\/2025\/06\/map.jpg 641w, https:\/\/pen.eu\/wp-content\/uploads\/2025\/06\/map-600x393.jpg 600w, https:\/\/pen.eu\/wp-content\/uploads\/2025\/06\/map-400x262.jpg 400w\" sizes=\"(max-width: 641px) 100vw, 641px\" \/><\/figure>\n\n<\/div><\/div>\n\n\n\n<div class=\"wp-block-column is-layout-flow wp-block-column-is-layout-flow\" style=\"flex-basis:58.3333%\"><h2 class=\"porto-heading mb-4\" style=\"font-size:1.875rem;font-weight:400;\">Service client \u00e0 travers toute l\u2019Europe.<\/h2>\n\n\n<p>Depuis 2023, nous renfor\u00e7ons activement notre pr\u00e9sence sur le march\u00e9 europ\u00e9en avec un accent particulier sur l\u2019Allemagne, l\u2019Autriche, la Suisse et l\u2019Espagne (continentale et Bal\u00e9ares). Dans ces r\u00e9gions, nous gagnons constamment de nouveaux clients enthousiastes qui appr\u00e9cient non seulement la qualit\u00e9 de nos instruments d\u2019\u00e9criture, mais aussi notre service personnalis\u00e9 et fiable.<\/p>\n\n\n\n<p><\/p>\n\n\n\n<p>Mais nous ne comptons pas nous arr\u00eater l\u00e0 : au cours des trois prochaines ann\u00e9es, nous allons continuer \u00e0 d\u00e9velopper notre pr\u00e9sence et proposer nos produits ainsi que notre service client aux Pays-Bas, en France, en Italie et en Belgique naturellement dans les langues locales et en tenant compte des sp\u00e9cificit\u00e9s de chaque march\u00e9. \nNotre objectif : \u00eatre proches de nos clients, offrir une qualit\u00e9 sans compromis et des solutions personnalis\u00e9es pour chaque marque. Faites-en vous-m\u00eame l\u2019exp\u00e9rience \u2013 <em>your brand, your pen!<\/em> <\/p>\n\n\n\n<p><\/p>\n\n\n\n<p>Statut map: mai 2025<\/p>\n<\/div>\n<\/div>\n\n<\/div><\/section>","protected":false},"excerpt":{"rendered":"","protected":false},"author":1,"featured_media":11238,"parent":0,"menu_order":0,"comment_status":"closed","ping_status":"closed","template":"","meta":{"footnotes":""},"class_list":["post-11236","page","type-page","status-publish","has-post-thumbnail","hentry"],"yoast_head":"<!-- This site is optimized with the Yoast SEO plugin v27.4 - https:\/\/yoast.com\/product\/yoast-seo-wordpress\/ -->\n<title>Europ\u00e4ische Qualit\u00e4ts-Werbeartikel &amp; Pers\u00f6nliche Schreibger\u00e4te<\/title>\n<meta name=\"description\" content=\"Erfahren Sie mehr \u00fcber PEN EU: Individuelle Schreibger\u00e4te, nachhaltige Produktion in Europa und erstklassiger Kundenservice f\u00fcr Ihre Markenpr\u00e4senz.\" \/>\n<meta name=\"robots\" content=\"index, follow, max-snippet:-1, max-image-preview:large, max-video-preview:-1\" \/>\n<link rel=\"canonical\" href=\"https:\/\/pen.eu\/fr\/ueber-uns\/\" \/>\n<meta property=\"og:locale\" content=\"fr_FR\" \/>\n<meta property=\"og:type\" content=\"article\" \/>\n<meta property=\"og:title\" content=\"Europ\u00e4ische Qualit\u00e4ts-Werbeartikel &amp; Pers\u00f6nliche Schreibger\u00e4te\" \/>\n<meta property=\"og:description\" content=\"Erfahren Sie mehr \u00fcber PEN EU: Individuelle Schreibger\u00e4te, nachhaltige Produktion in Europa und erstklassiger Kundenservice f\u00fcr Ihre Markenpr\u00e4senz.\" \/>\n<meta property=\"og:url\" content=\"https:\/\/pen.eu\/fr\/ueber-uns\/\" \/>\n<meta property=\"og:site_name\" content=\"PEN.EU\" \/>\n<meta property=\"article:modified_time\" content=\"2025-11-21T12:41:12+00:00\" \/>\n<meta property=\"og:image\" content=\"https:\/\/pen.eu\/wp-content\/uploads\/2024\/12\/wittenberg-1.jpg\" \/>\n\t<meta property=\"og:image:width\" content=\"640\" \/>\n\t<meta property=\"og:image:height\" content=\"420\" \/>\n\t<meta property=\"og:image:type\" content=\"image\/jpeg\" \/>\n<meta name=\"twitter:card\" content=\"summary_large_image\" \/>\n<meta name=\"twitter:label1\" content=\"Dur\u00e9e de lecture estim\u00e9e\" \/>\n\t<meta name=\"twitter:data1\" content=\"3 minutes\" \/>\n<script type=\"application\/ld+json\" class=\"yoast-schema-graph\">{\"@context\":\"https:\\\/\\\/schema.org\",\"@graph\":[{\"@type\":\"WebPage\",\"@id\":\"https:\\\/\\\/pen.eu\\\/ueber-uns\\\/\",\"url\":\"https:\\\/\\\/pen.eu\\\/ueber-uns\\\/\",\"name\":\"Europ\u00e4ische Qualit\u00e4ts-Werbeartikel & Pers\u00f6nliche Schreibger\u00e4te\",\"isPartOf\":{\"@id\":\"https:\\\/\\\/pen.eu\\\/#website\"},\"primaryImageOfPage\":{\"@id\":\"https:\\\/\\\/pen.eu\\\/ueber-uns\\\/#primaryimage\"},\"image\":{\"@id\":\"https:\\\/\\\/pen.eu\\\/ueber-uns\\\/#primaryimage\"},\"thumbnailUrl\":\"https:\\\/\\\/pen.eu\\\/wp-content\\\/uploads\\\/2024\\\/12\\\/wittenberg-1.jpg\",\"datePublished\":\"2024-12-13T13:42:57+00:00\",\"dateModified\":\"2025-11-21T12:41:12+00:00\",\"description\":\"Erfahren Sie mehr \u00fcber PEN EU: Individuelle Schreibger\u00e4te, nachhaltige Produktion in Europa und erstklassiger Kundenservice f\u00fcr Ihre Markenpr\u00e4senz.\",\"breadcrumb\":{\"@id\":\"https:\\\/\\\/pen.eu\\\/ueber-uns\\\/#breadcrumb\"},\"inLanguage\":\"fr-FR\",\"potentialAction\":[{\"@type\":\"ReadAction\",\"target\":[\"https:\\\/\\\/pen.eu\\\/ueber-uns\\\/\"]}]},{\"@type\":\"ImageObject\",\"inLanguage\":\"fr-FR\",\"@id\":\"https:\\\/\\\/pen.eu\\\/ueber-uns\\\/#primaryimage\",\"url\":\"https:\\\/\\\/pen.eu\\\/wp-content\\\/uploads\\\/2024\\\/12\\\/wittenberg-1.jpg\",\"contentUrl\":\"https:\\\/\\\/pen.eu\\\/wp-content\\\/uploads\\\/2024\\\/12\\\/wittenberg-1.jpg\",\"width\":640,\"height\":420},{\"@type\":\"BreadcrumbList\",\"@id\":\"https:\\\/\\\/pen.eu\\\/ueber-uns\\\/#breadcrumb\",\"itemListElement\":[{\"@type\":\"ListItem\",\"position\":1,\"name\":\"Home\",\"item\":\"https:\\\/\\\/pen.eu\\\/\"},{\"@type\":\"ListItem\",\"position\":2,\"name\":\"\u00dcber uns\"}]},{\"@type\":\"WebSite\",\"@id\":\"https:\\\/\\\/pen.eu\\\/#website\",\"url\":\"https:\\\/\\\/pen.eu\\\/\",\"name\":\"PEN.EU\",\"description\":\"Kugelschreiber bedrucken mit Logo | pen.eu\",\"potentialAction\":[{\"@type\":\"SearchAction\",\"target\":{\"@type\":\"EntryPoint\",\"urlTemplate\":\"https:\\\/\\\/pen.eu\\\/?s={search_term_string}\"},\"query-input\":{\"@type\":\"PropertyValueSpecification\",\"valueRequired\":true,\"valueName\":\"search_term_string\"}}],\"inLanguage\":\"fr-FR\"}]}<\/script>\n<!-- \/ Yoast SEO plugin. -->","yoast_head_json":{"title":"Europ\u00e4ische Qualit\u00e4ts-Werbeartikel & Pers\u00f6nliche Schreibger\u00e4te","description":"Erfahren Sie mehr \u00fcber PEN EU: Individuelle Schreibger\u00e4te, nachhaltige Produktion in Europa und erstklassiger Kundenservice f\u00fcr Ihre Markenpr\u00e4senz.","robots":{"index":"index","follow":"follow","max-snippet":"max-snippet:-1","max-image-preview":"max-image-preview:large","max-video-preview":"max-video-preview:-1"},"canonical":"https:\/\/pen.eu\/fr\/ueber-uns\/","og_locale":"fr_FR","og_type":"article","og_title":"Europ\u00e4ische Qualit\u00e4ts-Werbeartikel & Pers\u00f6nliche Schreibger\u00e4te","og_description":"Erfahren Sie mehr \u00fcber PEN EU: Individuelle Schreibger\u00e4te, nachhaltige Produktion in Europa und erstklassiger Kundenservice f\u00fcr Ihre Markenpr\u00e4senz.","og_url":"https:\/\/pen.eu\/fr\/ueber-uns\/","og_site_name":"PEN.EU","article_modified_time":"2025-11-21T12:41:12+00:00","og_image":[{"width":640,"height":420,"url":"https:\/\/pen.eu\/wp-content\/uploads\/2024\/12\/wittenberg-1.jpg","type":"image\/jpeg"}],"twitter_card":"summary_large_image","twitter_misc":{"Dur\u00e9e de lecture estim\u00e9e":"3 minutes"},"schema":{"@context":"https:\/\/schema.org","@graph":[{"@type":"WebPage","@id":"https:\/\/pen.eu\/ueber-uns\/","url":"https:\/\/pen.eu\/ueber-uns\/","name":"Europ\u00e4ische Qualit\u00e4ts-Werbeartikel & Pers\u00f6nliche Schreibger\u00e4te","isPartOf":{"@id":"https:\/\/pen.eu\/#website"},"primaryImageOfPage":{"@id":"https:\/\/pen.eu\/ueber-uns\/#primaryimage"},"image":{"@id":"https:\/\/pen.eu\/ueber-uns\/#primaryimage"},"thumbnailUrl":"https:\/\/pen.eu\/wp-content\/uploads\/2024\/12\/wittenberg-1.jpg","datePublished":"2024-12-13T13:42:57+00:00","dateModified":"2025-11-21T12:41:12+00:00","description":"Erfahren Sie mehr \u00fcber PEN EU: Individuelle Schreibger\u00e4te, nachhaltige Produktion in Europa und erstklassiger Kundenservice f\u00fcr Ihre Markenpr\u00e4senz.","breadcrumb":{"@id":"https:\/\/pen.eu\/ueber-uns\/#breadcrumb"},"inLanguage":"fr-FR","potentialAction":[{"@type":"ReadAction","target":["https:\/\/pen.eu\/ueber-uns\/"]}]},{"@type":"ImageObject","inLanguage":"fr-FR","@id":"https:\/\/pen.eu\/ueber-uns\/#primaryimage","url":"https:\/\/pen.eu\/wp-content\/uploads\/2024\/12\/wittenberg-1.jpg","contentUrl":"https:\/\/pen.eu\/wp-content\/uploads\/2024\/12\/wittenberg-1.jpg","width":640,"height":420},{"@type":"BreadcrumbList","@id":"https:\/\/pen.eu\/ueber-uns\/#breadcrumb","itemListElement":[{"@type":"ListItem","position":1,"name":"Home","item":"https:\/\/pen.eu\/"},{"@type":"ListItem","position":2,"name":"\u00dcber uns"}]},{"@type":"WebSite","@id":"https:\/\/pen.eu\/#website","url":"https:\/\/pen.eu\/","name":"PEN.EU","description":"Kugelschreiber bedrucken mit Logo | pen.eu","potentialAction":[{"@type":"SearchAction","target":{"@type":"EntryPoint","urlTemplate":"https:\/\/pen.eu\/?s={search_term_string}"},"query-input":{"@type":"PropertyValueSpecification","valueRequired":true,"valueName":"search_term_string"}}],"inLanguage":"fr-FR"}]}},"_links":{"self":[{"href":"https:\/\/pen.eu\/fr\/wp-json\/wp\/v2\/pages\/11236","targetHints":{"allow":["GET"]}}],"collection":[{"href":"https:\/\/pen.eu\/fr\/wp-json\/wp\/v2\/pages"}],"about":[{"href":"https:\/\/pen.eu\/fr\/wp-json\/wp\/v2\/types\/page"}],"author":[{"embeddable":true,"href":"https:\/\/pen.eu\/fr\/wp-json\/wp\/v2\/users\/1"}],"replies":[{"embeddable":true,"href":"https:\/\/pen.eu\/fr\/wp-json\/wp\/v2\/comments?post=11236"}],"version-history":[{"count":15,"href":"https:\/\/pen.eu\/fr\/wp-json\/wp\/v2\/pages\/11236\/revisions"}],"predecessor-version":[{"id":17213,"href":"https:\/\/pen.eu\/fr\/wp-json\/wp\/v2\/pages\/11236\/revisions\/17213"}],"wp:featuredmedia":[{"embeddable":true,"href":"https:\/\/pen.eu\/fr\/wp-json\/wp\/v2\/media\/11238"}],"wp:attachment":[{"href":"https:\/\/pen.eu\/fr\/wp-json\/wp\/v2\/media?parent=11236"}],"curies":[{"name":"wp","href":"https:\/\/api.w.org\/{rel}","templated":true}]}}