{"id":16777,"date":"2025-08-30T11:04:13","date_gmt":"2025-08-30T09:04:13","guid":{"rendered":"https:\/\/v2.frank-pen.de\/?page_id=16777"},"modified":"2025-08-30T11:24:02","modified_gmt":"2025-08-30T09:24:02","slug":"info-newsletter","status":"publish","type":"page","link":"https:\/\/pen.eu\/fr\/info-newsletter\/","title":{"rendered":"Info Newsletter"},"content":{"rendered":"<p><strong>So gehen wir mit Ihren Daten um<\/strong><\/p>\n\n\n\n<p>Mit dem Absenden des Formulars melden Sie sich f\u00fcr unseren Newsletter sowie f\u00fcr weitere Marketing-E-Mails an. Ihre Daten werden ausschlie\u00dflich auf sicheren Servern unseres deutschen Dienstleisters Brevo (Sendinblue GmbH) innerhalb der Europ\u00e4ischen Union gespeichert und nach den Vorgaben der DSGVO verarbeitet. Sie k\u00f6nnen den Newsletter jederzeit \u00fcber den Abmeldelink am Ende jeder E-Mail abbestellen. \u00dcber Brevo erfassen wir au\u00dferdem statistische Informationen zur Nutzung unseres Newsletters \u2013 z. B. ob eine E-Mail ge\u00f6ffnet wurde, ob Links angeklickt wurden oder ob weitere Interaktionen stattgefunden haben. Wenn Sie \u00fcber einen Link in unserem Newsletter auf unsere Website gelangen, k\u00f6nnen dabei zus\u00e4tzliche Daten zu Ihrem Nutzungsverhalten erfasst werden.<\/p>\n\n\n\n<p><strong>Ihre Rechte<\/strong><\/p>\n\n\n\n<p>Nach der Datenschutz-Grundverordnung (DSGVO) stehen Ihnen verschiedene Rechte im Zusammenhang mit der Verarbeitung Ihrer personenbezogenen Daten zu. Wenn Sie eines dieser Rechte aus\u00fcben m\u00f6chten, kontaktieren Sie uns bitte unter: <a>privacy@europe-pen.com<\/a><\/p>\n\n\n\n<p><strong>Recht auf Auskunft<\/strong><\/p>\n\n\n\n<p>Sie haben das Recht, Auskunft \u00fcber die von uns verarbeiteten personenbezogenen Daten sowie \u00fcber weitere damit zusammenh\u00e4ngende Informationen zu erhalten.<\/p>\n\n\n\n<p><strong>Recht auf Berichtigung<\/strong><\/p>\n\n\n\n<p>Sie k\u00f6nnen die Berichtigung unrichtiger oder die Vervollst\u00e4ndigung unvollst\u00e4ndiger personenbezogener Daten verlangen.<\/p>\n\n\n\n<p><strong>Recht auf L\u00f6schung<\/strong><\/p>\n\n\n\n<p>Unter bestimmten Voraussetzungen k\u00f6nnen Sie die L\u00f6schung Ihrer personenbezogenen Daten verlangen \u2013 auch vor Ablauf unserer allgemeinen L\u00f6schfristen.<\/p>\n\n\n\n<p><strong>Recht auf Einschr\u00e4nkung der Verarbeitung<\/strong><\/p>\n\n\n\n<p>Sie haben das Recht, die Verarbeitung Ihrer personenbezogenen Daten in bestimmten F\u00e4llen einzuschr\u00e4nken. In diesem Fall d\u00fcrfen wir Ihre Daten \u2013 abgesehen von der Speicherung \u2013 nur noch mit Ihrer Einwilligung oder zur Geltendmachung, Aus\u00fcbung oder Verteidigung von Rechtsanspr\u00fcchen oder zum Schutz wichtiger \u00f6ffentlicher Interessen verarbeiten.<\/p>\n\n\n\n<p><strong>Recht auf Widerspruch<\/strong><\/p>\n\n\n\n<p>In bestimmten F\u00e4llen k\u00f6nnen Sie der Verarbeitung Ihrer personenbezogenen Daten widersprechen. Dies gilt insbesondere f\u00fcr die Verarbeitung zu Direktmarketingzwecken.<\/p>\n\n\n\n<p><strong>Recht auf Daten\u00fcbertragbarkeit<\/strong><\/p>\n\n\n\n<p>Sie haben das Recht, Ihre personenbezogenen Daten in einem strukturierten, g\u00e4ngigen und maschinenlesbaren Format zu erhalten und diese an einen anderen Verantwortlichen \u00fcbertragen zu lassen. Weitere Informationen zu Ihren Rechten finden Sie im Leitfaden des Bundesbeauftragten f\u00fcr den Datenschutz und die Informationsfreiheit (BfDI) unter: <a href=\"https:\/\/www.bfdi.bund.de\/DE\/Home\/home_node.html?utm_source=chatgpt.com\">www.bfdi.bund.de<\/a><\/p>\n\n\n\n<p><strong>Beschwerderecht<\/strong><\/p>\n\n\n\n<p>Wenn Sie der Ansicht sind, dass wir Ihre personenbezogenen Daten nicht im Einklang mit den gesetzlichen Vorgaben verarbeiten, haben Sie das Recht, eine Beschwerde bei der zust\u00e4ndigen Aufsichtsbeh\u00f6rde einzureichen: Der Bundesbeauftragte f\u00fcr den Datenschutz und die Informationsfreiheit (BfDI) \u2013 <a href=\"https:\/\/www.bfdi.bund.de\/DE\/Home\/home_node.html?utm_source=chatgpt.com\">www.bfdi.bund.de<\/a><\/p>\n\n\n\n<h3 class=\"wp-block-heading\">Datenverantwortung und Kontaktinformation<\/h3>\n\n\n\n<p>Die Europe Pen GmbH mit Sitz in Deutschland ist verantwortlich f\u00fcr die Datenverarbeitung f\u00fcr www.pen.eu<\/p>\n\n\n\n<p><strong>Kontaktinformationen:<\/strong><\/p>\n\n\n\n<p>Europe Pen GmbH<br>Belziger Stra\u00dfe 31b<br>06889 Lutherstadt Wittenberg (Allemagne)<br>Tel.: +49 34916245180<br>info.fr@europe-pen.com<br><\/p>\n\n\n\n<p><strong>Kontaktinformationen des Datenschutzbeauftragten<\/strong><br>Fabian Frank<br>privacy@europe-pen.com<\/p>\n\n\n\n<p><\/p>\n\n\n\n<div class=\"wp-block-buttons is-layout-flex wp-block-buttons-is-layout-flex\">\n<div class=\"wp-block-button is-style-fill\"><a class=\"wp-block-button__link wp-element-button\" href=\"https:\/\/pen.eu\/fr\/datenschutzerklaerung\/\">Direkt zu unseren Datenschutzerkl\u00e4rungen<\/a><\/div>\n<\/div>\n\n\n\n<p><\/p>","protected":false},"excerpt":{"rendered":"<p>So gehen wir mit Ihren Daten um Mit dem Absenden des Formulars melden Sie sich f\u00fcr unseren Newsletter sowie f\u00fcr weitere Marketing-E-Mails an. Ihre Daten werden ausschlie\u00dflich auf sicheren Servern unseres deutschen Dienstleisters Brevo (Sendinblue GmbH) innerhalb der Europ\u00e4ischen Union gespeichert und nach den Vorgaben der DSGVO verarbeitet. Sie k\u00f6nnen den Newsletter jederzeit \u00fcber den [&hellip;]<\/p>\n","protected":false},"author":1,"featured_media":0,"parent":0,"menu_order":0,"comment_status":"closed","ping_status":"closed","template":"","meta":{"footnotes":""},"class_list":["post-16777","page","type-page","status-publish","hentry"],"yoast_head":"<!-- This site is optimized with the Yoast SEO plugin v27.3 - https:\/\/yoast.com\/product\/yoast-seo-wordpress\/ -->\n<title>Info Newsletter - PEN.EU<\/title>\n<meta name=\"robots\" content=\"index, follow, max-snippet:-1, max-image-preview:large, max-video-preview:-1\" \/>\n<link rel=\"canonical\" href=\"https:\/\/pen.eu\/fr\/info-newsletter\/\" \/>\n<meta property=\"og:locale\" content=\"fr_FR\" \/>\n<meta property=\"og:type\" content=\"article\" \/>\n<meta property=\"og:title\" content=\"Info Newsletter - PEN.EU\" \/>\n<meta property=\"og:description\" content=\"So gehen wir mit Ihren Daten um Mit dem Absenden des Formulars melden Sie sich f\u00fcr unseren Newsletter sowie f\u00fcr weitere Marketing-E-Mails an. Ihre Daten werden ausschlie\u00dflich auf sicheren Servern unseres deutschen Dienstleisters Brevo (Sendinblue GmbH) innerhalb der Europ\u00e4ischen Union gespeichert und nach den Vorgaben der DSGVO verarbeitet. Sie k\u00f6nnen den Newsletter jederzeit \u00fcber den [&hellip;]\" \/>\n<meta property=\"og:url\" content=\"https:\/\/pen.eu\/fr\/info-newsletter\/\" \/>\n<meta property=\"og:site_name\" content=\"PEN.EU\" \/>\n<meta property=\"article:modified_time\" content=\"2025-08-30T09:24:02+00:00\" \/>\n<meta name=\"twitter:card\" content=\"summary_large_image\" \/>\n<meta name=\"twitter:label1\" content=\"Dur\u00e9e de lecture estim\u00e9e\" \/>\n\t<meta name=\"twitter:data1\" content=\"2 minutes\" \/>\n<script type=\"application\/ld+json\" class=\"yoast-schema-graph\">{\"@context\":\"https:\\\/\\\/schema.org\",\"@graph\":[{\"@type\":\"WebPage\",\"@id\":\"https:\\\/\\\/pen.eu\\\/info-newsletter\\\/\",\"url\":\"https:\\\/\\\/pen.eu\\\/info-newsletter\\\/\",\"name\":\"Info Newsletter - PEN.EU\",\"isPartOf\":{\"@id\":\"https:\\\/\\\/pen.eu\\\/#website\"},\"datePublished\":\"2025-08-30T09:04:13+00:00\",\"dateModified\":\"2025-08-30T09:24:02+00:00\",\"breadcrumb\":{\"@id\":\"https:\\\/\\\/pen.eu\\\/info-newsletter\\\/#breadcrumb\"},\"inLanguage\":\"fr-FR\",\"potentialAction\":[{\"@type\":\"ReadAction\",\"target\":[\"https:\\\/\\\/pen.eu\\\/info-newsletter\\\/\"]}]},{\"@type\":\"BreadcrumbList\",\"@id\":\"https:\\\/\\\/pen.eu\\\/info-newsletter\\\/#breadcrumb\",\"itemListElement\":[{\"@type\":\"ListItem\",\"position\":1,\"name\":\"Home\",\"item\":\"https:\\\/\\\/pen.eu\\\/\"},{\"@type\":\"ListItem\",\"position\":2,\"name\":\"Info Newsletter\"}]},{\"@type\":\"WebSite\",\"@id\":\"https:\\\/\\\/pen.eu\\\/#website\",\"url\":\"https:\\\/\\\/pen.eu\\\/\",\"name\":\"PEN.EU\",\"description\":\"Kugelschreiber bedrucken mit Logo | pen.eu\",\"potentialAction\":[{\"@type\":\"SearchAction\",\"target\":{\"@type\":\"EntryPoint\",\"urlTemplate\":\"https:\\\/\\\/pen.eu\\\/?s={search_term_string}\"},\"query-input\":{\"@type\":\"PropertyValueSpecification\",\"valueRequired\":true,\"valueName\":\"search_term_string\"}}],\"inLanguage\":\"fr-FR\"}]}<\/script>\n<!-- \/ Yoast SEO plugin. -->","yoast_head_json":{"title":"Info Newsletter - PEN.EU","robots":{"index":"index","follow":"follow","max-snippet":"max-snippet:-1","max-image-preview":"max-image-preview:large","max-video-preview":"max-video-preview:-1"},"canonical":"https:\/\/pen.eu\/fr\/info-newsletter\/","og_locale":"fr_FR","og_type":"article","og_title":"Info Newsletter - PEN.EU","og_description":"So gehen wir mit Ihren Daten um Mit dem Absenden des Formulars melden Sie sich f\u00fcr unseren Newsletter sowie f\u00fcr weitere Marketing-E-Mails an. Ihre Daten werden ausschlie\u00dflich auf sicheren Servern unseres deutschen Dienstleisters Brevo (Sendinblue GmbH) innerhalb der Europ\u00e4ischen Union gespeichert und nach den Vorgaben der DSGVO verarbeitet. Sie k\u00f6nnen den Newsletter jederzeit \u00fcber den [&hellip;]","og_url":"https:\/\/pen.eu\/fr\/info-newsletter\/","og_site_name":"PEN.EU","article_modified_time":"2025-08-30T09:24:02+00:00","twitter_card":"summary_large_image","twitter_misc":{"Dur\u00e9e de lecture estim\u00e9e":"2 minutes"},"schema":{"@context":"https:\/\/schema.org","@graph":[{"@type":"WebPage","@id":"https:\/\/pen.eu\/info-newsletter\/","url":"https:\/\/pen.eu\/info-newsletter\/","name":"Info Newsletter - PEN.EU","isPartOf":{"@id":"https:\/\/pen.eu\/#website"},"datePublished":"2025-08-30T09:04:13+00:00","dateModified":"2025-08-30T09:24:02+00:00","breadcrumb":{"@id":"https:\/\/pen.eu\/info-newsletter\/#breadcrumb"},"inLanguage":"fr-FR","potentialAction":[{"@type":"ReadAction","target":["https:\/\/pen.eu\/info-newsletter\/"]}]},{"@type":"BreadcrumbList","@id":"https:\/\/pen.eu\/info-newsletter\/#breadcrumb","itemListElement":[{"@type":"ListItem","position":1,"name":"Home","item":"https:\/\/pen.eu\/"},{"@type":"ListItem","position":2,"name":"Info Newsletter"}]},{"@type":"WebSite","@id":"https:\/\/pen.eu\/#website","url":"https:\/\/pen.eu\/","name":"PEN.EU","description":"Kugelschreiber bedrucken mit Logo | pen.eu","potentialAction":[{"@type":"SearchAction","target":{"@type":"EntryPoint","urlTemplate":"https:\/\/pen.eu\/?s={search_term_string}"},"query-input":{"@type":"PropertyValueSpecification","valueRequired":true,"valueName":"search_term_string"}}],"inLanguage":"fr-FR"}]}},"_links":{"self":[{"href":"https:\/\/pen.eu\/fr\/wp-json\/wp\/v2\/pages\/16777","targetHints":{"allow":["GET"]}}],"collection":[{"href":"https:\/\/pen.eu\/fr\/wp-json\/wp\/v2\/pages"}],"about":[{"href":"https:\/\/pen.eu\/fr\/wp-json\/wp\/v2\/types\/page"}],"author":[{"embeddable":true,"href":"https:\/\/pen.eu\/fr\/wp-json\/wp\/v2\/users\/1"}],"replies":[{"embeddable":true,"href":"https:\/\/pen.eu\/fr\/wp-json\/wp\/v2\/comments?post=16777"}],"version-history":[{"count":9,"href":"https:\/\/pen.eu\/fr\/wp-json\/wp\/v2\/pages\/16777\/revisions"}],"predecessor-version":[{"id":16790,"href":"https:\/\/pen.eu\/fr\/wp-json\/wp\/v2\/pages\/16777\/revisions\/16790"}],"wp:attachment":[{"href":"https:\/\/pen.eu\/fr\/wp-json\/wp\/v2\/media?parent=16777"}],"curies":[{"name":"wp","href":"https:\/\/api.w.org\/{rel}","templated":true}]}}