{"id":107,"date":"2024-09-19T09:16:22","date_gmt":"2024-09-19T07:16:22","guid":{"rendered":"https:\/\/v2.frank-pen.de\/produkt\/kugelschreiber-marry-gold\/"},"modified":"2025-09-29T16:11:07","modified_gmt":"2025-09-29T14:11:07","slug":"kugelschreiber-paragon-gold-2","status":"publish","type":"product","link":"https:\/\/pen.eu\/fr\/produit\/kugelschreiber-paragon-gold-2\/","title":{"rendered":"Stylo \u201cParagon Gold\u201d"},"content":{"rendered":"<p>S\u00e9duisez vos clients avec le stylo-bille Paragon Gold, sublim\u00e9 par de d\u00e9licats accents en or rose. Votre message peut \u00eatre appliqu\u00e9 par gravure laser ou via une impression num\u00e9rique en quadrichromie \u00e9clatante. Son corps en m\u00e9tal \u00e0 la finition soft-touch et ses d\u00e9tails \u00e9l\u00e9gants en or rose conf\u00e8rent au stylo une allure moderne et tendance. Ce cadeau d\u2019affaires haut de gamme laisse une impression durable et sera utilis\u00e9 fr\u00e9quemment par votre cible.<\/p>","protected":false},"excerpt":{"rendered":"<p>Begeistern Sie Ihre Kunden mit dem stilvollen Paragon Gold Kugelschreiber, veredelt mit edlen ros\u00e9goldenen Akzenten. Ihre Botschaft kann wahlweise per Lasergravur oder in lebendigem Mehrfarb-Digitaldruck aufgebracht werden. Der Metallschaft mit seiner Soft-Touch-Oberfl\u00e4che und den eleganten Ros\u00e9gold-Details verleiht dem Stift eine moderne, trendige Ausstrahlung. Dieses hochwertige Werbegeschenk hinterl\u00e4sst einen bleibenden Eindruck und wird von Ihrer Zielgruppe [&hellip;]<\/p>\n","protected":false},"featured_media":1035,"comment_status":"open","ping_status":"closed","template":"","meta":[],"product_brand":[],"product_cat":[309,247],"product_tag":[787,658,653,652,780],"class_list":{"0":"post-107","1":"product","2":"type-product","3":"status-publish","4":"has-post-thumbnail","6":"product_cat-kugelschreiber-aus-metall","7":"product_cat-schreibgeraete","8":"product_tag-left-53","9":"product_tag-longpen","10":"product_tag-marry-gold","11":"product_tag-mrq","12":"product_tag-top-50","13":"pa_eigenschaft-rose-gold","14":"pa_eigenschaft-soft-touch","15":"pa_farbe-anthrazit","16":"pa_farbe-dunkelrot","17":"pa_farbe-grau","18":"pa_farbe-marine","19":"pa_farbe-rose","20":"pa_material-metall","21":"pa_mindestmenge-24","22":"pa_minenfarbe-schwarz","23":"pa_werbeanbringung-digitaldruck","24":"pa_werbeanbringung-lasergravur","26":"first","27":"instock","28":"taxable","29":"shipping-taxable","30":"purchasable","31":"product-type-variable","32":"has-default-attributes","33":"add-to-wishlist-after_add_to_cart"},"yoast_head":"<!-- This site is optimized with the Yoast SEO plugin v27.4 - https:\/\/yoast.com\/product\/yoast-seo-wordpress\/ -->\n<title>Kugelschreiber &quot;Paragon Gold&quot; - PEN.EU<\/title>\n<meta name=\"robots\" content=\"index, follow, max-snippet:-1, max-image-preview:large, max-video-preview:-1\" \/>\n<link rel=\"canonical\" href=\"https:\/\/pen.eu\/fr\/produit\/kugelschreiber-paragon-gold-2\/\" \/>\n<meta property=\"og:locale\" content=\"fr_FR\" \/>\n<meta property=\"og:type\" content=\"article\" \/>\n<meta property=\"og:title\" content=\"Kugelschreiber &quot;Paragon Gold&quot; - PEN.EU\" \/>\n<meta property=\"og:description\" content=\"Begeistern Sie Ihre Kunden mit dem stilvollen Paragon Gold Kugelschreiber, veredelt mit edlen ros\u00e9goldenen Akzenten. Ihre Botschaft kann wahlweise per Lasergravur oder in lebendigem Mehrfarb-Digitaldruck aufgebracht werden. Der Metallschaft mit seiner Soft-Touch-Oberfl\u00e4che und den eleganten Ros\u00e9gold-Details verleiht dem Stift eine moderne, trendige Ausstrahlung. Dieses hochwertige Werbegeschenk hinterl\u00e4sst einen bleibenden Eindruck und wird von Ihrer Zielgruppe [&hellip;]\" \/>\n<meta property=\"og:url\" content=\"https:\/\/pen.eu\/fr\/produit\/kugelschreiber-paragon-gold-2\/\" \/>\n<meta property=\"og:site_name\" content=\"PEN.EU\" \/>\n<meta property=\"article:modified_time\" content=\"2025-09-29T14:11:07+00:00\" \/>\n<meta property=\"og:image\" content=\"https:\/\/pen.eu\/wp-content\/uploads\/2024\/09\/0511044113-GL-1.jpg\" \/>\n\t<meta property=\"og:image:width\" content=\"1014\" \/>\n\t<meta property=\"og:image:height\" content=\"1014\" \/>\n\t<meta property=\"og:image:type\" content=\"image\/jpeg\" \/>\n<meta name=\"twitter:card\" content=\"summary_large_image\" \/>\n<script type=\"application\/ld+json\" class=\"yoast-schema-graph\">{\"@context\":\"https:\\\/\\\/schema.org\",\"@graph\":[{\"@type\":\"WebPage\",\"@id\":\"https:\\\/\\\/pen.eu\\\/produkt\\\/kugelschreiber-paragon-gold-2\\\/\",\"url\":\"https:\\\/\\\/pen.eu\\\/produkt\\\/kugelschreiber-paragon-gold-2\\\/\",\"name\":\"Kugelschreiber \\\"Paragon Gold\\\" - PEN.EU\",\"isPartOf\":{\"@id\":\"https:\\\/\\\/pen.eu\\\/#website\"},\"primaryImageOfPage\":{\"@id\":\"https:\\\/\\\/pen.eu\\\/produkt\\\/kugelschreiber-paragon-gold-2\\\/#primaryimage\"},\"image\":{\"@id\":\"https:\\\/\\\/pen.eu\\\/produkt\\\/kugelschreiber-paragon-gold-2\\\/#primaryimage\"},\"thumbnailUrl\":\"https:\\\/\\\/pen.eu\\\/wp-content\\\/uploads\\\/2024\\\/09\\\/0511044113-GL-1.jpg\",\"datePublished\":\"2024-09-19T07:16:22+00:00\",\"dateModified\":\"2025-09-29T14:11:07+00:00\",\"breadcrumb\":{\"@id\":\"https:\\\/\\\/pen.eu\\\/produkt\\\/kugelschreiber-paragon-gold-2\\\/#breadcrumb\"},\"inLanguage\":\"fr-FR\",\"potentialAction\":[{\"@type\":\"ReadAction\",\"target\":[\"https:\\\/\\\/pen.eu\\\/produkt\\\/kugelschreiber-paragon-gold-2\\\/\"]}]},{\"@type\":\"ImageObject\",\"inLanguage\":\"fr-FR\",\"@id\":\"https:\\\/\\\/pen.eu\\\/produkt\\\/kugelschreiber-paragon-gold-2\\\/#primaryimage\",\"url\":\"https:\\\/\\\/pen.eu\\\/wp-content\\\/uploads\\\/2024\\\/09\\\/0511044113-GL-1.jpg\",\"contentUrl\":\"https:\\\/\\\/pen.eu\\\/wp-content\\\/uploads\\\/2024\\\/09\\\/0511044113-GL-1.jpg\",\"width\":1014,\"height\":1014},{\"@type\":\"BreadcrumbList\",\"@id\":\"https:\\\/\\\/pen.eu\\\/produkt\\\/kugelschreiber-paragon-gold-2\\\/#breadcrumb\",\"itemListElement\":[{\"@type\":\"ListItem\",\"position\":1,\"name\":\"Home\",\"item\":\"https:\\\/\\\/pen.eu\\\/\"},{\"@type\":\"ListItem\",\"position\":2,\"name\":\"Shop\",\"item\":\"https:\\\/\\\/pen.eu\\\/ch\\\/shop\\\/\"},{\"@type\":\"ListItem\",\"position\":3,\"name\":\"Kugelschreiber &#8220;Paragon Gold&#8221;\"}]},{\"@type\":\"WebSite\",\"@id\":\"https:\\\/\\\/pen.eu\\\/#website\",\"url\":\"https:\\\/\\\/pen.eu\\\/\",\"name\":\"PEN.EU\",\"description\":\"Kugelschreiber bedrucken mit Logo | pen.eu\",\"potentialAction\":[{\"@type\":\"SearchAction\",\"target\":{\"@type\":\"EntryPoint\",\"urlTemplate\":\"https:\\\/\\\/pen.eu\\\/?s={search_term_string}\"},\"query-input\":{\"@type\":\"PropertyValueSpecification\",\"valueRequired\":true,\"valueName\":\"search_term_string\"}}],\"inLanguage\":\"fr-FR\"}]}<\/script>\n<!-- \/ Yoast SEO plugin. -->","yoast_head_json":{"title":"Kugelschreiber \"Paragon Gold\" - PEN.EU","robots":{"index":"index","follow":"follow","max-snippet":"max-snippet:-1","max-image-preview":"max-image-preview:large","max-video-preview":"max-video-preview:-1"},"canonical":"https:\/\/pen.eu\/fr\/produit\/kugelschreiber-paragon-gold-2\/","og_locale":"fr_FR","og_type":"article","og_title":"Kugelschreiber \"Paragon Gold\" - PEN.EU","og_description":"Begeistern Sie Ihre Kunden mit dem stilvollen Paragon Gold Kugelschreiber, veredelt mit edlen ros\u00e9goldenen Akzenten. Ihre Botschaft kann wahlweise per Lasergravur oder in lebendigem Mehrfarb-Digitaldruck aufgebracht werden. Der Metallschaft mit seiner Soft-Touch-Oberfl\u00e4che und den eleganten Ros\u00e9gold-Details verleiht dem Stift eine moderne, trendige Ausstrahlung. Dieses hochwertige Werbegeschenk hinterl\u00e4sst einen bleibenden Eindruck und wird von Ihrer Zielgruppe [&hellip;]","og_url":"https:\/\/pen.eu\/fr\/produit\/kugelschreiber-paragon-gold-2\/","og_site_name":"PEN.EU","article_modified_time":"2025-09-29T14:11:07+00:00","og_image":[{"width":1014,"height":1014,"url":"https:\/\/pen.eu\/wp-content\/uploads\/2024\/09\/0511044113-GL-1.jpg","type":"image\/jpeg"}],"twitter_card":"summary_large_image","schema":{"@context":"https:\/\/schema.org","@graph":[{"@type":"WebPage","@id":"https:\/\/pen.eu\/produkt\/kugelschreiber-paragon-gold-2\/","url":"https:\/\/pen.eu\/produkt\/kugelschreiber-paragon-gold-2\/","name":"Kugelschreiber \"Paragon Gold\" - PEN.EU","isPartOf":{"@id":"https:\/\/pen.eu\/#website"},"primaryImageOfPage":{"@id":"https:\/\/pen.eu\/produkt\/kugelschreiber-paragon-gold-2\/#primaryimage"},"image":{"@id":"https:\/\/pen.eu\/produkt\/kugelschreiber-paragon-gold-2\/#primaryimage"},"thumbnailUrl":"https:\/\/pen.eu\/wp-content\/uploads\/2024\/09\/0511044113-GL-1.jpg","datePublished":"2024-09-19T07:16:22+00:00","dateModified":"2025-09-29T14:11:07+00:00","breadcrumb":{"@id":"https:\/\/pen.eu\/produkt\/kugelschreiber-paragon-gold-2\/#breadcrumb"},"inLanguage":"fr-FR","potentialAction":[{"@type":"ReadAction","target":["https:\/\/pen.eu\/produkt\/kugelschreiber-paragon-gold-2\/"]}]},{"@type":"ImageObject","inLanguage":"fr-FR","@id":"https:\/\/pen.eu\/produkt\/kugelschreiber-paragon-gold-2\/#primaryimage","url":"https:\/\/pen.eu\/wp-content\/uploads\/2024\/09\/0511044113-GL-1.jpg","contentUrl":"https:\/\/pen.eu\/wp-content\/uploads\/2024\/09\/0511044113-GL-1.jpg","width":1014,"height":1014},{"@type":"BreadcrumbList","@id":"https:\/\/pen.eu\/produkt\/kugelschreiber-paragon-gold-2\/#breadcrumb","itemListElement":[{"@type":"ListItem","position":1,"name":"Home","item":"https:\/\/pen.eu\/"},{"@type":"ListItem","position":2,"name":"Shop","item":"https:\/\/pen.eu\/ch\/shop\/"},{"@type":"ListItem","position":3,"name":"Kugelschreiber &#8220;Paragon Gold&#8221;"}]},{"@type":"WebSite","@id":"https:\/\/pen.eu\/#website","url":"https:\/\/pen.eu\/","name":"PEN.EU","description":"Kugelschreiber bedrucken mit Logo | pen.eu","potentialAction":[{"@type":"SearchAction","target":{"@type":"EntryPoint","urlTemplate":"https:\/\/pen.eu\/?s={search_term_string}"},"query-input":{"@type":"PropertyValueSpecification","valueRequired":true,"valueName":"search_term_string"}}],"inLanguage":"fr-FR"}]}},"_links":{"self":[{"href":"https:\/\/pen.eu\/fr\/wp-json\/wp\/v2\/product\/107","targetHints":{"allow":["GET"]}}],"collection":[{"href":"https:\/\/pen.eu\/fr\/wp-json\/wp\/v2\/product"}],"about":[{"href":"https:\/\/pen.eu\/fr\/wp-json\/wp\/v2\/types\/product"}],"replies":[{"embeddable":true,"href":"https:\/\/pen.eu\/fr\/wp-json\/wp\/v2\/comments?post=107"}],"wp:featuredmedia":[{"embeddable":true,"href":"https:\/\/pen.eu\/fr\/wp-json\/wp\/v2\/media\/1035"}],"wp:attachment":[{"href":"https:\/\/pen.eu\/fr\/wp-json\/wp\/v2\/media?parent=107"}],"wp:term":[{"taxonomy":"product_brand","embeddable":true,"href":"https:\/\/pen.eu\/fr\/wp-json\/wp\/v2\/product_brand?post=107"},{"taxonomy":"product_cat","embeddable":true,"href":"https:\/\/pen.eu\/fr\/wp-json\/wp\/v2\/product_cat?post=107"},{"taxonomy":"product_tag","embeddable":true,"href":"https:\/\/pen.eu\/fr\/wp-json\/wp\/v2\/product_tag?post=107"}],"curies":[{"name":"wp","href":"https:\/\/api.w.org\/{rel}","templated":true}]}}