{"id":10795,"date":"2024-11-27T08:59:04","date_gmt":"2024-11-27T07:59:04","guid":{"rendered":"https:\/\/v2.frank-pen.de\/?post_type=product&#038;p=10795"},"modified":"2025-11-12T14:52:43","modified_gmt":"2025-11-12T13:52:43","slug":"glasbecher-neve","status":"publish","type":"product","link":"https:\/\/pen.eu\/fr\/produit\/glasbecher-neve\/","title":{"rendered":"Mug en verre \u201cNeve\u201d"},"content":{"rendered":"<p data-start=\"20\" data-end=\"417\">Alliez design \u00e9l\u00e9gant et fonctionnalit\u00e9 pratique avec notre mug en verre Neve \u2013 355 ml, \u00e0 double paroi, avec couvercle en bambou assorti. Fabriqu\u00e9 en verre borosilicate r\u00e9sistant, ce mug s\u00e9duit par sa transparence raffin\u00e9e et sa grande robustesse. L\u2019isolation \u00e0 double paroi permet de conserver les boissons chaudes ou froides plus longtemps \u2013 id\u00e9al en d\u00e9placement ou au bureau. Le couvercle en bambou au design soign\u00e9 est muni d\u2019un joint en silicone int\u00e9gr\u00e9 pour \u00e9viter toute fuite. Pour une touche personnalis\u00e9e, il peut \u00eatre orn\u00e9 d\u2019une gravure laser de votre logo. Avec un poids plume de 245 grammes, ce gobelet est parfait pour un usage quotidien. Livr\u00e9 dans un coffret haut de gamme fait main, il constitue \u00e9galement un cadeau \u00e9l\u00e9gant ou un article promotionnel de qualit\u00e9. Apportez une touche d\u2019\u00e9l\u00e9gance \u00e0 votre pause caf\u00e9 \u2013 avec un mug personnalisable qui mettra en valeur votre marque avec go\u00fbt.<\/p>","protected":false},"excerpt":{"rendered":"<p>Genie\u00dfen Sie stilvolles Design und praktische Funktionalit\u00e4t mit unserem Glasbecher Neve \u2013 355 ml, doppelwandig und mit passendem Bambusdeckel. Gefertigt aus widerstandsf\u00e4higem Borosilikatglas, \u00fcberzeugt dieser Becher durch seine klare Optik und hohe Robustheit. Die doppelwandige Isolierung sorgt daf\u00fcr, dass Ihre Getr\u00e4nke l\u00e4nger hei\u00df oder kalt bleiben \u2013 perfekt f\u00fcr unterwegs oder das B\u00fcro. Der Becher [&hellip;]<\/p>\n","protected":false},"featured_media":10806,"comment_status":"open","ping_status":"closed","template":"","meta":[],"product_brand":[],"product_cat":[767,248],"product_tag":[624,683,687,797,689,625],"class_list":{"0":"post-10795","1":"product","2":"type-product","3":"status-publish","4":"has-post-thumbnail","6":"product_cat-trinkbecher","7":"product_cat-trinkgefaesse","8":"product_tag-bamboocup","9":"product_tag-designcup","10":"product_tag-logomiddle","11":"product_tag-mtop-48","12":"product_tag-slimsize","13":"product_tag-wej","14":"pa_farbe-bambus","15":"pa_farbe-transparent","16":"pa_material-bambus","17":"pa_material-borosilikatglas","18":"pa_material-glas","19":"pa_material-silikon","20":"pa_werbeanbringung-lasergravur","21":"pa_werbeanbringung-siebdruck","23":"first","24":"instock","25":"taxable","26":"shipping-taxable","27":"purchasable","28":"product-type-variable","29":"add-to-wishlist-after_add_to_cart"},"yoast_head":"<!-- This site is optimized with the Yoast SEO plugin v27.4 - https:\/\/yoast.com\/product\/yoast-seo-wordpress\/ -->\n<title>Glasbecher &quot;Neve&quot; - PEN.EU<\/title>\n<meta name=\"robots\" content=\"index, follow, max-snippet:-1, max-image-preview:large, max-video-preview:-1\" \/>\n<link rel=\"canonical\" href=\"https:\/\/pen.eu\/fr\/produit\/glasbecher-neve\/\" \/>\n<meta property=\"og:locale\" content=\"fr_FR\" \/>\n<meta property=\"og:type\" content=\"article\" \/>\n<meta property=\"og:title\" content=\"Glasbecher &quot;Neve&quot; - PEN.EU\" \/>\n<meta property=\"og:description\" content=\"Genie\u00dfen Sie stilvolles Design und praktische Funktionalit\u00e4t mit unserem Glasbecher Neve \u2013 355 ml, doppelwandig und mit passendem Bambusdeckel. Gefertigt aus widerstandsf\u00e4higem Borosilikatglas, \u00fcberzeugt dieser Becher durch seine klare Optik und hohe Robustheit. Die doppelwandige Isolierung sorgt daf\u00fcr, dass Ihre Getr\u00e4nke l\u00e4nger hei\u00df oder kalt bleiben \u2013 perfekt f\u00fcr unterwegs oder das B\u00fcro. Der Becher [&hellip;]\" \/>\n<meta property=\"og:url\" content=\"https:\/\/pen.eu\/fr\/produit\/glasbecher-neve\/\" \/>\n<meta property=\"og:site_name\" content=\"PEN.EU\" \/>\n<meta property=\"article:modified_time\" content=\"2025-11-12T13:52:43+00:00\" \/>\n<meta property=\"og:image\" content=\"https:\/\/pen.eu\/wp-content\/uploads\/2024\/11\/0513051121-GS.jpg\" \/>\n\t<meta property=\"og:image:width\" content=\"2000\" \/>\n\t<meta property=\"og:image:height\" content=\"2000\" \/>\n\t<meta property=\"og:image:type\" content=\"image\/jpeg\" \/>\n<meta name=\"twitter:card\" content=\"summary_large_image\" \/>\n<meta name=\"twitter:label1\" content=\"Dur\u00e9e de lecture estim\u00e9e\" \/>\n\t<meta name=\"twitter:data1\" content=\"1 minute\" \/>\n<script type=\"application\/ld+json\" class=\"yoast-schema-graph\">{\"@context\":\"https:\\\/\\\/schema.org\",\"@graph\":[{\"@type\":\"WebPage\",\"@id\":\"https:\\\/\\\/pen.eu\\\/produkt\\\/glasbecher-neve\\\/\",\"url\":\"https:\\\/\\\/pen.eu\\\/produkt\\\/glasbecher-neve\\\/\",\"name\":\"Glasbecher \\\"Neve\\\" - PEN.EU\",\"isPartOf\":{\"@id\":\"https:\\\/\\\/pen.eu\\\/#website\"},\"primaryImageOfPage\":{\"@id\":\"https:\\\/\\\/pen.eu\\\/produkt\\\/glasbecher-neve\\\/#primaryimage\"},\"image\":{\"@id\":\"https:\\\/\\\/pen.eu\\\/produkt\\\/glasbecher-neve\\\/#primaryimage\"},\"thumbnailUrl\":\"https:\\\/\\\/pen.eu\\\/wp-content\\\/uploads\\\/2024\\\/11\\\/0513051121-GS.jpg\",\"datePublished\":\"2024-11-27T07:59:04+00:00\",\"dateModified\":\"2025-11-12T13:52:43+00:00\",\"breadcrumb\":{\"@id\":\"https:\\\/\\\/pen.eu\\\/produkt\\\/glasbecher-neve\\\/#breadcrumb\"},\"inLanguage\":\"fr-FR\",\"potentialAction\":[{\"@type\":\"ReadAction\",\"target\":[\"https:\\\/\\\/pen.eu\\\/produkt\\\/glasbecher-neve\\\/\"]}]},{\"@type\":\"ImageObject\",\"inLanguage\":\"fr-FR\",\"@id\":\"https:\\\/\\\/pen.eu\\\/produkt\\\/glasbecher-neve\\\/#primaryimage\",\"url\":\"https:\\\/\\\/pen.eu\\\/wp-content\\\/uploads\\\/2024\\\/11\\\/0513051121-GS.jpg\",\"contentUrl\":\"https:\\\/\\\/pen.eu\\\/wp-content\\\/uploads\\\/2024\\\/11\\\/0513051121-GS.jpg\",\"width\":2000,\"height\":2000},{\"@type\":\"BreadcrumbList\",\"@id\":\"https:\\\/\\\/pen.eu\\\/produkt\\\/glasbecher-neve\\\/#breadcrumb\",\"itemListElement\":[{\"@type\":\"ListItem\",\"position\":1,\"name\":\"Home\",\"item\":\"https:\\\/\\\/pen.eu\\\/\"},{\"@type\":\"ListItem\",\"position\":2,\"name\":\"Shop\",\"item\":\"https:\\\/\\\/pen.eu\\\/ch\\\/shop\\\/\"},{\"@type\":\"ListItem\",\"position\":3,\"name\":\"Glasbecher &#8220;Neve&#8221;\"}]},{\"@type\":\"WebSite\",\"@id\":\"https:\\\/\\\/pen.eu\\\/#website\",\"url\":\"https:\\\/\\\/pen.eu\\\/\",\"name\":\"PEN.EU\",\"description\":\"Kugelschreiber bedrucken mit Logo | pen.eu\",\"potentialAction\":[{\"@type\":\"SearchAction\",\"target\":{\"@type\":\"EntryPoint\",\"urlTemplate\":\"https:\\\/\\\/pen.eu\\\/?s={search_term_string}\"},\"query-input\":{\"@type\":\"PropertyValueSpecification\",\"valueRequired\":true,\"valueName\":\"search_term_string\"}}],\"inLanguage\":\"fr-FR\"}]}<\/script>\n<!-- \/ Yoast SEO plugin. -->","yoast_head_json":{"title":"Glasbecher \"Neve\" - PEN.EU","robots":{"index":"index","follow":"follow","max-snippet":"max-snippet:-1","max-image-preview":"max-image-preview:large","max-video-preview":"max-video-preview:-1"},"canonical":"https:\/\/pen.eu\/fr\/produit\/glasbecher-neve\/","og_locale":"fr_FR","og_type":"article","og_title":"Glasbecher \"Neve\" - PEN.EU","og_description":"Genie\u00dfen Sie stilvolles Design und praktische Funktionalit\u00e4t mit unserem Glasbecher Neve \u2013 355 ml, doppelwandig und mit passendem Bambusdeckel. Gefertigt aus widerstandsf\u00e4higem Borosilikatglas, \u00fcberzeugt dieser Becher durch seine klare Optik und hohe Robustheit. Die doppelwandige Isolierung sorgt daf\u00fcr, dass Ihre Getr\u00e4nke l\u00e4nger hei\u00df oder kalt bleiben \u2013 perfekt f\u00fcr unterwegs oder das B\u00fcro. Der Becher [&hellip;]","og_url":"https:\/\/pen.eu\/fr\/produit\/glasbecher-neve\/","og_site_name":"PEN.EU","article_modified_time":"2025-11-12T13:52:43+00:00","og_image":[{"width":2000,"height":2000,"url":"https:\/\/pen.eu\/wp-content\/uploads\/2024\/11\/0513051121-GS.jpg","type":"image\/jpeg"}],"twitter_card":"summary_large_image","twitter_misc":{"Dur\u00e9e de lecture estim\u00e9e":"1 minute"},"schema":{"@context":"https:\/\/schema.org","@graph":[{"@type":"WebPage","@id":"https:\/\/pen.eu\/produkt\/glasbecher-neve\/","url":"https:\/\/pen.eu\/produkt\/glasbecher-neve\/","name":"Glasbecher \"Neve\" - PEN.EU","isPartOf":{"@id":"https:\/\/pen.eu\/#website"},"primaryImageOfPage":{"@id":"https:\/\/pen.eu\/produkt\/glasbecher-neve\/#primaryimage"},"image":{"@id":"https:\/\/pen.eu\/produkt\/glasbecher-neve\/#primaryimage"},"thumbnailUrl":"https:\/\/pen.eu\/wp-content\/uploads\/2024\/11\/0513051121-GS.jpg","datePublished":"2024-11-27T07:59:04+00:00","dateModified":"2025-11-12T13:52:43+00:00","breadcrumb":{"@id":"https:\/\/pen.eu\/produkt\/glasbecher-neve\/#breadcrumb"},"inLanguage":"fr-FR","potentialAction":[{"@type":"ReadAction","target":["https:\/\/pen.eu\/produkt\/glasbecher-neve\/"]}]},{"@type":"ImageObject","inLanguage":"fr-FR","@id":"https:\/\/pen.eu\/produkt\/glasbecher-neve\/#primaryimage","url":"https:\/\/pen.eu\/wp-content\/uploads\/2024\/11\/0513051121-GS.jpg","contentUrl":"https:\/\/pen.eu\/wp-content\/uploads\/2024\/11\/0513051121-GS.jpg","width":2000,"height":2000},{"@type":"BreadcrumbList","@id":"https:\/\/pen.eu\/produkt\/glasbecher-neve\/#breadcrumb","itemListElement":[{"@type":"ListItem","position":1,"name":"Home","item":"https:\/\/pen.eu\/"},{"@type":"ListItem","position":2,"name":"Shop","item":"https:\/\/pen.eu\/ch\/shop\/"},{"@type":"ListItem","position":3,"name":"Glasbecher &#8220;Neve&#8221;"}]},{"@type":"WebSite","@id":"https:\/\/pen.eu\/#website","url":"https:\/\/pen.eu\/","name":"PEN.EU","description":"Kugelschreiber bedrucken mit Logo | pen.eu","potentialAction":[{"@type":"SearchAction","target":{"@type":"EntryPoint","urlTemplate":"https:\/\/pen.eu\/?s={search_term_string}"},"query-input":{"@type":"PropertyValueSpecification","valueRequired":true,"valueName":"search_term_string"}}],"inLanguage":"fr-FR"}]}},"_links":{"self":[{"href":"https:\/\/pen.eu\/fr\/wp-json\/wp\/v2\/product\/10795","targetHints":{"allow":["GET"]}}],"collection":[{"href":"https:\/\/pen.eu\/fr\/wp-json\/wp\/v2\/product"}],"about":[{"href":"https:\/\/pen.eu\/fr\/wp-json\/wp\/v2\/types\/product"}],"replies":[{"embeddable":true,"href":"https:\/\/pen.eu\/fr\/wp-json\/wp\/v2\/comments?post=10795"}],"wp:featuredmedia":[{"embeddable":true,"href":"https:\/\/pen.eu\/fr\/wp-json\/wp\/v2\/media\/10806"}],"wp:attachment":[{"href":"https:\/\/pen.eu\/fr\/wp-json\/wp\/v2\/media?parent=10795"}],"wp:term":[{"taxonomy":"product_brand","embeddable":true,"href":"https:\/\/pen.eu\/fr\/wp-json\/wp\/v2\/product_brand?post=10795"},{"taxonomy":"product_cat","embeddable":true,"href":"https:\/\/pen.eu\/fr\/wp-json\/wp\/v2\/product_cat?post=10795"},{"taxonomy":"product_tag","embeddable":true,"href":"https:\/\/pen.eu\/fr\/wp-json\/wp\/v2\/product_tag?post=10795"}],"curies":[{"name":"wp","href":"https:\/\/api.w.org\/{rel}","templated":true}]}}