{"id":10808,"date":"2024-11-27T10:49:53","date_gmt":"2024-11-27T09:49:53","guid":{"rendered":"https:\/\/v2.frank-pen.de\/?post_type=product&#038;p=10808"},"modified":"2026-01-22T09:31:36","modified_gmt":"2026-01-22T08:31:36","slug":"trinkbecher-victor","status":"publish","type":"product","link":"https:\/\/pen.eu\/fr\/produit\/trinkbecher-victor\/","title":{"rendered":"Gobelet \u201cVictor\u201d"},"content":{"rendered":"<p>Le mug isotherme Victor en acier inoxydable, d'une capacit\u00e9 de 385 ml, allie design \u00e9l\u00e9gant et isolation performante. Gr\u00e2ce \u00e0 sa double paroi en acier inoxydable, les boissons chaudes restent chaudes et les boissons froides agr\u00e9ablement fra\u00eeches \u2013 jusqu\u2019\u00e0 six heures. Sa surface mate et son fond cuivr\u00e9 lui conf\u00e8rent un look moderne et raffin\u00e9. Dot\u00e9 d\u2019un couvercle noir anti-fuite, il est id\u00e9al pour les d\u00e9placements. Au bureau, en voyage ou dans les transports : ce mug robuste est aussi pratique qu\u2019\u00e9l\u00e9gant. Non compatible lave-vaisselle.<\/p>","protected":false},"excerpt":{"rendered":"<p>Der Edelstahl-Thermobecher Victor mit einem Fassungsverm\u00f6gen von 385 ml vereint stilvolles Design mit funktionaler Isolierung. Dank seiner doppelwandigen Konstruktion aus Edelstahl bleiben hei\u00dfe Getr\u00e4nke warm und kalte angenehm k\u00fchl \u2013 bis zu sechs Stunden lang. Die matte Oberfl\u00e4che in Kombination mit dem kupferfarbenen Boden verleiht dem Becher eine edle, moderne Optik. Ausgestattet mit einem auslaufsicheren [&hellip;]<\/p>\n","protected":false},"featured_media":10820,"comment_status":"open","ping_status":"closed","template":"","meta":[],"product_brand":[],"product_cat":[767,248],"product_tag":[683,627,838,687,689,626],"class_list":{"0":"post-10808","1":"product","2":"type-product","3":"status-publish","4":"has-post-thumbnail","6":"product_cat-trinkbecher","7":"product_cat-trinkgefaesse","8":"product_tag-designcup","9":"product_tag-goldtouch","10":"product_tag-left-48-5","11":"product_tag-logomiddle","12":"product_tag-slimsize","13":"product_tag-wer","14":"pa_farbe-creme","15":"pa_farbe-schwarz","16":"pa_material-edelstahl","17":"pa_werbeanbringung-digitaldruck","18":"pa_werbeanbringung-lasergravur","19":"pa_werbeanbringung-siebdruck","21":"first","22":"instock","23":"taxable","24":"shipping-taxable","25":"purchasable","26":"product-type-variable","27":"add-to-wishlist-after_add_to_cart"},"yoast_head":"<!-- This site is optimized with the Yoast SEO plugin v27.4 - https:\/\/yoast.com\/product\/yoast-seo-wordpress\/ -->\n<title>Trinkbecher &quot;Victor&quot; - PEN.EU<\/title>\n<meta name=\"robots\" content=\"index, follow, max-snippet:-1, max-image-preview:large, max-video-preview:-1\" \/>\n<link rel=\"canonical\" href=\"https:\/\/pen.eu\/fr\/produit\/trinkbecher-victor\/\" \/>\n<meta property=\"og:locale\" content=\"fr_FR\" \/>\n<meta property=\"og:type\" content=\"article\" \/>\n<meta property=\"og:title\" content=\"Trinkbecher &quot;Victor&quot; - PEN.EU\" \/>\n<meta property=\"og:description\" content=\"Der Edelstahl-Thermobecher Victor mit einem Fassungsverm\u00f6gen von 385 ml vereint stilvolles Design mit funktionaler Isolierung. Dank seiner doppelwandigen Konstruktion aus Edelstahl bleiben hei\u00dfe Getr\u00e4nke warm und kalte angenehm k\u00fchl \u2013 bis zu sechs Stunden lang. Die matte Oberfl\u00e4che in Kombination mit dem kupferfarbenen Boden verleiht dem Becher eine edle, moderne Optik. Ausgestattet mit einem auslaufsicheren [&hellip;]\" \/>\n<meta property=\"og:url\" content=\"https:\/\/pen.eu\/fr\/produit\/trinkbecher-victor\/\" \/>\n<meta property=\"og:site_name\" content=\"PEN.EU\" \/>\n<meta property=\"article:modified_time\" content=\"2026-01-22T08:31:36+00:00\" \/>\n<meta property=\"og:image\" content=\"https:\/\/pen.eu\/wp-content\/uploads\/2024\/11\/051305203-GS.jpg\" \/>\n\t<meta property=\"og:image:width\" content=\"2000\" \/>\n\t<meta property=\"og:image:height\" content=\"2000\" \/>\n\t<meta property=\"og:image:type\" content=\"image\/jpeg\" \/>\n<meta name=\"twitter:card\" content=\"summary_large_image\" \/>\n<script type=\"application\/ld+json\" class=\"yoast-schema-graph\">{\"@context\":\"https:\\\/\\\/schema.org\",\"@graph\":[{\"@type\":\"WebPage\",\"@id\":\"https:\\\/\\\/pen.eu\\\/produkt\\\/trinkbecher-victor\\\/\",\"url\":\"https:\\\/\\\/pen.eu\\\/produkt\\\/trinkbecher-victor\\\/\",\"name\":\"Trinkbecher \\\"Victor\\\" - PEN.EU\",\"isPartOf\":{\"@id\":\"https:\\\/\\\/pen.eu\\\/#website\"},\"primaryImageOfPage\":{\"@id\":\"https:\\\/\\\/pen.eu\\\/produkt\\\/trinkbecher-victor\\\/#primaryimage\"},\"image\":{\"@id\":\"https:\\\/\\\/pen.eu\\\/produkt\\\/trinkbecher-victor\\\/#primaryimage\"},\"thumbnailUrl\":\"https:\\\/\\\/pen.eu\\\/wp-content\\\/uploads\\\/2024\\\/11\\\/051305203-GS.jpg\",\"datePublished\":\"2024-11-27T09:49:53+00:00\",\"dateModified\":\"2026-01-22T08:31:36+00:00\",\"breadcrumb\":{\"@id\":\"https:\\\/\\\/pen.eu\\\/produkt\\\/trinkbecher-victor\\\/#breadcrumb\"},\"inLanguage\":\"fr-FR\",\"potentialAction\":[{\"@type\":\"ReadAction\",\"target\":[\"https:\\\/\\\/pen.eu\\\/produkt\\\/trinkbecher-victor\\\/\"]}]},{\"@type\":\"ImageObject\",\"inLanguage\":\"fr-FR\",\"@id\":\"https:\\\/\\\/pen.eu\\\/produkt\\\/trinkbecher-victor\\\/#primaryimage\",\"url\":\"https:\\\/\\\/pen.eu\\\/wp-content\\\/uploads\\\/2024\\\/11\\\/051305203-GS.jpg\",\"contentUrl\":\"https:\\\/\\\/pen.eu\\\/wp-content\\\/uploads\\\/2024\\\/11\\\/051305203-GS.jpg\",\"width\":2000,\"height\":2000},{\"@type\":\"BreadcrumbList\",\"@id\":\"https:\\\/\\\/pen.eu\\\/produkt\\\/trinkbecher-victor\\\/#breadcrumb\",\"itemListElement\":[{\"@type\":\"ListItem\",\"position\":1,\"name\":\"Home\",\"item\":\"https:\\\/\\\/pen.eu\\\/\"},{\"@type\":\"ListItem\",\"position\":2,\"name\":\"Shop\",\"item\":\"https:\\\/\\\/pen.eu\\\/ch\\\/shop\\\/\"},{\"@type\":\"ListItem\",\"position\":3,\"name\":\"Trinkbecher &#8220;Victor&#8221;\"}]},{\"@type\":\"WebSite\",\"@id\":\"https:\\\/\\\/pen.eu\\\/#website\",\"url\":\"https:\\\/\\\/pen.eu\\\/\",\"name\":\"PEN.EU\",\"description\":\"Kugelschreiber bedrucken mit Logo | pen.eu\",\"potentialAction\":[{\"@type\":\"SearchAction\",\"target\":{\"@type\":\"EntryPoint\",\"urlTemplate\":\"https:\\\/\\\/pen.eu\\\/?s={search_term_string}\"},\"query-input\":{\"@type\":\"PropertyValueSpecification\",\"valueRequired\":true,\"valueName\":\"search_term_string\"}}],\"inLanguage\":\"fr-FR\"}]}<\/script>\n<!-- \/ Yoast SEO plugin. -->","yoast_head_json":{"title":"Trinkbecher \"Victor\" - PEN.EU","robots":{"index":"index","follow":"follow","max-snippet":"max-snippet:-1","max-image-preview":"max-image-preview:large","max-video-preview":"max-video-preview:-1"},"canonical":"https:\/\/pen.eu\/fr\/produit\/trinkbecher-victor\/","og_locale":"fr_FR","og_type":"article","og_title":"Trinkbecher \"Victor\" - PEN.EU","og_description":"Der Edelstahl-Thermobecher Victor mit einem Fassungsverm\u00f6gen von 385 ml vereint stilvolles Design mit funktionaler Isolierung. Dank seiner doppelwandigen Konstruktion aus Edelstahl bleiben hei\u00dfe Getr\u00e4nke warm und kalte angenehm k\u00fchl \u2013 bis zu sechs Stunden lang. Die matte Oberfl\u00e4che in Kombination mit dem kupferfarbenen Boden verleiht dem Becher eine edle, moderne Optik. Ausgestattet mit einem auslaufsicheren [&hellip;]","og_url":"https:\/\/pen.eu\/fr\/produit\/trinkbecher-victor\/","og_site_name":"PEN.EU","article_modified_time":"2026-01-22T08:31:36+00:00","og_image":[{"width":2000,"height":2000,"url":"https:\/\/pen.eu\/wp-content\/uploads\/2024\/11\/051305203-GS.jpg","type":"image\/jpeg"}],"twitter_card":"summary_large_image","schema":{"@context":"https:\/\/schema.org","@graph":[{"@type":"WebPage","@id":"https:\/\/pen.eu\/produkt\/trinkbecher-victor\/","url":"https:\/\/pen.eu\/produkt\/trinkbecher-victor\/","name":"Trinkbecher \"Victor\" - PEN.EU","isPartOf":{"@id":"https:\/\/pen.eu\/#website"},"primaryImageOfPage":{"@id":"https:\/\/pen.eu\/produkt\/trinkbecher-victor\/#primaryimage"},"image":{"@id":"https:\/\/pen.eu\/produkt\/trinkbecher-victor\/#primaryimage"},"thumbnailUrl":"https:\/\/pen.eu\/wp-content\/uploads\/2024\/11\/051305203-GS.jpg","datePublished":"2024-11-27T09:49:53+00:00","dateModified":"2026-01-22T08:31:36+00:00","breadcrumb":{"@id":"https:\/\/pen.eu\/produkt\/trinkbecher-victor\/#breadcrumb"},"inLanguage":"fr-FR","potentialAction":[{"@type":"ReadAction","target":["https:\/\/pen.eu\/produkt\/trinkbecher-victor\/"]}]},{"@type":"ImageObject","inLanguage":"fr-FR","@id":"https:\/\/pen.eu\/produkt\/trinkbecher-victor\/#primaryimage","url":"https:\/\/pen.eu\/wp-content\/uploads\/2024\/11\/051305203-GS.jpg","contentUrl":"https:\/\/pen.eu\/wp-content\/uploads\/2024\/11\/051305203-GS.jpg","width":2000,"height":2000},{"@type":"BreadcrumbList","@id":"https:\/\/pen.eu\/produkt\/trinkbecher-victor\/#breadcrumb","itemListElement":[{"@type":"ListItem","position":1,"name":"Home","item":"https:\/\/pen.eu\/"},{"@type":"ListItem","position":2,"name":"Shop","item":"https:\/\/pen.eu\/ch\/shop\/"},{"@type":"ListItem","position":3,"name":"Trinkbecher &#8220;Victor&#8221;"}]},{"@type":"WebSite","@id":"https:\/\/pen.eu\/#website","url":"https:\/\/pen.eu\/","name":"PEN.EU","description":"Kugelschreiber bedrucken mit Logo | pen.eu","potentialAction":[{"@type":"SearchAction","target":{"@type":"EntryPoint","urlTemplate":"https:\/\/pen.eu\/?s={search_term_string}"},"query-input":{"@type":"PropertyValueSpecification","valueRequired":true,"valueName":"search_term_string"}}],"inLanguage":"fr-FR"}]}},"_links":{"self":[{"href":"https:\/\/pen.eu\/fr\/wp-json\/wp\/v2\/product\/10808","targetHints":{"allow":["GET"]}}],"collection":[{"href":"https:\/\/pen.eu\/fr\/wp-json\/wp\/v2\/product"}],"about":[{"href":"https:\/\/pen.eu\/fr\/wp-json\/wp\/v2\/types\/product"}],"replies":[{"embeddable":true,"href":"https:\/\/pen.eu\/fr\/wp-json\/wp\/v2\/comments?post=10808"}],"wp:featuredmedia":[{"embeddable":true,"href":"https:\/\/pen.eu\/fr\/wp-json\/wp\/v2\/media\/10820"}],"wp:attachment":[{"href":"https:\/\/pen.eu\/fr\/wp-json\/wp\/v2\/media?parent=10808"}],"wp:term":[{"taxonomy":"product_brand","embeddable":true,"href":"https:\/\/pen.eu\/fr\/wp-json\/wp\/v2\/product_brand?post=10808"},{"taxonomy":"product_cat","embeddable":true,"href":"https:\/\/pen.eu\/fr\/wp-json\/wp\/v2\/product_cat?post=10808"},{"taxonomy":"product_tag","embeddable":true,"href":"https:\/\/pen.eu\/fr\/wp-json\/wp\/v2\/product_tag?post=10808"}],"curies":[{"name":"wp","href":"https:\/\/api.w.org\/{rel}","templated":true}]}}