{"id":10938,"date":"2024-11-30T08:40:36","date_gmt":"2024-11-30T07:40:36","guid":{"rendered":"https:\/\/v2.frank-pen.de\/?post_type=product&#038;p=10938"},"modified":"2025-09-30T14:55:23","modified_gmt":"2025-09-30T12:55:23","slug":"trinkflasche-ecowave","status":"publish","type":"product","link":"https:\/\/pen.eu\/fr\/produit\/trinkflasche-ecowave\/","title":{"rendered":"Gobelet \"EcoWave\""},"content":{"rendered":"<p>La bouteille en acier inoxydable EcoWave Bamboo d\u2019une capacit\u00e9 de 650 ml est le compagnon id\u00e9al pour les boissons chaudes et froides \u2013 elle garde les liquides au chaud jusqu\u2019\u00e0 8 heures et au frais jusqu\u2019\u00e0 24 heures. Son large bec permet une hydratation facile et rapide, m\u00eame en d\u00e9placement. Avec son design mat \u00e9l\u00e9gant, elle est dot\u00e9e d\u2019un bouchon \u00e9tanche en bambou et d\u2019une base d\u00e9vissable \u00e9galement en bambou, facilitant grandement le nettoyage. Lavage \u00e0 la main uniquement. Une solution pratique et \u00e9l\u00e9gante pour le quotidien.<\/p>","protected":false},"excerpt":{"rendered":"<p>Die EcoWave Bamboo Edelstahlflasche mit einem Fassungsverm\u00f6gen von 650 ml ist der perfekte Begleiter f\u00fcr hei\u00dfe und kalte Getr\u00e4nke \u2013 sie h\u00e4lt Fl\u00fcssigkeiten bis zu 8 Stunden warm und bis zu 24 Stunden k\u00fchl. Dank des breiten Ausgie\u00dfers ist eine schnelle und unkomplizierte Fl\u00fcssigkeitsaufnahme auch unterwegs garantiert. Die Flasche besticht durch ihre matte, elegante Optik, [&hellip;]<\/p>\n","protected":false},"featured_media":10973,"comment_status":"open","ping_status":"closed","template":"","meta":[],"product_brand":[],"product_cat":[248],"product_tag":[682,631,689,630],"class_list":{"0":"post-10938","1":"product","2":"type-product","3":"status-publish","4":"has-post-thumbnail","6":"product_cat-trinkgefaesse","7":"product_tag-designbottle","8":"product_tag-ecowave","9":"product_tag-slimsize","10":"product_tag-wef","11":"pa_farbe-chrom","12":"pa_farbe-marine","13":"pa_farbe-schwarz","14":"pa_farbe-weiss","15":"pa_material-bambus","16":"pa_material-edelstahl","17":"pa_material-pp","18":"pa_werbeanbringung-digitaldruck","19":"pa_werbeanbringung-lasergravur","20":"pa_werbeanbringung-siebdruck","22":"first","23":"instock","24":"taxable","25":"shipping-taxable","26":"purchasable","27":"product-type-variable","28":"add-to-wishlist-after_add_to_cart"},"yoast_head":"<!-- This site is optimized with the Yoast SEO plugin v27.4 - https:\/\/yoast.com\/product\/yoast-seo-wordpress\/ -->\n<title>Trinkflasche &quot;EcoWave&quot; - PEN.EU<\/title>\n<meta name=\"robots\" content=\"index, follow, max-snippet:-1, max-image-preview:large, max-video-preview:-1\" \/>\n<link rel=\"canonical\" href=\"https:\/\/pen.eu\/fr\/produit\/trinkflasche-ecowave\/\" \/>\n<meta property=\"og:locale\" content=\"fr_FR\" \/>\n<meta property=\"og:type\" content=\"article\" \/>\n<meta property=\"og:title\" content=\"Trinkflasche &quot;EcoWave&quot; - PEN.EU\" \/>\n<meta property=\"og:description\" content=\"Die EcoWave Bamboo Edelstahlflasche mit einem Fassungsverm\u00f6gen von 650 ml ist der perfekte Begleiter f\u00fcr hei\u00dfe und kalte Getr\u00e4nke \u2013 sie h\u00e4lt Fl\u00fcssigkeiten bis zu 8 Stunden warm und bis zu 24 Stunden k\u00fchl. Dank des breiten Ausgie\u00dfers ist eine schnelle und unkomplizierte Fl\u00fcssigkeitsaufnahme auch unterwegs garantiert. Die Flasche besticht durch ihre matte, elegante Optik, [&hellip;]\" \/>\n<meta property=\"og:url\" content=\"https:\/\/pen.eu\/fr\/produit\/trinkflasche-ecowave\/\" \/>\n<meta property=\"og:site_name\" content=\"PEN.EU\" \/>\n<meta property=\"article:modified_time\" content=\"2025-09-30T12:55:23+00:00\" \/>\n<meta property=\"og:image\" content=\"https:\/\/pen.eu\/wp-content\/uploads\/2024\/11\/051305403-GS.jpg\" \/>\n\t<meta property=\"og:image:width\" content=\"1800\" \/>\n\t<meta property=\"og:image:height\" content=\"1800\" \/>\n\t<meta property=\"og:image:type\" content=\"image\/jpeg\" \/>\n<meta name=\"twitter:card\" content=\"summary_large_image\" \/>\n<script type=\"application\/ld+json\" class=\"yoast-schema-graph\">{\"@context\":\"https:\\\/\\\/schema.org\",\"@graph\":[{\"@type\":\"WebPage\",\"@id\":\"https:\\\/\\\/pen.eu\\\/produkt\\\/trinkflasche-ecowave\\\/\",\"url\":\"https:\\\/\\\/pen.eu\\\/produkt\\\/trinkflasche-ecowave\\\/\",\"name\":\"Trinkflasche \\\"EcoWave\\\" - PEN.EU\",\"isPartOf\":{\"@id\":\"https:\\\/\\\/pen.eu\\\/#website\"},\"primaryImageOfPage\":{\"@id\":\"https:\\\/\\\/pen.eu\\\/produkt\\\/trinkflasche-ecowave\\\/#primaryimage\"},\"image\":{\"@id\":\"https:\\\/\\\/pen.eu\\\/produkt\\\/trinkflasche-ecowave\\\/#primaryimage\"},\"thumbnailUrl\":\"https:\\\/\\\/pen.eu\\\/wp-content\\\/uploads\\\/2024\\\/11\\\/051305403-GS.jpg\",\"datePublished\":\"2024-11-30T07:40:36+00:00\",\"dateModified\":\"2025-09-30T12:55:23+00:00\",\"breadcrumb\":{\"@id\":\"https:\\\/\\\/pen.eu\\\/produkt\\\/trinkflasche-ecowave\\\/#breadcrumb\"},\"inLanguage\":\"fr-FR\",\"potentialAction\":[{\"@type\":\"ReadAction\",\"target\":[\"https:\\\/\\\/pen.eu\\\/produkt\\\/trinkflasche-ecowave\\\/\"]}]},{\"@type\":\"ImageObject\",\"inLanguage\":\"fr-FR\",\"@id\":\"https:\\\/\\\/pen.eu\\\/produkt\\\/trinkflasche-ecowave\\\/#primaryimage\",\"url\":\"https:\\\/\\\/pen.eu\\\/wp-content\\\/uploads\\\/2024\\\/11\\\/051305403-GS.jpg\",\"contentUrl\":\"https:\\\/\\\/pen.eu\\\/wp-content\\\/uploads\\\/2024\\\/11\\\/051305403-GS.jpg\",\"width\":1800,\"height\":1800},{\"@type\":\"BreadcrumbList\",\"@id\":\"https:\\\/\\\/pen.eu\\\/produkt\\\/trinkflasche-ecowave\\\/#breadcrumb\",\"itemListElement\":[{\"@type\":\"ListItem\",\"position\":1,\"name\":\"Home\",\"item\":\"https:\\\/\\\/pen.eu\\\/\"},{\"@type\":\"ListItem\",\"position\":2,\"name\":\"Shop\",\"item\":\"https:\\\/\\\/pen.eu\\\/ch\\\/shop\\\/\"},{\"@type\":\"ListItem\",\"position\":3,\"name\":\"Trinkflasche &#8220;EcoWave&#8221;\"}]},{\"@type\":\"WebSite\",\"@id\":\"https:\\\/\\\/pen.eu\\\/#website\",\"url\":\"https:\\\/\\\/pen.eu\\\/\",\"name\":\"PEN.EU\",\"description\":\"Kugelschreiber bedrucken mit Logo | pen.eu\",\"potentialAction\":[{\"@type\":\"SearchAction\",\"target\":{\"@type\":\"EntryPoint\",\"urlTemplate\":\"https:\\\/\\\/pen.eu\\\/?s={search_term_string}\"},\"query-input\":{\"@type\":\"PropertyValueSpecification\",\"valueRequired\":true,\"valueName\":\"search_term_string\"}}],\"inLanguage\":\"fr-FR\"}]}<\/script>\n<!-- \/ Yoast SEO plugin. -->","yoast_head_json":{"title":"Trinkflasche \"EcoWave\" - PEN.EU","robots":{"index":"index","follow":"follow","max-snippet":"max-snippet:-1","max-image-preview":"max-image-preview:large","max-video-preview":"max-video-preview:-1"},"canonical":"https:\/\/pen.eu\/fr\/produit\/trinkflasche-ecowave\/","og_locale":"fr_FR","og_type":"article","og_title":"Trinkflasche \"EcoWave\" - PEN.EU","og_description":"Die EcoWave Bamboo Edelstahlflasche mit einem Fassungsverm\u00f6gen von 650 ml ist der perfekte Begleiter f\u00fcr hei\u00dfe und kalte Getr\u00e4nke \u2013 sie h\u00e4lt Fl\u00fcssigkeiten bis zu 8 Stunden warm und bis zu 24 Stunden k\u00fchl. Dank des breiten Ausgie\u00dfers ist eine schnelle und unkomplizierte Fl\u00fcssigkeitsaufnahme auch unterwegs garantiert. Die Flasche besticht durch ihre matte, elegante Optik, [&hellip;]","og_url":"https:\/\/pen.eu\/fr\/produit\/trinkflasche-ecowave\/","og_site_name":"PEN.EU","article_modified_time":"2025-09-30T12:55:23+00:00","og_image":[{"width":1800,"height":1800,"url":"https:\/\/pen.eu\/wp-content\/uploads\/2024\/11\/051305403-GS.jpg","type":"image\/jpeg"}],"twitter_card":"summary_large_image","schema":{"@context":"https:\/\/schema.org","@graph":[{"@type":"WebPage","@id":"https:\/\/pen.eu\/produkt\/trinkflasche-ecowave\/","url":"https:\/\/pen.eu\/produkt\/trinkflasche-ecowave\/","name":"Trinkflasche \"EcoWave\" - PEN.EU","isPartOf":{"@id":"https:\/\/pen.eu\/#website"},"primaryImageOfPage":{"@id":"https:\/\/pen.eu\/produkt\/trinkflasche-ecowave\/#primaryimage"},"image":{"@id":"https:\/\/pen.eu\/produkt\/trinkflasche-ecowave\/#primaryimage"},"thumbnailUrl":"https:\/\/pen.eu\/wp-content\/uploads\/2024\/11\/051305403-GS.jpg","datePublished":"2024-11-30T07:40:36+00:00","dateModified":"2025-09-30T12:55:23+00:00","breadcrumb":{"@id":"https:\/\/pen.eu\/produkt\/trinkflasche-ecowave\/#breadcrumb"},"inLanguage":"fr-FR","potentialAction":[{"@type":"ReadAction","target":["https:\/\/pen.eu\/produkt\/trinkflasche-ecowave\/"]}]},{"@type":"ImageObject","inLanguage":"fr-FR","@id":"https:\/\/pen.eu\/produkt\/trinkflasche-ecowave\/#primaryimage","url":"https:\/\/pen.eu\/wp-content\/uploads\/2024\/11\/051305403-GS.jpg","contentUrl":"https:\/\/pen.eu\/wp-content\/uploads\/2024\/11\/051305403-GS.jpg","width":1800,"height":1800},{"@type":"BreadcrumbList","@id":"https:\/\/pen.eu\/produkt\/trinkflasche-ecowave\/#breadcrumb","itemListElement":[{"@type":"ListItem","position":1,"name":"Home","item":"https:\/\/pen.eu\/"},{"@type":"ListItem","position":2,"name":"Shop","item":"https:\/\/pen.eu\/ch\/shop\/"},{"@type":"ListItem","position":3,"name":"Trinkflasche &#8220;EcoWave&#8221;"}]},{"@type":"WebSite","@id":"https:\/\/pen.eu\/#website","url":"https:\/\/pen.eu\/","name":"PEN.EU","description":"Kugelschreiber bedrucken mit Logo | pen.eu","potentialAction":[{"@type":"SearchAction","target":{"@type":"EntryPoint","urlTemplate":"https:\/\/pen.eu\/?s={search_term_string}"},"query-input":{"@type":"PropertyValueSpecification","valueRequired":true,"valueName":"search_term_string"}}],"inLanguage":"fr-FR"}]}},"_links":{"self":[{"href":"https:\/\/pen.eu\/fr\/wp-json\/wp\/v2\/product\/10938","targetHints":{"allow":["GET"]}}],"collection":[{"href":"https:\/\/pen.eu\/fr\/wp-json\/wp\/v2\/product"}],"about":[{"href":"https:\/\/pen.eu\/fr\/wp-json\/wp\/v2\/types\/product"}],"replies":[{"embeddable":true,"href":"https:\/\/pen.eu\/fr\/wp-json\/wp\/v2\/comments?post=10938"}],"wp:featuredmedia":[{"embeddable":true,"href":"https:\/\/pen.eu\/fr\/wp-json\/wp\/v2\/media\/10973"}],"wp:attachment":[{"href":"https:\/\/pen.eu\/fr\/wp-json\/wp\/v2\/media?parent=10938"}],"wp:term":[{"taxonomy":"product_brand","embeddable":true,"href":"https:\/\/pen.eu\/fr\/wp-json\/wp\/v2\/product_brand?post=10938"},{"taxonomy":"product_cat","embeddable":true,"href":"https:\/\/pen.eu\/fr\/wp-json\/wp\/v2\/product_cat?post=10938"},{"taxonomy":"product_tag","embeddable":true,"href":"https:\/\/pen.eu\/fr\/wp-json\/wp\/v2\/product_tag?post=10938"}],"curies":[{"name":"wp","href":"https:\/\/api.w.org\/{rel}","templated":true}]}}