{"id":10982,"date":"2024-11-30T09:17:00","date_gmt":"2024-11-30T08:17:00","guid":{"rendered":"https:\/\/v2.frank-pen.de\/?post_type=product&#038;p=10982"},"modified":"2025-09-30T14:55:23","modified_gmt":"2025-09-30T12:55:23","slug":"trinkflasche-celeste","status":"publish","type":"product","link":"https:\/\/pen.eu\/fr\/produit\/trinkflasche-celeste\/","title":{"rendered":"Gobelet \"Celeste\""},"content":{"rendered":"<p>La bouteille Celeste, d'une capacit\u00e9 de 650 ml, est fabriqu\u00e9e en plastique PET recycl\u00e9 et constitue une solution durable pour r\u00e9pondre \u00e0 vos besoins quotidiens en hydratation. Son bouchon en bambou renouvelable lui conf\u00e8re une apparence naturelle et \u00e9l\u00e9gante ainsi qu\u2019une prise en main agr\u00e9able. Nous recommandons un lavage \u00e0 la main.<\/p>","protected":false},"excerpt":{"rendered":"<p>La bouteille Celeste, d'une capacit\u00e9 de 650 ml, est fabriqu\u00e9e en plastique PET recycl\u00e9 et constitue une solution durable pour r\u00e9pondre \u00e0 vos besoins quotidiens en hydratation. Son bouchon en bambou renouvelable lui conf\u00e8re une apparence naturelle et \u00e9l\u00e9gante ainsi qu\u2019une prise en main agr\u00e9able. Nous recommandons un lavage \u00e0 la main.<\/p>","protected":false},"featured_media":11009,"comment_status":"open","ping_status":"closed","template":"","meta":[],"product_brand":[],"product_cat":[248],"product_tag":[682,633,632,684],"class_list":{"0":"post-10982","1":"product","2":"type-product","3":"status-publish","4":"has-post-thumbnail","6":"product_cat-trinkgefaesse","7":"product_tag-designbottle","8":"product_tag-wavepet","9":"product_tag-wdx","10":"product_tag-widesize","11":"pa_farbe-blau","12":"pa_farbe-gruen","13":"pa_farbe-rauch","14":"pa_farbe-transparent","15":"pa_material-bambus","16":"pa_material-kunststoff","17":"pa_material-pp","18":"pa_material-rpet","19":"pa_werbeanbringung-digitaldruck","20":"pa_werbeanbringung-siebdruck","22":"first","23":"instock","24":"taxable","25":"shipping-taxable","26":"purchasable","27":"product-type-variable","28":"add-to-wishlist-after_add_to_cart"},"yoast_head":"<!-- This site is optimized with the Yoast SEO plugin v27.4 - https:\/\/yoast.com\/product\/yoast-seo-wordpress\/ -->\n<title>Trinkflasche &quot;Celeste&quot; - PEN.EU<\/title>\n<meta name=\"robots\" content=\"index, follow, max-snippet:-1, max-image-preview:large, max-video-preview:-1\" \/>\n<link rel=\"canonical\" href=\"https:\/\/pen.eu\/fr\/produit\/trinkflasche-celeste\/\" \/>\n<meta property=\"og:locale\" content=\"fr_FR\" \/>\n<meta property=\"og:type\" content=\"article\" \/>\n<meta property=\"og:title\" content=\"Trinkflasche &quot;Celeste&quot; - PEN.EU\" \/>\n<meta property=\"og:description\" content=\"Die Trinkflasche Celeste mit einem Volumen von 650 ml wird aus recyceltem PET-Kunststoff gefertigt und bietet eine nachhaltige M\u00f6glichkeit, den t\u00e4glichen Fl\u00fcssigkeitsbedarf umweltfreundlich zu decken. Der Deckel aus nachwachsendem Bambus verleiht der Flasche eine nat\u00fcrliche, hochwertige Ausstrahlung und ein angenehmes Griffgef\u00fchl. Zur Pflege empfehlen wir die Reinigung per Hand.\" \/>\n<meta property=\"og:url\" content=\"https:\/\/pen.eu\/fr\/produit\/trinkflasche-celeste\/\" \/>\n<meta property=\"og:site_name\" content=\"PEN.EU\" \/>\n<meta property=\"article:modified_time\" content=\"2025-09-30T12:55:23+00:00\" \/>\n<meta property=\"og:image\" content=\"https:\/\/pen.eu\/wp-content\/uploads\/2024\/11\/051305511-GS.jpg\" \/>\n\t<meta property=\"og:image:width\" content=\"2000\" \/>\n\t<meta property=\"og:image:height\" content=\"2000\" \/>\n\t<meta property=\"og:image:type\" content=\"image\/jpeg\" \/>\n<meta name=\"twitter:card\" content=\"summary_large_image\" \/>\n<script type=\"application\/ld+json\" class=\"yoast-schema-graph\">{\"@context\":\"https:\\\/\\\/schema.org\",\"@graph\":[{\"@type\":\"WebPage\",\"@id\":\"https:\\\/\\\/pen.eu\\\/produkt\\\/trinkflasche-celeste\\\/\",\"url\":\"https:\\\/\\\/pen.eu\\\/produkt\\\/trinkflasche-celeste\\\/\",\"name\":\"Trinkflasche \\\"Celeste\\\" - PEN.EU\",\"isPartOf\":{\"@id\":\"https:\\\/\\\/pen.eu\\\/#website\"},\"primaryImageOfPage\":{\"@id\":\"https:\\\/\\\/pen.eu\\\/produkt\\\/trinkflasche-celeste\\\/#primaryimage\"},\"image\":{\"@id\":\"https:\\\/\\\/pen.eu\\\/produkt\\\/trinkflasche-celeste\\\/#primaryimage\"},\"thumbnailUrl\":\"https:\\\/\\\/pen.eu\\\/wp-content\\\/uploads\\\/2024\\\/11\\\/051305511-GS.jpg\",\"datePublished\":\"2024-11-30T08:17:00+00:00\",\"dateModified\":\"2025-09-30T12:55:23+00:00\",\"breadcrumb\":{\"@id\":\"https:\\\/\\\/pen.eu\\\/produkt\\\/trinkflasche-celeste\\\/#breadcrumb\"},\"inLanguage\":\"fr-FR\",\"potentialAction\":[{\"@type\":\"ReadAction\",\"target\":[\"https:\\\/\\\/pen.eu\\\/produkt\\\/trinkflasche-celeste\\\/\"]}]},{\"@type\":\"ImageObject\",\"inLanguage\":\"fr-FR\",\"@id\":\"https:\\\/\\\/pen.eu\\\/produkt\\\/trinkflasche-celeste\\\/#primaryimage\",\"url\":\"https:\\\/\\\/pen.eu\\\/wp-content\\\/uploads\\\/2024\\\/11\\\/051305511-GS.jpg\",\"contentUrl\":\"https:\\\/\\\/pen.eu\\\/wp-content\\\/uploads\\\/2024\\\/11\\\/051305511-GS.jpg\",\"width\":2000,\"height\":2000},{\"@type\":\"BreadcrumbList\",\"@id\":\"https:\\\/\\\/pen.eu\\\/produkt\\\/trinkflasche-celeste\\\/#breadcrumb\",\"itemListElement\":[{\"@type\":\"ListItem\",\"position\":1,\"name\":\"Home\",\"item\":\"https:\\\/\\\/pen.eu\\\/\"},{\"@type\":\"ListItem\",\"position\":2,\"name\":\"Shop\",\"item\":\"https:\\\/\\\/pen.eu\\\/ch\\\/shop\\\/\"},{\"@type\":\"ListItem\",\"position\":3,\"name\":\"Trinkflasche &#8220;Celeste&#8221;\"}]},{\"@type\":\"WebSite\",\"@id\":\"https:\\\/\\\/pen.eu\\\/#website\",\"url\":\"https:\\\/\\\/pen.eu\\\/\",\"name\":\"PEN.EU\",\"description\":\"Kugelschreiber bedrucken mit Logo | pen.eu\",\"potentialAction\":[{\"@type\":\"SearchAction\",\"target\":{\"@type\":\"EntryPoint\",\"urlTemplate\":\"https:\\\/\\\/pen.eu\\\/?s={search_term_string}\"},\"query-input\":{\"@type\":\"PropertyValueSpecification\",\"valueRequired\":true,\"valueName\":\"search_term_string\"}}],\"inLanguage\":\"fr-FR\"}]}<\/script>\n<!-- \/ Yoast SEO plugin. -->","yoast_head_json":{"title":"Trinkflasche \"Celeste\" - PEN.EU","robots":{"index":"index","follow":"follow","max-snippet":"max-snippet:-1","max-image-preview":"max-image-preview:large","max-video-preview":"max-video-preview:-1"},"canonical":"https:\/\/pen.eu\/fr\/produit\/trinkflasche-celeste\/","og_locale":"fr_FR","og_type":"article","og_title":"Trinkflasche \"Celeste\" - PEN.EU","og_description":"Die Trinkflasche Celeste mit einem Volumen von 650 ml wird aus recyceltem PET-Kunststoff gefertigt und bietet eine nachhaltige M\u00f6glichkeit, den t\u00e4glichen Fl\u00fcssigkeitsbedarf umweltfreundlich zu decken. Der Deckel aus nachwachsendem Bambus verleiht der Flasche eine nat\u00fcrliche, hochwertige Ausstrahlung und ein angenehmes Griffgef\u00fchl. Zur Pflege empfehlen wir die Reinigung per Hand.","og_url":"https:\/\/pen.eu\/fr\/produit\/trinkflasche-celeste\/","og_site_name":"PEN.EU","article_modified_time":"2025-09-30T12:55:23+00:00","og_image":[{"width":2000,"height":2000,"url":"https:\/\/pen.eu\/wp-content\/uploads\/2024\/11\/051305511-GS.jpg","type":"image\/jpeg"}],"twitter_card":"summary_large_image","schema":{"@context":"https:\/\/schema.org","@graph":[{"@type":"WebPage","@id":"https:\/\/pen.eu\/produkt\/trinkflasche-celeste\/","url":"https:\/\/pen.eu\/produkt\/trinkflasche-celeste\/","name":"Trinkflasche \"Celeste\" - PEN.EU","isPartOf":{"@id":"https:\/\/pen.eu\/#website"},"primaryImageOfPage":{"@id":"https:\/\/pen.eu\/produkt\/trinkflasche-celeste\/#primaryimage"},"image":{"@id":"https:\/\/pen.eu\/produkt\/trinkflasche-celeste\/#primaryimage"},"thumbnailUrl":"https:\/\/pen.eu\/wp-content\/uploads\/2024\/11\/051305511-GS.jpg","datePublished":"2024-11-30T08:17:00+00:00","dateModified":"2025-09-30T12:55:23+00:00","breadcrumb":{"@id":"https:\/\/pen.eu\/produkt\/trinkflasche-celeste\/#breadcrumb"},"inLanguage":"fr-FR","potentialAction":[{"@type":"ReadAction","target":["https:\/\/pen.eu\/produkt\/trinkflasche-celeste\/"]}]},{"@type":"ImageObject","inLanguage":"fr-FR","@id":"https:\/\/pen.eu\/produkt\/trinkflasche-celeste\/#primaryimage","url":"https:\/\/pen.eu\/wp-content\/uploads\/2024\/11\/051305511-GS.jpg","contentUrl":"https:\/\/pen.eu\/wp-content\/uploads\/2024\/11\/051305511-GS.jpg","width":2000,"height":2000},{"@type":"BreadcrumbList","@id":"https:\/\/pen.eu\/produkt\/trinkflasche-celeste\/#breadcrumb","itemListElement":[{"@type":"ListItem","position":1,"name":"Home","item":"https:\/\/pen.eu\/"},{"@type":"ListItem","position":2,"name":"Shop","item":"https:\/\/pen.eu\/ch\/shop\/"},{"@type":"ListItem","position":3,"name":"Trinkflasche &#8220;Celeste&#8221;"}]},{"@type":"WebSite","@id":"https:\/\/pen.eu\/#website","url":"https:\/\/pen.eu\/","name":"PEN.EU","description":"Kugelschreiber bedrucken mit Logo | pen.eu","potentialAction":[{"@type":"SearchAction","target":{"@type":"EntryPoint","urlTemplate":"https:\/\/pen.eu\/?s={search_term_string}"},"query-input":{"@type":"PropertyValueSpecification","valueRequired":true,"valueName":"search_term_string"}}],"inLanguage":"fr-FR"}]}},"_links":{"self":[{"href":"https:\/\/pen.eu\/fr\/wp-json\/wp\/v2\/product\/10982","targetHints":{"allow":["GET"]}}],"collection":[{"href":"https:\/\/pen.eu\/fr\/wp-json\/wp\/v2\/product"}],"about":[{"href":"https:\/\/pen.eu\/fr\/wp-json\/wp\/v2\/types\/product"}],"replies":[{"embeddable":true,"href":"https:\/\/pen.eu\/fr\/wp-json\/wp\/v2\/comments?post=10982"}],"wp:featuredmedia":[{"embeddable":true,"href":"https:\/\/pen.eu\/fr\/wp-json\/wp\/v2\/media\/11009"}],"wp:attachment":[{"href":"https:\/\/pen.eu\/fr\/wp-json\/wp\/v2\/media?parent=10982"}],"wp:term":[{"taxonomy":"product_brand","embeddable":true,"href":"https:\/\/pen.eu\/fr\/wp-json\/wp\/v2\/product_brand?post=10982"},{"taxonomy":"product_cat","embeddable":true,"href":"https:\/\/pen.eu\/fr\/wp-json\/wp\/v2\/product_cat?post=10982"},{"taxonomy":"product_tag","embeddable":true,"href":"https:\/\/pen.eu\/fr\/wp-json\/wp\/v2\/product_tag?post=10982"}],"curies":[{"name":"wp","href":"https:\/\/api.w.org\/{rel}","templated":true}]}}