{"id":11257,"date":"2024-12-17T08:50:40","date_gmt":"2024-12-17T07:50:40","guid":{"rendered":"https:\/\/v2.frank-pen.de\/?post_type=product&#038;p=11257"},"modified":"2026-01-22T10:38:54","modified_gmt":"2026-01-22T09:38:54","slug":"einkaufstasche-rayna","status":"publish","type":"product","link":"https:\/\/pen.eu\/fr\/produit\/einkaufstasche-rayna\/","title":{"rendered":"Sac de courses \u201cRayna\u201d"},"content":{"rendered":"<p>Ce sac de courses bicolore Rayna allie fonctionnalit\u00e9 et design moderne : une base color\u00e9e, une poche avant en polyester gris et des anses assorties mettent parfaitement en valeur votre logo personnalis\u00e9. Le mat\u00e9riau non-tiss\u00e9 robuste convient parfaitement \u00e0 une utilisation quotidienne, tandis que les poign\u00e9es renforc\u00e9es par des coutures en croix assurent une grande solidit\u00e9 et capacit\u00e9 de charge. Vos clients appr\u00e9cieront \u00e0 la fois sa praticit\u00e9 et son style \u00e9l\u00e9gant.<\/p>","protected":false},"excerpt":{"rendered":"<p>Diese zweifarbige Einkaufstasche Rayna vereint Funktionalit\u00e4t mit modernem Design: Eine farbige Bodenpartie, kombiniert mit einer grauen Polyester-Vordertasche und passenden Trageriemen, setzt Ihr individuell bedrucktes Logo wirkungsvoll in Szene. Das strapazierf\u00e4hige Vliesmaterial eignet sich ideal f\u00fcr den t\u00e4glichen Einsatz, w\u00e4hrend die X-Stich-verst\u00e4rkten Griffe f\u00fcr zus\u00e4tzliche Stabilit\u00e4t und hohe Tragkraft sorgen. Ihre Kunden werden nicht nur die [&hellip;]<\/p>\n","protected":false},"featured_media":11273,"comment_status":"open","ping_status":"closed","template":"","meta":[],"product_brand":[],"product_cat":[249],"product_tag":[656,655],"class_list":{"0":"post-11257","1":"product","2":"type-product","3":"status-publish","4":"has-post-thumbnail","6":"product_cat-taschen","7":"product_tag-ufv","8":"product_tag-viva","9":"pa_farbe-bordeaux","10":"pa_farbe-marine","11":"pa_farbe-schwarz","12":"pa_material-vliesstoff","13":"pa_mindestmenge-24","14":"pa_werbeanbringung-siebdruck","16":"first","17":"instock","18":"taxable","19":"shipping-taxable","20":"purchasable","21":"product-type-variable","22":"has-default-attributes","23":"add-to-wishlist-after_add_to_cart"},"yoast_head":"<!-- This site is optimized with the Yoast SEO plugin v27.4 - https:\/\/yoast.com\/product\/yoast-seo-wordpress\/ -->\n<title>Einkaufstasche &quot;Rayna&quot; - PEN.EU<\/title>\n<meta name=\"robots\" content=\"index, follow, max-snippet:-1, max-image-preview:large, max-video-preview:-1\" \/>\n<link rel=\"canonical\" href=\"https:\/\/pen.eu\/fr\/produit\/einkaufstasche-rayna\/\" \/>\n<meta property=\"og:locale\" content=\"fr_FR\" \/>\n<meta property=\"og:type\" content=\"article\" \/>\n<meta property=\"og:title\" content=\"Einkaufstasche &quot;Rayna&quot; - PEN.EU\" \/>\n<meta property=\"og:description\" content=\"Diese zweifarbige Einkaufstasche Rayna vereint Funktionalit\u00e4t mit modernem Design: Eine farbige Bodenpartie, kombiniert mit einer grauen Polyester-Vordertasche und passenden Trageriemen, setzt Ihr individuell bedrucktes Logo wirkungsvoll in Szene. Das strapazierf\u00e4hige Vliesmaterial eignet sich ideal f\u00fcr den t\u00e4glichen Einsatz, w\u00e4hrend die X-Stich-verst\u00e4rkten Griffe f\u00fcr zus\u00e4tzliche Stabilit\u00e4t und hohe Tragkraft sorgen. Ihre Kunden werden nicht nur die [&hellip;]\" \/>\n<meta property=\"og:url\" content=\"https:\/\/pen.eu\/fr\/produit\/einkaufstasche-rayna\/\" \/>\n<meta property=\"og:site_name\" content=\"PEN.EU\" \/>\n<meta property=\"article:modified_time\" content=\"2026-01-22T09:38:54+00:00\" \/>\n<meta property=\"og:image\" content=\"https:\/\/pen.eu\/wp-content\/uploads\/2024\/12\/0514017113-GS.jpg\" \/>\n\t<meta property=\"og:image:width\" content=\"2000\" \/>\n\t<meta property=\"og:image:height\" content=\"2000\" \/>\n\t<meta property=\"og:image:type\" content=\"image\/jpeg\" \/>\n<meta name=\"twitter:card\" content=\"summary_large_image\" \/>\n<script type=\"application\/ld+json\" class=\"yoast-schema-graph\">{\"@context\":\"https:\\\/\\\/schema.org\",\"@graph\":[{\"@type\":\"WebPage\",\"@id\":\"https:\\\/\\\/pen.eu\\\/produkt\\\/einkaufstasche-rayna\\\/\",\"url\":\"https:\\\/\\\/pen.eu\\\/produkt\\\/einkaufstasche-rayna\\\/\",\"name\":\"Einkaufstasche \\\"Rayna\\\" - PEN.EU\",\"isPartOf\":{\"@id\":\"https:\\\/\\\/pen.eu\\\/#website\"},\"primaryImageOfPage\":{\"@id\":\"https:\\\/\\\/pen.eu\\\/produkt\\\/einkaufstasche-rayna\\\/#primaryimage\"},\"image\":{\"@id\":\"https:\\\/\\\/pen.eu\\\/produkt\\\/einkaufstasche-rayna\\\/#primaryimage\"},\"thumbnailUrl\":\"https:\\\/\\\/pen.eu\\\/wp-content\\\/uploads\\\/2024\\\/12\\\/0514017113-GS.jpg\",\"datePublished\":\"2024-12-17T07:50:40+00:00\",\"dateModified\":\"2026-01-22T09:38:54+00:00\",\"breadcrumb\":{\"@id\":\"https:\\\/\\\/pen.eu\\\/produkt\\\/einkaufstasche-rayna\\\/#breadcrumb\"},\"inLanguage\":\"fr-FR\",\"potentialAction\":[{\"@type\":\"ReadAction\",\"target\":[\"https:\\\/\\\/pen.eu\\\/produkt\\\/einkaufstasche-rayna\\\/\"]}]},{\"@type\":\"ImageObject\",\"inLanguage\":\"fr-FR\",\"@id\":\"https:\\\/\\\/pen.eu\\\/produkt\\\/einkaufstasche-rayna\\\/#primaryimage\",\"url\":\"https:\\\/\\\/pen.eu\\\/wp-content\\\/uploads\\\/2024\\\/12\\\/0514017113-GS.jpg\",\"contentUrl\":\"https:\\\/\\\/pen.eu\\\/wp-content\\\/uploads\\\/2024\\\/12\\\/0514017113-GS.jpg\",\"width\":2000,\"height\":2000},{\"@type\":\"BreadcrumbList\",\"@id\":\"https:\\\/\\\/pen.eu\\\/produkt\\\/einkaufstasche-rayna\\\/#breadcrumb\",\"itemListElement\":[{\"@type\":\"ListItem\",\"position\":1,\"name\":\"Home\",\"item\":\"https:\\\/\\\/pen.eu\\\/\"},{\"@type\":\"ListItem\",\"position\":2,\"name\":\"Shop\",\"item\":\"https:\\\/\\\/pen.eu\\\/ch\\\/shop\\\/\"},{\"@type\":\"ListItem\",\"position\":3,\"name\":\"Einkaufstasche &#8220;Rayna&#8221;\"}]},{\"@type\":\"WebSite\",\"@id\":\"https:\\\/\\\/pen.eu\\\/#website\",\"url\":\"https:\\\/\\\/pen.eu\\\/\",\"name\":\"PEN.EU\",\"description\":\"Kugelschreiber bedrucken mit Logo | pen.eu\",\"potentialAction\":[{\"@type\":\"SearchAction\",\"target\":{\"@type\":\"EntryPoint\",\"urlTemplate\":\"https:\\\/\\\/pen.eu\\\/?s={search_term_string}\"},\"query-input\":{\"@type\":\"PropertyValueSpecification\",\"valueRequired\":true,\"valueName\":\"search_term_string\"}}],\"inLanguage\":\"fr-FR\"}]}<\/script>\n<!-- \/ Yoast SEO plugin. -->","yoast_head_json":{"title":"Einkaufstasche \"Rayna\" - PEN.EU","robots":{"index":"index","follow":"follow","max-snippet":"max-snippet:-1","max-image-preview":"max-image-preview:large","max-video-preview":"max-video-preview:-1"},"canonical":"https:\/\/pen.eu\/fr\/produit\/einkaufstasche-rayna\/","og_locale":"fr_FR","og_type":"article","og_title":"Einkaufstasche \"Rayna\" - PEN.EU","og_description":"Diese zweifarbige Einkaufstasche Rayna vereint Funktionalit\u00e4t mit modernem Design: Eine farbige Bodenpartie, kombiniert mit einer grauen Polyester-Vordertasche und passenden Trageriemen, setzt Ihr individuell bedrucktes Logo wirkungsvoll in Szene. Das strapazierf\u00e4hige Vliesmaterial eignet sich ideal f\u00fcr den t\u00e4glichen Einsatz, w\u00e4hrend die X-Stich-verst\u00e4rkten Griffe f\u00fcr zus\u00e4tzliche Stabilit\u00e4t und hohe Tragkraft sorgen. Ihre Kunden werden nicht nur die [&hellip;]","og_url":"https:\/\/pen.eu\/fr\/produit\/einkaufstasche-rayna\/","og_site_name":"PEN.EU","article_modified_time":"2026-01-22T09:38:54+00:00","og_image":[{"width":2000,"height":2000,"url":"https:\/\/pen.eu\/wp-content\/uploads\/2024\/12\/0514017113-GS.jpg","type":"image\/jpeg"}],"twitter_card":"summary_large_image","schema":{"@context":"https:\/\/schema.org","@graph":[{"@type":"WebPage","@id":"https:\/\/pen.eu\/produkt\/einkaufstasche-rayna\/","url":"https:\/\/pen.eu\/produkt\/einkaufstasche-rayna\/","name":"Einkaufstasche \"Rayna\" - PEN.EU","isPartOf":{"@id":"https:\/\/pen.eu\/#website"},"primaryImageOfPage":{"@id":"https:\/\/pen.eu\/produkt\/einkaufstasche-rayna\/#primaryimage"},"image":{"@id":"https:\/\/pen.eu\/produkt\/einkaufstasche-rayna\/#primaryimage"},"thumbnailUrl":"https:\/\/pen.eu\/wp-content\/uploads\/2024\/12\/0514017113-GS.jpg","datePublished":"2024-12-17T07:50:40+00:00","dateModified":"2026-01-22T09:38:54+00:00","breadcrumb":{"@id":"https:\/\/pen.eu\/produkt\/einkaufstasche-rayna\/#breadcrumb"},"inLanguage":"fr-FR","potentialAction":[{"@type":"ReadAction","target":["https:\/\/pen.eu\/produkt\/einkaufstasche-rayna\/"]}]},{"@type":"ImageObject","inLanguage":"fr-FR","@id":"https:\/\/pen.eu\/produkt\/einkaufstasche-rayna\/#primaryimage","url":"https:\/\/pen.eu\/wp-content\/uploads\/2024\/12\/0514017113-GS.jpg","contentUrl":"https:\/\/pen.eu\/wp-content\/uploads\/2024\/12\/0514017113-GS.jpg","width":2000,"height":2000},{"@type":"BreadcrumbList","@id":"https:\/\/pen.eu\/produkt\/einkaufstasche-rayna\/#breadcrumb","itemListElement":[{"@type":"ListItem","position":1,"name":"Home","item":"https:\/\/pen.eu\/"},{"@type":"ListItem","position":2,"name":"Shop","item":"https:\/\/pen.eu\/ch\/shop\/"},{"@type":"ListItem","position":3,"name":"Einkaufstasche &#8220;Rayna&#8221;"}]},{"@type":"WebSite","@id":"https:\/\/pen.eu\/#website","url":"https:\/\/pen.eu\/","name":"PEN.EU","description":"Kugelschreiber bedrucken mit Logo | pen.eu","potentialAction":[{"@type":"SearchAction","target":{"@type":"EntryPoint","urlTemplate":"https:\/\/pen.eu\/?s={search_term_string}"},"query-input":{"@type":"PropertyValueSpecification","valueRequired":true,"valueName":"search_term_string"}}],"inLanguage":"fr-FR"}]}},"_links":{"self":[{"href":"https:\/\/pen.eu\/fr\/wp-json\/wp\/v2\/product\/11257","targetHints":{"allow":["GET"]}}],"collection":[{"href":"https:\/\/pen.eu\/fr\/wp-json\/wp\/v2\/product"}],"about":[{"href":"https:\/\/pen.eu\/fr\/wp-json\/wp\/v2\/types\/product"}],"replies":[{"embeddable":true,"href":"https:\/\/pen.eu\/fr\/wp-json\/wp\/v2\/comments?post=11257"}],"wp:featuredmedia":[{"embeddable":true,"href":"https:\/\/pen.eu\/fr\/wp-json\/wp\/v2\/media\/11273"}],"wp:attachment":[{"href":"https:\/\/pen.eu\/fr\/wp-json\/wp\/v2\/media?parent=11257"}],"wp:term":[{"taxonomy":"product_brand","embeddable":true,"href":"https:\/\/pen.eu\/fr\/wp-json\/wp\/v2\/product_brand?post=11257"},{"taxonomy":"product_cat","embeddable":true,"href":"https:\/\/pen.eu\/fr\/wp-json\/wp\/v2\/product_cat?post=11257"},{"taxonomy":"product_tag","embeddable":true,"href":"https:\/\/pen.eu\/fr\/wp-json\/wp\/v2\/product_tag?post=11257"}],"curies":[{"name":"wp","href":"https:\/\/api.w.org\/{rel}","templated":true}]}}