{"id":114,"date":"2024-09-19T09:16:22","date_gmt":"2024-09-19T07:16:22","guid":{"rendered":"https:\/\/v2.frank-pen.de\/produkt\/kugelschreiber-cambria-black\/"},"modified":"2025-12-12T15:35:32","modified_gmt":"2025-12-12T14:35:32","slug":"kugelschreiber-cambria-black","status":"publish","type":"product","link":"https:\/\/pen.eu\/fr\/produit\/kugelschreiber-cambria-black\/","title":{"rendered":"Stylo \"Cambria Black\""},"content":{"rendered":"<p data-start=\"52\" data-end=\"311\">Le stylo-bille \u00e0 rev\u00eatement soft-touch \u201cCambria Black\u201d se pr\u00e9sente enti\u00e8rement dans un noir \u00e9l\u00e9gant \u2013 y compris les \u00e9l\u00e9ments de design assortis \u2013 et s\u00e9duit par une gravure marquante \u00e0 effet miroir ou une impression num\u00e9rique multicolore. Dot\u00e9 d\u2019une recharge premium innovante, le Cambria Black assure une sensation d\u2019\u00e9criture exceptionnellement fluide, rendue possible par une pointe-bille de 1,2 mm de haute qualit\u00e9. Disponible avec encre noire ou bleue. La recharge fine de qualit\u00e9 est fabriqu\u00e9e en Italie et contient de l\u2019encre allemande. Elle offre une capacit\u00e9 d\u2019\u00e9criture allant jusqu\u2019\u00e0 2 000 m\u00e8tres et r\u00e9pond aux normes ISO 12757-1 et -2.<\/p>","protected":false},"excerpt":{"rendered":"<p>Der Soft-Touch-Kugelschreiber &#8220;Cambria Black&#8221; pr\u00e4sentiert sich vollst\u00e4ndig in elegantem Schwarz \u2013 inklusive passender Designelemente \u2013 und beeindruckt durch eine markante Gravur mit Spiegelglanz-Effekt oder mehrfarbig mit Digitaldruck. Ausgestattet mit der innovativen Premium-Mine sorgt der Cambria Black f\u00fcr ein au\u00dfergew\u00f6hnlich geschmeidiges Schreibgef\u00fchl, das durch eine hochwertige 1,2 mm Kugel-Mine erm\u00f6glicht wird. Erh\u00e4ltlich mit schwarzer oder blauer [&hellip;]<\/p>\n","protected":false},"featured_media":115,"comment_status":"open","ping_status":"closed","template":"","meta":[],"product_brand":[],"product_cat":[309,247],"product_tag":[764],"class_list":{"0":"post-114","1":"product","2":"type-product","3":"status-publish","4":"has-post-thumbnail","6":"product_cat-kugelschreiber-aus-metall","7":"product_cat-schreibgeraete","8":"product_tag-mja","9":"pa_eigenschaft-dokumentenecht","10":"pa_eigenschaft-soft-touch","11":"pa_farbe-schwarz","12":"pa_material-metall","13":"pa_mindestmenge-24","14":"pa_minenfarbe-blau","15":"pa_minenfarbe-schwarz","16":"pa_werbeanbringung-digitaldruck","17":"pa_werbeanbringung-spiegelgravur","19":"first","20":"instock","21":"taxable","22":"shipping-taxable","23":"purchasable","24":"product-type-variable","25":"add-to-wishlist-after_add_to_cart"},"yoast_head":"<!-- This site is optimized with the Yoast SEO plugin v27.4 - https:\/\/yoast.com\/product\/yoast-seo-wordpress\/ -->\n<title>Kugelschreiber &quot;Cambria Black&quot; - PEN.EU<\/title>\n<meta name=\"robots\" content=\"index, follow, max-snippet:-1, max-image-preview:large, max-video-preview:-1\" \/>\n<link rel=\"canonical\" href=\"https:\/\/pen.eu\/fr\/produit\/kugelschreiber-cambria-black\/\" \/>\n<meta property=\"og:locale\" content=\"fr_FR\" \/>\n<meta property=\"og:type\" content=\"article\" \/>\n<meta property=\"og:title\" content=\"Kugelschreiber &quot;Cambria Black&quot; - PEN.EU\" \/>\n<meta property=\"og:description\" content=\"Der Soft-Touch-Kugelschreiber &#8220;Cambria Black&#8221; pr\u00e4sentiert sich vollst\u00e4ndig in elegantem Schwarz \u2013 inklusive passender Designelemente \u2013 und beeindruckt durch eine markante Gravur mit Spiegelglanz-Effekt oder mehrfarbig mit Digitaldruck. Ausgestattet mit der innovativen Premium-Mine sorgt der Cambria Black f\u00fcr ein au\u00dfergew\u00f6hnlich geschmeidiges Schreibgef\u00fchl, das durch eine hochwertige 1,2 mm Kugel-Mine erm\u00f6glicht wird. Erh\u00e4ltlich mit schwarzer oder blauer [&hellip;]\" \/>\n<meta property=\"og:url\" content=\"https:\/\/pen.eu\/fr\/produit\/kugelschreiber-cambria-black\/\" \/>\n<meta property=\"og:site_name\" content=\"PEN.EU\" \/>\n<meta property=\"article:modified_time\" content=\"2025-12-12T14:35:32+00:00\" \/>\n<meta property=\"og:image\" content=\"https:\/\/pen.eu\/wp-content\/uploads\/2024\/09\/051104202-GDD.jpg\" \/>\n\t<meta property=\"og:image:width\" content=\"1800\" \/>\n\t<meta property=\"og:image:height\" content=\"1800\" \/>\n\t<meta property=\"og:image:type\" content=\"image\/jpeg\" \/>\n<meta name=\"twitter:card\" content=\"summary_large_image\" \/>\n<script type=\"application\/ld+json\" class=\"yoast-schema-graph\">{\"@context\":\"https:\\\/\\\/schema.org\",\"@graph\":[{\"@type\":\"WebPage\",\"@id\":\"https:\\\/\\\/pen.eu\\\/produkt\\\/kugelschreiber-cambria-black\\\/\",\"url\":\"https:\\\/\\\/pen.eu\\\/produkt\\\/kugelschreiber-cambria-black\\\/\",\"name\":\"Kugelschreiber \\\"Cambria Black\\\" - PEN.EU\",\"isPartOf\":{\"@id\":\"https:\\\/\\\/pen.eu\\\/#website\"},\"primaryImageOfPage\":{\"@id\":\"https:\\\/\\\/pen.eu\\\/produkt\\\/kugelschreiber-cambria-black\\\/#primaryimage\"},\"image\":{\"@id\":\"https:\\\/\\\/pen.eu\\\/produkt\\\/kugelschreiber-cambria-black\\\/#primaryimage\"},\"thumbnailUrl\":\"https:\\\/\\\/pen.eu\\\/wp-content\\\/uploads\\\/2024\\\/09\\\/051104202-GDD.jpg\",\"datePublished\":\"2024-09-19T07:16:22+00:00\",\"dateModified\":\"2025-12-12T14:35:32+00:00\",\"breadcrumb\":{\"@id\":\"https:\\\/\\\/pen.eu\\\/produkt\\\/kugelschreiber-cambria-black\\\/#breadcrumb\"},\"inLanguage\":\"fr-FR\",\"potentialAction\":[{\"@type\":\"ReadAction\",\"target\":[\"https:\\\/\\\/pen.eu\\\/produkt\\\/kugelschreiber-cambria-black\\\/\"]}]},{\"@type\":\"ImageObject\",\"inLanguage\":\"fr-FR\",\"@id\":\"https:\\\/\\\/pen.eu\\\/produkt\\\/kugelschreiber-cambria-black\\\/#primaryimage\",\"url\":\"https:\\\/\\\/pen.eu\\\/wp-content\\\/uploads\\\/2024\\\/09\\\/051104202-GDD.jpg\",\"contentUrl\":\"https:\\\/\\\/pen.eu\\\/wp-content\\\/uploads\\\/2024\\\/09\\\/051104202-GDD.jpg\",\"width\":1800,\"height\":1800},{\"@type\":\"BreadcrumbList\",\"@id\":\"https:\\\/\\\/pen.eu\\\/produkt\\\/kugelschreiber-cambria-black\\\/#breadcrumb\",\"itemListElement\":[{\"@type\":\"ListItem\",\"position\":1,\"name\":\"Home\",\"item\":\"https:\\\/\\\/pen.eu\\\/\"},{\"@type\":\"ListItem\",\"position\":2,\"name\":\"Shop\",\"item\":\"https:\\\/\\\/pen.eu\\\/ch\\\/shop\\\/\"},{\"@type\":\"ListItem\",\"position\":3,\"name\":\"Kugelschreiber &#8220;Cambria Black&#8221;\"}]},{\"@type\":\"WebSite\",\"@id\":\"https:\\\/\\\/pen.eu\\\/#website\",\"url\":\"https:\\\/\\\/pen.eu\\\/\",\"name\":\"PEN.EU\",\"description\":\"Kugelschreiber bedrucken mit Logo | pen.eu\",\"potentialAction\":[{\"@type\":\"SearchAction\",\"target\":{\"@type\":\"EntryPoint\",\"urlTemplate\":\"https:\\\/\\\/pen.eu\\\/?s={search_term_string}\"},\"query-input\":{\"@type\":\"PropertyValueSpecification\",\"valueRequired\":true,\"valueName\":\"search_term_string\"}}],\"inLanguage\":\"fr-FR\"}]}<\/script>\n<!-- \/ Yoast SEO plugin. -->","yoast_head_json":{"title":"Kugelschreiber \"Cambria Black\" - PEN.EU","robots":{"index":"index","follow":"follow","max-snippet":"max-snippet:-1","max-image-preview":"max-image-preview:large","max-video-preview":"max-video-preview:-1"},"canonical":"https:\/\/pen.eu\/fr\/produit\/kugelschreiber-cambria-black\/","og_locale":"fr_FR","og_type":"article","og_title":"Kugelschreiber \"Cambria Black\" - PEN.EU","og_description":"Der Soft-Touch-Kugelschreiber &#8220;Cambria Black&#8221; pr\u00e4sentiert sich vollst\u00e4ndig in elegantem Schwarz \u2013 inklusive passender Designelemente \u2013 und beeindruckt durch eine markante Gravur mit Spiegelglanz-Effekt oder mehrfarbig mit Digitaldruck. Ausgestattet mit der innovativen Premium-Mine sorgt der Cambria Black f\u00fcr ein au\u00dfergew\u00f6hnlich geschmeidiges Schreibgef\u00fchl, das durch eine hochwertige 1,2 mm Kugel-Mine erm\u00f6glicht wird. Erh\u00e4ltlich mit schwarzer oder blauer [&hellip;]","og_url":"https:\/\/pen.eu\/fr\/produit\/kugelschreiber-cambria-black\/","og_site_name":"PEN.EU","article_modified_time":"2025-12-12T14:35:32+00:00","og_image":[{"width":1800,"height":1800,"url":"https:\/\/pen.eu\/wp-content\/uploads\/2024\/09\/051104202-GDD.jpg","type":"image\/jpeg"}],"twitter_card":"summary_large_image","schema":{"@context":"https:\/\/schema.org","@graph":[{"@type":"WebPage","@id":"https:\/\/pen.eu\/produkt\/kugelschreiber-cambria-black\/","url":"https:\/\/pen.eu\/produkt\/kugelschreiber-cambria-black\/","name":"Kugelschreiber \"Cambria Black\" - PEN.EU","isPartOf":{"@id":"https:\/\/pen.eu\/#website"},"primaryImageOfPage":{"@id":"https:\/\/pen.eu\/produkt\/kugelschreiber-cambria-black\/#primaryimage"},"image":{"@id":"https:\/\/pen.eu\/produkt\/kugelschreiber-cambria-black\/#primaryimage"},"thumbnailUrl":"https:\/\/pen.eu\/wp-content\/uploads\/2024\/09\/051104202-GDD.jpg","datePublished":"2024-09-19T07:16:22+00:00","dateModified":"2025-12-12T14:35:32+00:00","breadcrumb":{"@id":"https:\/\/pen.eu\/produkt\/kugelschreiber-cambria-black\/#breadcrumb"},"inLanguage":"fr-FR","potentialAction":[{"@type":"ReadAction","target":["https:\/\/pen.eu\/produkt\/kugelschreiber-cambria-black\/"]}]},{"@type":"ImageObject","inLanguage":"fr-FR","@id":"https:\/\/pen.eu\/produkt\/kugelschreiber-cambria-black\/#primaryimage","url":"https:\/\/pen.eu\/wp-content\/uploads\/2024\/09\/051104202-GDD.jpg","contentUrl":"https:\/\/pen.eu\/wp-content\/uploads\/2024\/09\/051104202-GDD.jpg","width":1800,"height":1800},{"@type":"BreadcrumbList","@id":"https:\/\/pen.eu\/produkt\/kugelschreiber-cambria-black\/#breadcrumb","itemListElement":[{"@type":"ListItem","position":1,"name":"Home","item":"https:\/\/pen.eu\/"},{"@type":"ListItem","position":2,"name":"Shop","item":"https:\/\/pen.eu\/ch\/shop\/"},{"@type":"ListItem","position":3,"name":"Kugelschreiber &#8220;Cambria Black&#8221;"}]},{"@type":"WebSite","@id":"https:\/\/pen.eu\/#website","url":"https:\/\/pen.eu\/","name":"PEN.EU","description":"Kugelschreiber bedrucken mit Logo | pen.eu","potentialAction":[{"@type":"SearchAction","target":{"@type":"EntryPoint","urlTemplate":"https:\/\/pen.eu\/?s={search_term_string}"},"query-input":{"@type":"PropertyValueSpecification","valueRequired":true,"valueName":"search_term_string"}}],"inLanguage":"fr-FR"}]}},"_links":{"self":[{"href":"https:\/\/pen.eu\/fr\/wp-json\/wp\/v2\/product\/114","targetHints":{"allow":["GET"]}}],"collection":[{"href":"https:\/\/pen.eu\/fr\/wp-json\/wp\/v2\/product"}],"about":[{"href":"https:\/\/pen.eu\/fr\/wp-json\/wp\/v2\/types\/product"}],"replies":[{"embeddable":true,"href":"https:\/\/pen.eu\/fr\/wp-json\/wp\/v2\/comments?post=114"}],"wp:featuredmedia":[{"embeddable":true,"href":"https:\/\/pen.eu\/fr\/wp-json\/wp\/v2\/media\/115"}],"wp:attachment":[{"href":"https:\/\/pen.eu\/fr\/wp-json\/wp\/v2\/media?parent=114"}],"wp:term":[{"taxonomy":"product_brand","embeddable":true,"href":"https:\/\/pen.eu\/fr\/wp-json\/wp\/v2\/product_brand?post=114"},{"taxonomy":"product_cat","embeddable":true,"href":"https:\/\/pen.eu\/fr\/wp-json\/wp\/v2\/product_cat?post=114"},{"taxonomy":"product_tag","embeddable":true,"href":"https:\/\/pen.eu\/fr\/wp-json\/wp\/v2\/product_tag?post=114"}],"curies":[{"name":"wp","href":"https:\/\/api.w.org\/{rel}","templated":true}]}}