{"id":131,"date":"2024-09-19T09:16:22","date_gmt":"2024-09-19T07:16:22","guid":{"rendered":"https:\/\/v2.frank-pen.de\/produkt\/kugelschreiber-miami-gold\/"},"modified":"2026-01-22T07:15:33","modified_gmt":"2026-01-22T06:15:33","slug":"kugelschreiber-alpha-arden-mirror","status":"publish","type":"product","link":"https:\/\/pen.eu\/fr\/produit\/kugelschreiber-alpha-arden-mirror\/","title":{"rendered":"Stylo \"Alpha Arden Mirror\""},"content":{"rendered":"<p>Ce stylo-bille s\u00e9duit par sa surface soft-touch, disponible en plusieurs coloris. Il est dot\u00e9 d\u2019un stylet assorti au design \u00e9l\u00e9gant, id\u00e9al pour les \u00e9crans tactiles. Gr\u00e2ce \u00e0 notre gravure laser or brillante \u00e0 effet miroir, vous mettez parfaitement en valeur le nom de votre entreprise, votre logo ou votre message publicitaire. Le stylo-bille \u201cAlpha Arden Mirror\u201d, \u00e9galement connu sous le nom de \u201cstylo Miami Gold\u201d, deviendra \u00e0 coup s\u00fbr un favori de vos clients !<\/p>","protected":false},"excerpt":{"rendered":"<p>Dieser Kugelschreiber besticht durch seine Soft-Touch-Oberfl\u00e4che, die in verschiedenen Farben erh\u00e4ltlich ist. Er verf\u00fcgt \u00fcber einen stilvoll abgestimmten Stylus, der ideal f\u00fcr Touchscreens geeignet ist. Mit unserer pr\u00e4zisen Spieglanz-Gold-Lasergravur mit Spiegeleffekt setzen Sie Ihren Firmennamen, Ihr Logo oder Ihre Werbebotschaft perfekt in Szene. Der Kugelschreiber &#8220;Alpha Arden Mirror&#8221;, auch bekannt als &#8220;Kugelschreiber Miami Gold&#8221;, wird [&hellip;]<\/p>\n","protected":false},"featured_media":132,"comment_status":"open","ping_status":"closed","template":"","meta":[],"product_brand":[],"product_cat":[309,247],"product_tag":[533,658,534,776],"class_list":{"0":"post-131","1":"product","2":"type-product","3":"status-publish","4":"has-post-thumbnail","6":"product_cat-kugelschreiber-aus-metall","7":"product_cat-schreibgeraete","8":"product_tag-2303-fp-1034","9":"product_tag-longpen","10":"product_tag-mpq","11":"product_tag-top-50-5","12":"pa_eigenschaft-rose-gold","13":"pa_eigenschaft-soft-touch","14":"pa_eigenschaft-stylus","15":"pa_farbe-anthrazit","16":"pa_farbe-dunkelrot","17":"pa_farbe-marine","18":"pa_farbe-rose","19":"pa_farbe-schwarz","20":"pa_material-aluminium","21":"pa_mindestmenge-24","22":"pa_minenfarbe-blau","23":"pa_minenfarbe-schwarz","24":"pa_werbeanbringung-spiegelgravur","26":"first","27":"instock","28":"taxable","29":"shipping-taxable","30":"purchasable","31":"product-type-variable","32":"has-default-attributes","33":"add-to-wishlist-after_add_to_cart"},"yoast_head":"<!-- This site is optimized with the Yoast SEO plugin v27.2 - https:\/\/yoast.com\/product\/yoast-seo-wordpress\/ -->\n<title>Kugelschreiber &quot;Alpha Arden Mirror&quot; - PEN.EU<\/title>\n<meta name=\"robots\" content=\"index, follow, max-snippet:-1, max-image-preview:large, max-video-preview:-1\" \/>\n<link rel=\"canonical\" href=\"https:\/\/pen.eu\/fr\/produit\/kugelschreiber-alpha-arden-mirror\/\" \/>\n<meta property=\"og:locale\" content=\"fr_FR\" \/>\n<meta property=\"og:type\" content=\"article\" \/>\n<meta property=\"og:title\" content=\"Kugelschreiber &quot;Alpha Arden Mirror&quot; - PEN.EU\" \/>\n<meta property=\"og:description\" content=\"Dieser Kugelschreiber besticht durch seine Soft-Touch-Oberfl\u00e4che, die in verschiedenen Farben erh\u00e4ltlich ist. Er verf\u00fcgt \u00fcber einen stilvoll abgestimmten Stylus, der ideal f\u00fcr Touchscreens geeignet ist. Mit unserer pr\u00e4zisen Spieglanz-Gold-Lasergravur mit Spiegeleffekt setzen Sie Ihren Firmennamen, Ihr Logo oder Ihre Werbebotschaft perfekt in Szene. Der Kugelschreiber &#8220;Alpha Arden Mirror&#8221;, auch bekannt als &#8220;Kugelschreiber Miami Gold&#8221;, wird [&hellip;]\" \/>\n<meta property=\"og:url\" content=\"https:\/\/pen.eu\/fr\/produit\/kugelschreiber-alpha-arden-mirror\/\" \/>\n<meta property=\"og:site_name\" content=\"PEN.EU\" \/>\n<meta property=\"article:modified_time\" content=\"2026-01-22T06:15:33+00:00\" \/>\n<meta property=\"og:image\" content=\"https:\/\/pen.eu\/wp-content\/uploads\/2024\/09\/0511034113-GML.jpg\" \/>\n\t<meta property=\"og:image:width\" content=\"1014\" \/>\n\t<meta property=\"og:image:height\" content=\"1014\" \/>\n\t<meta property=\"og:image:type\" content=\"image\/jpeg\" \/>\n<meta name=\"twitter:card\" content=\"summary_large_image\" \/>\n<script type=\"application\/ld+json\" class=\"yoast-schema-graph\">{\"@context\":\"https:\/\/schema.org\",\"@graph\":[{\"@type\":\"WebPage\",\"@id\":\"https:\/\/pen.eu\/produkt\/kugelschreiber-alpha-arden-mirror\/\",\"url\":\"https:\/\/pen.eu\/produkt\/kugelschreiber-alpha-arden-mirror\/\",\"name\":\"Kugelschreiber \\\"Alpha Arden Mirror\\\" - PEN.EU\",\"isPartOf\":{\"@id\":\"https:\/\/pen.eu\/#website\"},\"primaryImageOfPage\":{\"@id\":\"https:\/\/pen.eu\/produkt\/kugelschreiber-alpha-arden-mirror\/#primaryimage\"},\"image\":{\"@id\":\"https:\/\/pen.eu\/produkt\/kugelschreiber-alpha-arden-mirror\/#primaryimage\"},\"thumbnailUrl\":\"https:\/\/pen.eu\/wp-content\/uploads\/2024\/09\/0511034113-GML.jpg\",\"datePublished\":\"2024-09-19T07:16:22+00:00\",\"dateModified\":\"2026-01-22T06:15:33+00:00\",\"breadcrumb\":{\"@id\":\"https:\/\/pen.eu\/produkt\/kugelschreiber-alpha-arden-mirror\/#breadcrumb\"},\"inLanguage\":\"fr-FR\",\"potentialAction\":[{\"@type\":\"ReadAction\",\"target\":[\"https:\/\/pen.eu\/produkt\/kugelschreiber-alpha-arden-mirror\/\"]}]},{\"@type\":\"ImageObject\",\"inLanguage\":\"fr-FR\",\"@id\":\"https:\/\/pen.eu\/produkt\/kugelschreiber-alpha-arden-mirror\/#primaryimage\",\"url\":\"https:\/\/pen.eu\/wp-content\/uploads\/2024\/09\/0511034113-GML.jpg\",\"contentUrl\":\"https:\/\/pen.eu\/wp-content\/uploads\/2024\/09\/0511034113-GML.jpg\",\"width\":1014,\"height\":1014},{\"@type\":\"BreadcrumbList\",\"@id\":\"https:\/\/pen.eu\/produkt\/kugelschreiber-alpha-arden-mirror\/#breadcrumb\",\"itemListElement\":[{\"@type\":\"ListItem\",\"position\":1,\"name\":\"Home\",\"item\":\"https:\/\/pen.eu\/\"},{\"@type\":\"ListItem\",\"position\":2,\"name\":\"Shop\",\"item\":\"https:\/\/pen.eu\/ch\/shop\/\"},{\"@type\":\"ListItem\",\"position\":3,\"name\":\"Kugelschreiber &#8220;Alpha Arden Mirror&#8221;\"}]},{\"@type\":\"WebSite\",\"@id\":\"https:\/\/pen.eu\/#website\",\"url\":\"https:\/\/pen.eu\/\",\"name\":\"PEN.EU\",\"description\":\"Kugelschreiber bedrucken mit Logo | pen.eu\",\"potentialAction\":[{\"@type\":\"SearchAction\",\"target\":{\"@type\":\"EntryPoint\",\"urlTemplate\":\"https:\/\/pen.eu\/?s={search_term_string}\"},\"query-input\":{\"@type\":\"PropertyValueSpecification\",\"valueRequired\":true,\"valueName\":\"search_term_string\"}}],\"inLanguage\":\"fr-FR\"}]}<\/script>\n<!-- \/ Yoast SEO plugin. -->","yoast_head_json":{"title":"Kugelschreiber \"Alpha Arden Mirror\" - PEN.EU","robots":{"index":"index","follow":"follow","max-snippet":"max-snippet:-1","max-image-preview":"max-image-preview:large","max-video-preview":"max-video-preview:-1"},"canonical":"https:\/\/pen.eu\/fr\/produit\/kugelschreiber-alpha-arden-mirror\/","og_locale":"fr_FR","og_type":"article","og_title":"Kugelschreiber \"Alpha Arden Mirror\" - PEN.EU","og_description":"Dieser Kugelschreiber besticht durch seine Soft-Touch-Oberfl\u00e4che, die in verschiedenen Farben erh\u00e4ltlich ist. Er verf\u00fcgt \u00fcber einen stilvoll abgestimmten Stylus, der ideal f\u00fcr Touchscreens geeignet ist. Mit unserer pr\u00e4zisen Spieglanz-Gold-Lasergravur mit Spiegeleffekt setzen Sie Ihren Firmennamen, Ihr Logo oder Ihre Werbebotschaft perfekt in Szene. Der Kugelschreiber &#8220;Alpha Arden Mirror&#8221;, auch bekannt als &#8220;Kugelschreiber Miami Gold&#8221;, wird [&hellip;]","og_url":"https:\/\/pen.eu\/fr\/produit\/kugelschreiber-alpha-arden-mirror\/","og_site_name":"PEN.EU","article_modified_time":"2026-01-22T06:15:33+00:00","og_image":[{"width":1014,"height":1014,"url":"https:\/\/pen.eu\/wp-content\/uploads\/2024\/09\/0511034113-GML.jpg","type":"image\/jpeg"}],"twitter_card":"summary_large_image","schema":{"@context":"https:\/\/schema.org","@graph":[{"@type":"WebPage","@id":"https:\/\/pen.eu\/produkt\/kugelschreiber-alpha-arden-mirror\/","url":"https:\/\/pen.eu\/produkt\/kugelschreiber-alpha-arden-mirror\/","name":"Kugelschreiber \"Alpha Arden Mirror\" - PEN.EU","isPartOf":{"@id":"https:\/\/pen.eu\/#website"},"primaryImageOfPage":{"@id":"https:\/\/pen.eu\/produkt\/kugelschreiber-alpha-arden-mirror\/#primaryimage"},"image":{"@id":"https:\/\/pen.eu\/produkt\/kugelschreiber-alpha-arden-mirror\/#primaryimage"},"thumbnailUrl":"https:\/\/pen.eu\/wp-content\/uploads\/2024\/09\/0511034113-GML.jpg","datePublished":"2024-09-19T07:16:22+00:00","dateModified":"2026-01-22T06:15:33+00:00","breadcrumb":{"@id":"https:\/\/pen.eu\/produkt\/kugelschreiber-alpha-arden-mirror\/#breadcrumb"},"inLanguage":"fr-FR","potentialAction":[{"@type":"ReadAction","target":["https:\/\/pen.eu\/produkt\/kugelschreiber-alpha-arden-mirror\/"]}]},{"@type":"ImageObject","inLanguage":"fr-FR","@id":"https:\/\/pen.eu\/produkt\/kugelschreiber-alpha-arden-mirror\/#primaryimage","url":"https:\/\/pen.eu\/wp-content\/uploads\/2024\/09\/0511034113-GML.jpg","contentUrl":"https:\/\/pen.eu\/wp-content\/uploads\/2024\/09\/0511034113-GML.jpg","width":1014,"height":1014},{"@type":"BreadcrumbList","@id":"https:\/\/pen.eu\/produkt\/kugelschreiber-alpha-arden-mirror\/#breadcrumb","itemListElement":[{"@type":"ListItem","position":1,"name":"Home","item":"https:\/\/pen.eu\/"},{"@type":"ListItem","position":2,"name":"Shop","item":"https:\/\/pen.eu\/ch\/shop\/"},{"@type":"ListItem","position":3,"name":"Kugelschreiber &#8220;Alpha Arden Mirror&#8221;"}]},{"@type":"WebSite","@id":"https:\/\/pen.eu\/#website","url":"https:\/\/pen.eu\/","name":"PEN.EU","description":"Kugelschreiber bedrucken mit Logo | pen.eu","potentialAction":[{"@type":"SearchAction","target":{"@type":"EntryPoint","urlTemplate":"https:\/\/pen.eu\/?s={search_term_string}"},"query-input":{"@type":"PropertyValueSpecification","valueRequired":true,"valueName":"search_term_string"}}],"inLanguage":"fr-FR"}]}},"_links":{"self":[{"href":"https:\/\/pen.eu\/fr\/wp-json\/wp\/v2\/product\/131","targetHints":{"allow":["GET"]}}],"collection":[{"href":"https:\/\/pen.eu\/fr\/wp-json\/wp\/v2\/product"}],"about":[{"href":"https:\/\/pen.eu\/fr\/wp-json\/wp\/v2\/types\/product"}],"replies":[{"embeddable":true,"href":"https:\/\/pen.eu\/fr\/wp-json\/wp\/v2\/comments?post=131"}],"wp:featuredmedia":[{"embeddable":true,"href":"https:\/\/pen.eu\/fr\/wp-json\/wp\/v2\/media\/132"}],"wp:attachment":[{"href":"https:\/\/pen.eu\/fr\/wp-json\/wp\/v2\/media?parent=131"}],"wp:term":[{"taxonomy":"product_brand","embeddable":true,"href":"https:\/\/pen.eu\/fr\/wp-json\/wp\/v2\/product_brand?post=131"},{"taxonomy":"product_cat","embeddable":true,"href":"https:\/\/pen.eu\/fr\/wp-json\/wp\/v2\/product_cat?post=131"},{"taxonomy":"product_tag","embeddable":true,"href":"https:\/\/pen.eu\/fr\/wp-json\/wp\/v2\/product_tag?post=131"}],"curies":[{"name":"wp","href":"https:\/\/api.w.org\/{rel}","templated":true}]}}