{"id":138,"date":"2024-09-19T09:16:22","date_gmt":"2024-09-19T07:16:22","guid":{"rendered":"https:\/\/v2.frank-pen.de\/produkt\/kugelschreiber-costa-bright\/"},"modified":"2025-12-12T15:35:32","modified_gmt":"2025-12-12T14:35:32","slug":"kugelschreiber-diamond-bright","status":"publish","type":"product","link":"https:\/\/pen.eu\/fr\/produit\/kugelschreiber-diamond-bright\/","title":{"rendered":"Stylo \"Diamond Bright\""},"content":{"rendered":"<p>Le stylo-bille \u201cDiamond Bright\u201d, \u00e9galement connu sous le nom de \u201cstylo Costa Bright\u201d, pr\u00e9sente notre rev\u00eatement en caoutchouc soft-touch tr\u00e8s appr\u00e9ci\u00e9, d\u00e9clin\u00e9 en couleurs vives et recouvrant \u00e9galement la zone de pr\u00e9hension textur\u00e9e en forme de diamant. Ce stylo en m\u00e9tal moderne se distingue par un corps l\u00e9g\u00e8rement plus large que les stylos standards. Des accents chrom\u00e9s polis, des \u00e9l\u00e9ments de finition \u00e9l\u00e9gants et un clip styl\u00e9 compl\u00e8tent son design raffin\u00e9. Choisissez parmi une large gamme de couleurs tendance pour le corps et le stylet, et personnalisez-le avec une gravure laser argent\u00e9e ou une impression num\u00e9rique en couleur.<\/p>","protected":false},"excerpt":{"rendered":"<p>Der Kugelschreiber &#8220;Diamond Bright&#8221;, auch bekannt als &#8220;Kugelschreiber Costa Bright&#8221;, pr\u00e4sentiert unsere beliebte Soft-Touch-Gummibeschichtung in lebhaften Farben, die auch die diamantstrukturierte Griffzone \u00fcberzieht. Dieses moderne Schreibger\u00e4t aus Metall besticht durch sein etwas breiteres Geh\u00e4use im Vergleich zu Standardkugelschreibern. Polierte Chromakzente, elegante Ausstattungselemente und ein stilvoller Clip sorgen f\u00fcr ein anspruchsvolles Design. Sie k\u00f6nnen aus einer [&hellip;]<\/p>\n","protected":false},"featured_media":139,"comment_status":"open","ping_status":"closed","template":"","meta":[],"product_brand":[],"product_cat":[309,247],"product_tag":[524,525,657],"class_list":{"0":"post-138","1":"product","2":"type-product","3":"status-publish","4":"has-post-thumbnail","6":"product_cat-kugelschreiber-aus-metall","7":"product_cat-schreibgeraete","8":"product_tag-2303-fp-1028","9":"product_tag-mmv","10":"product_tag-shortpen","11":"pa_eigenschaft-soft-touch","12":"pa_eigenschaft-stylus","13":"pa_farbe-blau","14":"pa_farbe-gelb","15":"pa_farbe-hellblau","16":"pa_farbe-lindgruen","17":"pa_farbe-orange","18":"pa_farbe-rot","19":"pa_material-aluminium","20":"pa_mindestmenge-24","21":"pa_minenfarbe-blau","22":"pa_minenfarbe-schwarz","23":"pa_werbeanbringung-digitaldruck","24":"pa_werbeanbringung-lasergravur","26":"first","27":"instock","28":"taxable","29":"shipping-taxable","30":"purchasable","31":"product-type-variable","32":"has-default-attributes","33":"add-to-wishlist-after_add_to_cart"},"yoast_head":"<!-- This site is optimized with the Yoast SEO plugin v27.4 - https:\/\/yoast.com\/product\/yoast-seo-wordpress\/ -->\n<title>Kugelschreiber &quot;Diamond Bright&quot; - PEN.EU<\/title>\n<meta name=\"robots\" content=\"index, follow, max-snippet:-1, max-image-preview:large, max-video-preview:-1\" \/>\n<link rel=\"canonical\" href=\"https:\/\/pen.eu\/fr\/produit\/kugelschreiber-diamond-bright\/\" \/>\n<meta property=\"og:locale\" content=\"fr_FR\" \/>\n<meta property=\"og:type\" content=\"article\" \/>\n<meta property=\"og:title\" content=\"Kugelschreiber &quot;Diamond Bright&quot; - PEN.EU\" \/>\n<meta property=\"og:description\" content=\"Der Kugelschreiber &#8220;Diamond Bright&#8221;, auch bekannt als &#8220;Kugelschreiber Costa Bright&#8221;, pr\u00e4sentiert unsere beliebte Soft-Touch-Gummibeschichtung in lebhaften Farben, die auch die diamantstrukturierte Griffzone \u00fcberzieht. Dieses moderne Schreibger\u00e4t aus Metall besticht durch sein etwas breiteres Geh\u00e4use im Vergleich zu Standardkugelschreibern. Polierte Chromakzente, elegante Ausstattungselemente und ein stilvoller Clip sorgen f\u00fcr ein anspruchsvolles Design. Sie k\u00f6nnen aus einer [&hellip;]\" \/>\n<meta property=\"og:url\" content=\"https:\/\/pen.eu\/fr\/produit\/kugelschreiber-diamond-bright\/\" \/>\n<meta property=\"og:site_name\" content=\"PEN.EU\" \/>\n<meta property=\"article:modified_time\" content=\"2025-12-12T14:35:32+00:00\" \/>\n<meta property=\"og:image\" content=\"https:\/\/pen.eu\/wp-content\/uploads\/2024\/09\/0511028112-GDD.jpg\" \/>\n\t<meta property=\"og:image:width\" content=\"956\" \/>\n\t<meta property=\"og:image:height\" content=\"956\" \/>\n\t<meta property=\"og:image:type\" content=\"image\/jpeg\" \/>\n<meta name=\"twitter:card\" content=\"summary_large_image\" \/>\n<meta name=\"twitter:label1\" content=\"Dur\u00e9e de lecture estim\u00e9e\" \/>\n\t<meta name=\"twitter:data1\" content=\"1 minute\" \/>\n<script type=\"application\/ld+json\" class=\"yoast-schema-graph\">{\"@context\":\"https:\\\/\\\/schema.org\",\"@graph\":[{\"@type\":\"WebPage\",\"@id\":\"https:\\\/\\\/pen.eu\\\/produkt\\\/kugelschreiber-diamond-bright\\\/\",\"url\":\"https:\\\/\\\/pen.eu\\\/produkt\\\/kugelschreiber-diamond-bright\\\/\",\"name\":\"Kugelschreiber \\\"Diamond Bright\\\" - PEN.EU\",\"isPartOf\":{\"@id\":\"https:\\\/\\\/pen.eu\\\/#website\"},\"primaryImageOfPage\":{\"@id\":\"https:\\\/\\\/pen.eu\\\/produkt\\\/kugelschreiber-diamond-bright\\\/#primaryimage\"},\"image\":{\"@id\":\"https:\\\/\\\/pen.eu\\\/produkt\\\/kugelschreiber-diamond-bright\\\/#primaryimage\"},\"thumbnailUrl\":\"https:\\\/\\\/pen.eu\\\/wp-content\\\/uploads\\\/2024\\\/09\\\/0511028112-GDD.jpg\",\"datePublished\":\"2024-09-19T07:16:22+00:00\",\"dateModified\":\"2025-12-12T14:35:32+00:00\",\"breadcrumb\":{\"@id\":\"https:\\\/\\\/pen.eu\\\/produkt\\\/kugelschreiber-diamond-bright\\\/#breadcrumb\"},\"inLanguage\":\"fr-FR\",\"potentialAction\":[{\"@type\":\"ReadAction\",\"target\":[\"https:\\\/\\\/pen.eu\\\/produkt\\\/kugelschreiber-diamond-bright\\\/\"]}]},{\"@type\":\"ImageObject\",\"inLanguage\":\"fr-FR\",\"@id\":\"https:\\\/\\\/pen.eu\\\/produkt\\\/kugelschreiber-diamond-bright\\\/#primaryimage\",\"url\":\"https:\\\/\\\/pen.eu\\\/wp-content\\\/uploads\\\/2024\\\/09\\\/0511028112-GDD.jpg\",\"contentUrl\":\"https:\\\/\\\/pen.eu\\\/wp-content\\\/uploads\\\/2024\\\/09\\\/0511028112-GDD.jpg\",\"width\":956,\"height\":956},{\"@type\":\"BreadcrumbList\",\"@id\":\"https:\\\/\\\/pen.eu\\\/produkt\\\/kugelschreiber-diamond-bright\\\/#breadcrumb\",\"itemListElement\":[{\"@type\":\"ListItem\",\"position\":1,\"name\":\"Home\",\"item\":\"https:\\\/\\\/pen.eu\\\/\"},{\"@type\":\"ListItem\",\"position\":2,\"name\":\"Shop\",\"item\":\"https:\\\/\\\/pen.eu\\\/ch\\\/shop\\\/\"},{\"@type\":\"ListItem\",\"position\":3,\"name\":\"Kugelschreiber &#8220;Diamond Bright&#8221;\"}]},{\"@type\":\"WebSite\",\"@id\":\"https:\\\/\\\/pen.eu\\\/#website\",\"url\":\"https:\\\/\\\/pen.eu\\\/\",\"name\":\"PEN.EU\",\"description\":\"Kugelschreiber bedrucken mit Logo | pen.eu\",\"potentialAction\":[{\"@type\":\"SearchAction\",\"target\":{\"@type\":\"EntryPoint\",\"urlTemplate\":\"https:\\\/\\\/pen.eu\\\/?s={search_term_string}\"},\"query-input\":{\"@type\":\"PropertyValueSpecification\",\"valueRequired\":true,\"valueName\":\"search_term_string\"}}],\"inLanguage\":\"fr-FR\"}]}<\/script>\n<!-- \/ Yoast SEO plugin. -->","yoast_head_json":{"title":"Kugelschreiber \"Diamond Bright\" - PEN.EU","robots":{"index":"index","follow":"follow","max-snippet":"max-snippet:-1","max-image-preview":"max-image-preview:large","max-video-preview":"max-video-preview:-1"},"canonical":"https:\/\/pen.eu\/fr\/produit\/kugelschreiber-diamond-bright\/","og_locale":"fr_FR","og_type":"article","og_title":"Kugelschreiber \"Diamond Bright\" - PEN.EU","og_description":"Der Kugelschreiber &#8220;Diamond Bright&#8221;, auch bekannt als &#8220;Kugelschreiber Costa Bright&#8221;, pr\u00e4sentiert unsere beliebte Soft-Touch-Gummibeschichtung in lebhaften Farben, die auch die diamantstrukturierte Griffzone \u00fcberzieht. Dieses moderne Schreibger\u00e4t aus Metall besticht durch sein etwas breiteres Geh\u00e4use im Vergleich zu Standardkugelschreibern. Polierte Chromakzente, elegante Ausstattungselemente und ein stilvoller Clip sorgen f\u00fcr ein anspruchsvolles Design. Sie k\u00f6nnen aus einer [&hellip;]","og_url":"https:\/\/pen.eu\/fr\/produit\/kugelschreiber-diamond-bright\/","og_site_name":"PEN.EU","article_modified_time":"2025-12-12T14:35:32+00:00","og_image":[{"width":956,"height":956,"url":"https:\/\/pen.eu\/wp-content\/uploads\/2024\/09\/0511028112-GDD.jpg","type":"image\/jpeg"}],"twitter_card":"summary_large_image","twitter_misc":{"Dur\u00e9e de lecture estim\u00e9e":"1 minute"},"schema":{"@context":"https:\/\/schema.org","@graph":[{"@type":"WebPage","@id":"https:\/\/pen.eu\/produkt\/kugelschreiber-diamond-bright\/","url":"https:\/\/pen.eu\/produkt\/kugelschreiber-diamond-bright\/","name":"Kugelschreiber \"Diamond Bright\" - PEN.EU","isPartOf":{"@id":"https:\/\/pen.eu\/#website"},"primaryImageOfPage":{"@id":"https:\/\/pen.eu\/produkt\/kugelschreiber-diamond-bright\/#primaryimage"},"image":{"@id":"https:\/\/pen.eu\/produkt\/kugelschreiber-diamond-bright\/#primaryimage"},"thumbnailUrl":"https:\/\/pen.eu\/wp-content\/uploads\/2024\/09\/0511028112-GDD.jpg","datePublished":"2024-09-19T07:16:22+00:00","dateModified":"2025-12-12T14:35:32+00:00","breadcrumb":{"@id":"https:\/\/pen.eu\/produkt\/kugelschreiber-diamond-bright\/#breadcrumb"},"inLanguage":"fr-FR","potentialAction":[{"@type":"ReadAction","target":["https:\/\/pen.eu\/produkt\/kugelschreiber-diamond-bright\/"]}]},{"@type":"ImageObject","inLanguage":"fr-FR","@id":"https:\/\/pen.eu\/produkt\/kugelschreiber-diamond-bright\/#primaryimage","url":"https:\/\/pen.eu\/wp-content\/uploads\/2024\/09\/0511028112-GDD.jpg","contentUrl":"https:\/\/pen.eu\/wp-content\/uploads\/2024\/09\/0511028112-GDD.jpg","width":956,"height":956},{"@type":"BreadcrumbList","@id":"https:\/\/pen.eu\/produkt\/kugelschreiber-diamond-bright\/#breadcrumb","itemListElement":[{"@type":"ListItem","position":1,"name":"Home","item":"https:\/\/pen.eu\/"},{"@type":"ListItem","position":2,"name":"Shop","item":"https:\/\/pen.eu\/ch\/shop\/"},{"@type":"ListItem","position":3,"name":"Kugelschreiber &#8220;Diamond Bright&#8221;"}]},{"@type":"WebSite","@id":"https:\/\/pen.eu\/#website","url":"https:\/\/pen.eu\/","name":"PEN.EU","description":"Kugelschreiber bedrucken mit Logo | pen.eu","potentialAction":[{"@type":"SearchAction","target":{"@type":"EntryPoint","urlTemplate":"https:\/\/pen.eu\/?s={search_term_string}"},"query-input":{"@type":"PropertyValueSpecification","valueRequired":true,"valueName":"search_term_string"}}],"inLanguage":"fr-FR"}]}},"_links":{"self":[{"href":"https:\/\/pen.eu\/fr\/wp-json\/wp\/v2\/product\/138","targetHints":{"allow":["GET"]}}],"collection":[{"href":"https:\/\/pen.eu\/fr\/wp-json\/wp\/v2\/product"}],"about":[{"href":"https:\/\/pen.eu\/fr\/wp-json\/wp\/v2\/types\/product"}],"replies":[{"embeddable":true,"href":"https:\/\/pen.eu\/fr\/wp-json\/wp\/v2\/comments?post=138"}],"wp:featuredmedia":[{"embeddable":true,"href":"https:\/\/pen.eu\/fr\/wp-json\/wp\/v2\/media\/139"}],"wp:attachment":[{"href":"https:\/\/pen.eu\/fr\/wp-json\/wp\/v2\/media?parent=138"}],"wp:term":[{"taxonomy":"product_brand","embeddable":true,"href":"https:\/\/pen.eu\/fr\/wp-json\/wp\/v2\/product_brand?post=138"},{"taxonomy":"product_cat","embeddable":true,"href":"https:\/\/pen.eu\/fr\/wp-json\/wp\/v2\/product_cat?post=138"},{"taxonomy":"product_tag","embeddable":true,"href":"https:\/\/pen.eu\/fr\/wp-json\/wp\/v2\/product_tag?post=138"}],"curies":[{"name":"wp","href":"https:\/\/api.w.org\/{rel}","templated":true}]}}