{"id":15249,"date":"2025-07-28T13:22:05","date_gmt":"2025-07-28T11:22:05","guid":{"rendered":"https:\/\/v2.frank-pen.de\/?post_type=product&#038;p=15249"},"modified":"2026-01-22T11:08:56","modified_gmt":"2026-01-22T10:08:56","slug":"rucksack-tahiti","status":"publish","type":"product","link":"https:\/\/pen.eu\/fr\/produit\/rucksack-tahiti\/","title":{"rendered":"Sac \u00e0 dos \"Tahiti\""},"content":{"rendered":"<p>Pratique et polyvalente : la banane Tahiti en nylon rPET 40D (1,2\u202fL) est id\u00e9ale pour celles et ceux qui recherchent le confort en d\u00e9placement. Elle dispose d\u2019un compartiment principal avec double fermeture \u00e9clair pour un acc\u00e8s rapide, d\u2019une poche int\u00e9rieure en mesh pour une meilleure organisation et d\u2019un mousqueton int\u00e9gr\u00e9 pour les cl\u00e9s. La sangle r\u00e9glable garantit un ajustement parfait et un grand confort de port. Pour plus de transparence, un QR code m\u00e8ne au passeport num\u00e9rique du produit.<\/p>","protected":false},"excerpt":{"rendered":"<p>Praktisch und vielseitig: Die Tahiti G\u00fcrteltasche aus 40D rPET Nylon (1,2 L) ist ideal f\u00fcr alle, die unterwegs Wert auf Komfort legen. Sie bietet ein Hauptfach mit Doppelrei\u00dfverschluss f\u00fcr schnellen Zugriff, ein Innenfach aus Netzmaterial zur besseren Organisation sowie einen integrierten Schl\u00fcsselkarabiner. Das verstellbare Gurtband garantiert optimalen Sitz und hohen Tragekomfort. F\u00fcr mehr Transparenz enth\u00e4lt [&hellip;]<\/p>\n","protected":false},"featured_media":15394,"comment_status":"open","ping_status":"closed","template":"","meta":[],"product_brand":[],"product_cat":[249],"product_tag":[689,818,694],"class_list":{"0":"post-15249","1":"product","2":"type-product","3":"status-publish","4":"has-post-thumbnail","6":"product_cat-taschen","7":"product_tag-slimsize","8":"product_tag-top-48","9":"product_tag-ula","10":"pa_farbe-natuerlich","11":"pa_material-nylon","12":"pa_mindestmenge-24","13":"pa_werbeanbringung-digitaldruck","15":"first","16":"instock","17":"taxable","18":"shipping-taxable","19":"purchasable","20":"product-type-variable","21":"add-to-wishlist-after_add_to_cart"},"yoast_head":"<!-- This site is optimized with the Yoast SEO plugin v27.4 - https:\/\/yoast.com\/product\/yoast-seo-wordpress\/ -->\n<title>Rucksack &quot;Tahiti&quot; - PEN.EU<\/title>\n<meta name=\"robots\" content=\"index, follow, max-snippet:-1, max-image-preview:large, max-video-preview:-1\" \/>\n<link rel=\"canonical\" href=\"https:\/\/pen.eu\/fr\/produit\/rucksack-tahiti\/\" \/>\n<meta property=\"og:locale\" content=\"fr_FR\" \/>\n<meta property=\"og:type\" content=\"article\" \/>\n<meta property=\"og:title\" content=\"Rucksack &quot;Tahiti&quot; - PEN.EU\" \/>\n<meta property=\"og:description\" content=\"Praktisch und vielseitig: Die Tahiti G\u00fcrteltasche aus 40D rPET Nylon (1,2 L) ist ideal f\u00fcr alle, die unterwegs Wert auf Komfort legen. Sie bietet ein Hauptfach mit Doppelrei\u00dfverschluss f\u00fcr schnellen Zugriff, ein Innenfach aus Netzmaterial zur besseren Organisation sowie einen integrierten Schl\u00fcsselkarabiner. Das verstellbare Gurtband garantiert optimalen Sitz und hohen Tragekomfort. F\u00fcr mehr Transparenz enth\u00e4lt [&hellip;]\" \/>\n<meta property=\"og:url\" content=\"https:\/\/pen.eu\/fr\/produit\/rucksack-tahiti\/\" \/>\n<meta property=\"og:site_name\" content=\"PEN.EU\" \/>\n<meta property=\"article:modified_time\" content=\"2026-01-22T10:08:56+00:00\" \/>\n<meta property=\"og:image\" content=\"https:\/\/pen.eu\/wp-content\/uploads\/2025\/07\/ULA-7-1024x1024.png\" \/>\n\t<meta property=\"og:image:width\" content=\"1024\" \/>\n\t<meta property=\"og:image:height\" content=\"1024\" \/>\n\t<meta property=\"og:image:type\" content=\"image\/png\" \/>\n<meta name=\"twitter:card\" content=\"summary_large_image\" \/>\n<script type=\"application\/ld+json\" class=\"yoast-schema-graph\">{\"@context\":\"https:\\\/\\\/schema.org\",\"@graph\":[{\"@type\":\"WebPage\",\"@id\":\"https:\\\/\\\/pen.eu\\\/produkt\\\/rucksack-tahiti\\\/\",\"url\":\"https:\\\/\\\/pen.eu\\\/produkt\\\/rucksack-tahiti\\\/\",\"name\":\"Rucksack \\\"Tahiti\\\" - PEN.EU\",\"isPartOf\":{\"@id\":\"https:\\\/\\\/pen.eu\\\/#website\"},\"primaryImageOfPage\":{\"@id\":\"https:\\\/\\\/pen.eu\\\/produkt\\\/rucksack-tahiti\\\/#primaryimage\"},\"image\":{\"@id\":\"https:\\\/\\\/pen.eu\\\/produkt\\\/rucksack-tahiti\\\/#primaryimage\"},\"thumbnailUrl\":\"https:\\\/\\\/pen.eu\\\/wp-content\\\/uploads\\\/2025\\\/07\\\/ULA-7.png\",\"datePublished\":\"2025-07-28T11:22:05+00:00\",\"dateModified\":\"2026-01-22T10:08:56+00:00\",\"breadcrumb\":{\"@id\":\"https:\\\/\\\/pen.eu\\\/produkt\\\/rucksack-tahiti\\\/#breadcrumb\"},\"inLanguage\":\"fr-FR\",\"potentialAction\":[{\"@type\":\"ReadAction\",\"target\":[\"https:\\\/\\\/pen.eu\\\/produkt\\\/rucksack-tahiti\\\/\"]}]},{\"@type\":\"ImageObject\",\"inLanguage\":\"fr-FR\",\"@id\":\"https:\\\/\\\/pen.eu\\\/produkt\\\/rucksack-tahiti\\\/#primaryimage\",\"url\":\"https:\\\/\\\/pen.eu\\\/wp-content\\\/uploads\\\/2025\\\/07\\\/ULA-7.png\",\"contentUrl\":\"https:\\\/\\\/pen.eu\\\/wp-content\\\/uploads\\\/2025\\\/07\\\/ULA-7.png\",\"width\":2000,\"height\":2000,\"caption\":\"ULA-7\"},{\"@type\":\"BreadcrumbList\",\"@id\":\"https:\\\/\\\/pen.eu\\\/produkt\\\/rucksack-tahiti\\\/#breadcrumb\",\"itemListElement\":[{\"@type\":\"ListItem\",\"position\":1,\"name\":\"Home\",\"item\":\"https:\\\/\\\/pen.eu\\\/\"},{\"@type\":\"ListItem\",\"position\":2,\"name\":\"Shop\",\"item\":\"https:\\\/\\\/pen.eu\\\/ch\\\/shop\\\/\"},{\"@type\":\"ListItem\",\"position\":3,\"name\":\"Rucksack &#8220;Tahiti&#8221;\"}]},{\"@type\":\"WebSite\",\"@id\":\"https:\\\/\\\/pen.eu\\\/#website\",\"url\":\"https:\\\/\\\/pen.eu\\\/\",\"name\":\"PEN.EU\",\"description\":\"Kugelschreiber bedrucken mit Logo | pen.eu\",\"potentialAction\":[{\"@type\":\"SearchAction\",\"target\":{\"@type\":\"EntryPoint\",\"urlTemplate\":\"https:\\\/\\\/pen.eu\\\/?s={search_term_string}\"},\"query-input\":{\"@type\":\"PropertyValueSpecification\",\"valueRequired\":true,\"valueName\":\"search_term_string\"}}],\"inLanguage\":\"fr-FR\"}]}<\/script>\n<!-- \/ Yoast SEO plugin. -->","yoast_head_json":{"title":"Rucksack \"Tahiti\" - PEN.EU","robots":{"index":"index","follow":"follow","max-snippet":"max-snippet:-1","max-image-preview":"max-image-preview:large","max-video-preview":"max-video-preview:-1"},"canonical":"https:\/\/pen.eu\/fr\/produit\/rucksack-tahiti\/","og_locale":"fr_FR","og_type":"article","og_title":"Rucksack \"Tahiti\" - PEN.EU","og_description":"Praktisch und vielseitig: Die Tahiti G\u00fcrteltasche aus 40D rPET Nylon (1,2 L) ist ideal f\u00fcr alle, die unterwegs Wert auf Komfort legen. Sie bietet ein Hauptfach mit Doppelrei\u00dfverschluss f\u00fcr schnellen Zugriff, ein Innenfach aus Netzmaterial zur besseren Organisation sowie einen integrierten Schl\u00fcsselkarabiner. Das verstellbare Gurtband garantiert optimalen Sitz und hohen Tragekomfort. F\u00fcr mehr Transparenz enth\u00e4lt [&hellip;]","og_url":"https:\/\/pen.eu\/fr\/produit\/rucksack-tahiti\/","og_site_name":"PEN.EU","article_modified_time":"2026-01-22T10:08:56+00:00","og_image":[{"width":1024,"height":1024,"url":"https:\/\/pen.eu\/wp-content\/uploads\/2025\/07\/ULA-7-1024x1024.png","type":"image\/png"}],"twitter_card":"summary_large_image","schema":{"@context":"https:\/\/schema.org","@graph":[{"@type":"WebPage","@id":"https:\/\/pen.eu\/produkt\/rucksack-tahiti\/","url":"https:\/\/pen.eu\/produkt\/rucksack-tahiti\/","name":"Rucksack \"Tahiti\" - PEN.EU","isPartOf":{"@id":"https:\/\/pen.eu\/#website"},"primaryImageOfPage":{"@id":"https:\/\/pen.eu\/produkt\/rucksack-tahiti\/#primaryimage"},"image":{"@id":"https:\/\/pen.eu\/produkt\/rucksack-tahiti\/#primaryimage"},"thumbnailUrl":"https:\/\/pen.eu\/wp-content\/uploads\/2025\/07\/ULA-7.png","datePublished":"2025-07-28T11:22:05+00:00","dateModified":"2026-01-22T10:08:56+00:00","breadcrumb":{"@id":"https:\/\/pen.eu\/produkt\/rucksack-tahiti\/#breadcrumb"},"inLanguage":"fr-FR","potentialAction":[{"@type":"ReadAction","target":["https:\/\/pen.eu\/produkt\/rucksack-tahiti\/"]}]},{"@type":"ImageObject","inLanguage":"fr-FR","@id":"https:\/\/pen.eu\/produkt\/rucksack-tahiti\/#primaryimage","url":"https:\/\/pen.eu\/wp-content\/uploads\/2025\/07\/ULA-7.png","contentUrl":"https:\/\/pen.eu\/wp-content\/uploads\/2025\/07\/ULA-7.png","width":2000,"height":2000,"caption":"ULA-7"},{"@type":"BreadcrumbList","@id":"https:\/\/pen.eu\/produkt\/rucksack-tahiti\/#breadcrumb","itemListElement":[{"@type":"ListItem","position":1,"name":"Home","item":"https:\/\/pen.eu\/"},{"@type":"ListItem","position":2,"name":"Shop","item":"https:\/\/pen.eu\/ch\/shop\/"},{"@type":"ListItem","position":3,"name":"Rucksack &#8220;Tahiti&#8221;"}]},{"@type":"WebSite","@id":"https:\/\/pen.eu\/#website","url":"https:\/\/pen.eu\/","name":"PEN.EU","description":"Kugelschreiber bedrucken mit Logo | pen.eu","potentialAction":[{"@type":"SearchAction","target":{"@type":"EntryPoint","urlTemplate":"https:\/\/pen.eu\/?s={search_term_string}"},"query-input":{"@type":"PropertyValueSpecification","valueRequired":true,"valueName":"search_term_string"}}],"inLanguage":"fr-FR"}]}},"_links":{"self":[{"href":"https:\/\/pen.eu\/fr\/wp-json\/wp\/v2\/product\/15249","targetHints":{"allow":["GET"]}}],"collection":[{"href":"https:\/\/pen.eu\/fr\/wp-json\/wp\/v2\/product"}],"about":[{"href":"https:\/\/pen.eu\/fr\/wp-json\/wp\/v2\/types\/product"}],"replies":[{"embeddable":true,"href":"https:\/\/pen.eu\/fr\/wp-json\/wp\/v2\/comments?post=15249"}],"wp:featuredmedia":[{"embeddable":true,"href":"https:\/\/pen.eu\/fr\/wp-json\/wp\/v2\/media\/15394"}],"wp:attachment":[{"href":"https:\/\/pen.eu\/fr\/wp-json\/wp\/v2\/media?parent=15249"}],"wp:term":[{"taxonomy":"product_brand","embeddable":true,"href":"https:\/\/pen.eu\/fr\/wp-json\/wp\/v2\/product_brand?post=15249"},{"taxonomy":"product_cat","embeddable":true,"href":"https:\/\/pen.eu\/fr\/wp-json\/wp\/v2\/product_cat?post=15249"},{"taxonomy":"product_tag","embeddable":true,"href":"https:\/\/pen.eu\/fr\/wp-json\/wp\/v2\/product_tag?post=15249"}],"curies":[{"name":"wp","href":"https:\/\/api.w.org\/{rel}","templated":true}]}}