{"id":15281,"date":"2025-07-28T14:09:45","date_gmt":"2025-07-28T12:09:45","guid":{"rendered":"https:\/\/v2.frank-pen.de\/?post_type=product&#038;p=15281"},"modified":"2025-10-06T12:54:10","modified_gmt":"2025-10-06T10:54:10","slug":"kuehltasche-nevada","status":"publish","type":"product","link":"https:\/\/pen.eu\/fr\/produit\/kuehltasche-nevada\/","title":{"rendered":"Sac isotherme \"Nevada\""},"content":{"rendered":"<p>Le sac isotherme Nevada en rPET 600D d\u2019une capacit\u00e9 de 10 litres allie design pratique et look moderne \u2013 id\u00e9al pour transporter vos aliments et boissons en toute s\u00e9curit\u00e9. Le compartiment principal isotherme avec doublure en PEVA maintient efficacement le contenu au frais, tandis que sa construction robuste assure stabilit\u00e9 et \u00e9tanch\u00e9it\u00e9. Une poche frontale zipp\u00e9e permet un acc\u00e8s rapide aux petits objets, et les fermetures \u00e9clair \u00e9tanches offrent une protection suppl\u00e9mentaire contre l\u2019humidit\u00e9. La bandouli\u00e8re r\u00e9glable garantit un confort de port optimal \u2013 au quotidien, au bureau ou lors d\u2019un pique-nique.<\/p>","protected":false},"excerpt":{"rendered":"<p>Die Nevada K\u00fchltasche aus 600D rPET mit 10 Litern Volumen kombiniert praktisches Design mit modernem Look \u2013 ideal zum sicheren Transport von Speisen und Getr\u00e4nken. Das isolierte Hauptfach mit PEVA-Futter h\u00e4lt den Inhalt zuverl\u00e4ssig k\u00fchl, w\u00e4hrend die robuste Verarbeitung f\u00fcr Stabilit\u00e4t und Auslaufschutz sorgt. Eine Rei\u00dfverschluss-Vordertasche bietet schnellen Zugriff auf kleinere Utensilien, und wasserdichte Rei\u00dfverschl\u00fcsse [&hellip;]<\/p>\n","protected":false},"featured_media":15451,"comment_status":"open","ping_status":"closed","template":"","meta":[],"product_brand":[],"product_cat":[249],"product_tag":[688,689,698],"class_list":{"0":"post-15281","1":"product","2":"type-product","3":"status-publish","4":"has-post-thumbnail","6":"product_cat-taschen","7":"product_tag-logobottom","8":"product_tag-slimsize","9":"product_tag-ulg","10":"pa_farbe-natuerlich","11":"pa_material-polyester","12":"pa_mindestmenge-24","13":"pa_werbeanbringung-digitaldruck","14":"pa_werbeanbringung-siebdruck","16":"first","17":"instock","18":"taxable","19":"shipping-taxable","20":"purchasable","21":"product-type-variable","22":"add-to-wishlist-after_add_to_cart"},"yoast_head":"<!-- This site is optimized with the Yoast SEO plugin v27.4 - https:\/\/yoast.com\/product\/yoast-seo-wordpress\/ -->\n<title>K\u00fchltasche &quot;Nevada&quot; - PEN.EU<\/title>\n<meta name=\"robots\" content=\"index, follow, max-snippet:-1, max-image-preview:large, max-video-preview:-1\" \/>\n<link rel=\"canonical\" href=\"https:\/\/pen.eu\/fr\/produit\/kuehltasche-nevada\/\" \/>\n<meta property=\"og:locale\" content=\"fr_FR\" \/>\n<meta property=\"og:type\" content=\"article\" \/>\n<meta property=\"og:title\" content=\"K\u00fchltasche &quot;Nevada&quot; - PEN.EU\" \/>\n<meta property=\"og:description\" content=\"Die Nevada K\u00fchltasche aus 600D rPET mit 10 Litern Volumen kombiniert praktisches Design mit modernem Look \u2013 ideal zum sicheren Transport von Speisen und Getr\u00e4nken. Das isolierte Hauptfach mit PEVA-Futter h\u00e4lt den Inhalt zuverl\u00e4ssig k\u00fchl, w\u00e4hrend die robuste Verarbeitung f\u00fcr Stabilit\u00e4t und Auslaufschutz sorgt. Eine Rei\u00dfverschluss-Vordertasche bietet schnellen Zugriff auf kleinere Utensilien, und wasserdichte Rei\u00dfverschl\u00fcsse [&hellip;]\" \/>\n<meta property=\"og:url\" content=\"https:\/\/pen.eu\/fr\/produit\/kuehltasche-nevada\/\" \/>\n<meta property=\"og:site_name\" content=\"PEN.EU\" \/>\n<meta property=\"article:modified_time\" content=\"2025-10-06T10:54:10+00:00\" \/>\n<meta property=\"og:image\" content=\"https:\/\/pen.eu\/wp-content\/uploads\/2025\/07\/ULG-blank-gray.png\" \/>\n\t<meta property=\"og:image:width\" content=\"2000\" \/>\n\t<meta property=\"og:image:height\" content=\"2000\" \/>\n\t<meta property=\"og:image:type\" content=\"image\/png\" \/>\n<meta name=\"twitter:card\" content=\"summary_large_image\" \/>\n<script type=\"application\/ld+json\" class=\"yoast-schema-graph\">{\"@context\":\"https:\\\/\\\/schema.org\",\"@graph\":[{\"@type\":\"WebPage\",\"@id\":\"https:\\\/\\\/pen.eu\\\/produkt\\\/kuehltasche-nevada\\\/\",\"url\":\"https:\\\/\\\/pen.eu\\\/produkt\\\/kuehltasche-nevada\\\/\",\"name\":\"K\u00fchltasche \\\"Nevada\\\" - PEN.EU\",\"isPartOf\":{\"@id\":\"https:\\\/\\\/pen.eu\\\/#website\"},\"primaryImageOfPage\":{\"@id\":\"https:\\\/\\\/pen.eu\\\/produkt\\\/kuehltasche-nevada\\\/#primaryimage\"},\"image\":{\"@id\":\"https:\\\/\\\/pen.eu\\\/produkt\\\/kuehltasche-nevada\\\/#primaryimage\"},\"thumbnailUrl\":\"https:\\\/\\\/pen.eu\\\/wp-content\\\/uploads\\\/2025\\\/07\\\/ULG-blank-gray.png\",\"datePublished\":\"2025-07-28T12:09:45+00:00\",\"dateModified\":\"2025-10-06T10:54:10+00:00\",\"breadcrumb\":{\"@id\":\"https:\\\/\\\/pen.eu\\\/produkt\\\/kuehltasche-nevada\\\/#breadcrumb\"},\"inLanguage\":\"fr-FR\",\"potentialAction\":[{\"@type\":\"ReadAction\",\"target\":[\"https:\\\/\\\/pen.eu\\\/produkt\\\/kuehltasche-nevada\\\/\"]}]},{\"@type\":\"ImageObject\",\"inLanguage\":\"fr-FR\",\"@id\":\"https:\\\/\\\/pen.eu\\\/produkt\\\/kuehltasche-nevada\\\/#primaryimage\",\"url\":\"https:\\\/\\\/pen.eu\\\/wp-content\\\/uploads\\\/2025\\\/07\\\/ULG-blank-gray.png\",\"contentUrl\":\"https:\\\/\\\/pen.eu\\\/wp-content\\\/uploads\\\/2025\\\/07\\\/ULG-blank-gray.png\",\"width\":2000,\"height\":2000,\"caption\":\"ULG-blank-gray\"},{\"@type\":\"BreadcrumbList\",\"@id\":\"https:\\\/\\\/pen.eu\\\/produkt\\\/kuehltasche-nevada\\\/#breadcrumb\",\"itemListElement\":[{\"@type\":\"ListItem\",\"position\":1,\"name\":\"Home\",\"item\":\"https:\\\/\\\/pen.eu\\\/\"},{\"@type\":\"ListItem\",\"position\":2,\"name\":\"Shop\",\"item\":\"https:\\\/\\\/pen.eu\\\/ch\\\/shop\\\/\"},{\"@type\":\"ListItem\",\"position\":3,\"name\":\"K\u00fchltasche &#8220;Nevada&#8221;\"}]},{\"@type\":\"WebSite\",\"@id\":\"https:\\\/\\\/pen.eu\\\/#website\",\"url\":\"https:\\\/\\\/pen.eu\\\/\",\"name\":\"PEN.EU\",\"description\":\"Kugelschreiber bedrucken mit Logo | pen.eu\",\"potentialAction\":[{\"@type\":\"SearchAction\",\"target\":{\"@type\":\"EntryPoint\",\"urlTemplate\":\"https:\\\/\\\/pen.eu\\\/?s={search_term_string}\"},\"query-input\":{\"@type\":\"PropertyValueSpecification\",\"valueRequired\":true,\"valueName\":\"search_term_string\"}}],\"inLanguage\":\"fr-FR\"}]}<\/script>\n<!-- \/ Yoast SEO plugin. -->","yoast_head_json":{"title":"K\u00fchltasche \"Nevada\" - PEN.EU","robots":{"index":"index","follow":"follow","max-snippet":"max-snippet:-1","max-image-preview":"max-image-preview:large","max-video-preview":"max-video-preview:-1"},"canonical":"https:\/\/pen.eu\/fr\/produit\/kuehltasche-nevada\/","og_locale":"fr_FR","og_type":"article","og_title":"K\u00fchltasche \"Nevada\" - PEN.EU","og_description":"Die Nevada K\u00fchltasche aus 600D rPET mit 10 Litern Volumen kombiniert praktisches Design mit modernem Look \u2013 ideal zum sicheren Transport von Speisen und Getr\u00e4nken. Das isolierte Hauptfach mit PEVA-Futter h\u00e4lt den Inhalt zuverl\u00e4ssig k\u00fchl, w\u00e4hrend die robuste Verarbeitung f\u00fcr Stabilit\u00e4t und Auslaufschutz sorgt. Eine Rei\u00dfverschluss-Vordertasche bietet schnellen Zugriff auf kleinere Utensilien, und wasserdichte Rei\u00dfverschl\u00fcsse [&hellip;]","og_url":"https:\/\/pen.eu\/fr\/produit\/kuehltasche-nevada\/","og_site_name":"PEN.EU","article_modified_time":"2025-10-06T10:54:10+00:00","og_image":[{"width":2000,"height":2000,"url":"https:\/\/pen.eu\/wp-content\/uploads\/2025\/07\/ULG-blank-gray.png","type":"image\/png"}],"twitter_card":"summary_large_image","schema":{"@context":"https:\/\/schema.org","@graph":[{"@type":"WebPage","@id":"https:\/\/pen.eu\/produkt\/kuehltasche-nevada\/","url":"https:\/\/pen.eu\/produkt\/kuehltasche-nevada\/","name":"K\u00fchltasche \"Nevada\" - PEN.EU","isPartOf":{"@id":"https:\/\/pen.eu\/#website"},"primaryImageOfPage":{"@id":"https:\/\/pen.eu\/produkt\/kuehltasche-nevada\/#primaryimage"},"image":{"@id":"https:\/\/pen.eu\/produkt\/kuehltasche-nevada\/#primaryimage"},"thumbnailUrl":"https:\/\/pen.eu\/wp-content\/uploads\/2025\/07\/ULG-blank-gray.png","datePublished":"2025-07-28T12:09:45+00:00","dateModified":"2025-10-06T10:54:10+00:00","breadcrumb":{"@id":"https:\/\/pen.eu\/produkt\/kuehltasche-nevada\/#breadcrumb"},"inLanguage":"fr-FR","potentialAction":[{"@type":"ReadAction","target":["https:\/\/pen.eu\/produkt\/kuehltasche-nevada\/"]}]},{"@type":"ImageObject","inLanguage":"fr-FR","@id":"https:\/\/pen.eu\/produkt\/kuehltasche-nevada\/#primaryimage","url":"https:\/\/pen.eu\/wp-content\/uploads\/2025\/07\/ULG-blank-gray.png","contentUrl":"https:\/\/pen.eu\/wp-content\/uploads\/2025\/07\/ULG-blank-gray.png","width":2000,"height":2000,"caption":"ULG-blank-gray"},{"@type":"BreadcrumbList","@id":"https:\/\/pen.eu\/produkt\/kuehltasche-nevada\/#breadcrumb","itemListElement":[{"@type":"ListItem","position":1,"name":"Home","item":"https:\/\/pen.eu\/"},{"@type":"ListItem","position":2,"name":"Shop","item":"https:\/\/pen.eu\/ch\/shop\/"},{"@type":"ListItem","position":3,"name":"K\u00fchltasche &#8220;Nevada&#8221;"}]},{"@type":"WebSite","@id":"https:\/\/pen.eu\/#website","url":"https:\/\/pen.eu\/","name":"PEN.EU","description":"Kugelschreiber bedrucken mit Logo | pen.eu","potentialAction":[{"@type":"SearchAction","target":{"@type":"EntryPoint","urlTemplate":"https:\/\/pen.eu\/?s={search_term_string}"},"query-input":{"@type":"PropertyValueSpecification","valueRequired":true,"valueName":"search_term_string"}}],"inLanguage":"fr-FR"}]}},"_links":{"self":[{"href":"https:\/\/pen.eu\/fr\/wp-json\/wp\/v2\/product\/15281","targetHints":{"allow":["GET"]}}],"collection":[{"href":"https:\/\/pen.eu\/fr\/wp-json\/wp\/v2\/product"}],"about":[{"href":"https:\/\/pen.eu\/fr\/wp-json\/wp\/v2\/types\/product"}],"replies":[{"embeddable":true,"href":"https:\/\/pen.eu\/fr\/wp-json\/wp\/v2\/comments?post=15281"}],"wp:featuredmedia":[{"embeddable":true,"href":"https:\/\/pen.eu\/fr\/wp-json\/wp\/v2\/media\/15451"}],"wp:attachment":[{"href":"https:\/\/pen.eu\/fr\/wp-json\/wp\/v2\/media?parent=15281"}],"wp:term":[{"taxonomy":"product_brand","embeddable":true,"href":"https:\/\/pen.eu\/fr\/wp-json\/wp\/v2\/product_brand?post=15281"},{"taxonomy":"product_cat","embeddable":true,"href":"https:\/\/pen.eu\/fr\/wp-json\/wp\/v2\/product_cat?post=15281"},{"taxonomy":"product_tag","embeddable":true,"href":"https:\/\/pen.eu\/fr\/wp-json\/wp\/v2\/product_tag?post=15281"}],"curies":[{"name":"wp","href":"https:\/\/api.w.org\/{rel}","templated":true}]}}