{"id":15292,"date":"2025-07-28T14:18:01","date_gmt":"2025-07-28T12:18:01","guid":{"rendered":"https:\/\/v2.frank-pen.de\/?post_type=product&#038;p=15292"},"modified":"2026-01-22T11:13:06","modified_gmt":"2026-01-22T10:13:06","slug":"rucksack-economic","status":"publish","type":"product","link":"https:\/\/pen.eu\/fr\/produit\/rucksack-economic\/","title":{"rendered":"Sac \u00e0 dos \u201cEconomic\u201d"},"content":{"rendered":"<p>Le sac \u00e0 dos Economic en polyester rPET 600D r\u00e9sistant allie fonctionnalit\u00e9 quotidienne et design moderne. Avec une capacit\u00e9 de 18 litres, il dispose d\u2019un compartiment principal spacieux incluant une pochette rembourr\u00e9e pour ordinateur portable jusqu\u2019\u00e0 15 pouces. Deux poches lat\u00e9rales pratiques ainsi qu\u2019une poche zipp\u00e9e dissimul\u00e9e \u00e0 l\u2019avant offrent un espace de rangement suppl\u00e9mentaire. Les bretelles rembourr\u00e9es assurent un confort de port optimal \u2013 id\u00e9al pour le travail, l\u2019universit\u00e9 ou les loisirs. Le design bicolore avec rev\u00eatement PU conf\u00e8re au sac \u00e0 dos un look \u00e9l\u00e9gant. Un QR code int\u00e9gr\u00e9 donne acc\u00e8s au passeport num\u00e9rique du produit pour plus de transparence.<\/p>","protected":false},"excerpt":{"rendered":"<p>Der Economic Rucksack aus robustem rPET 600D Polyester vereint Alltagstauglichkeit mit modernem Design. Mit einem Fassungsverm\u00f6gen von 18 Litern bietet er ein gro\u00dfz\u00fcgiges Hauptfach inklusive gepolstertem Laptopfach f\u00fcr Ger\u00e4te bis 15 Zoll. Zwei praktische Seitentaschen sowie eine versteckte Rei\u00dfverschlusstasche auf der Vorderseite sorgen f\u00fcr zus\u00e4tzlichen Stauraum. Die komfortabel gepolsterten Schulterriemen erm\u00f6glichen ein angenehmes Tragegef\u00fchl \u2013 [&hellip;]<\/p>\n","protected":false},"featured_media":15464,"comment_status":"open","ping_status":"closed","template":"","meta":[],"product_brand":[],"product_cat":[249],"product_tag":[690,799,699],"class_list":{"0":"post-15292","1":"product","2":"type-product","3":"status-publish","4":"has-post-thumbnail","6":"product_cat-taschen","7":"product_tag-backpack","8":"product_tag-slimlogo","9":"product_tag-ukp","10":"pa_farbe-natuerlich","11":"pa_material-polyester","12":"pa_mindestmenge-24","13":"pa_werbeanbringung-digitaldruck","14":"pa_werbeanbringung-siebdruck","16":"first","17":"instock","18":"taxable","19":"shipping-taxable","20":"purchasable","21":"product-type-variable","22":"add-to-wishlist-after_add_to_cart"},"yoast_head":"<!-- This site is optimized with the Yoast SEO plugin v27.4 - https:\/\/yoast.com\/product\/yoast-seo-wordpress\/ -->\n<title>Rucksack &quot;Economic&quot; - PEN.EU<\/title>\n<meta name=\"robots\" content=\"index, follow, max-snippet:-1, max-image-preview:large, max-video-preview:-1\" \/>\n<link rel=\"canonical\" href=\"https:\/\/pen.eu\/fr\/produit\/rucksack-economic\/\" \/>\n<meta property=\"og:locale\" content=\"fr_FR\" \/>\n<meta property=\"og:type\" content=\"article\" \/>\n<meta property=\"og:title\" content=\"Rucksack &quot;Economic&quot; - PEN.EU\" \/>\n<meta property=\"og:description\" content=\"Der Economic Rucksack aus robustem rPET 600D Polyester vereint Alltagstauglichkeit mit modernem Design. Mit einem Fassungsverm\u00f6gen von 18 Litern bietet er ein gro\u00dfz\u00fcgiges Hauptfach inklusive gepolstertem Laptopfach f\u00fcr Ger\u00e4te bis 15 Zoll. Zwei praktische Seitentaschen sowie eine versteckte Rei\u00dfverschlusstasche auf der Vorderseite sorgen f\u00fcr zus\u00e4tzlichen Stauraum. Die komfortabel gepolsterten Schulterriemen erm\u00f6glichen ein angenehmes Tragegef\u00fchl \u2013 [&hellip;]\" \/>\n<meta property=\"og:url\" content=\"https:\/\/pen.eu\/fr\/produit\/rucksack-economic\/\" \/>\n<meta property=\"og:site_name\" content=\"PEN.EU\" \/>\n<meta property=\"article:modified_time\" content=\"2026-01-22T10:13:06+00:00\" \/>\n<meta property=\"og:image\" content=\"https:\/\/pen.eu\/wp-content\/uploads\/2025\/07\/UKP-blank-black.jpg\" \/>\n\t<meta property=\"og:image:width\" content=\"2000\" \/>\n\t<meta property=\"og:image:height\" content=\"2000\" \/>\n\t<meta property=\"og:image:type\" content=\"image\/jpeg\" \/>\n<meta name=\"twitter:card\" content=\"summary_large_image\" \/>\n<script type=\"application\/ld+json\" class=\"yoast-schema-graph\">{\"@context\":\"https:\\\/\\\/schema.org\",\"@graph\":[{\"@type\":\"WebPage\",\"@id\":\"https:\\\/\\\/pen.eu\\\/produkt\\\/rucksack-economic\\\/\",\"url\":\"https:\\\/\\\/pen.eu\\\/produkt\\\/rucksack-economic\\\/\",\"name\":\"Rucksack \\\"Economic\\\" - PEN.EU\",\"isPartOf\":{\"@id\":\"https:\\\/\\\/pen.eu\\\/#website\"},\"primaryImageOfPage\":{\"@id\":\"https:\\\/\\\/pen.eu\\\/produkt\\\/rucksack-economic\\\/#primaryimage\"},\"image\":{\"@id\":\"https:\\\/\\\/pen.eu\\\/produkt\\\/rucksack-economic\\\/#primaryimage\"},\"thumbnailUrl\":\"https:\\\/\\\/pen.eu\\\/wp-content\\\/uploads\\\/2025\\\/07\\\/UKP-blank-black.jpg\",\"datePublished\":\"2025-07-28T12:18:01+00:00\",\"dateModified\":\"2026-01-22T10:13:06+00:00\",\"breadcrumb\":{\"@id\":\"https:\\\/\\\/pen.eu\\\/produkt\\\/rucksack-economic\\\/#breadcrumb\"},\"inLanguage\":\"fr-FR\",\"potentialAction\":[{\"@type\":\"ReadAction\",\"target\":[\"https:\\\/\\\/pen.eu\\\/produkt\\\/rucksack-economic\\\/\"]}]},{\"@type\":\"ImageObject\",\"inLanguage\":\"fr-FR\",\"@id\":\"https:\\\/\\\/pen.eu\\\/produkt\\\/rucksack-economic\\\/#primaryimage\",\"url\":\"https:\\\/\\\/pen.eu\\\/wp-content\\\/uploads\\\/2025\\\/07\\\/UKP-blank-black.jpg\",\"contentUrl\":\"https:\\\/\\\/pen.eu\\\/wp-content\\\/uploads\\\/2025\\\/07\\\/UKP-blank-black.jpg\",\"width\":2000,\"height\":2000,\"caption\":\"UKP-blank-black\"},{\"@type\":\"BreadcrumbList\",\"@id\":\"https:\\\/\\\/pen.eu\\\/produkt\\\/rucksack-economic\\\/#breadcrumb\",\"itemListElement\":[{\"@type\":\"ListItem\",\"position\":1,\"name\":\"Home\",\"item\":\"https:\\\/\\\/pen.eu\\\/\"},{\"@type\":\"ListItem\",\"position\":2,\"name\":\"Shop\",\"item\":\"https:\\\/\\\/pen.eu\\\/ch\\\/shop\\\/\"},{\"@type\":\"ListItem\",\"position\":3,\"name\":\"Rucksack &#8220;Economic&#8221;\"}]},{\"@type\":\"WebSite\",\"@id\":\"https:\\\/\\\/pen.eu\\\/#website\",\"url\":\"https:\\\/\\\/pen.eu\\\/\",\"name\":\"PEN.EU\",\"description\":\"Kugelschreiber bedrucken mit Logo | pen.eu\",\"potentialAction\":[{\"@type\":\"SearchAction\",\"target\":{\"@type\":\"EntryPoint\",\"urlTemplate\":\"https:\\\/\\\/pen.eu\\\/?s={search_term_string}\"},\"query-input\":{\"@type\":\"PropertyValueSpecification\",\"valueRequired\":true,\"valueName\":\"search_term_string\"}}],\"inLanguage\":\"fr-FR\"}]}<\/script>\n<!-- \/ Yoast SEO plugin. -->","yoast_head_json":{"title":"Rucksack \"Economic\" - PEN.EU","robots":{"index":"index","follow":"follow","max-snippet":"max-snippet:-1","max-image-preview":"max-image-preview:large","max-video-preview":"max-video-preview:-1"},"canonical":"https:\/\/pen.eu\/fr\/produit\/rucksack-economic\/","og_locale":"fr_FR","og_type":"article","og_title":"Rucksack \"Economic\" - PEN.EU","og_description":"Der Economic Rucksack aus robustem rPET 600D Polyester vereint Alltagstauglichkeit mit modernem Design. Mit einem Fassungsverm\u00f6gen von 18 Litern bietet er ein gro\u00dfz\u00fcgiges Hauptfach inklusive gepolstertem Laptopfach f\u00fcr Ger\u00e4te bis 15 Zoll. Zwei praktische Seitentaschen sowie eine versteckte Rei\u00dfverschlusstasche auf der Vorderseite sorgen f\u00fcr zus\u00e4tzlichen Stauraum. Die komfortabel gepolsterten Schulterriemen erm\u00f6glichen ein angenehmes Tragegef\u00fchl \u2013 [&hellip;]","og_url":"https:\/\/pen.eu\/fr\/produit\/rucksack-economic\/","og_site_name":"PEN.EU","article_modified_time":"2026-01-22T10:13:06+00:00","og_image":[{"width":2000,"height":2000,"url":"https:\/\/pen.eu\/wp-content\/uploads\/2025\/07\/UKP-blank-black.jpg","type":"image\/jpeg"}],"twitter_card":"summary_large_image","schema":{"@context":"https:\/\/schema.org","@graph":[{"@type":"WebPage","@id":"https:\/\/pen.eu\/produkt\/rucksack-economic\/","url":"https:\/\/pen.eu\/produkt\/rucksack-economic\/","name":"Rucksack \"Economic\" - PEN.EU","isPartOf":{"@id":"https:\/\/pen.eu\/#website"},"primaryImageOfPage":{"@id":"https:\/\/pen.eu\/produkt\/rucksack-economic\/#primaryimage"},"image":{"@id":"https:\/\/pen.eu\/produkt\/rucksack-economic\/#primaryimage"},"thumbnailUrl":"https:\/\/pen.eu\/wp-content\/uploads\/2025\/07\/UKP-blank-black.jpg","datePublished":"2025-07-28T12:18:01+00:00","dateModified":"2026-01-22T10:13:06+00:00","breadcrumb":{"@id":"https:\/\/pen.eu\/produkt\/rucksack-economic\/#breadcrumb"},"inLanguage":"fr-FR","potentialAction":[{"@type":"ReadAction","target":["https:\/\/pen.eu\/produkt\/rucksack-economic\/"]}]},{"@type":"ImageObject","inLanguage":"fr-FR","@id":"https:\/\/pen.eu\/produkt\/rucksack-economic\/#primaryimage","url":"https:\/\/pen.eu\/wp-content\/uploads\/2025\/07\/UKP-blank-black.jpg","contentUrl":"https:\/\/pen.eu\/wp-content\/uploads\/2025\/07\/UKP-blank-black.jpg","width":2000,"height":2000,"caption":"UKP-blank-black"},{"@type":"BreadcrumbList","@id":"https:\/\/pen.eu\/produkt\/rucksack-economic\/#breadcrumb","itemListElement":[{"@type":"ListItem","position":1,"name":"Home","item":"https:\/\/pen.eu\/"},{"@type":"ListItem","position":2,"name":"Shop","item":"https:\/\/pen.eu\/ch\/shop\/"},{"@type":"ListItem","position":3,"name":"Rucksack &#8220;Economic&#8221;"}]},{"@type":"WebSite","@id":"https:\/\/pen.eu\/#website","url":"https:\/\/pen.eu\/","name":"PEN.EU","description":"Kugelschreiber bedrucken mit Logo | pen.eu","potentialAction":[{"@type":"SearchAction","target":{"@type":"EntryPoint","urlTemplate":"https:\/\/pen.eu\/?s={search_term_string}"},"query-input":{"@type":"PropertyValueSpecification","valueRequired":true,"valueName":"search_term_string"}}],"inLanguage":"fr-FR"}]}},"_links":{"self":[{"href":"https:\/\/pen.eu\/fr\/wp-json\/wp\/v2\/product\/15292","targetHints":{"allow":["GET"]}}],"collection":[{"href":"https:\/\/pen.eu\/fr\/wp-json\/wp\/v2\/product"}],"about":[{"href":"https:\/\/pen.eu\/fr\/wp-json\/wp\/v2\/types\/product"}],"replies":[{"embeddable":true,"href":"https:\/\/pen.eu\/fr\/wp-json\/wp\/v2\/comments?post=15292"}],"wp:featuredmedia":[{"embeddable":true,"href":"https:\/\/pen.eu\/fr\/wp-json\/wp\/v2\/media\/15464"}],"wp:attachment":[{"href":"https:\/\/pen.eu\/fr\/wp-json\/wp\/v2\/media?parent=15292"}],"wp:term":[{"taxonomy":"product_brand","embeddable":true,"href":"https:\/\/pen.eu\/fr\/wp-json\/wp\/v2\/product_brand?post=15292"},{"taxonomy":"product_cat","embeddable":true,"href":"https:\/\/pen.eu\/fr\/wp-json\/wp\/v2\/product_cat?post=15292"},{"taxonomy":"product_tag","embeddable":true,"href":"https:\/\/pen.eu\/fr\/wp-json\/wp\/v2\/product_tag?post=15292"}],"curies":[{"name":"wp","href":"https:\/\/api.w.org\/{rel}","templated":true}]}}