{"id":15309,"date":"2025-07-28T14:28:44","date_gmt":"2025-07-28T12:28:44","guid":{"rendered":"https:\/\/v2.frank-pen.de\/?post_type=product&#038;p=15309"},"modified":"2025-10-06T12:54:09","modified_gmt":"2025-10-06T10:54:09","slug":"kuehltasche-crosshatch","status":"publish","type":"product","link":"https:\/\/pen.eu\/fr\/produit\/kuehltasche-crosshatch\/","title":{"rendered":"Sac isotherme \"Crosshatch\""},"content":{"rendered":"<p>Avec le sac isotherme et lunch Crosshatch en rPET recycl\u00e9, votre marque est mise en valeur avec style \u2013 fonctionnel, durable et adapt\u00e9 au quotidien. Que ce soit pour le bureau, un pique-nique ou une collation sur le pouce, ce sac compact s\u00e9duit par sa capacit\u00e9 de 4 litres et une charge maximale de 2 kg. Sa construction solide enti\u00e8rement cousue garantit une \u00e9tanch\u00e9it\u00e9 fiable, tandis que la fermeture \u00e9clair sur trois c\u00f4t\u00e9s permet un chargement et un d\u00e9chargement rapides. La bandouli\u00e8re de 99\u202fcm offre un grand confort de port. Pratique, \u00e9l\u00e9gant et id\u00e9al en toutes circonstances.<\/p>","protected":false},"excerpt":{"rendered":"<p>Mit der Crosshatch K\u00fchl- &amp; Lunchtasche aus recyceltem rPET setzen Sie Ihre Marke gekonnt in Szene \u2013 funktional, nachhaltig und alltagstauglich. Ob f\u00fcrs B\u00fcro, ein Picknick im Gr\u00fcnen oder Snacks unterwegs: Diese kompakte K\u00fchltasche \u00fcberzeugt mit einem Fassungsverm\u00f6gen von 4 Litern und einer Traglast von bis zu 2 kg. Die rundum gen\u00e4hte, stabile Konstruktion sorgt [&hellip;]<\/p>\n","protected":false},"featured_media":15509,"comment_status":"open","ping_status":"closed","template":"","meta":[],"product_brand":[],"product_cat":[249],"product_tag":[687,760],"class_list":{"0":"post-15309","1":"product","2":"type-product","3":"status-publish","4":"has-post-thumbnail","6":"product_cat-taschen","7":"product_tag-logomiddle","8":"product_tag-ugy","9":"pa_farbe-natuerlich","10":"pa_material-repreve","11":"pa_mindestmenge-24","12":"pa_werbeanbringung-siebdruck","14":"first","15":"instock","16":"taxable","17":"shipping-taxable","18":"purchasable","19":"product-type-variable","20":"add-to-wishlist-after_add_to_cart"},"yoast_head":"<!-- This site is optimized with the Yoast SEO plugin v27.4 - https:\/\/yoast.com\/product\/yoast-seo-wordpress\/ -->\n<title>K\u00fchltasche &quot;Crosshatch&quot; - PEN.EU<\/title>\n<meta name=\"robots\" content=\"index, follow, max-snippet:-1, max-image-preview:large, max-video-preview:-1\" \/>\n<link rel=\"canonical\" href=\"https:\/\/pen.eu\/fr\/produit\/kuehltasche-crosshatch\/\" \/>\n<meta property=\"og:locale\" content=\"fr_FR\" \/>\n<meta property=\"og:type\" content=\"article\" \/>\n<meta property=\"og:title\" content=\"K\u00fchltasche &quot;Crosshatch&quot; - PEN.EU\" \/>\n<meta property=\"og:description\" content=\"Mit der Crosshatch K\u00fchl- &amp; Lunchtasche aus recyceltem rPET setzen Sie Ihre Marke gekonnt in Szene \u2013 funktional, nachhaltig und alltagstauglich. Ob f\u00fcrs B\u00fcro, ein Picknick im Gr\u00fcnen oder Snacks unterwegs: Diese kompakte K\u00fchltasche \u00fcberzeugt mit einem Fassungsverm\u00f6gen von 4 Litern und einer Traglast von bis zu 2 kg. Die rundum gen\u00e4hte, stabile Konstruktion sorgt [&hellip;]\" \/>\n<meta property=\"og:url\" content=\"https:\/\/pen.eu\/fr\/produit\/kuehltasche-crosshatch\/\" \/>\n<meta property=\"og:site_name\" content=\"PEN.EU\" \/>\n<meta property=\"article:modified_time\" content=\"2025-10-06T10:54:09+00:00\" \/>\n<meta property=\"og:image\" content=\"https:\/\/pen.eu\/wp-content\/uploads\/2025\/07\/UGY-SS-GRAY.jpg\" \/>\n\t<meta property=\"og:image:width\" content=\"1800\" \/>\n\t<meta property=\"og:image:height\" content=\"1800\" \/>\n\t<meta property=\"og:image:type\" content=\"image\/jpeg\" \/>\n<meta name=\"twitter:card\" content=\"summary_large_image\" \/>\n<script type=\"application\/ld+json\" class=\"yoast-schema-graph\">{\"@context\":\"https:\\\/\\\/schema.org\",\"@graph\":[{\"@type\":\"WebPage\",\"@id\":\"https:\\\/\\\/pen.eu\\\/produkt\\\/kuehltasche-crosshatch\\\/\",\"url\":\"https:\\\/\\\/pen.eu\\\/produkt\\\/kuehltasche-crosshatch\\\/\",\"name\":\"K\u00fchltasche \\\"Crosshatch\\\" - PEN.EU\",\"isPartOf\":{\"@id\":\"https:\\\/\\\/pen.eu\\\/#website\"},\"primaryImageOfPage\":{\"@id\":\"https:\\\/\\\/pen.eu\\\/produkt\\\/kuehltasche-crosshatch\\\/#primaryimage\"},\"image\":{\"@id\":\"https:\\\/\\\/pen.eu\\\/produkt\\\/kuehltasche-crosshatch\\\/#primaryimage\"},\"thumbnailUrl\":\"https:\\\/\\\/pen.eu\\\/wp-content\\\/uploads\\\/2025\\\/07\\\/UGY-SS-GRAY.jpg\",\"datePublished\":\"2025-07-28T12:28:44+00:00\",\"dateModified\":\"2025-10-06T10:54:09+00:00\",\"breadcrumb\":{\"@id\":\"https:\\\/\\\/pen.eu\\\/produkt\\\/kuehltasche-crosshatch\\\/#breadcrumb\"},\"inLanguage\":\"fr-FR\",\"potentialAction\":[{\"@type\":\"ReadAction\",\"target\":[\"https:\\\/\\\/pen.eu\\\/produkt\\\/kuehltasche-crosshatch\\\/\"]}]},{\"@type\":\"ImageObject\",\"inLanguage\":\"fr-FR\",\"@id\":\"https:\\\/\\\/pen.eu\\\/produkt\\\/kuehltasche-crosshatch\\\/#primaryimage\",\"url\":\"https:\\\/\\\/pen.eu\\\/wp-content\\\/uploads\\\/2025\\\/07\\\/UGY-SS-GRAY.jpg\",\"contentUrl\":\"https:\\\/\\\/pen.eu\\\/wp-content\\\/uploads\\\/2025\\\/07\\\/UGY-SS-GRAY.jpg\",\"width\":1800,\"height\":1800,\"caption\":\"UGY-SS-GRAY\"},{\"@type\":\"BreadcrumbList\",\"@id\":\"https:\\\/\\\/pen.eu\\\/produkt\\\/kuehltasche-crosshatch\\\/#breadcrumb\",\"itemListElement\":[{\"@type\":\"ListItem\",\"position\":1,\"name\":\"Home\",\"item\":\"https:\\\/\\\/pen.eu\\\/\"},{\"@type\":\"ListItem\",\"position\":2,\"name\":\"Shop\",\"item\":\"https:\\\/\\\/pen.eu\\\/ch\\\/shop\\\/\"},{\"@type\":\"ListItem\",\"position\":3,\"name\":\"K\u00fchltasche &#8220;Crosshatch&#8221;\"}]},{\"@type\":\"WebSite\",\"@id\":\"https:\\\/\\\/pen.eu\\\/#website\",\"url\":\"https:\\\/\\\/pen.eu\\\/\",\"name\":\"PEN.EU\",\"description\":\"Kugelschreiber bedrucken mit Logo | pen.eu\",\"potentialAction\":[{\"@type\":\"SearchAction\",\"target\":{\"@type\":\"EntryPoint\",\"urlTemplate\":\"https:\\\/\\\/pen.eu\\\/?s={search_term_string}\"},\"query-input\":{\"@type\":\"PropertyValueSpecification\",\"valueRequired\":true,\"valueName\":\"search_term_string\"}}],\"inLanguage\":\"fr-FR\"}]}<\/script>\n<!-- \/ Yoast SEO plugin. -->","yoast_head_json":{"title":"K\u00fchltasche \"Crosshatch\" - PEN.EU","robots":{"index":"index","follow":"follow","max-snippet":"max-snippet:-1","max-image-preview":"max-image-preview:large","max-video-preview":"max-video-preview:-1"},"canonical":"https:\/\/pen.eu\/fr\/produit\/kuehltasche-crosshatch\/","og_locale":"fr_FR","og_type":"article","og_title":"K\u00fchltasche \"Crosshatch\" - PEN.EU","og_description":"Mit der Crosshatch K\u00fchl- &amp; Lunchtasche aus recyceltem rPET setzen Sie Ihre Marke gekonnt in Szene \u2013 funktional, nachhaltig und alltagstauglich. Ob f\u00fcrs B\u00fcro, ein Picknick im Gr\u00fcnen oder Snacks unterwegs: Diese kompakte K\u00fchltasche \u00fcberzeugt mit einem Fassungsverm\u00f6gen von 4 Litern und einer Traglast von bis zu 2 kg. Die rundum gen\u00e4hte, stabile Konstruktion sorgt [&hellip;]","og_url":"https:\/\/pen.eu\/fr\/produit\/kuehltasche-crosshatch\/","og_site_name":"PEN.EU","article_modified_time":"2025-10-06T10:54:09+00:00","og_image":[{"width":1800,"height":1800,"url":"https:\/\/pen.eu\/wp-content\/uploads\/2025\/07\/UGY-SS-GRAY.jpg","type":"image\/jpeg"}],"twitter_card":"summary_large_image","schema":{"@context":"https:\/\/schema.org","@graph":[{"@type":"WebPage","@id":"https:\/\/pen.eu\/produkt\/kuehltasche-crosshatch\/","url":"https:\/\/pen.eu\/produkt\/kuehltasche-crosshatch\/","name":"K\u00fchltasche \"Crosshatch\" - PEN.EU","isPartOf":{"@id":"https:\/\/pen.eu\/#website"},"primaryImageOfPage":{"@id":"https:\/\/pen.eu\/produkt\/kuehltasche-crosshatch\/#primaryimage"},"image":{"@id":"https:\/\/pen.eu\/produkt\/kuehltasche-crosshatch\/#primaryimage"},"thumbnailUrl":"https:\/\/pen.eu\/wp-content\/uploads\/2025\/07\/UGY-SS-GRAY.jpg","datePublished":"2025-07-28T12:28:44+00:00","dateModified":"2025-10-06T10:54:09+00:00","breadcrumb":{"@id":"https:\/\/pen.eu\/produkt\/kuehltasche-crosshatch\/#breadcrumb"},"inLanguage":"fr-FR","potentialAction":[{"@type":"ReadAction","target":["https:\/\/pen.eu\/produkt\/kuehltasche-crosshatch\/"]}]},{"@type":"ImageObject","inLanguage":"fr-FR","@id":"https:\/\/pen.eu\/produkt\/kuehltasche-crosshatch\/#primaryimage","url":"https:\/\/pen.eu\/wp-content\/uploads\/2025\/07\/UGY-SS-GRAY.jpg","contentUrl":"https:\/\/pen.eu\/wp-content\/uploads\/2025\/07\/UGY-SS-GRAY.jpg","width":1800,"height":1800,"caption":"UGY-SS-GRAY"},{"@type":"BreadcrumbList","@id":"https:\/\/pen.eu\/produkt\/kuehltasche-crosshatch\/#breadcrumb","itemListElement":[{"@type":"ListItem","position":1,"name":"Home","item":"https:\/\/pen.eu\/"},{"@type":"ListItem","position":2,"name":"Shop","item":"https:\/\/pen.eu\/ch\/shop\/"},{"@type":"ListItem","position":3,"name":"K\u00fchltasche &#8220;Crosshatch&#8221;"}]},{"@type":"WebSite","@id":"https:\/\/pen.eu\/#website","url":"https:\/\/pen.eu\/","name":"PEN.EU","description":"Kugelschreiber bedrucken mit Logo | pen.eu","potentialAction":[{"@type":"SearchAction","target":{"@type":"EntryPoint","urlTemplate":"https:\/\/pen.eu\/?s={search_term_string}"},"query-input":{"@type":"PropertyValueSpecification","valueRequired":true,"valueName":"search_term_string"}}],"inLanguage":"fr-FR"}]}},"_links":{"self":[{"href":"https:\/\/pen.eu\/fr\/wp-json\/wp\/v2\/product\/15309","targetHints":{"allow":["GET"]}}],"collection":[{"href":"https:\/\/pen.eu\/fr\/wp-json\/wp\/v2\/product"}],"about":[{"href":"https:\/\/pen.eu\/fr\/wp-json\/wp\/v2\/types\/product"}],"replies":[{"embeddable":true,"href":"https:\/\/pen.eu\/fr\/wp-json\/wp\/v2\/comments?post=15309"}],"wp:featuredmedia":[{"embeddable":true,"href":"https:\/\/pen.eu\/fr\/wp-json\/wp\/v2\/media\/15509"}],"wp:attachment":[{"href":"https:\/\/pen.eu\/fr\/wp-json\/wp\/v2\/media?parent=15309"}],"wp:term":[{"taxonomy":"product_brand","embeddable":true,"href":"https:\/\/pen.eu\/fr\/wp-json\/wp\/v2\/product_brand?post=15309"},{"taxonomy":"product_cat","embeddable":true,"href":"https:\/\/pen.eu\/fr\/wp-json\/wp\/v2\/product_cat?post=15309"},{"taxonomy":"product_tag","embeddable":true,"href":"https:\/\/pen.eu\/fr\/wp-json\/wp\/v2\/product_tag?post=15309"}],"curies":[{"name":"wp","href":"https:\/\/api.w.org\/{rel}","templated":true}]}}