{"id":15313,"date":"2025-07-28T14:28:46","date_gmt":"2025-07-28T12:28:46","guid":{"rendered":"https:\/\/v2.frank-pen.de\/?post_type=product&#038;p=15313"},"modified":"2025-10-06T12:54:09","modified_gmt":"2025-10-06T10:54:09","slug":"kuehltasche-toronto","status":"publish","type":"product","link":"https:\/\/pen.eu\/fr\/produit\/kuehltasche-toronto\/","title":{"rendered":"Sac isotherme \"Toronto\""},"content":{"rendered":"<p>Un vrai plaisir de fra\u00eecheur en d\u00e9placement \u2013 ce grand sac isotherme allie style, fonctionnalit\u00e9 et visibilit\u00e9 de marque. Avec une capacit\u00e9 d\u2019environ 20 litres, il est id\u00e9al pour les pique-niques, les journ\u00e9es \u00e0 la plage ou les courses. Son design bicolore lui conf\u00e8re un look moderne, tandis que les coutures thermo-soud\u00e9es garantissent une fermeture \u00e9tanche. Une fermeture \u00e9clair sur le dessus assure une fermeture s\u00e9curis\u00e9e, et les poign\u00e9es robustes permettent un transport confortable \u2013 m\u00eame \u00e0 pleine charge. La large surface blanche est parfaite pour votre logo en s\u00e9rigraphie monochrome ou en impression num\u00e9rique multicolore \u2013 pour une visibilit\u00e9 maximale de votre marque. Avec une capacit\u00e9 de charge allant jusqu\u2019\u00e0 7,71 kg, ce sac isotherme est \u00e0 la fois un compagnon pratique et \u00e9l\u00e9gant, ainsi qu\u2019un excellent support publicitaire.<\/p>","protected":false},"excerpt":{"rendered":"<p>Das ist echtes K\u00fchlvergn\u00fcgen unterwegs \u2013 diese Gro\u00dfe K\u00fchltasche vereint Stil, Funktion und Markenpr\u00e4senz. Mit einem Fassungsverm\u00f6gen von rund 20 Litern ist sie ideal f\u00fcr Picknicks, Strandtage oder den Einkauf. Das zweifarbige Design verleiht ihr einen modernen Look, w\u00e4hrend schallverschwei\u00dfte N\u00e4hte eine auslaufsichere Versiegelung garantieren. Ein Rei\u00dfverschluss an der Oberseite sorgt f\u00fcr sicheren Verschluss, und [&hellip;]<\/p>\n","protected":false},"featured_media":15500,"comment_status":"open","ping_status":"closed","template":"","meta":[],"product_brand":[],"product_cat":[249],"product_tag":[702],"class_list":{"0":"post-15313","1":"product","2":"type-product","3":"status-publish","4":"has-post-thumbnail","6":"product_cat-taschen","7":"product_tag-ugm","8":"pa_farbe-natuerlich","9":"pa_material-polyester","10":"pa_mindestmenge-24","11":"pa_werbeanbringung-digitaldruck","12":"pa_werbeanbringung-siebdruck","14":"first","15":"instock","16":"taxable","17":"shipping-taxable","18":"purchasable","19":"product-type-variable","20":"add-to-wishlist-after_add_to_cart"},"yoast_head":"<!-- This site is optimized with the Yoast SEO plugin v27.4 - https:\/\/yoast.com\/product\/yoast-seo-wordpress\/ -->\n<title>K\u00fchltasche &quot;Toronto&quot; - PEN.EU<\/title>\n<meta name=\"robots\" content=\"index, follow, max-snippet:-1, max-image-preview:large, max-video-preview:-1\" \/>\n<link rel=\"canonical\" href=\"https:\/\/pen.eu\/fr\/produit\/kuehltasche-toronto\/\" \/>\n<meta property=\"og:locale\" content=\"fr_FR\" \/>\n<meta property=\"og:type\" content=\"article\" \/>\n<meta property=\"og:title\" content=\"K\u00fchltasche &quot;Toronto&quot; - PEN.EU\" \/>\n<meta property=\"og:description\" content=\"Das ist echtes K\u00fchlvergn\u00fcgen unterwegs \u2013 diese Gro\u00dfe K\u00fchltasche vereint Stil, Funktion und Markenpr\u00e4senz. Mit einem Fassungsverm\u00f6gen von rund 20 Litern ist sie ideal f\u00fcr Picknicks, Strandtage oder den Einkauf. Das zweifarbige Design verleiht ihr einen modernen Look, w\u00e4hrend schallverschwei\u00dfte N\u00e4hte eine auslaufsichere Versiegelung garantieren. Ein Rei\u00dfverschluss an der Oberseite sorgt f\u00fcr sicheren Verschluss, und [&hellip;]\" \/>\n<meta property=\"og:url\" content=\"https:\/\/pen.eu\/fr\/produit\/kuehltasche-toronto\/\" \/>\n<meta property=\"og:site_name\" content=\"PEN.EU\" \/>\n<meta property=\"article:modified_time\" content=\"2025-10-06T10:54:09+00:00\" \/>\n<meta property=\"og:image\" content=\"https:\/\/pen.eu\/wp-content\/uploads\/2025\/07\/UGM-SS-GRAY.jpg\" \/>\n\t<meta property=\"og:image:width\" content=\"1800\" \/>\n\t<meta property=\"og:image:height\" content=\"1800\" \/>\n\t<meta property=\"og:image:type\" content=\"image\/jpeg\" \/>\n<meta name=\"twitter:card\" content=\"summary_large_image\" \/>\n<meta name=\"twitter:label1\" content=\"Dur\u00e9e de lecture estim\u00e9e\" \/>\n\t<meta name=\"twitter:data1\" content=\"1 minute\" \/>\n<script type=\"application\/ld+json\" class=\"yoast-schema-graph\">{\"@context\":\"https:\\\/\\\/schema.org\",\"@graph\":[{\"@type\":\"WebPage\",\"@id\":\"https:\\\/\\\/pen.eu\\\/produkt\\\/kuehltasche-toronto\\\/\",\"url\":\"https:\\\/\\\/pen.eu\\\/produkt\\\/kuehltasche-toronto\\\/\",\"name\":\"K\u00fchltasche \\\"Toronto\\\" - PEN.EU\",\"isPartOf\":{\"@id\":\"https:\\\/\\\/pen.eu\\\/#website\"},\"primaryImageOfPage\":{\"@id\":\"https:\\\/\\\/pen.eu\\\/produkt\\\/kuehltasche-toronto\\\/#primaryimage\"},\"image\":{\"@id\":\"https:\\\/\\\/pen.eu\\\/produkt\\\/kuehltasche-toronto\\\/#primaryimage\"},\"thumbnailUrl\":\"https:\\\/\\\/pen.eu\\\/wp-content\\\/uploads\\\/2025\\\/07\\\/UGM-SS-GRAY.jpg\",\"datePublished\":\"2025-07-28T12:28:46+00:00\",\"dateModified\":\"2025-10-06T10:54:09+00:00\",\"breadcrumb\":{\"@id\":\"https:\\\/\\\/pen.eu\\\/produkt\\\/kuehltasche-toronto\\\/#breadcrumb\"},\"inLanguage\":\"fr-FR\",\"potentialAction\":[{\"@type\":\"ReadAction\",\"target\":[\"https:\\\/\\\/pen.eu\\\/produkt\\\/kuehltasche-toronto\\\/\"]}]},{\"@type\":\"ImageObject\",\"inLanguage\":\"fr-FR\",\"@id\":\"https:\\\/\\\/pen.eu\\\/produkt\\\/kuehltasche-toronto\\\/#primaryimage\",\"url\":\"https:\\\/\\\/pen.eu\\\/wp-content\\\/uploads\\\/2025\\\/07\\\/UGM-SS-GRAY.jpg\",\"contentUrl\":\"https:\\\/\\\/pen.eu\\\/wp-content\\\/uploads\\\/2025\\\/07\\\/UGM-SS-GRAY.jpg\",\"width\":1800,\"height\":1800,\"caption\":\"UGM-SS-GRAY\"},{\"@type\":\"BreadcrumbList\",\"@id\":\"https:\\\/\\\/pen.eu\\\/produkt\\\/kuehltasche-toronto\\\/#breadcrumb\",\"itemListElement\":[{\"@type\":\"ListItem\",\"position\":1,\"name\":\"Home\",\"item\":\"https:\\\/\\\/pen.eu\\\/\"},{\"@type\":\"ListItem\",\"position\":2,\"name\":\"Shop\",\"item\":\"https:\\\/\\\/pen.eu\\\/ch\\\/shop\\\/\"},{\"@type\":\"ListItem\",\"position\":3,\"name\":\"K\u00fchltasche &#8220;Toronto&#8221;\"}]},{\"@type\":\"WebSite\",\"@id\":\"https:\\\/\\\/pen.eu\\\/#website\",\"url\":\"https:\\\/\\\/pen.eu\\\/\",\"name\":\"PEN.EU\",\"description\":\"Kugelschreiber bedrucken mit Logo | pen.eu\",\"potentialAction\":[{\"@type\":\"SearchAction\",\"target\":{\"@type\":\"EntryPoint\",\"urlTemplate\":\"https:\\\/\\\/pen.eu\\\/?s={search_term_string}\"},\"query-input\":{\"@type\":\"PropertyValueSpecification\",\"valueRequired\":true,\"valueName\":\"search_term_string\"}}],\"inLanguage\":\"fr-FR\"}]}<\/script>\n<!-- \/ Yoast SEO plugin. -->","yoast_head_json":{"title":"K\u00fchltasche \"Toronto\" - PEN.EU","robots":{"index":"index","follow":"follow","max-snippet":"max-snippet:-1","max-image-preview":"max-image-preview:large","max-video-preview":"max-video-preview:-1"},"canonical":"https:\/\/pen.eu\/fr\/produit\/kuehltasche-toronto\/","og_locale":"fr_FR","og_type":"article","og_title":"K\u00fchltasche \"Toronto\" - PEN.EU","og_description":"Das ist echtes K\u00fchlvergn\u00fcgen unterwegs \u2013 diese Gro\u00dfe K\u00fchltasche vereint Stil, Funktion und Markenpr\u00e4senz. Mit einem Fassungsverm\u00f6gen von rund 20 Litern ist sie ideal f\u00fcr Picknicks, Strandtage oder den Einkauf. Das zweifarbige Design verleiht ihr einen modernen Look, w\u00e4hrend schallverschwei\u00dfte N\u00e4hte eine auslaufsichere Versiegelung garantieren. Ein Rei\u00dfverschluss an der Oberseite sorgt f\u00fcr sicheren Verschluss, und [&hellip;]","og_url":"https:\/\/pen.eu\/fr\/produit\/kuehltasche-toronto\/","og_site_name":"PEN.EU","article_modified_time":"2025-10-06T10:54:09+00:00","og_image":[{"width":1800,"height":1800,"url":"https:\/\/pen.eu\/wp-content\/uploads\/2025\/07\/UGM-SS-GRAY.jpg","type":"image\/jpeg"}],"twitter_card":"summary_large_image","twitter_misc":{"Dur\u00e9e de lecture estim\u00e9e":"1 minute"},"schema":{"@context":"https:\/\/schema.org","@graph":[{"@type":"WebPage","@id":"https:\/\/pen.eu\/produkt\/kuehltasche-toronto\/","url":"https:\/\/pen.eu\/produkt\/kuehltasche-toronto\/","name":"K\u00fchltasche \"Toronto\" - PEN.EU","isPartOf":{"@id":"https:\/\/pen.eu\/#website"},"primaryImageOfPage":{"@id":"https:\/\/pen.eu\/produkt\/kuehltasche-toronto\/#primaryimage"},"image":{"@id":"https:\/\/pen.eu\/produkt\/kuehltasche-toronto\/#primaryimage"},"thumbnailUrl":"https:\/\/pen.eu\/wp-content\/uploads\/2025\/07\/UGM-SS-GRAY.jpg","datePublished":"2025-07-28T12:28:46+00:00","dateModified":"2025-10-06T10:54:09+00:00","breadcrumb":{"@id":"https:\/\/pen.eu\/produkt\/kuehltasche-toronto\/#breadcrumb"},"inLanguage":"fr-FR","potentialAction":[{"@type":"ReadAction","target":["https:\/\/pen.eu\/produkt\/kuehltasche-toronto\/"]}]},{"@type":"ImageObject","inLanguage":"fr-FR","@id":"https:\/\/pen.eu\/produkt\/kuehltasche-toronto\/#primaryimage","url":"https:\/\/pen.eu\/wp-content\/uploads\/2025\/07\/UGM-SS-GRAY.jpg","contentUrl":"https:\/\/pen.eu\/wp-content\/uploads\/2025\/07\/UGM-SS-GRAY.jpg","width":1800,"height":1800,"caption":"UGM-SS-GRAY"},{"@type":"BreadcrumbList","@id":"https:\/\/pen.eu\/produkt\/kuehltasche-toronto\/#breadcrumb","itemListElement":[{"@type":"ListItem","position":1,"name":"Home","item":"https:\/\/pen.eu\/"},{"@type":"ListItem","position":2,"name":"Shop","item":"https:\/\/pen.eu\/ch\/shop\/"},{"@type":"ListItem","position":3,"name":"K\u00fchltasche &#8220;Toronto&#8221;"}]},{"@type":"WebSite","@id":"https:\/\/pen.eu\/#website","url":"https:\/\/pen.eu\/","name":"PEN.EU","description":"Kugelschreiber bedrucken mit Logo | pen.eu","potentialAction":[{"@type":"SearchAction","target":{"@type":"EntryPoint","urlTemplate":"https:\/\/pen.eu\/?s={search_term_string}"},"query-input":{"@type":"PropertyValueSpecification","valueRequired":true,"valueName":"search_term_string"}}],"inLanguage":"fr-FR"}]}},"_links":{"self":[{"href":"https:\/\/pen.eu\/fr\/wp-json\/wp\/v2\/product\/15313","targetHints":{"allow":["GET"]}}],"collection":[{"href":"https:\/\/pen.eu\/fr\/wp-json\/wp\/v2\/product"}],"about":[{"href":"https:\/\/pen.eu\/fr\/wp-json\/wp\/v2\/types\/product"}],"replies":[{"embeddable":true,"href":"https:\/\/pen.eu\/fr\/wp-json\/wp\/v2\/comments?post=15313"}],"wp:featuredmedia":[{"embeddable":true,"href":"https:\/\/pen.eu\/fr\/wp-json\/wp\/v2\/media\/15500"}],"wp:attachment":[{"href":"https:\/\/pen.eu\/fr\/wp-json\/wp\/v2\/media?parent=15313"}],"wp:term":[{"taxonomy":"product_brand","embeddable":true,"href":"https:\/\/pen.eu\/fr\/wp-json\/wp\/v2\/product_brand?post=15313"},{"taxonomy":"product_cat","embeddable":true,"href":"https:\/\/pen.eu\/fr\/wp-json\/wp\/v2\/product_cat?post=15313"},{"taxonomy":"product_tag","embeddable":true,"href":"https:\/\/pen.eu\/fr\/wp-json\/wp\/v2\/product_tag?post=15313"}],"curies":[{"name":"wp","href":"https:\/\/api.w.org\/{rel}","templated":true}]}}