{"id":15371,"date":"2025-07-28T15:23:19","date_gmt":"2025-07-28T13:23:19","guid":{"rendered":"https:\/\/v2.frank-pen.de\/?post_type=product&#038;p=15371"},"modified":"2025-09-30T14:55:23","modified_gmt":"2025-09-30T12:55:23","slug":"trinkflasche-london","status":"publish","type":"product","link":"https:\/\/pen.eu\/fr\/produit\/trinkflasche-london\/","title":{"rendered":"Gobelet \"London\""},"content":{"rendered":"<p>La gourde London en acier inoxydable recycl\u00e9 \u2013 590\u202fml \u2013 allie design \u00e9l\u00e9gant, grande fonctionnalit\u00e9 et durabilit\u00e9. Fabriqu\u00e9e en acier inox 304 recycl\u00e9, son isolation sous vide \u00e0 double paroi maintient les boissons chaudes jusqu\u2019\u00e0 6 heures et froides jusqu\u2019\u00e0 24 heures. Le bouchon viss\u00e9 \u00e9tanche avec bouton-poussoir permet de boire \u00e0 360\u00b0 \u2013 confortablement sous n\u2019importe quel angle. Le rev\u00eatement en poudre r\u00e9sistant conf\u00e8re \u00e0 la bouteille une surface moderne et antid\u00e9rapante. Id\u00e9ale pour les d\u00e9placements, le bureau ou le sport. Non compatible lave-vaisselle ou micro-ondes. Parfaite pour les amateurs de confort et de respect de l\u2019environnement.<\/p>","protected":false},"excerpt":{"rendered":"<p>Die London Recycling-Edelstahlflasche \u2013 590\u202fml \u2013 vereint stilvolles Design mit hoher Funktionalit\u00e4t und Nachhaltigkeit. Gefertigt aus recyceltem 304er Edelstahl, sorgt die doppelwandige Vakuum-Isolierung daf\u00fcr, dass Getr\u00e4nke bis zu 6 Stunden hei\u00df und bis zu 24 Stunden kalt bleiben. Der wasserdichte Schraubdeckel mit praktischem Druckknopf erm\u00f6glicht ein 360-Grad-Trinkerlebnis \u2013 bequem aus jedem Winkel. Die langlebige Pulverbeschichtung [&hellip;]<\/p>\n","protected":false},"featured_media":15569,"comment_status":"open","ping_status":"closed","template":"","meta":[],"product_brand":[],"product_cat":[248],"product_tag":[682,842,689,841,706],"class_list":{"0":"post-15371","1":"product","2":"type-product","3":"status-publish","4":"has-post-thumbnail","6":"product_cat-trinkgefaesse","7":"product_tag-designbottle","8":"product_tag-mtop-39","9":"product_tag-slimsize","10":"product_tag-top-36","11":"product_tag-wgc","12":"pa_farbe-blau","13":"pa_farbe-gruen","14":"pa_farbe-rauch","15":"pa_farbe-transparent","16":"pa_material-pp","17":"pa_material-recyceltes-edelstahl","18":"pa_werbeanbringung-digitaldruck","19":"pa_werbeanbringung-lasergravur","20":"pa_werbeanbringung-siebdruck","22":"first","23":"instock","24":"taxable","25":"shipping-taxable","26":"purchasable","27":"product-type-variable","28":"add-to-wishlist-after_add_to_cart"},"yoast_head":"<!-- This site is optimized with the Yoast SEO plugin v27.4 - https:\/\/yoast.com\/product\/yoast-seo-wordpress\/ -->\n<title>Trinkflasche &quot;London&quot; - PEN.EU<\/title>\n<meta name=\"robots\" content=\"index, follow, max-snippet:-1, max-image-preview:large, max-video-preview:-1\" \/>\n<link rel=\"canonical\" href=\"https:\/\/pen.eu\/fr\/produit\/trinkflasche-london\/\" \/>\n<meta property=\"og:locale\" content=\"fr_FR\" \/>\n<meta property=\"og:type\" content=\"article\" \/>\n<meta property=\"og:title\" content=\"Trinkflasche &quot;London&quot; - PEN.EU\" \/>\n<meta property=\"og:description\" content=\"Die London Recycling-Edelstahlflasche \u2013 590\u202fml \u2013 vereint stilvolles Design mit hoher Funktionalit\u00e4t und Nachhaltigkeit. Gefertigt aus recyceltem 304er Edelstahl, sorgt die doppelwandige Vakuum-Isolierung daf\u00fcr, dass Getr\u00e4nke bis zu 6 Stunden hei\u00df und bis zu 24 Stunden kalt bleiben. Der wasserdichte Schraubdeckel mit praktischem Druckknopf erm\u00f6glicht ein 360-Grad-Trinkerlebnis \u2013 bequem aus jedem Winkel. Die langlebige Pulverbeschichtung [&hellip;]\" \/>\n<meta property=\"og:url\" content=\"https:\/\/pen.eu\/fr\/produit\/trinkflasche-london\/\" \/>\n<meta property=\"og:site_name\" content=\"PEN.EU\" \/>\n<meta property=\"article:modified_time\" content=\"2025-09-30T12:55:23+00:00\" \/>\n<meta property=\"og:image\" content=\"https:\/\/pen.eu\/wp-content\/uploads\/2025\/07\/WGC-blank-black.png\" \/>\n\t<meta property=\"og:image:width\" content=\"2000\" \/>\n\t<meta property=\"og:image:height\" content=\"2000\" \/>\n\t<meta property=\"og:image:type\" content=\"image\/png\" \/>\n<meta name=\"twitter:card\" content=\"summary_large_image\" \/>\n<script type=\"application\/ld+json\" class=\"yoast-schema-graph\">{\"@context\":\"https:\\\/\\\/schema.org\",\"@graph\":[{\"@type\":\"WebPage\",\"@id\":\"https:\\\/\\\/pen.eu\\\/produkt\\\/trinkflasche-london\\\/\",\"url\":\"https:\\\/\\\/pen.eu\\\/produkt\\\/trinkflasche-london\\\/\",\"name\":\"Trinkflasche \\\"London\\\" - PEN.EU\",\"isPartOf\":{\"@id\":\"https:\\\/\\\/pen.eu\\\/#website\"},\"primaryImageOfPage\":{\"@id\":\"https:\\\/\\\/pen.eu\\\/produkt\\\/trinkflasche-london\\\/#primaryimage\"},\"image\":{\"@id\":\"https:\\\/\\\/pen.eu\\\/produkt\\\/trinkflasche-london\\\/#primaryimage\"},\"thumbnailUrl\":\"https:\\\/\\\/pen.eu\\\/wp-content\\\/uploads\\\/2025\\\/07\\\/WGC-blank-black.png\",\"datePublished\":\"2025-07-28T13:23:19+00:00\",\"dateModified\":\"2025-09-30T12:55:23+00:00\",\"breadcrumb\":{\"@id\":\"https:\\\/\\\/pen.eu\\\/produkt\\\/trinkflasche-london\\\/#breadcrumb\"},\"inLanguage\":\"fr-FR\",\"potentialAction\":[{\"@type\":\"ReadAction\",\"target\":[\"https:\\\/\\\/pen.eu\\\/produkt\\\/trinkflasche-london\\\/\"]}]},{\"@type\":\"ImageObject\",\"inLanguage\":\"fr-FR\",\"@id\":\"https:\\\/\\\/pen.eu\\\/produkt\\\/trinkflasche-london\\\/#primaryimage\",\"url\":\"https:\\\/\\\/pen.eu\\\/wp-content\\\/uploads\\\/2025\\\/07\\\/WGC-blank-black.png\",\"contentUrl\":\"https:\\\/\\\/pen.eu\\\/wp-content\\\/uploads\\\/2025\\\/07\\\/WGC-blank-black.png\",\"width\":2000,\"height\":2000,\"caption\":\"WGC-blank-black\"},{\"@type\":\"BreadcrumbList\",\"@id\":\"https:\\\/\\\/pen.eu\\\/produkt\\\/trinkflasche-london\\\/#breadcrumb\",\"itemListElement\":[{\"@type\":\"ListItem\",\"position\":1,\"name\":\"Home\",\"item\":\"https:\\\/\\\/pen.eu\\\/\"},{\"@type\":\"ListItem\",\"position\":2,\"name\":\"Shop\",\"item\":\"https:\\\/\\\/pen.eu\\\/ch\\\/shop\\\/\"},{\"@type\":\"ListItem\",\"position\":3,\"name\":\"Trinkflasche &#8220;London&#8221;\"}]},{\"@type\":\"WebSite\",\"@id\":\"https:\\\/\\\/pen.eu\\\/#website\",\"url\":\"https:\\\/\\\/pen.eu\\\/\",\"name\":\"PEN.EU\",\"description\":\"Kugelschreiber bedrucken mit Logo | pen.eu\",\"potentialAction\":[{\"@type\":\"SearchAction\",\"target\":{\"@type\":\"EntryPoint\",\"urlTemplate\":\"https:\\\/\\\/pen.eu\\\/?s={search_term_string}\"},\"query-input\":{\"@type\":\"PropertyValueSpecification\",\"valueRequired\":true,\"valueName\":\"search_term_string\"}}],\"inLanguage\":\"fr-FR\"}]}<\/script>\n<!-- \/ Yoast SEO plugin. -->","yoast_head_json":{"title":"Trinkflasche \"London\" - PEN.EU","robots":{"index":"index","follow":"follow","max-snippet":"max-snippet:-1","max-image-preview":"max-image-preview:large","max-video-preview":"max-video-preview:-1"},"canonical":"https:\/\/pen.eu\/fr\/produit\/trinkflasche-london\/","og_locale":"fr_FR","og_type":"article","og_title":"Trinkflasche \"London\" - PEN.EU","og_description":"Die London Recycling-Edelstahlflasche \u2013 590\u202fml \u2013 vereint stilvolles Design mit hoher Funktionalit\u00e4t und Nachhaltigkeit. Gefertigt aus recyceltem 304er Edelstahl, sorgt die doppelwandige Vakuum-Isolierung daf\u00fcr, dass Getr\u00e4nke bis zu 6 Stunden hei\u00df und bis zu 24 Stunden kalt bleiben. Der wasserdichte Schraubdeckel mit praktischem Druckknopf erm\u00f6glicht ein 360-Grad-Trinkerlebnis \u2013 bequem aus jedem Winkel. Die langlebige Pulverbeschichtung [&hellip;]","og_url":"https:\/\/pen.eu\/fr\/produit\/trinkflasche-london\/","og_site_name":"PEN.EU","article_modified_time":"2025-09-30T12:55:23+00:00","og_image":[{"width":2000,"height":2000,"url":"https:\/\/pen.eu\/wp-content\/uploads\/2025\/07\/WGC-blank-black.png","type":"image\/png"}],"twitter_card":"summary_large_image","schema":{"@context":"https:\/\/schema.org","@graph":[{"@type":"WebPage","@id":"https:\/\/pen.eu\/produkt\/trinkflasche-london\/","url":"https:\/\/pen.eu\/produkt\/trinkflasche-london\/","name":"Trinkflasche \"London\" - PEN.EU","isPartOf":{"@id":"https:\/\/pen.eu\/#website"},"primaryImageOfPage":{"@id":"https:\/\/pen.eu\/produkt\/trinkflasche-london\/#primaryimage"},"image":{"@id":"https:\/\/pen.eu\/produkt\/trinkflasche-london\/#primaryimage"},"thumbnailUrl":"https:\/\/pen.eu\/wp-content\/uploads\/2025\/07\/WGC-blank-black.png","datePublished":"2025-07-28T13:23:19+00:00","dateModified":"2025-09-30T12:55:23+00:00","breadcrumb":{"@id":"https:\/\/pen.eu\/produkt\/trinkflasche-london\/#breadcrumb"},"inLanguage":"fr-FR","potentialAction":[{"@type":"ReadAction","target":["https:\/\/pen.eu\/produkt\/trinkflasche-london\/"]}]},{"@type":"ImageObject","inLanguage":"fr-FR","@id":"https:\/\/pen.eu\/produkt\/trinkflasche-london\/#primaryimage","url":"https:\/\/pen.eu\/wp-content\/uploads\/2025\/07\/WGC-blank-black.png","contentUrl":"https:\/\/pen.eu\/wp-content\/uploads\/2025\/07\/WGC-blank-black.png","width":2000,"height":2000,"caption":"WGC-blank-black"},{"@type":"BreadcrumbList","@id":"https:\/\/pen.eu\/produkt\/trinkflasche-london\/#breadcrumb","itemListElement":[{"@type":"ListItem","position":1,"name":"Home","item":"https:\/\/pen.eu\/"},{"@type":"ListItem","position":2,"name":"Shop","item":"https:\/\/pen.eu\/ch\/shop\/"},{"@type":"ListItem","position":3,"name":"Trinkflasche &#8220;London&#8221;"}]},{"@type":"WebSite","@id":"https:\/\/pen.eu\/#website","url":"https:\/\/pen.eu\/","name":"PEN.EU","description":"Kugelschreiber bedrucken mit Logo | pen.eu","potentialAction":[{"@type":"SearchAction","target":{"@type":"EntryPoint","urlTemplate":"https:\/\/pen.eu\/?s={search_term_string}"},"query-input":{"@type":"PropertyValueSpecification","valueRequired":true,"valueName":"search_term_string"}}],"inLanguage":"fr-FR"}]}},"_links":{"self":[{"href":"https:\/\/pen.eu\/fr\/wp-json\/wp\/v2\/product\/15371","targetHints":{"allow":["GET"]}}],"collection":[{"href":"https:\/\/pen.eu\/fr\/wp-json\/wp\/v2\/product"}],"about":[{"href":"https:\/\/pen.eu\/fr\/wp-json\/wp\/v2\/types\/product"}],"replies":[{"embeddable":true,"href":"https:\/\/pen.eu\/fr\/wp-json\/wp\/v2\/comments?post=15371"}],"wp:featuredmedia":[{"embeddable":true,"href":"https:\/\/pen.eu\/fr\/wp-json\/wp\/v2\/media\/15569"}],"wp:attachment":[{"href":"https:\/\/pen.eu\/fr\/wp-json\/wp\/v2\/media?parent=15371"}],"wp:term":[{"taxonomy":"product_brand","embeddable":true,"href":"https:\/\/pen.eu\/fr\/wp-json\/wp\/v2\/product_brand?post=15371"},{"taxonomy":"product_cat","embeddable":true,"href":"https:\/\/pen.eu\/fr\/wp-json\/wp\/v2\/product_cat?post=15371"},{"taxonomy":"product_tag","embeddable":true,"href":"https:\/\/pen.eu\/fr\/wp-json\/wp\/v2\/product_tag?post=15371"}],"curies":[{"name":"wp","href":"https:\/\/api.w.org\/{rel}","templated":true}]}}