{"id":15380,"date":"2025-07-28T15:26:49","date_gmt":"2025-07-28T13:26:49","guid":{"rendered":"https:\/\/v2.frank-pen.de\/?post_type=product&#038;p=15380"},"modified":"2025-10-23T06:11:12","modified_gmt":"2025-10-23T04:11:12","slug":"trinkbecher-male","status":"publish","type":"product","link":"https:\/\/pen.eu\/fr\/produit\/trinkbecher-male\/","title":{"rendered":"Gobelet \u201cMale\u201d"},"content":{"rendered":"<p>La bouteille Male en acier inoxydable recycl\u00e9 \u2013 590\u202fml \u2013 allie design intemporel et performance d\u2019isolation fiable. Fabriqu\u00e9e en acier inoxydable 304 recycl\u00e9, son isolation sous vide \u00e0 double paroi garde les boissons chaudes jusqu\u2019\u00e0 6 heures et froides jusqu\u2019\u00e0 24 heures. Le bouchon viss\u00e9 \u00e9tanche assure un transport s\u00e9curis\u00e9, tandis que le rev\u00eatement en poudre \u00e9l\u00e9gant, avec des \u00e9l\u00e9ments color\u00e9s et transparents, apporte une touche moderne. Sans BPA et adapt\u00e9e aux boissons chaudes et froides, elle est le compagnon id\u00e9al au quotidien. Non compatible lave-vaisselle ou micro-ondes \u2013 parfaite pour ceux qui privil\u00e9gient le style et la durabilit\u00e9.<\/p>","protected":false},"excerpt":{"rendered":"<p>Die Male Recycling-Edelstahlflasche \u2013 590\u202fml \u2013 vereint zeitloses Design mit zuverl\u00e4ssiger Isolierleistung. Gefertigt aus recyceltem 304er Edelstahl, h\u00e4lt die doppelwandige Vakuum-Isolierung Getr\u00e4nke bis zu 6 Stunden hei\u00df und bis zu 24 Stunden k\u00fchl. Der wasserdichte Schraubverschluss sorgt f\u00fcr sicheren Transport, w\u00e4hrend die elegante Pulverbeschichtung mit farbigem und transparentem Element einen modernen Akzent setzt. BPA-frei und [&hellip;]<\/p>\n","protected":false},"featured_media":16669,"comment_status":"open","ping_status":"closed","template":"","meta":[],"product_brand":[],"product_cat":[767,248],"product_tag":[682,689,708],"class_list":{"0":"post-15380","1":"product","2":"type-product","3":"status-publish","4":"has-post-thumbnail","6":"product_cat-trinkbecher","7":"product_cat-trinkgefaesse","8":"product_tag-designbottle","9":"product_tag-slimsize","10":"product_tag-wge","11":"pa_farbe-blau","12":"pa_farbe-gruen","13":"pa_farbe-rauch","14":"pa_farbe-transparent","15":"pa_material-bambus","16":"pa_material-kunststoff","17":"pa_material-pp","18":"pa_material-rpet","19":"pa_werbeanbringung-digitaldruck","20":"pa_werbeanbringung-siebdruck","22":"first","23":"instock","24":"taxable","25":"shipping-taxable","26":"purchasable","27":"product-type-variable","28":"add-to-wishlist-after_add_to_cart"},"yoast_head":"<!-- This site is optimized with the Yoast SEO plugin v27.4 - https:\/\/yoast.com\/product\/yoast-seo-wordpress\/ -->\n<title>Trinkbecher &quot;Male&quot; - PEN.EU<\/title>\n<meta name=\"robots\" content=\"index, follow, max-snippet:-1, max-image-preview:large, max-video-preview:-1\" \/>\n<link rel=\"canonical\" href=\"https:\/\/pen.eu\/fr\/produit\/trinkbecher-male\/\" \/>\n<meta property=\"og:locale\" content=\"fr_FR\" \/>\n<meta property=\"og:type\" content=\"article\" \/>\n<meta property=\"og:title\" content=\"Trinkbecher &quot;Male&quot; - PEN.EU\" \/>\n<meta property=\"og:description\" content=\"Die Male Recycling-Edelstahlflasche \u2013 590\u202fml \u2013 vereint zeitloses Design mit zuverl\u00e4ssiger Isolierleistung. Gefertigt aus recyceltem 304er Edelstahl, h\u00e4lt die doppelwandige Vakuum-Isolierung Getr\u00e4nke bis zu 6 Stunden hei\u00df und bis zu 24 Stunden k\u00fchl. Der wasserdichte Schraubverschluss sorgt f\u00fcr sicheren Transport, w\u00e4hrend die elegante Pulverbeschichtung mit farbigem und transparentem Element einen modernen Akzent setzt. BPA-frei und [&hellip;]\" \/>\n<meta property=\"og:url\" content=\"https:\/\/pen.eu\/fr\/produit\/trinkbecher-male\/\" \/>\n<meta property=\"og:site_name\" content=\"PEN.EU\" \/>\n<meta property=\"article:modified_time\" content=\"2025-10-23T04:11:12+00:00\" \/>\n<meta property=\"og:image\" content=\"https:\/\/pen.eu\/wp-content\/uploads\/2025\/08\/WGE-blank-black.png\" \/>\n\t<meta property=\"og:image:width\" content=\"2000\" \/>\n\t<meta property=\"og:image:height\" content=\"2000\" \/>\n\t<meta property=\"og:image:type\" content=\"image\/png\" \/>\n<meta name=\"twitter:card\" content=\"summary_large_image\" \/>\n<script type=\"application\/ld+json\" class=\"yoast-schema-graph\">{\"@context\":\"https:\\\/\\\/schema.org\",\"@graph\":[{\"@type\":\"WebPage\",\"@id\":\"https:\\\/\\\/pen.eu\\\/produkt\\\/trinkbecher-male\\\/\",\"url\":\"https:\\\/\\\/pen.eu\\\/produkt\\\/trinkbecher-male\\\/\",\"name\":\"Trinkbecher \\\"Male\\\" - PEN.EU\",\"isPartOf\":{\"@id\":\"https:\\\/\\\/pen.eu\\\/#website\"},\"primaryImageOfPage\":{\"@id\":\"https:\\\/\\\/pen.eu\\\/produkt\\\/trinkbecher-male\\\/#primaryimage\"},\"image\":{\"@id\":\"https:\\\/\\\/pen.eu\\\/produkt\\\/trinkbecher-male\\\/#primaryimage\"},\"thumbnailUrl\":\"https:\\\/\\\/pen.eu\\\/wp-content\\\/uploads\\\/2025\\\/08\\\/WGE-blank-black.png\",\"datePublished\":\"2025-07-28T13:26:49+00:00\",\"dateModified\":\"2025-10-23T04:11:12+00:00\",\"breadcrumb\":{\"@id\":\"https:\\\/\\\/pen.eu\\\/produkt\\\/trinkbecher-male\\\/#breadcrumb\"},\"inLanguage\":\"fr-FR\",\"potentialAction\":[{\"@type\":\"ReadAction\",\"target\":[\"https:\\\/\\\/pen.eu\\\/produkt\\\/trinkbecher-male\\\/\"]}]},{\"@type\":\"ImageObject\",\"inLanguage\":\"fr-FR\",\"@id\":\"https:\\\/\\\/pen.eu\\\/produkt\\\/trinkbecher-male\\\/#primaryimage\",\"url\":\"https:\\\/\\\/pen.eu\\\/wp-content\\\/uploads\\\/2025\\\/08\\\/WGE-blank-black.png\",\"contentUrl\":\"https:\\\/\\\/pen.eu\\\/wp-content\\\/uploads\\\/2025\\\/08\\\/WGE-blank-black.png\",\"width\":2000,\"height\":2000,\"caption\":\"WGE-blank-black\"},{\"@type\":\"BreadcrumbList\",\"@id\":\"https:\\\/\\\/pen.eu\\\/produkt\\\/trinkbecher-male\\\/#breadcrumb\",\"itemListElement\":[{\"@type\":\"ListItem\",\"position\":1,\"name\":\"Home\",\"item\":\"https:\\\/\\\/pen.eu\\\/\"},{\"@type\":\"ListItem\",\"position\":2,\"name\":\"Shop\",\"item\":\"https:\\\/\\\/pen.eu\\\/ch\\\/shop\\\/\"},{\"@type\":\"ListItem\",\"position\":3,\"name\":\"Trinkbecher &#8220;Male&#8221;\"}]},{\"@type\":\"WebSite\",\"@id\":\"https:\\\/\\\/pen.eu\\\/#website\",\"url\":\"https:\\\/\\\/pen.eu\\\/\",\"name\":\"PEN.EU\",\"description\":\"Kugelschreiber bedrucken mit Logo | pen.eu\",\"potentialAction\":[{\"@type\":\"SearchAction\",\"target\":{\"@type\":\"EntryPoint\",\"urlTemplate\":\"https:\\\/\\\/pen.eu\\\/?s={search_term_string}\"},\"query-input\":{\"@type\":\"PropertyValueSpecification\",\"valueRequired\":true,\"valueName\":\"search_term_string\"}}],\"inLanguage\":\"fr-FR\"}]}<\/script>\n<!-- \/ Yoast SEO plugin. -->","yoast_head_json":{"title":"Trinkbecher \"Male\" - PEN.EU","robots":{"index":"index","follow":"follow","max-snippet":"max-snippet:-1","max-image-preview":"max-image-preview:large","max-video-preview":"max-video-preview:-1"},"canonical":"https:\/\/pen.eu\/fr\/produit\/trinkbecher-male\/","og_locale":"fr_FR","og_type":"article","og_title":"Trinkbecher \"Male\" - PEN.EU","og_description":"Die Male Recycling-Edelstahlflasche \u2013 590\u202fml \u2013 vereint zeitloses Design mit zuverl\u00e4ssiger Isolierleistung. Gefertigt aus recyceltem 304er Edelstahl, h\u00e4lt die doppelwandige Vakuum-Isolierung Getr\u00e4nke bis zu 6 Stunden hei\u00df und bis zu 24 Stunden k\u00fchl. Der wasserdichte Schraubverschluss sorgt f\u00fcr sicheren Transport, w\u00e4hrend die elegante Pulverbeschichtung mit farbigem und transparentem Element einen modernen Akzent setzt. BPA-frei und [&hellip;]","og_url":"https:\/\/pen.eu\/fr\/produit\/trinkbecher-male\/","og_site_name":"PEN.EU","article_modified_time":"2025-10-23T04:11:12+00:00","og_image":[{"width":2000,"height":2000,"url":"https:\/\/pen.eu\/wp-content\/uploads\/2025\/08\/WGE-blank-black.png","type":"image\/png"}],"twitter_card":"summary_large_image","schema":{"@context":"https:\/\/schema.org","@graph":[{"@type":"WebPage","@id":"https:\/\/pen.eu\/produkt\/trinkbecher-male\/","url":"https:\/\/pen.eu\/produkt\/trinkbecher-male\/","name":"Trinkbecher \"Male\" - PEN.EU","isPartOf":{"@id":"https:\/\/pen.eu\/#website"},"primaryImageOfPage":{"@id":"https:\/\/pen.eu\/produkt\/trinkbecher-male\/#primaryimage"},"image":{"@id":"https:\/\/pen.eu\/produkt\/trinkbecher-male\/#primaryimage"},"thumbnailUrl":"https:\/\/pen.eu\/wp-content\/uploads\/2025\/08\/WGE-blank-black.png","datePublished":"2025-07-28T13:26:49+00:00","dateModified":"2025-10-23T04:11:12+00:00","breadcrumb":{"@id":"https:\/\/pen.eu\/produkt\/trinkbecher-male\/#breadcrumb"},"inLanguage":"fr-FR","potentialAction":[{"@type":"ReadAction","target":["https:\/\/pen.eu\/produkt\/trinkbecher-male\/"]}]},{"@type":"ImageObject","inLanguage":"fr-FR","@id":"https:\/\/pen.eu\/produkt\/trinkbecher-male\/#primaryimage","url":"https:\/\/pen.eu\/wp-content\/uploads\/2025\/08\/WGE-blank-black.png","contentUrl":"https:\/\/pen.eu\/wp-content\/uploads\/2025\/08\/WGE-blank-black.png","width":2000,"height":2000,"caption":"WGE-blank-black"},{"@type":"BreadcrumbList","@id":"https:\/\/pen.eu\/produkt\/trinkbecher-male\/#breadcrumb","itemListElement":[{"@type":"ListItem","position":1,"name":"Home","item":"https:\/\/pen.eu\/"},{"@type":"ListItem","position":2,"name":"Shop","item":"https:\/\/pen.eu\/ch\/shop\/"},{"@type":"ListItem","position":3,"name":"Trinkbecher &#8220;Male&#8221;"}]},{"@type":"WebSite","@id":"https:\/\/pen.eu\/#website","url":"https:\/\/pen.eu\/","name":"PEN.EU","description":"Kugelschreiber bedrucken mit Logo | pen.eu","potentialAction":[{"@type":"SearchAction","target":{"@type":"EntryPoint","urlTemplate":"https:\/\/pen.eu\/?s={search_term_string}"},"query-input":{"@type":"PropertyValueSpecification","valueRequired":true,"valueName":"search_term_string"}}],"inLanguage":"fr-FR"}]}},"_links":{"self":[{"href":"https:\/\/pen.eu\/fr\/wp-json\/wp\/v2\/product\/15380","targetHints":{"allow":["GET"]}}],"collection":[{"href":"https:\/\/pen.eu\/fr\/wp-json\/wp\/v2\/product"}],"about":[{"href":"https:\/\/pen.eu\/fr\/wp-json\/wp\/v2\/types\/product"}],"replies":[{"embeddable":true,"href":"https:\/\/pen.eu\/fr\/wp-json\/wp\/v2\/comments?post=15380"}],"wp:featuredmedia":[{"embeddable":true,"href":"https:\/\/pen.eu\/fr\/wp-json\/wp\/v2\/media\/16669"}],"wp:attachment":[{"href":"https:\/\/pen.eu\/fr\/wp-json\/wp\/v2\/media?parent=15380"}],"wp:term":[{"taxonomy":"product_brand","embeddable":true,"href":"https:\/\/pen.eu\/fr\/wp-json\/wp\/v2\/product_brand?post=15380"},{"taxonomy":"product_cat","embeddable":true,"href":"https:\/\/pen.eu\/fr\/wp-json\/wp\/v2\/product_cat?post=15380"},{"taxonomy":"product_tag","embeddable":true,"href":"https:\/\/pen.eu\/fr\/wp-json\/wp\/v2\/product_tag?post=15380"}],"curies":[{"name":"wp","href":"https:\/\/api.w.org\/{rel}","templated":true}]}}