{"id":154,"date":"2024-09-19T09:16:22","date_gmt":"2024-09-19T07:16:22","guid":{"rendered":"https:\/\/v2.frank-pen.de\/produkt\/geschenkset-miami-gold\/"},"modified":"2025-09-29T16:02:47","modified_gmt":"2025-09-29T14:02:47","slug":"geschenkset-olivia-gold","status":"publish","type":"product","link":"https:\/\/pen.eu\/fr\/produit\/geschenkset-olivia-gold\/","title":{"rendered":"Coffret cadeau \u201cOlivia Gold\u201d"},"content":{"rendered":"<p>Cet \u00e9l\u00e9gant coffret cadeau met en valeur votre reconnaissance, compos\u00e9 d\u2019un stylo-bille raffin\u00e9 et d\u2019une lampe de poche, tous deux orn\u00e9s de d\u00e9tails harmonieux en or rose. \u201cOlivia Gold\u201d est disponible en plusieurs couleurs. L\u2019ensemble est pr\u00e9sent\u00e9 dans une bo\u00eete noire rembourr\u00e9e avec une fen\u00eatre de visualisation r\u00e9sistante aux rayures. La lampe de poche, dot\u00e9e d\u2019une lumi\u00e8re LED 3 points brillante et d\u2019un porte-cl\u00e9s pratique, deviendra \u00e0 coup s\u00fbr un objet pr\u00e9f\u00e9r\u00e9.<\/p>","protected":false},"excerpt":{"rendered":"<p>Dieses elegante Geschenkset hebt Ihre Wertsch\u00e4tzung hervor, bestehend aus einem stilvollen Kugelschreiber und einer Taschenlampe, beide mit harmonierenden ros\u00e9goldenen Akzenten. &#8220;Olivia Gold&#8221;, ist in mehreren Farben erh\u00e4ltlich. Pr\u00e4sentiert wird das Set in einer gepolsterten schwarzen Box mit einem kratzfesten Sichtfenster. Die Taschenlampe, ausgestattet mit einem hellen 3-LED-Licht und einem praktischen Schl\u00fcsselanh\u00e4nger, wird sicherlich zu einem [&hellip;]<\/p>\n","protected":false},"featured_media":155,"comment_status":"open","ping_status":"closed","template":"","meta":[],"product_brand":[],"product_cat":[308,247],"product_tag":[777,658],"class_list":{"0":"post-154","1":"product","2":"type-product","3":"status-publish","4":"has-post-thumbnail","6":"product_cat-geschenksets","7":"product_cat-schreibgeraete","8":"product_tag-gla","9":"product_tag-longpen","10":"pa_eigenschaft-geschenkset","11":"pa_eigenschaft-rose-gold","12":"pa_eigenschaft-soft-touch","13":"pa_eigenschaft-stylus","14":"pa_farbe-anthrazit","15":"pa_farbe-dunkelrot","16":"pa_farbe-marine","17":"pa_farbe-schwarz","18":"pa_material-metall","19":"pa_mindestmenge-24","20":"pa_minenfarbe-blau","21":"pa_minenfarbe-schwarz","22":"pa_werbeanbringung-digitaldruck","23":"pa_werbeanbringung-lasergravur","25":"first","26":"instock","27":"taxable","28":"shipping-taxable","29":"purchasable","30":"product-type-variable","31":"has-default-attributes","32":"add-to-wishlist-after_add_to_cart"},"yoast_head":"<!-- This site is optimized with the Yoast SEO plugin v27.4 - https:\/\/yoast.com\/product\/yoast-seo-wordpress\/ -->\n<title>Geschenkset &quot;Olivia Gold&quot; - PEN.EU<\/title>\n<meta name=\"robots\" content=\"index, follow, max-snippet:-1, max-image-preview:large, max-video-preview:-1\" \/>\n<link rel=\"canonical\" href=\"https:\/\/pen.eu\/fr\/produit\/geschenkset-olivia-gold\/\" \/>\n<meta property=\"og:locale\" content=\"fr_FR\" \/>\n<meta property=\"og:type\" content=\"article\" \/>\n<meta property=\"og:title\" content=\"Geschenkset &quot;Olivia Gold&quot; - PEN.EU\" \/>\n<meta property=\"og:description\" content=\"Dieses elegante Geschenkset hebt Ihre Wertsch\u00e4tzung hervor, bestehend aus einem stilvollen Kugelschreiber und einer Taschenlampe, beide mit harmonierenden ros\u00e9goldenen Akzenten. &#8220;Olivia Gold&#8221;, ist in mehreren Farben erh\u00e4ltlich. Pr\u00e4sentiert wird das Set in einer gepolsterten schwarzen Box mit einem kratzfesten Sichtfenster. Die Taschenlampe, ausgestattet mit einem hellen 3-LED-Licht und einem praktischen Schl\u00fcsselanh\u00e4nger, wird sicherlich zu einem [&hellip;]\" \/>\n<meta property=\"og:url\" content=\"https:\/\/pen.eu\/fr\/produit\/geschenkset-olivia-gold\/\" \/>\n<meta property=\"og:site_name\" content=\"PEN.EU\" \/>\n<meta property=\"article:modified_time\" content=\"2025-09-29T14:02:47+00:00\" \/>\n<meta property=\"og:image\" content=\"https:\/\/pen.eu\/wp-content\/uploads\/2024\/09\/0511035134-GL.jpg\" \/>\n\t<meta property=\"og:image:width\" content=\"956\" \/>\n\t<meta property=\"og:image:height\" content=\"956\" \/>\n\t<meta property=\"og:image:type\" content=\"image\/jpeg\" \/>\n<meta name=\"twitter:card\" content=\"summary_large_image\" \/>\n<script type=\"application\/ld+json\" class=\"yoast-schema-graph\">{\"@context\":\"https:\\\/\\\/schema.org\",\"@graph\":[{\"@type\":\"WebPage\",\"@id\":\"https:\\\/\\\/pen.eu\\\/produkt\\\/geschenkset-olivia-gold\\\/\",\"url\":\"https:\\\/\\\/pen.eu\\\/produkt\\\/geschenkset-olivia-gold\\\/\",\"name\":\"Geschenkset \\\"Olivia Gold\\\" - PEN.EU\",\"isPartOf\":{\"@id\":\"https:\\\/\\\/pen.eu\\\/#website\"},\"primaryImageOfPage\":{\"@id\":\"https:\\\/\\\/pen.eu\\\/produkt\\\/geschenkset-olivia-gold\\\/#primaryimage\"},\"image\":{\"@id\":\"https:\\\/\\\/pen.eu\\\/produkt\\\/geschenkset-olivia-gold\\\/#primaryimage\"},\"thumbnailUrl\":\"https:\\\/\\\/pen.eu\\\/wp-content\\\/uploads\\\/2024\\\/09\\\/0511035134-GL.jpg\",\"datePublished\":\"2024-09-19T07:16:22+00:00\",\"dateModified\":\"2025-09-29T14:02:47+00:00\",\"breadcrumb\":{\"@id\":\"https:\\\/\\\/pen.eu\\\/produkt\\\/geschenkset-olivia-gold\\\/#breadcrumb\"},\"inLanguage\":\"fr-FR\",\"potentialAction\":[{\"@type\":\"ReadAction\",\"target\":[\"https:\\\/\\\/pen.eu\\\/produkt\\\/geschenkset-olivia-gold\\\/\"]}]},{\"@type\":\"ImageObject\",\"inLanguage\":\"fr-FR\",\"@id\":\"https:\\\/\\\/pen.eu\\\/produkt\\\/geschenkset-olivia-gold\\\/#primaryimage\",\"url\":\"https:\\\/\\\/pen.eu\\\/wp-content\\\/uploads\\\/2024\\\/09\\\/0511035134-GL.jpg\",\"contentUrl\":\"https:\\\/\\\/pen.eu\\\/wp-content\\\/uploads\\\/2024\\\/09\\\/0511035134-GL.jpg\",\"width\":956,\"height\":956},{\"@type\":\"BreadcrumbList\",\"@id\":\"https:\\\/\\\/pen.eu\\\/produkt\\\/geschenkset-olivia-gold\\\/#breadcrumb\",\"itemListElement\":[{\"@type\":\"ListItem\",\"position\":1,\"name\":\"Home\",\"item\":\"https:\\\/\\\/pen.eu\\\/\"},{\"@type\":\"ListItem\",\"position\":2,\"name\":\"Shop\",\"item\":\"https:\\\/\\\/pen.eu\\\/ch\\\/shop\\\/\"},{\"@type\":\"ListItem\",\"position\":3,\"name\":\"Geschenkset &#8220;Olivia Gold&#8221;\"}]},{\"@type\":\"WebSite\",\"@id\":\"https:\\\/\\\/pen.eu\\\/#website\",\"url\":\"https:\\\/\\\/pen.eu\\\/\",\"name\":\"PEN.EU\",\"description\":\"Kugelschreiber bedrucken mit Logo | pen.eu\",\"potentialAction\":[{\"@type\":\"SearchAction\",\"target\":{\"@type\":\"EntryPoint\",\"urlTemplate\":\"https:\\\/\\\/pen.eu\\\/?s={search_term_string}\"},\"query-input\":{\"@type\":\"PropertyValueSpecification\",\"valueRequired\":true,\"valueName\":\"search_term_string\"}}],\"inLanguage\":\"fr-FR\"}]}<\/script>\n<!-- \/ Yoast SEO plugin. -->","yoast_head_json":{"title":"Geschenkset \"Olivia Gold\" - PEN.EU","robots":{"index":"index","follow":"follow","max-snippet":"max-snippet:-1","max-image-preview":"max-image-preview:large","max-video-preview":"max-video-preview:-1"},"canonical":"https:\/\/pen.eu\/fr\/produit\/geschenkset-olivia-gold\/","og_locale":"fr_FR","og_type":"article","og_title":"Geschenkset \"Olivia Gold\" - PEN.EU","og_description":"Dieses elegante Geschenkset hebt Ihre Wertsch\u00e4tzung hervor, bestehend aus einem stilvollen Kugelschreiber und einer Taschenlampe, beide mit harmonierenden ros\u00e9goldenen Akzenten. &#8220;Olivia Gold&#8221;, ist in mehreren Farben erh\u00e4ltlich. Pr\u00e4sentiert wird das Set in einer gepolsterten schwarzen Box mit einem kratzfesten Sichtfenster. Die Taschenlampe, ausgestattet mit einem hellen 3-LED-Licht und einem praktischen Schl\u00fcsselanh\u00e4nger, wird sicherlich zu einem [&hellip;]","og_url":"https:\/\/pen.eu\/fr\/produit\/geschenkset-olivia-gold\/","og_site_name":"PEN.EU","article_modified_time":"2025-09-29T14:02:47+00:00","og_image":[{"width":956,"height":956,"url":"https:\/\/pen.eu\/wp-content\/uploads\/2024\/09\/0511035134-GL.jpg","type":"image\/jpeg"}],"twitter_card":"summary_large_image","schema":{"@context":"https:\/\/schema.org","@graph":[{"@type":"WebPage","@id":"https:\/\/pen.eu\/produkt\/geschenkset-olivia-gold\/","url":"https:\/\/pen.eu\/produkt\/geschenkset-olivia-gold\/","name":"Geschenkset \"Olivia Gold\" - PEN.EU","isPartOf":{"@id":"https:\/\/pen.eu\/#website"},"primaryImageOfPage":{"@id":"https:\/\/pen.eu\/produkt\/geschenkset-olivia-gold\/#primaryimage"},"image":{"@id":"https:\/\/pen.eu\/produkt\/geschenkset-olivia-gold\/#primaryimage"},"thumbnailUrl":"https:\/\/pen.eu\/wp-content\/uploads\/2024\/09\/0511035134-GL.jpg","datePublished":"2024-09-19T07:16:22+00:00","dateModified":"2025-09-29T14:02:47+00:00","breadcrumb":{"@id":"https:\/\/pen.eu\/produkt\/geschenkset-olivia-gold\/#breadcrumb"},"inLanguage":"fr-FR","potentialAction":[{"@type":"ReadAction","target":["https:\/\/pen.eu\/produkt\/geschenkset-olivia-gold\/"]}]},{"@type":"ImageObject","inLanguage":"fr-FR","@id":"https:\/\/pen.eu\/produkt\/geschenkset-olivia-gold\/#primaryimage","url":"https:\/\/pen.eu\/wp-content\/uploads\/2024\/09\/0511035134-GL.jpg","contentUrl":"https:\/\/pen.eu\/wp-content\/uploads\/2024\/09\/0511035134-GL.jpg","width":956,"height":956},{"@type":"BreadcrumbList","@id":"https:\/\/pen.eu\/produkt\/geschenkset-olivia-gold\/#breadcrumb","itemListElement":[{"@type":"ListItem","position":1,"name":"Home","item":"https:\/\/pen.eu\/"},{"@type":"ListItem","position":2,"name":"Shop","item":"https:\/\/pen.eu\/ch\/shop\/"},{"@type":"ListItem","position":3,"name":"Geschenkset &#8220;Olivia Gold&#8221;"}]},{"@type":"WebSite","@id":"https:\/\/pen.eu\/#website","url":"https:\/\/pen.eu\/","name":"PEN.EU","description":"Kugelschreiber bedrucken mit Logo | pen.eu","potentialAction":[{"@type":"SearchAction","target":{"@type":"EntryPoint","urlTemplate":"https:\/\/pen.eu\/?s={search_term_string}"},"query-input":{"@type":"PropertyValueSpecification","valueRequired":true,"valueName":"search_term_string"}}],"inLanguage":"fr-FR"}]}},"_links":{"self":[{"href":"https:\/\/pen.eu\/fr\/wp-json\/wp\/v2\/product\/154","targetHints":{"allow":["GET"]}}],"collection":[{"href":"https:\/\/pen.eu\/fr\/wp-json\/wp\/v2\/product"}],"about":[{"href":"https:\/\/pen.eu\/fr\/wp-json\/wp\/v2\/types\/product"}],"replies":[{"embeddable":true,"href":"https:\/\/pen.eu\/fr\/wp-json\/wp\/v2\/comments?post=154"}],"wp:featuredmedia":[{"embeddable":true,"href":"https:\/\/pen.eu\/fr\/wp-json\/wp\/v2\/media\/155"}],"wp:attachment":[{"href":"https:\/\/pen.eu\/fr\/wp-json\/wp\/v2\/media?parent=154"}],"wp:term":[{"taxonomy":"product_brand","embeddable":true,"href":"https:\/\/pen.eu\/fr\/wp-json\/wp\/v2\/product_brand?post=154"},{"taxonomy":"product_cat","embeddable":true,"href":"https:\/\/pen.eu\/fr\/wp-json\/wp\/v2\/product_cat?post=154"},{"taxonomy":"product_tag","embeddable":true,"href":"https:\/\/pen.eu\/fr\/wp-json\/wp\/v2\/product_tag?post=154"}],"curies":[{"name":"wp","href":"https:\/\/api.w.org\/{rel}","templated":true}]}}