{"id":15403,"date":"2025-07-28T15:41:38","date_gmt":"2025-07-28T13:41:38","guid":{"rendered":"https:\/\/v2.frank-pen.de\/?post_type=product&#038;p=15403"},"modified":"2025-12-15T08:06:42","modified_gmt":"2025-12-15T07:06:42","slug":"glasbecher-montana","status":"publish","type":"product","link":"https:\/\/pen.eu\/fr\/produit\/glasbecher-montana\/","title":{"rendered":"Mug en verre \u201cMontana\u201d"},"content":{"rendered":"<p>Restez hydrat\u00e9 avec style et de mani\u00e8re durable gr\u00e2ce au gobelet Montana en verre recycl\u00e9 avec paille. Fabriqu\u00e9 en verre sodocalcique recycl\u00e9 robuste, ce grand gobelet offre une capacit\u00e9 de 1100 ml pour vos boissons froides pr\u00e9f\u00e9r\u00e9es. Son bouchon \u00e0 vis \u00e9tanche et sa paille transparente garantissent une utilisation confortable et s\u00e9curis\u00e9e en d\u00e9placement. Le design bicolore lui conf\u00e8re une touche moderne \u2013 id\u00e9al pour le bureau, la maison ou en d\u00e9placement. Non compatible avec le lave-vaisselle ou le micro-ondes.<\/p>","protected":false},"excerpt":{"rendered":"<p>Mit dem Montana Recycling-Glasbecher mit Trinkhalm bleiben Sie stilvoll und nachhaltig hydriert. Gefertigt aus stabilem, recyceltem Natron-Kalk-Glas, bietet dieser gro\u00dfz\u00fcgige Tumbler Platz f\u00fcr 1100\u202fml Ihrer liebsten kalten Getr\u00e4nke. Der auslaufsichere Schraubverschluss und der transparente Trinkhalm sorgen f\u00fcr komfortables und sicheres Trinken unterwegs. Das zweifarbige Design verleiht dem Becher eine moderne Optik \u2013 ideal f\u00fcr den [&hellip;]<\/p>\n","protected":false},"featured_media":15636,"comment_status":"open","ping_status":"closed","template":"","meta":[],"product_brand":[],"product_cat":[767,248],"product_tag":[682,792,830,689,823,713],"class_list":{"0":"post-15403","1":"product","2":"type-product","3":"status-publish","4":"has-post-thumbnail","6":"product_cat-trinkbecher","7":"product_cat-trinkgefaesse","8":"product_tag-designbottle","9":"product_tag-left-49","10":"product_tag-mtop-52","11":"product_tag-slimsize","12":"product_tag-top-44","13":"product_tag-wfu","14":"pa_farbe-blau","15":"pa_farbe-gruen","16":"pa_farbe-rauch","17":"pa_farbe-transparent","18":"pa_material-glas","19":"pa_material-pp","20":"pa_material-recyceltes-glas","21":"pa_werbeanbringung-siebdruck","23":"first","24":"instock","25":"taxable","26":"shipping-taxable","27":"purchasable","28":"product-type-variable","29":"add-to-wishlist-after_add_to_cart"},"yoast_head":"<!-- This site is optimized with the Yoast SEO plugin v27.4 - https:\/\/yoast.com\/product\/yoast-seo-wordpress\/ -->\n<title>Glasbecher &quot;Montana&quot; - PEN.EU<\/title>\n<meta name=\"robots\" content=\"index, follow, max-snippet:-1, max-image-preview:large, max-video-preview:-1\" \/>\n<link rel=\"canonical\" href=\"https:\/\/pen.eu\/fr\/produit\/glasbecher-montana\/\" \/>\n<meta property=\"og:locale\" content=\"fr_FR\" \/>\n<meta property=\"og:type\" content=\"article\" \/>\n<meta property=\"og:title\" content=\"Glasbecher &quot;Montana&quot; - PEN.EU\" \/>\n<meta property=\"og:description\" content=\"Mit dem Montana Recycling-Glasbecher mit Trinkhalm bleiben Sie stilvoll und nachhaltig hydriert. Gefertigt aus stabilem, recyceltem Natron-Kalk-Glas, bietet dieser gro\u00dfz\u00fcgige Tumbler Platz f\u00fcr 1100\u202fml Ihrer liebsten kalten Getr\u00e4nke. Der auslaufsichere Schraubverschluss und der transparente Trinkhalm sorgen f\u00fcr komfortables und sicheres Trinken unterwegs. Das zweifarbige Design verleiht dem Becher eine moderne Optik \u2013 ideal f\u00fcr den [&hellip;]\" \/>\n<meta property=\"og:url\" content=\"https:\/\/pen.eu\/fr\/produit\/glasbecher-montana\/\" \/>\n<meta property=\"og:site_name\" content=\"PEN.EU\" \/>\n<meta property=\"article:modified_time\" content=\"2025-12-15T07:06:42+00:00\" \/>\n<meta property=\"og:image\" content=\"https:\/\/pen.eu\/wp-content\/uploads\/2025\/07\/WFU-blank-black.png\" \/>\n\t<meta property=\"og:image:width\" content=\"2000\" \/>\n\t<meta property=\"og:image:height\" content=\"2000\" \/>\n\t<meta property=\"og:image:type\" content=\"image\/png\" \/>\n<meta name=\"twitter:card\" content=\"summary_large_image\" \/>\n<script type=\"application\/ld+json\" class=\"yoast-schema-graph\">{\"@context\":\"https:\\\/\\\/schema.org\",\"@graph\":[{\"@type\":\"WebPage\",\"@id\":\"https:\\\/\\\/pen.eu\\\/produkt\\\/glasbecher-montana\\\/\",\"url\":\"https:\\\/\\\/pen.eu\\\/produkt\\\/glasbecher-montana\\\/\",\"name\":\"Glasbecher \\\"Montana\\\" - PEN.EU\",\"isPartOf\":{\"@id\":\"https:\\\/\\\/pen.eu\\\/#website\"},\"primaryImageOfPage\":{\"@id\":\"https:\\\/\\\/pen.eu\\\/produkt\\\/glasbecher-montana\\\/#primaryimage\"},\"image\":{\"@id\":\"https:\\\/\\\/pen.eu\\\/produkt\\\/glasbecher-montana\\\/#primaryimage\"},\"thumbnailUrl\":\"https:\\\/\\\/pen.eu\\\/wp-content\\\/uploads\\\/2025\\\/07\\\/WFU-blank-black.png\",\"datePublished\":\"2025-07-28T13:41:38+00:00\",\"dateModified\":\"2025-12-15T07:06:42+00:00\",\"breadcrumb\":{\"@id\":\"https:\\\/\\\/pen.eu\\\/produkt\\\/glasbecher-montana\\\/#breadcrumb\"},\"inLanguage\":\"fr-FR\",\"potentialAction\":[{\"@type\":\"ReadAction\",\"target\":[\"https:\\\/\\\/pen.eu\\\/produkt\\\/glasbecher-montana\\\/\"]}]},{\"@type\":\"ImageObject\",\"inLanguage\":\"fr-FR\",\"@id\":\"https:\\\/\\\/pen.eu\\\/produkt\\\/glasbecher-montana\\\/#primaryimage\",\"url\":\"https:\\\/\\\/pen.eu\\\/wp-content\\\/uploads\\\/2025\\\/07\\\/WFU-blank-black.png\",\"contentUrl\":\"https:\\\/\\\/pen.eu\\\/wp-content\\\/uploads\\\/2025\\\/07\\\/WFU-blank-black.png\",\"width\":2000,\"height\":2000,\"caption\":\"WFU-blank-navyblue\"},{\"@type\":\"BreadcrumbList\",\"@id\":\"https:\\\/\\\/pen.eu\\\/produkt\\\/glasbecher-montana\\\/#breadcrumb\",\"itemListElement\":[{\"@type\":\"ListItem\",\"position\":1,\"name\":\"Home\",\"item\":\"https:\\\/\\\/pen.eu\\\/\"},{\"@type\":\"ListItem\",\"position\":2,\"name\":\"Shop\",\"item\":\"https:\\\/\\\/pen.eu\\\/ch\\\/shop\\\/\"},{\"@type\":\"ListItem\",\"position\":3,\"name\":\"Glasbecher &#8220;Montana&#8221;\"}]},{\"@type\":\"WebSite\",\"@id\":\"https:\\\/\\\/pen.eu\\\/#website\",\"url\":\"https:\\\/\\\/pen.eu\\\/\",\"name\":\"PEN.EU\",\"description\":\"Kugelschreiber bedrucken mit Logo | pen.eu\",\"potentialAction\":[{\"@type\":\"SearchAction\",\"target\":{\"@type\":\"EntryPoint\",\"urlTemplate\":\"https:\\\/\\\/pen.eu\\\/?s={search_term_string}\"},\"query-input\":{\"@type\":\"PropertyValueSpecification\",\"valueRequired\":true,\"valueName\":\"search_term_string\"}}],\"inLanguage\":\"fr-FR\"}]}<\/script>\n<!-- \/ Yoast SEO plugin. -->","yoast_head_json":{"title":"Glasbecher \"Montana\" - PEN.EU","robots":{"index":"index","follow":"follow","max-snippet":"max-snippet:-1","max-image-preview":"max-image-preview:large","max-video-preview":"max-video-preview:-1"},"canonical":"https:\/\/pen.eu\/fr\/produit\/glasbecher-montana\/","og_locale":"fr_FR","og_type":"article","og_title":"Glasbecher \"Montana\" - PEN.EU","og_description":"Mit dem Montana Recycling-Glasbecher mit Trinkhalm bleiben Sie stilvoll und nachhaltig hydriert. Gefertigt aus stabilem, recyceltem Natron-Kalk-Glas, bietet dieser gro\u00dfz\u00fcgige Tumbler Platz f\u00fcr 1100\u202fml Ihrer liebsten kalten Getr\u00e4nke. Der auslaufsichere Schraubverschluss und der transparente Trinkhalm sorgen f\u00fcr komfortables und sicheres Trinken unterwegs. Das zweifarbige Design verleiht dem Becher eine moderne Optik \u2013 ideal f\u00fcr den [&hellip;]","og_url":"https:\/\/pen.eu\/fr\/produit\/glasbecher-montana\/","og_site_name":"PEN.EU","article_modified_time":"2025-12-15T07:06:42+00:00","og_image":[{"width":2000,"height":2000,"url":"https:\/\/pen.eu\/wp-content\/uploads\/2025\/07\/WFU-blank-black.png","type":"image\/png"}],"twitter_card":"summary_large_image","schema":{"@context":"https:\/\/schema.org","@graph":[{"@type":"WebPage","@id":"https:\/\/pen.eu\/produkt\/glasbecher-montana\/","url":"https:\/\/pen.eu\/produkt\/glasbecher-montana\/","name":"Glasbecher \"Montana\" - PEN.EU","isPartOf":{"@id":"https:\/\/pen.eu\/#website"},"primaryImageOfPage":{"@id":"https:\/\/pen.eu\/produkt\/glasbecher-montana\/#primaryimage"},"image":{"@id":"https:\/\/pen.eu\/produkt\/glasbecher-montana\/#primaryimage"},"thumbnailUrl":"https:\/\/pen.eu\/wp-content\/uploads\/2025\/07\/WFU-blank-black.png","datePublished":"2025-07-28T13:41:38+00:00","dateModified":"2025-12-15T07:06:42+00:00","breadcrumb":{"@id":"https:\/\/pen.eu\/produkt\/glasbecher-montana\/#breadcrumb"},"inLanguage":"fr-FR","potentialAction":[{"@type":"ReadAction","target":["https:\/\/pen.eu\/produkt\/glasbecher-montana\/"]}]},{"@type":"ImageObject","inLanguage":"fr-FR","@id":"https:\/\/pen.eu\/produkt\/glasbecher-montana\/#primaryimage","url":"https:\/\/pen.eu\/wp-content\/uploads\/2025\/07\/WFU-blank-black.png","contentUrl":"https:\/\/pen.eu\/wp-content\/uploads\/2025\/07\/WFU-blank-black.png","width":2000,"height":2000,"caption":"WFU-blank-navyblue"},{"@type":"BreadcrumbList","@id":"https:\/\/pen.eu\/produkt\/glasbecher-montana\/#breadcrumb","itemListElement":[{"@type":"ListItem","position":1,"name":"Home","item":"https:\/\/pen.eu\/"},{"@type":"ListItem","position":2,"name":"Shop","item":"https:\/\/pen.eu\/ch\/shop\/"},{"@type":"ListItem","position":3,"name":"Glasbecher &#8220;Montana&#8221;"}]},{"@type":"WebSite","@id":"https:\/\/pen.eu\/#website","url":"https:\/\/pen.eu\/","name":"PEN.EU","description":"Kugelschreiber bedrucken mit Logo | pen.eu","potentialAction":[{"@type":"SearchAction","target":{"@type":"EntryPoint","urlTemplate":"https:\/\/pen.eu\/?s={search_term_string}"},"query-input":{"@type":"PropertyValueSpecification","valueRequired":true,"valueName":"search_term_string"}}],"inLanguage":"fr-FR"}]}},"_links":{"self":[{"href":"https:\/\/pen.eu\/fr\/wp-json\/wp\/v2\/product\/15403","targetHints":{"allow":["GET"]}}],"collection":[{"href":"https:\/\/pen.eu\/fr\/wp-json\/wp\/v2\/product"}],"about":[{"href":"https:\/\/pen.eu\/fr\/wp-json\/wp\/v2\/types\/product"}],"replies":[{"embeddable":true,"href":"https:\/\/pen.eu\/fr\/wp-json\/wp\/v2\/comments?post=15403"}],"wp:featuredmedia":[{"embeddable":true,"href":"https:\/\/pen.eu\/fr\/wp-json\/wp\/v2\/media\/15636"}],"wp:attachment":[{"href":"https:\/\/pen.eu\/fr\/wp-json\/wp\/v2\/media?parent=15403"}],"wp:term":[{"taxonomy":"product_brand","embeddable":true,"href":"https:\/\/pen.eu\/fr\/wp-json\/wp\/v2\/product_brand?post=15403"},{"taxonomy":"product_cat","embeddable":true,"href":"https:\/\/pen.eu\/fr\/wp-json\/wp\/v2\/product_cat?post=15403"},{"taxonomy":"product_tag","embeddable":true,"href":"https:\/\/pen.eu\/fr\/wp-json\/wp\/v2\/product_tag?post=15403"}],"curies":[{"name":"wp","href":"https:\/\/api.w.org\/{rel}","templated":true}]}}