{"id":15404,"date":"2025-07-28T15:41:39","date_gmt":"2025-07-28T13:41:39","guid":{"rendered":"https:\/\/v2.frank-pen.de\/?post_type=product&#038;p=15404"},"modified":"2026-01-22T10:25:40","modified_gmt":"2026-01-22T09:25:40","slug":"trinkflasche-catan","status":"publish","type":"product","link":"https:\/\/pen.eu\/fr\/produit\/trinkflasche-catan\/","title":{"rendered":"Gobelet \"Catan\""},"content":{"rendered":"<p>La bouteille Catan, fabriqu\u00e9e en acier inoxydable recycl\u00e9 (type 304), est sp\u00e9cialement con\u00e7ue pour les boissons gazeuses. Son syst\u00e8me de soupape de s\u00e9curit\u00e9 innovant lib\u00e8re le CO\u2082 exc\u00e9dentaire de mani\u00e8re contr\u00f4l\u00e9e \u00e0 l\u2019ouverture, \u00e9vitant ainsi tout d\u00e9bordement. M\u00eame en cas de fortes chaleurs \u2013 comme dans une voiture \u2013 la valve assure un \u00e9quilibrage de la pression pour \u00e9viter toute explosion. Gr\u00e2ce \u00e0 son isolation sous vide \u00e0 double paroi, elle garde les boissons chaudes jusqu\u2019\u00e0 12 heures et les boissons froides jusqu\u2019\u00e0 24 heures. Avec une capacit\u00e9 de 590 ml, une finition mate \u00e9l\u00e9gante, un bouchon en PP sans BPA et une \u00e9tanch\u00e9it\u00e9 totale, elle est parfaite pour un usage quotidien. Livr\u00e9e dans une bo\u00eete cadeau certifi\u00e9e FSC\u00ae. Non compatible lave-vaisselle ou micro-ondes.<\/p>","protected":false},"excerpt":{"rendered":"<p>Die Catan Trinkflasche aus recyceltem Edelstahl (Typ 304) wurde speziell f\u00fcr kohlens\u00e4urehaltige Getr\u00e4nke entwickelt und bietet mit ihrem innovativen Sicherheitsventil zuverl\u00e4ssigen Schutz: Beim \u00d6ffnen wird \u00fcbersch\u00fcssiges CO\u2082 kontrolliert freigesetzt, wodurch ein ungewolltes Auslaufen verhindert wird. Selbst bei hohen Temperaturen \u2013 etwa im Auto \u2013 sorgt das Ventil f\u00fcr Druckausgleich und beugt so einem Bersten der [&hellip;]<\/p>\n","protected":false},"featured_media":15622,"comment_status":"open","ping_status":"closed","template":"","meta":[],"product_brand":[],"product_cat":[248],"product_tag":[682,831,689,712],"class_list":{"0":"post-15404","1":"product","2":"type-product","3":"status-publish","4":"has-post-thumbnail","6":"product_cat-trinkgefaesse","7":"product_tag-designbottle","8":"product_tag-mtop-56","9":"product_tag-slimsize","10":"product_tag-wgj","11":"pa_farbe-blau","12":"pa_farbe-gruen","13":"pa_farbe-rauch","14":"pa_farbe-transparent","15":"pa_material-pp","16":"pa_material-recyceltes-edelstahl","17":"pa_werbeanbringung-digitaldruck","18":"pa_werbeanbringung-lasergravur","19":"pa_werbeanbringung-siebdruck","21":"first","22":"instock","23":"taxable","24":"shipping-taxable","25":"purchasable","26":"product-type-variable","27":"add-to-wishlist-after_add_to_cart"},"yoast_head":"<!-- This site is optimized with the Yoast SEO plugin v27.4 - https:\/\/yoast.com\/product\/yoast-seo-wordpress\/ -->\n<title>Trinkflasche &quot;Catan&quot; - PEN.EU<\/title>\n<meta name=\"robots\" content=\"index, follow, max-snippet:-1, max-image-preview:large, max-video-preview:-1\" \/>\n<link rel=\"canonical\" href=\"https:\/\/pen.eu\/fr\/produit\/trinkflasche-catan\/\" \/>\n<meta property=\"og:locale\" content=\"fr_FR\" \/>\n<meta property=\"og:type\" content=\"article\" \/>\n<meta property=\"og:title\" content=\"Trinkflasche &quot;Catan&quot; - PEN.EU\" \/>\n<meta property=\"og:description\" content=\"Die Catan Trinkflasche aus recyceltem Edelstahl (Typ 304) wurde speziell f\u00fcr kohlens\u00e4urehaltige Getr\u00e4nke entwickelt und bietet mit ihrem innovativen Sicherheitsventil zuverl\u00e4ssigen Schutz: Beim \u00d6ffnen wird \u00fcbersch\u00fcssiges CO\u2082 kontrolliert freigesetzt, wodurch ein ungewolltes Auslaufen verhindert wird. Selbst bei hohen Temperaturen \u2013 etwa im Auto \u2013 sorgt das Ventil f\u00fcr Druckausgleich und beugt so einem Bersten der [&hellip;]\" \/>\n<meta property=\"og:url\" content=\"https:\/\/pen.eu\/fr\/produit\/trinkflasche-catan\/\" \/>\n<meta property=\"og:site_name\" content=\"PEN.EU\" \/>\n<meta property=\"article:modified_time\" content=\"2026-01-22T09:25:40+00:00\" \/>\n<meta property=\"og:image\" content=\"https:\/\/pen.eu\/wp-content\/uploads\/2025\/07\/WGJ-angle.png\" \/>\n\t<meta property=\"og:image:width\" content=\"2000\" \/>\n\t<meta property=\"og:image:height\" content=\"2000\" \/>\n\t<meta property=\"og:image:type\" content=\"image\/png\" \/>\n<meta name=\"twitter:card\" content=\"summary_large_image\" \/>\n<meta name=\"twitter:label1\" content=\"Dur\u00e9e de lecture estim\u00e9e\" \/>\n\t<meta name=\"twitter:data1\" content=\"1 minute\" \/>\n<script type=\"application\/ld+json\" class=\"yoast-schema-graph\">{\"@context\":\"https:\\\/\\\/schema.org\",\"@graph\":[{\"@type\":\"WebPage\",\"@id\":\"https:\\\/\\\/pen.eu\\\/produkt\\\/trinkflasche-catan\\\/\",\"url\":\"https:\\\/\\\/pen.eu\\\/produkt\\\/trinkflasche-catan\\\/\",\"name\":\"Trinkflasche \\\"Catan\\\" - PEN.EU\",\"isPartOf\":{\"@id\":\"https:\\\/\\\/pen.eu\\\/#website\"},\"primaryImageOfPage\":{\"@id\":\"https:\\\/\\\/pen.eu\\\/produkt\\\/trinkflasche-catan\\\/#primaryimage\"},\"image\":{\"@id\":\"https:\\\/\\\/pen.eu\\\/produkt\\\/trinkflasche-catan\\\/#primaryimage\"},\"thumbnailUrl\":\"https:\\\/\\\/pen.eu\\\/wp-content\\\/uploads\\\/2025\\\/07\\\/WGJ-angle.png\",\"datePublished\":\"2025-07-28T13:41:39+00:00\",\"dateModified\":\"2026-01-22T09:25:40+00:00\",\"breadcrumb\":{\"@id\":\"https:\\\/\\\/pen.eu\\\/produkt\\\/trinkflasche-catan\\\/#breadcrumb\"},\"inLanguage\":\"fr-FR\",\"potentialAction\":[{\"@type\":\"ReadAction\",\"target\":[\"https:\\\/\\\/pen.eu\\\/produkt\\\/trinkflasche-catan\\\/\"]}]},{\"@type\":\"ImageObject\",\"inLanguage\":\"fr-FR\",\"@id\":\"https:\\\/\\\/pen.eu\\\/produkt\\\/trinkflasche-catan\\\/#primaryimage\",\"url\":\"https:\\\/\\\/pen.eu\\\/wp-content\\\/uploads\\\/2025\\\/07\\\/WGJ-angle.png\",\"contentUrl\":\"https:\\\/\\\/pen.eu\\\/wp-content\\\/uploads\\\/2025\\\/07\\\/WGJ-angle.png\",\"width\":2000,\"height\":2000,\"caption\":\"WGJ-angle\"},{\"@type\":\"BreadcrumbList\",\"@id\":\"https:\\\/\\\/pen.eu\\\/produkt\\\/trinkflasche-catan\\\/#breadcrumb\",\"itemListElement\":[{\"@type\":\"ListItem\",\"position\":1,\"name\":\"Home\",\"item\":\"https:\\\/\\\/pen.eu\\\/\"},{\"@type\":\"ListItem\",\"position\":2,\"name\":\"Shop\",\"item\":\"https:\\\/\\\/pen.eu\\\/ch\\\/shop\\\/\"},{\"@type\":\"ListItem\",\"position\":3,\"name\":\"Trinkflasche &#8220;Catan&#8221;\"}]},{\"@type\":\"WebSite\",\"@id\":\"https:\\\/\\\/pen.eu\\\/#website\",\"url\":\"https:\\\/\\\/pen.eu\\\/\",\"name\":\"PEN.EU\",\"description\":\"Kugelschreiber bedrucken mit Logo | pen.eu\",\"potentialAction\":[{\"@type\":\"SearchAction\",\"target\":{\"@type\":\"EntryPoint\",\"urlTemplate\":\"https:\\\/\\\/pen.eu\\\/?s={search_term_string}\"},\"query-input\":{\"@type\":\"PropertyValueSpecification\",\"valueRequired\":true,\"valueName\":\"search_term_string\"}}],\"inLanguage\":\"fr-FR\"}]}<\/script>\n<!-- \/ Yoast SEO plugin. -->","yoast_head_json":{"title":"Trinkflasche \"Catan\" - PEN.EU","robots":{"index":"index","follow":"follow","max-snippet":"max-snippet:-1","max-image-preview":"max-image-preview:large","max-video-preview":"max-video-preview:-1"},"canonical":"https:\/\/pen.eu\/fr\/produit\/trinkflasche-catan\/","og_locale":"fr_FR","og_type":"article","og_title":"Trinkflasche \"Catan\" - PEN.EU","og_description":"Die Catan Trinkflasche aus recyceltem Edelstahl (Typ 304) wurde speziell f\u00fcr kohlens\u00e4urehaltige Getr\u00e4nke entwickelt und bietet mit ihrem innovativen Sicherheitsventil zuverl\u00e4ssigen Schutz: Beim \u00d6ffnen wird \u00fcbersch\u00fcssiges CO\u2082 kontrolliert freigesetzt, wodurch ein ungewolltes Auslaufen verhindert wird. Selbst bei hohen Temperaturen \u2013 etwa im Auto \u2013 sorgt das Ventil f\u00fcr Druckausgleich und beugt so einem Bersten der [&hellip;]","og_url":"https:\/\/pen.eu\/fr\/produit\/trinkflasche-catan\/","og_site_name":"PEN.EU","article_modified_time":"2026-01-22T09:25:40+00:00","og_image":[{"width":2000,"height":2000,"url":"https:\/\/pen.eu\/wp-content\/uploads\/2025\/07\/WGJ-angle.png","type":"image\/png"}],"twitter_card":"summary_large_image","twitter_misc":{"Dur\u00e9e de lecture estim\u00e9e":"1 minute"},"schema":{"@context":"https:\/\/schema.org","@graph":[{"@type":"WebPage","@id":"https:\/\/pen.eu\/produkt\/trinkflasche-catan\/","url":"https:\/\/pen.eu\/produkt\/trinkflasche-catan\/","name":"Trinkflasche \"Catan\" - PEN.EU","isPartOf":{"@id":"https:\/\/pen.eu\/#website"},"primaryImageOfPage":{"@id":"https:\/\/pen.eu\/produkt\/trinkflasche-catan\/#primaryimage"},"image":{"@id":"https:\/\/pen.eu\/produkt\/trinkflasche-catan\/#primaryimage"},"thumbnailUrl":"https:\/\/pen.eu\/wp-content\/uploads\/2025\/07\/WGJ-angle.png","datePublished":"2025-07-28T13:41:39+00:00","dateModified":"2026-01-22T09:25:40+00:00","breadcrumb":{"@id":"https:\/\/pen.eu\/produkt\/trinkflasche-catan\/#breadcrumb"},"inLanguage":"fr-FR","potentialAction":[{"@type":"ReadAction","target":["https:\/\/pen.eu\/produkt\/trinkflasche-catan\/"]}]},{"@type":"ImageObject","inLanguage":"fr-FR","@id":"https:\/\/pen.eu\/produkt\/trinkflasche-catan\/#primaryimage","url":"https:\/\/pen.eu\/wp-content\/uploads\/2025\/07\/WGJ-angle.png","contentUrl":"https:\/\/pen.eu\/wp-content\/uploads\/2025\/07\/WGJ-angle.png","width":2000,"height":2000,"caption":"WGJ-angle"},{"@type":"BreadcrumbList","@id":"https:\/\/pen.eu\/produkt\/trinkflasche-catan\/#breadcrumb","itemListElement":[{"@type":"ListItem","position":1,"name":"Home","item":"https:\/\/pen.eu\/"},{"@type":"ListItem","position":2,"name":"Shop","item":"https:\/\/pen.eu\/ch\/shop\/"},{"@type":"ListItem","position":3,"name":"Trinkflasche &#8220;Catan&#8221;"}]},{"@type":"WebSite","@id":"https:\/\/pen.eu\/#website","url":"https:\/\/pen.eu\/","name":"PEN.EU","description":"Kugelschreiber bedrucken mit Logo | pen.eu","potentialAction":[{"@type":"SearchAction","target":{"@type":"EntryPoint","urlTemplate":"https:\/\/pen.eu\/?s={search_term_string}"},"query-input":{"@type":"PropertyValueSpecification","valueRequired":true,"valueName":"search_term_string"}}],"inLanguage":"fr-FR"}]}},"_links":{"self":[{"href":"https:\/\/pen.eu\/fr\/wp-json\/wp\/v2\/product\/15404","targetHints":{"allow":["GET"]}}],"collection":[{"href":"https:\/\/pen.eu\/fr\/wp-json\/wp\/v2\/product"}],"about":[{"href":"https:\/\/pen.eu\/fr\/wp-json\/wp\/v2\/types\/product"}],"replies":[{"embeddable":true,"href":"https:\/\/pen.eu\/fr\/wp-json\/wp\/v2\/comments?post=15404"}],"wp:featuredmedia":[{"embeddable":true,"href":"https:\/\/pen.eu\/fr\/wp-json\/wp\/v2\/media\/15622"}],"wp:attachment":[{"href":"https:\/\/pen.eu\/fr\/wp-json\/wp\/v2\/media?parent=15404"}],"wp:term":[{"taxonomy":"product_brand","embeddable":true,"href":"https:\/\/pen.eu\/fr\/wp-json\/wp\/v2\/product_brand?post=15404"},{"taxonomy":"product_cat","embeddable":true,"href":"https:\/\/pen.eu\/fr\/wp-json\/wp\/v2\/product_cat?post=15404"},{"taxonomy":"product_tag","embeddable":true,"href":"https:\/\/pen.eu\/fr\/wp-json\/wp\/v2\/product_tag?post=15404"}],"curies":[{"name":"wp","href":"https:\/\/api.w.org\/{rel}","templated":true}]}}