{"id":15405,"date":"2025-07-28T15:41:40","date_gmt":"2025-07-28T13:41:40","guid":{"rendered":"https:\/\/v2.frank-pen.de\/?post_type=product&#038;p=15405"},"modified":"2025-09-30T14:55:24","modified_gmt":"2025-09-30T12:55:24","slug":"trinkflasche-cape","status":"publish","type":"product","link":"https:\/\/pen.eu\/fr\/produit\/trinkflasche-cape\/","title":{"rendered":"Gobelet \"Cape\""},"content":{"rendered":"<p>Cette bouteille isotherme Cape \u00e0 double paroi et isolation sous vide assure un excellent maintien de la temp\u00e9rature : jusqu\u2019\u00e0 6 heures pour les boissons chaudes et jusqu\u2019\u00e0 12 heures pour les boissons froides. Avec une capacit\u00e9 de 680 ml, elle est id\u00e9ale en d\u00e9placement. Fabriqu\u00e9e en acier inoxydable recycl\u00e9 (type 304), elle convient aussi bien aux boissons chaudes qu\u2019aux boissons froides. Son bouchon \u00e0 vis \u00e9tanche, assorti \u00e0 la couleur, sa surface mate, ses deux ouvertures au niveau du couvercle et sa poign\u00e9e de transport int\u00e9gr\u00e9e la rendent particuli\u00e8rement pratique. Non adapt\u00e9e au lave-vaisselle ou au micro-ondes \u2013 un compagnon de tous les jours \u00e0 la fois styl\u00e9 et fonctionnel.<\/p>","protected":false},"excerpt":{"rendered":"<p>Diese doppelwandige, vakuumisolierte Trinkflasche Cape sorgt f\u00fcr eine hervorragende Temperaturkontrolle: Sie h\u00e4lt Getr\u00e4nke bis zu 6 Stunden warm und bis zu 12 Stunden kalt. Mit einem Fassungsverm\u00f6gen von 680 ml ist sie ideal f\u00fcr unterwegs. Gefertigt aus recyceltem Edelstahl (Typ 304), eignet sie sich gleicherma\u00dfen f\u00fcr hei\u00dfe und kalte Getr\u00e4nke. Der auslaufsichere, farblich abgestimmte Schraubverschluss, [&hellip;]<\/p>\n","protected":false},"featured_media":15608,"comment_status":"open","ping_status":"closed","template":"","meta":[],"product_brand":[],"product_cat":[248],"product_tag":[682,792,831,689,780,711],"class_list":{"0":"post-15405","1":"product","2":"type-product","3":"status-publish","4":"has-post-thumbnail","6":"product_cat-trinkgefaesse","7":"product_tag-designbottle","8":"product_tag-left-49","9":"product_tag-mtop-56","10":"product_tag-slimsize","11":"product_tag-top-50","12":"product_tag-wgi","13":"pa_farbe-blau","14":"pa_farbe-gruen","15":"pa_farbe-rauch","16":"pa_farbe-transparent","17":"pa_material-pp","18":"pa_material-recyceltes-edelstahl","19":"pa_werbeanbringung-digitaldruck","20":"pa_werbeanbringung-lasergravur","21":"pa_werbeanbringung-siebdruck","23":"first","24":"instock","25":"taxable","26":"shipping-taxable","27":"purchasable","28":"product-type-variable","29":"add-to-wishlist-after_add_to_cart"},"yoast_head":"<!-- This site is optimized with the Yoast SEO plugin v27.4 - https:\/\/yoast.com\/product\/yoast-seo-wordpress\/ -->\n<title>Trinkflasche &quot;Cape&quot; - PEN.EU<\/title>\n<meta name=\"robots\" content=\"index, follow, max-snippet:-1, max-image-preview:large, max-video-preview:-1\" \/>\n<link rel=\"canonical\" href=\"https:\/\/pen.eu\/fr\/produit\/trinkflasche-cape\/\" \/>\n<meta property=\"og:locale\" content=\"fr_FR\" \/>\n<meta property=\"og:type\" content=\"article\" \/>\n<meta property=\"og:title\" content=\"Trinkflasche &quot;Cape&quot; - PEN.EU\" \/>\n<meta property=\"og:description\" content=\"Diese doppelwandige, vakuumisolierte Trinkflasche Cape sorgt f\u00fcr eine hervorragende Temperaturkontrolle: Sie h\u00e4lt Getr\u00e4nke bis zu 6 Stunden warm und bis zu 12 Stunden kalt. Mit einem Fassungsverm\u00f6gen von 680 ml ist sie ideal f\u00fcr unterwegs. Gefertigt aus recyceltem Edelstahl (Typ 304), eignet sie sich gleicherma\u00dfen f\u00fcr hei\u00dfe und kalte Getr\u00e4nke. Der auslaufsichere, farblich abgestimmte Schraubverschluss, [&hellip;]\" \/>\n<meta property=\"og:url\" content=\"https:\/\/pen.eu\/fr\/produit\/trinkflasche-cape\/\" \/>\n<meta property=\"og:site_name\" content=\"PEN.EU\" \/>\n<meta property=\"article:modified_time\" content=\"2025-09-30T12:55:24+00:00\" \/>\n<meta property=\"og:image\" content=\"https:\/\/pen.eu\/wp-content\/uploads\/2025\/07\/WGI-blank-black.png\" \/>\n\t<meta property=\"og:image:width\" content=\"2000\" \/>\n\t<meta property=\"og:image:height\" content=\"2000\" \/>\n\t<meta property=\"og:image:type\" content=\"image\/png\" \/>\n<meta name=\"twitter:card\" content=\"summary_large_image\" \/>\n<script type=\"application\/ld+json\" class=\"yoast-schema-graph\">{\"@context\":\"https:\\\/\\\/schema.org\",\"@graph\":[{\"@type\":\"WebPage\",\"@id\":\"https:\\\/\\\/pen.eu\\\/produkt\\\/trinkflasche-cape\\\/\",\"url\":\"https:\\\/\\\/pen.eu\\\/produkt\\\/trinkflasche-cape\\\/\",\"name\":\"Trinkflasche \\\"Cape\\\" - PEN.EU\",\"isPartOf\":{\"@id\":\"https:\\\/\\\/pen.eu\\\/#website\"},\"primaryImageOfPage\":{\"@id\":\"https:\\\/\\\/pen.eu\\\/produkt\\\/trinkflasche-cape\\\/#primaryimage\"},\"image\":{\"@id\":\"https:\\\/\\\/pen.eu\\\/produkt\\\/trinkflasche-cape\\\/#primaryimage\"},\"thumbnailUrl\":\"https:\\\/\\\/pen.eu\\\/wp-content\\\/uploads\\\/2025\\\/07\\\/WGI-blank-black.png\",\"datePublished\":\"2025-07-28T13:41:40+00:00\",\"dateModified\":\"2025-09-30T12:55:24+00:00\",\"breadcrumb\":{\"@id\":\"https:\\\/\\\/pen.eu\\\/produkt\\\/trinkflasche-cape\\\/#breadcrumb\"},\"inLanguage\":\"fr-FR\",\"potentialAction\":[{\"@type\":\"ReadAction\",\"target\":[\"https:\\\/\\\/pen.eu\\\/produkt\\\/trinkflasche-cape\\\/\"]}]},{\"@type\":\"ImageObject\",\"inLanguage\":\"fr-FR\",\"@id\":\"https:\\\/\\\/pen.eu\\\/produkt\\\/trinkflasche-cape\\\/#primaryimage\",\"url\":\"https:\\\/\\\/pen.eu\\\/wp-content\\\/uploads\\\/2025\\\/07\\\/WGI-blank-black.png\",\"contentUrl\":\"https:\\\/\\\/pen.eu\\\/wp-content\\\/uploads\\\/2025\\\/07\\\/WGI-blank-black.png\",\"width\":2000,\"height\":2000,\"caption\":\"WGI-blank-black\"},{\"@type\":\"BreadcrumbList\",\"@id\":\"https:\\\/\\\/pen.eu\\\/produkt\\\/trinkflasche-cape\\\/#breadcrumb\",\"itemListElement\":[{\"@type\":\"ListItem\",\"position\":1,\"name\":\"Home\",\"item\":\"https:\\\/\\\/pen.eu\\\/\"},{\"@type\":\"ListItem\",\"position\":2,\"name\":\"Shop\",\"item\":\"https:\\\/\\\/pen.eu\\\/ch\\\/shop\\\/\"},{\"@type\":\"ListItem\",\"position\":3,\"name\":\"Trinkflasche &#8220;Cape&#8221;\"}]},{\"@type\":\"WebSite\",\"@id\":\"https:\\\/\\\/pen.eu\\\/#website\",\"url\":\"https:\\\/\\\/pen.eu\\\/\",\"name\":\"PEN.EU\",\"description\":\"Kugelschreiber bedrucken mit Logo | pen.eu\",\"potentialAction\":[{\"@type\":\"SearchAction\",\"target\":{\"@type\":\"EntryPoint\",\"urlTemplate\":\"https:\\\/\\\/pen.eu\\\/?s={search_term_string}\"},\"query-input\":{\"@type\":\"PropertyValueSpecification\",\"valueRequired\":true,\"valueName\":\"search_term_string\"}}],\"inLanguage\":\"fr-FR\"}]}<\/script>\n<!-- \/ Yoast SEO plugin. -->","yoast_head_json":{"title":"Trinkflasche \"Cape\" - PEN.EU","robots":{"index":"index","follow":"follow","max-snippet":"max-snippet:-1","max-image-preview":"max-image-preview:large","max-video-preview":"max-video-preview:-1"},"canonical":"https:\/\/pen.eu\/fr\/produit\/trinkflasche-cape\/","og_locale":"fr_FR","og_type":"article","og_title":"Trinkflasche \"Cape\" - PEN.EU","og_description":"Diese doppelwandige, vakuumisolierte Trinkflasche Cape sorgt f\u00fcr eine hervorragende Temperaturkontrolle: Sie h\u00e4lt Getr\u00e4nke bis zu 6 Stunden warm und bis zu 12 Stunden kalt. Mit einem Fassungsverm\u00f6gen von 680 ml ist sie ideal f\u00fcr unterwegs. Gefertigt aus recyceltem Edelstahl (Typ 304), eignet sie sich gleicherma\u00dfen f\u00fcr hei\u00dfe und kalte Getr\u00e4nke. Der auslaufsichere, farblich abgestimmte Schraubverschluss, [&hellip;]","og_url":"https:\/\/pen.eu\/fr\/produit\/trinkflasche-cape\/","og_site_name":"PEN.EU","article_modified_time":"2025-09-30T12:55:24+00:00","og_image":[{"width":2000,"height":2000,"url":"https:\/\/pen.eu\/wp-content\/uploads\/2025\/07\/WGI-blank-black.png","type":"image\/png"}],"twitter_card":"summary_large_image","schema":{"@context":"https:\/\/schema.org","@graph":[{"@type":"WebPage","@id":"https:\/\/pen.eu\/produkt\/trinkflasche-cape\/","url":"https:\/\/pen.eu\/produkt\/trinkflasche-cape\/","name":"Trinkflasche \"Cape\" - PEN.EU","isPartOf":{"@id":"https:\/\/pen.eu\/#website"},"primaryImageOfPage":{"@id":"https:\/\/pen.eu\/produkt\/trinkflasche-cape\/#primaryimage"},"image":{"@id":"https:\/\/pen.eu\/produkt\/trinkflasche-cape\/#primaryimage"},"thumbnailUrl":"https:\/\/pen.eu\/wp-content\/uploads\/2025\/07\/WGI-blank-black.png","datePublished":"2025-07-28T13:41:40+00:00","dateModified":"2025-09-30T12:55:24+00:00","breadcrumb":{"@id":"https:\/\/pen.eu\/produkt\/trinkflasche-cape\/#breadcrumb"},"inLanguage":"fr-FR","potentialAction":[{"@type":"ReadAction","target":["https:\/\/pen.eu\/produkt\/trinkflasche-cape\/"]}]},{"@type":"ImageObject","inLanguage":"fr-FR","@id":"https:\/\/pen.eu\/produkt\/trinkflasche-cape\/#primaryimage","url":"https:\/\/pen.eu\/wp-content\/uploads\/2025\/07\/WGI-blank-black.png","contentUrl":"https:\/\/pen.eu\/wp-content\/uploads\/2025\/07\/WGI-blank-black.png","width":2000,"height":2000,"caption":"WGI-blank-black"},{"@type":"BreadcrumbList","@id":"https:\/\/pen.eu\/produkt\/trinkflasche-cape\/#breadcrumb","itemListElement":[{"@type":"ListItem","position":1,"name":"Home","item":"https:\/\/pen.eu\/"},{"@type":"ListItem","position":2,"name":"Shop","item":"https:\/\/pen.eu\/ch\/shop\/"},{"@type":"ListItem","position":3,"name":"Trinkflasche &#8220;Cape&#8221;"}]},{"@type":"WebSite","@id":"https:\/\/pen.eu\/#website","url":"https:\/\/pen.eu\/","name":"PEN.EU","description":"Kugelschreiber bedrucken mit Logo | pen.eu","potentialAction":[{"@type":"SearchAction","target":{"@type":"EntryPoint","urlTemplate":"https:\/\/pen.eu\/?s={search_term_string}"},"query-input":{"@type":"PropertyValueSpecification","valueRequired":true,"valueName":"search_term_string"}}],"inLanguage":"fr-FR"}]}},"_links":{"self":[{"href":"https:\/\/pen.eu\/fr\/wp-json\/wp\/v2\/product\/15405","targetHints":{"allow":["GET"]}}],"collection":[{"href":"https:\/\/pen.eu\/fr\/wp-json\/wp\/v2\/product"}],"about":[{"href":"https:\/\/pen.eu\/fr\/wp-json\/wp\/v2\/types\/product"}],"replies":[{"embeddable":true,"href":"https:\/\/pen.eu\/fr\/wp-json\/wp\/v2\/comments?post=15405"}],"wp:featuredmedia":[{"embeddable":true,"href":"https:\/\/pen.eu\/fr\/wp-json\/wp\/v2\/media\/15608"}],"wp:attachment":[{"href":"https:\/\/pen.eu\/fr\/wp-json\/wp\/v2\/media?parent=15405"}],"wp:term":[{"taxonomy":"product_brand","embeddable":true,"href":"https:\/\/pen.eu\/fr\/wp-json\/wp\/v2\/product_brand?post=15405"},{"taxonomy":"product_cat","embeddable":true,"href":"https:\/\/pen.eu\/fr\/wp-json\/wp\/v2\/product_cat?post=15405"},{"taxonomy":"product_tag","embeddable":true,"href":"https:\/\/pen.eu\/fr\/wp-json\/wp\/v2\/product_tag?post=15405"}],"curies":[{"name":"wp","href":"https:\/\/api.w.org\/{rel}","templated":true}]}}