{"id":15514,"date":"2025-07-29T07:47:11","date_gmt":"2025-07-29T05:47:11","guid":{"rendered":"https:\/\/v2.frank-pen.de\/?post_type=product&#038;p=15514"},"modified":"2025-10-06T12:27:01","modified_gmt":"2025-10-06T10:27:01","slug":"trinkflasche-shai","status":"publish","type":"product","link":"https:\/\/pen.eu\/fr\/produit\/trinkflasche-shai\/","title":{"rendered":"Gobelet \"Shai\""},"content":{"rendered":"<p>La gourde Shai en rPET recycl\u00e9 allie un design minimaliste \u00e0 une fonctionnalit\u00e9 pratique au quotidien. Son d\u00e9grad\u00e9 ombr\u00e9 transparent conf\u00e8re \u00e0 la bouteille de 500 ml une touche moderne et \u00e9l\u00e9gante \u2013 parfaite pour les boissons fra\u00eeches au bureau, pendant le sport ou en d\u00e9placement. Gr\u00e2ce \u00e0 sa conception l\u00e9g\u00e8re \u00e0 simple paroi, elle tient agr\u00e9ablement en main, tandis que le bouchon \u00e0 vis en acier inoxydable assure une fermeture \u00e9tanche et fiable. La bouteille se remplit et se nettoie facilement, id\u00e9ale pour une utilisation quotidienne. \u00c0 noter : ne passe pas au lave-vaisselle ni au micro-ondes. Une solution claire et \u00e9l\u00e9gante pour boire durablement avec confort.<\/p>","protected":false},"excerpt":{"rendered":"<p>Die Shai Trinkflasche aus recyceltem rPET kombiniert minimalistisches Design mit praktischer Alltagstauglichkeit. Ihr transparenter Ombre-Verlauf verleiht der 500 ml-Flasche eine moderne, elegante Note \u2013 perfekt f\u00fcr erfrischende Kaltgetr\u00e4nke im B\u00fcro, beim Sport oder unterwegs. Dank der einwandigen, leichten Bauweise liegt sie angenehm in der Hand, w\u00e4hrend der Edelstahl-Drehverschluss zuverl\u00e4ssig dicht h\u00e4lt. Die Flasche l\u00e4sst sich [&hellip;]<\/p>\n","protected":false},"featured_media":16678,"comment_status":"open","ping_status":"closed","template":"","meta":[],"product_brand":[],"product_cat":[248],"product_tag":[682,831,818,684,717],"class_list":{"0":"post-15514","1":"product","2":"type-product","3":"status-publish","4":"has-post-thumbnail","6":"product_cat-trinkgefaesse","7":"product_tag-designbottle","8":"product_tag-mtop-56","9":"product_tag-top-48","10":"product_tag-widesize","11":"product_tag-wjo","12":"pa_farbe-blau","13":"pa_farbe-gruen","14":"pa_farbe-rauch","15":"pa_farbe-transparent","16":"pa_material-bambus","17":"pa_material-kunststoff","18":"pa_material-pp","19":"pa_material-rpet","20":"pa_werbeanbringung-digitaldruck","21":"pa_werbeanbringung-siebdruck","23":"first","24":"instock","25":"taxable","26":"shipping-taxable","27":"purchasable","28":"product-type-variable","29":"add-to-wishlist-after_add_to_cart"},"yoast_head":"<!-- This site is optimized with the Yoast SEO plugin v27.4 - https:\/\/yoast.com\/product\/yoast-seo-wordpress\/ -->\n<title>Trinkflasche &quot;Shai&quot; - PEN.EU<\/title>\n<meta name=\"robots\" content=\"index, follow, max-snippet:-1, max-image-preview:large, max-video-preview:-1\" \/>\n<link rel=\"canonical\" href=\"https:\/\/pen.eu\/fr\/produit\/trinkflasche-shai\/\" \/>\n<meta property=\"og:locale\" content=\"fr_FR\" \/>\n<meta property=\"og:type\" content=\"article\" \/>\n<meta property=\"og:title\" content=\"Trinkflasche &quot;Shai&quot; - PEN.EU\" \/>\n<meta property=\"og:description\" content=\"Die Shai Trinkflasche aus recyceltem rPET kombiniert minimalistisches Design mit praktischer Alltagstauglichkeit. Ihr transparenter Ombre-Verlauf verleiht der 500 ml-Flasche eine moderne, elegante Note \u2013 perfekt f\u00fcr erfrischende Kaltgetr\u00e4nke im B\u00fcro, beim Sport oder unterwegs. Dank der einwandigen, leichten Bauweise liegt sie angenehm in der Hand, w\u00e4hrend der Edelstahl-Drehverschluss zuverl\u00e4ssig dicht h\u00e4lt. Die Flasche l\u00e4sst sich [&hellip;]\" \/>\n<meta property=\"og:url\" content=\"https:\/\/pen.eu\/fr\/produit\/trinkflasche-shai\/\" \/>\n<meta property=\"og:site_name\" content=\"PEN.EU\" \/>\n<meta property=\"article:modified_time\" content=\"2025-10-06T10:27:01+00:00\" \/>\n<meta property=\"og:image\" content=\"https:\/\/pen.eu\/wp-content\/uploads\/2025\/07\/wjo-black_4.jpg\" \/>\n\t<meta property=\"og:image:width\" content=\"2000\" \/>\n\t<meta property=\"og:image:height\" content=\"2000\" \/>\n\t<meta property=\"og:image:type\" content=\"image\/jpeg\" \/>\n<meta name=\"twitter:card\" content=\"summary_large_image\" \/>\n<script type=\"application\/ld+json\" class=\"yoast-schema-graph\">{\"@context\":\"https:\\\/\\\/schema.org\",\"@graph\":[{\"@type\":\"WebPage\",\"@id\":\"https:\\\/\\\/pen.eu\\\/produkt\\\/trinkflasche-shai\\\/\",\"url\":\"https:\\\/\\\/pen.eu\\\/produkt\\\/trinkflasche-shai\\\/\",\"name\":\"Trinkflasche \\\"Shai\\\" - PEN.EU\",\"isPartOf\":{\"@id\":\"https:\\\/\\\/pen.eu\\\/#website\"},\"primaryImageOfPage\":{\"@id\":\"https:\\\/\\\/pen.eu\\\/produkt\\\/trinkflasche-shai\\\/#primaryimage\"},\"image\":{\"@id\":\"https:\\\/\\\/pen.eu\\\/produkt\\\/trinkflasche-shai\\\/#primaryimage\"},\"thumbnailUrl\":\"https:\\\/\\\/pen.eu\\\/wp-content\\\/uploads\\\/2025\\\/07\\\/wjo-black_4.jpg\",\"datePublished\":\"2025-07-29T05:47:11+00:00\",\"dateModified\":\"2025-10-06T10:27:01+00:00\",\"breadcrumb\":{\"@id\":\"https:\\\/\\\/pen.eu\\\/produkt\\\/trinkflasche-shai\\\/#breadcrumb\"},\"inLanguage\":\"fr-FR\",\"potentialAction\":[{\"@type\":\"ReadAction\",\"target\":[\"https:\\\/\\\/pen.eu\\\/produkt\\\/trinkflasche-shai\\\/\"]}]},{\"@type\":\"ImageObject\",\"inLanguage\":\"fr-FR\",\"@id\":\"https:\\\/\\\/pen.eu\\\/produkt\\\/trinkflasche-shai\\\/#primaryimage\",\"url\":\"https:\\\/\\\/pen.eu\\\/wp-content\\\/uploads\\\/2025\\\/07\\\/wjo-black_4.jpg\",\"contentUrl\":\"https:\\\/\\\/pen.eu\\\/wp-content\\\/uploads\\\/2025\\\/07\\\/wjo-black_4.jpg\",\"width\":2000,\"height\":2000,\"caption\":\"wjo-black_4\"},{\"@type\":\"BreadcrumbList\",\"@id\":\"https:\\\/\\\/pen.eu\\\/produkt\\\/trinkflasche-shai\\\/#breadcrumb\",\"itemListElement\":[{\"@type\":\"ListItem\",\"position\":1,\"name\":\"Home\",\"item\":\"https:\\\/\\\/pen.eu\\\/\"},{\"@type\":\"ListItem\",\"position\":2,\"name\":\"Shop\",\"item\":\"https:\\\/\\\/pen.eu\\\/ch\\\/shop\\\/\"},{\"@type\":\"ListItem\",\"position\":3,\"name\":\"Trinkflasche &#8220;Shai&#8221;\"}]},{\"@type\":\"WebSite\",\"@id\":\"https:\\\/\\\/pen.eu\\\/#website\",\"url\":\"https:\\\/\\\/pen.eu\\\/\",\"name\":\"PEN.EU\",\"description\":\"Kugelschreiber bedrucken mit Logo | pen.eu\",\"potentialAction\":[{\"@type\":\"SearchAction\",\"target\":{\"@type\":\"EntryPoint\",\"urlTemplate\":\"https:\\\/\\\/pen.eu\\\/?s={search_term_string}\"},\"query-input\":{\"@type\":\"PropertyValueSpecification\",\"valueRequired\":true,\"valueName\":\"search_term_string\"}}],\"inLanguage\":\"fr-FR\"}]}<\/script>\n<!-- \/ Yoast SEO plugin. -->","yoast_head_json":{"title":"Trinkflasche \"Shai\" - PEN.EU","robots":{"index":"index","follow":"follow","max-snippet":"max-snippet:-1","max-image-preview":"max-image-preview:large","max-video-preview":"max-video-preview:-1"},"canonical":"https:\/\/pen.eu\/fr\/produit\/trinkflasche-shai\/","og_locale":"fr_FR","og_type":"article","og_title":"Trinkflasche \"Shai\" - PEN.EU","og_description":"Die Shai Trinkflasche aus recyceltem rPET kombiniert minimalistisches Design mit praktischer Alltagstauglichkeit. Ihr transparenter Ombre-Verlauf verleiht der 500 ml-Flasche eine moderne, elegante Note \u2013 perfekt f\u00fcr erfrischende Kaltgetr\u00e4nke im B\u00fcro, beim Sport oder unterwegs. Dank der einwandigen, leichten Bauweise liegt sie angenehm in der Hand, w\u00e4hrend der Edelstahl-Drehverschluss zuverl\u00e4ssig dicht h\u00e4lt. Die Flasche l\u00e4sst sich [&hellip;]","og_url":"https:\/\/pen.eu\/fr\/produit\/trinkflasche-shai\/","og_site_name":"PEN.EU","article_modified_time":"2025-10-06T10:27:01+00:00","og_image":[{"width":2000,"height":2000,"url":"https:\/\/pen.eu\/wp-content\/uploads\/2025\/07\/wjo-black_4.jpg","type":"image\/jpeg"}],"twitter_card":"summary_large_image","schema":{"@context":"https:\/\/schema.org","@graph":[{"@type":"WebPage","@id":"https:\/\/pen.eu\/produkt\/trinkflasche-shai\/","url":"https:\/\/pen.eu\/produkt\/trinkflasche-shai\/","name":"Trinkflasche \"Shai\" - PEN.EU","isPartOf":{"@id":"https:\/\/pen.eu\/#website"},"primaryImageOfPage":{"@id":"https:\/\/pen.eu\/produkt\/trinkflasche-shai\/#primaryimage"},"image":{"@id":"https:\/\/pen.eu\/produkt\/trinkflasche-shai\/#primaryimage"},"thumbnailUrl":"https:\/\/pen.eu\/wp-content\/uploads\/2025\/07\/wjo-black_4.jpg","datePublished":"2025-07-29T05:47:11+00:00","dateModified":"2025-10-06T10:27:01+00:00","breadcrumb":{"@id":"https:\/\/pen.eu\/produkt\/trinkflasche-shai\/#breadcrumb"},"inLanguage":"fr-FR","potentialAction":[{"@type":"ReadAction","target":["https:\/\/pen.eu\/produkt\/trinkflasche-shai\/"]}]},{"@type":"ImageObject","inLanguage":"fr-FR","@id":"https:\/\/pen.eu\/produkt\/trinkflasche-shai\/#primaryimage","url":"https:\/\/pen.eu\/wp-content\/uploads\/2025\/07\/wjo-black_4.jpg","contentUrl":"https:\/\/pen.eu\/wp-content\/uploads\/2025\/07\/wjo-black_4.jpg","width":2000,"height":2000,"caption":"wjo-black_4"},{"@type":"BreadcrumbList","@id":"https:\/\/pen.eu\/produkt\/trinkflasche-shai\/#breadcrumb","itemListElement":[{"@type":"ListItem","position":1,"name":"Home","item":"https:\/\/pen.eu\/"},{"@type":"ListItem","position":2,"name":"Shop","item":"https:\/\/pen.eu\/ch\/shop\/"},{"@type":"ListItem","position":3,"name":"Trinkflasche &#8220;Shai&#8221;"}]},{"@type":"WebSite","@id":"https:\/\/pen.eu\/#website","url":"https:\/\/pen.eu\/","name":"PEN.EU","description":"Kugelschreiber bedrucken mit Logo | pen.eu","potentialAction":[{"@type":"SearchAction","target":{"@type":"EntryPoint","urlTemplate":"https:\/\/pen.eu\/?s={search_term_string}"},"query-input":{"@type":"PropertyValueSpecification","valueRequired":true,"valueName":"search_term_string"}}],"inLanguage":"fr-FR"}]}},"_links":{"self":[{"href":"https:\/\/pen.eu\/fr\/wp-json\/wp\/v2\/product\/15514","targetHints":{"allow":["GET"]}}],"collection":[{"href":"https:\/\/pen.eu\/fr\/wp-json\/wp\/v2\/product"}],"about":[{"href":"https:\/\/pen.eu\/fr\/wp-json\/wp\/v2\/types\/product"}],"replies":[{"embeddable":true,"href":"https:\/\/pen.eu\/fr\/wp-json\/wp\/v2\/comments?post=15514"}],"wp:featuredmedia":[{"embeddable":true,"href":"https:\/\/pen.eu\/fr\/wp-json\/wp\/v2\/media\/16678"}],"wp:attachment":[{"href":"https:\/\/pen.eu\/fr\/wp-json\/wp\/v2\/media?parent=15514"}],"wp:term":[{"taxonomy":"product_brand","embeddable":true,"href":"https:\/\/pen.eu\/fr\/wp-json\/wp\/v2\/product_brand?post=15514"},{"taxonomy":"product_cat","embeddable":true,"href":"https:\/\/pen.eu\/fr\/wp-json\/wp\/v2\/product_cat?post=15514"},{"taxonomy":"product_tag","embeddable":true,"href":"https:\/\/pen.eu\/fr\/wp-json\/wp\/v2\/product_tag?post=15514"}],"curies":[{"name":"wp","href":"https:\/\/api.w.org\/{rel}","templated":true}]}}