{"id":15532,"date":"2025-07-29T08:47:24","date_gmt":"2025-07-29T06:47:24","guid":{"rendered":"https:\/\/v2.frank-pen.de\/?post_type=product&#038;p=15532"},"modified":"2026-01-22T11:18:04","modified_gmt":"2026-01-22T10:18:04","slug":"notizbuch-nifty","status":"publish","type":"product","link":"https:\/\/pen.eu\/fr\/produit\/notizbuch-nifty\/","title":{"rendered":"Carnet \"Nifty\""},"content":{"rendered":"<p>Le set carnet Nifty avec stylo-bille \u201cParagon Gold\u201d allie fonctionnalit\u00e9 et design raffin\u00e9 \u2013 id\u00e9al pour une image professionnelle soign\u00e9e. La couverture en simili cuir PVC de 1 mm avec carton arri\u00e8re de 1,5 mm offre stabilit\u00e9 et \u00e9l\u00e9gance, rehauss\u00e9e par un d\u00e9tail en or rose qui se prolonge \u00e0 l\u2019int\u00e9rieur. \u00c0 l\u2019int\u00e9rieur, 25 notes adh\u00e9sives blanches et 25 jaunes, ainsi que cinq s\u00e9ries de 25 marque-pages adh\u00e9sifs en orange, rose, jaune, vert et bleu. Sur le c\u00f4t\u00e9 droit, un bloc-notes de 70 feuilles (120 x 75 mm, 70 g\/m\u00b2) et un support \u00e9lastique avec \u0153illet en or rose accueillent le stylo-bille soft-touch \u201cParagon Gold\u201d (0511044), mod\u00e8le tr\u00e8s appr\u00e9ci\u00e9. Le dos renforc\u00e9 garantit une solidit\u00e9 suppl\u00e9mentaire. Votre logo, imprim\u00e9 en couleurs vives, se d\u00e9marquera avec \u00e9l\u00e9gance \u2013 un set haut de gamme pour r\u00e9unions, formations ou comme cadeau publicitaire raffin\u00e9.<\/p>","protected":false},"excerpt":{"rendered":"<p>Das Nifty Notizbuch und dem Kugelschreiber &#8220;Paragon Gold&#8221; als Geschenkset vereint Funktionalit\u00e4t mit edlem Design \u2013 ideal f\u00fcr den professionellen Auftritt. Der Umschlag aus 1\u202fmm starkem PVC-Leder mit 1,5\u202fmm Kartenr\u00fcckseite bietet Stabilit\u00e4t und Stil, erg\u00e4nzt durch eine elegante ros\u00e9goldene Verzierung, die sich bis zur Innenseite durchzieht. Innen finden sich 25 wei\u00dfe und 25 gelbe Haftnotizen [&hellip;]<\/p>\n","protected":false},"featured_media":15675,"comment_status":"open","ping_status":"closed","template":"","meta":[],"product_brand":[],"product_cat":[308,311],"product_tag":[863,718],"class_list":{"0":"post-15532","1":"product","2":"type-product","3":"status-publish","4":"has-post-thumbnail","6":"product_cat-geschenksets","7":"product_cat-notizbuecher","8":"product_tag-notestripe","9":"product_tag-nue","10":"pa_material-kunststoff","11":"pa_werbeanbringung-digitaldruck","13":"first","14":"instock","15":"taxable","16":"shipping-taxable","17":"purchasable","18":"product-type-variable","19":"add-to-wishlist-after_add_to_cart"},"yoast_head":"<!-- This site is optimized with the Yoast SEO plugin v27.4 - https:\/\/yoast.com\/product\/yoast-seo-wordpress\/ -->\n<title>Notizbuch &quot;Nifty&quot; - PEN.EU<\/title>\n<meta name=\"robots\" content=\"index, follow, max-snippet:-1, max-image-preview:large, max-video-preview:-1\" \/>\n<link rel=\"canonical\" href=\"https:\/\/pen.eu\/fr\/produit\/notizbuch-nifty\/\" \/>\n<meta property=\"og:locale\" content=\"fr_FR\" \/>\n<meta property=\"og:type\" content=\"article\" \/>\n<meta property=\"og:title\" content=\"Notizbuch &quot;Nifty&quot; - PEN.EU\" \/>\n<meta property=\"og:description\" content=\"Das Nifty Notizbuch und dem Kugelschreiber &#8220;Paragon Gold&#8221; als Geschenkset vereint Funktionalit\u00e4t mit edlem Design \u2013 ideal f\u00fcr den professionellen Auftritt. Der Umschlag aus 1\u202fmm starkem PVC-Leder mit 1,5\u202fmm Kartenr\u00fcckseite bietet Stabilit\u00e4t und Stil, erg\u00e4nzt durch eine elegante ros\u00e9goldene Verzierung, die sich bis zur Innenseite durchzieht. Innen finden sich 25 wei\u00dfe und 25 gelbe Haftnotizen [&hellip;]\" \/>\n<meta property=\"og:url\" content=\"https:\/\/pen.eu\/fr\/produit\/notizbuch-nifty\/\" \/>\n<meta property=\"og:site_name\" content=\"PEN.EU\" \/>\n<meta property=\"article:modified_time\" content=\"2026-01-22T10:18:04+00:00\" \/>\n<meta property=\"og:image\" content=\"https:\/\/pen.eu\/wp-content\/uploads\/2025\/07\/NUE-C-BLACK-1.jpg\" \/>\n\t<meta property=\"og:image:width\" content=\"1800\" \/>\n\t<meta property=\"og:image:height\" content=\"1800\" \/>\n\t<meta property=\"og:image:type\" content=\"image\/jpeg\" \/>\n<meta name=\"twitter:card\" content=\"summary_large_image\" \/>\n<meta name=\"twitter:label1\" content=\"Dur\u00e9e de lecture estim\u00e9e\" \/>\n\t<meta name=\"twitter:data1\" content=\"1 minute\" \/>\n<script type=\"application\/ld+json\" class=\"yoast-schema-graph\">{\"@context\":\"https:\\\/\\\/schema.org\",\"@graph\":[{\"@type\":\"WebPage\",\"@id\":\"https:\\\/\\\/pen.eu\\\/produkt\\\/notizbuch-nifty\\\/\",\"url\":\"https:\\\/\\\/pen.eu\\\/produkt\\\/notizbuch-nifty\\\/\",\"name\":\"Notizbuch \\\"Nifty\\\" - PEN.EU\",\"isPartOf\":{\"@id\":\"https:\\\/\\\/pen.eu\\\/#website\"},\"primaryImageOfPage\":{\"@id\":\"https:\\\/\\\/pen.eu\\\/produkt\\\/notizbuch-nifty\\\/#primaryimage\"},\"image\":{\"@id\":\"https:\\\/\\\/pen.eu\\\/produkt\\\/notizbuch-nifty\\\/#primaryimage\"},\"thumbnailUrl\":\"https:\\\/\\\/pen.eu\\\/wp-content\\\/uploads\\\/2025\\\/07\\\/NUE-C-BLACK-1.jpg\",\"datePublished\":\"2025-07-29T06:47:24+00:00\",\"dateModified\":\"2026-01-22T10:18:04+00:00\",\"breadcrumb\":{\"@id\":\"https:\\\/\\\/pen.eu\\\/produkt\\\/notizbuch-nifty\\\/#breadcrumb\"},\"inLanguage\":\"fr-FR\",\"potentialAction\":[{\"@type\":\"ReadAction\",\"target\":[\"https:\\\/\\\/pen.eu\\\/produkt\\\/notizbuch-nifty\\\/\"]}]},{\"@type\":\"ImageObject\",\"inLanguage\":\"fr-FR\",\"@id\":\"https:\\\/\\\/pen.eu\\\/produkt\\\/notizbuch-nifty\\\/#primaryimage\",\"url\":\"https:\\\/\\\/pen.eu\\\/wp-content\\\/uploads\\\/2025\\\/07\\\/NUE-C-BLACK-1.jpg\",\"contentUrl\":\"https:\\\/\\\/pen.eu\\\/wp-content\\\/uploads\\\/2025\\\/07\\\/NUE-C-BLACK-1.jpg\",\"width\":1800,\"height\":1800,\"caption\":\"NUE-C-BLACK\"},{\"@type\":\"BreadcrumbList\",\"@id\":\"https:\\\/\\\/pen.eu\\\/produkt\\\/notizbuch-nifty\\\/#breadcrumb\",\"itemListElement\":[{\"@type\":\"ListItem\",\"position\":1,\"name\":\"Home\",\"item\":\"https:\\\/\\\/pen.eu\\\/\"},{\"@type\":\"ListItem\",\"position\":2,\"name\":\"Shop\",\"item\":\"https:\\\/\\\/pen.eu\\\/ch\\\/shop\\\/\"},{\"@type\":\"ListItem\",\"position\":3,\"name\":\"Notizbuch &#8220;Nifty&#8221;\"}]},{\"@type\":\"WebSite\",\"@id\":\"https:\\\/\\\/pen.eu\\\/#website\",\"url\":\"https:\\\/\\\/pen.eu\\\/\",\"name\":\"PEN.EU\",\"description\":\"Kugelschreiber bedrucken mit Logo | pen.eu\",\"potentialAction\":[{\"@type\":\"SearchAction\",\"target\":{\"@type\":\"EntryPoint\",\"urlTemplate\":\"https:\\\/\\\/pen.eu\\\/?s={search_term_string}\"},\"query-input\":{\"@type\":\"PropertyValueSpecification\",\"valueRequired\":true,\"valueName\":\"search_term_string\"}}],\"inLanguage\":\"fr-FR\"}]}<\/script>\n<!-- \/ Yoast SEO plugin. -->","yoast_head_json":{"title":"Notizbuch \"Nifty\" - PEN.EU","robots":{"index":"index","follow":"follow","max-snippet":"max-snippet:-1","max-image-preview":"max-image-preview:large","max-video-preview":"max-video-preview:-1"},"canonical":"https:\/\/pen.eu\/fr\/produit\/notizbuch-nifty\/","og_locale":"fr_FR","og_type":"article","og_title":"Notizbuch \"Nifty\" - PEN.EU","og_description":"Das Nifty Notizbuch und dem Kugelschreiber &#8220;Paragon Gold&#8221; als Geschenkset vereint Funktionalit\u00e4t mit edlem Design \u2013 ideal f\u00fcr den professionellen Auftritt. Der Umschlag aus 1\u202fmm starkem PVC-Leder mit 1,5\u202fmm Kartenr\u00fcckseite bietet Stabilit\u00e4t und Stil, erg\u00e4nzt durch eine elegante ros\u00e9goldene Verzierung, die sich bis zur Innenseite durchzieht. Innen finden sich 25 wei\u00dfe und 25 gelbe Haftnotizen [&hellip;]","og_url":"https:\/\/pen.eu\/fr\/produit\/notizbuch-nifty\/","og_site_name":"PEN.EU","article_modified_time":"2026-01-22T10:18:04+00:00","og_image":[{"width":1800,"height":1800,"url":"https:\/\/pen.eu\/wp-content\/uploads\/2025\/07\/NUE-C-BLACK-1.jpg","type":"image\/jpeg"}],"twitter_card":"summary_large_image","twitter_misc":{"Dur\u00e9e de lecture estim\u00e9e":"1 minute"},"schema":{"@context":"https:\/\/schema.org","@graph":[{"@type":"WebPage","@id":"https:\/\/pen.eu\/produkt\/notizbuch-nifty\/","url":"https:\/\/pen.eu\/produkt\/notizbuch-nifty\/","name":"Notizbuch \"Nifty\" - PEN.EU","isPartOf":{"@id":"https:\/\/pen.eu\/#website"},"primaryImageOfPage":{"@id":"https:\/\/pen.eu\/produkt\/notizbuch-nifty\/#primaryimage"},"image":{"@id":"https:\/\/pen.eu\/produkt\/notizbuch-nifty\/#primaryimage"},"thumbnailUrl":"https:\/\/pen.eu\/wp-content\/uploads\/2025\/07\/NUE-C-BLACK-1.jpg","datePublished":"2025-07-29T06:47:24+00:00","dateModified":"2026-01-22T10:18:04+00:00","breadcrumb":{"@id":"https:\/\/pen.eu\/produkt\/notizbuch-nifty\/#breadcrumb"},"inLanguage":"fr-FR","potentialAction":[{"@type":"ReadAction","target":["https:\/\/pen.eu\/produkt\/notizbuch-nifty\/"]}]},{"@type":"ImageObject","inLanguage":"fr-FR","@id":"https:\/\/pen.eu\/produkt\/notizbuch-nifty\/#primaryimage","url":"https:\/\/pen.eu\/wp-content\/uploads\/2025\/07\/NUE-C-BLACK-1.jpg","contentUrl":"https:\/\/pen.eu\/wp-content\/uploads\/2025\/07\/NUE-C-BLACK-1.jpg","width":1800,"height":1800,"caption":"NUE-C-BLACK"},{"@type":"BreadcrumbList","@id":"https:\/\/pen.eu\/produkt\/notizbuch-nifty\/#breadcrumb","itemListElement":[{"@type":"ListItem","position":1,"name":"Home","item":"https:\/\/pen.eu\/"},{"@type":"ListItem","position":2,"name":"Shop","item":"https:\/\/pen.eu\/ch\/shop\/"},{"@type":"ListItem","position":3,"name":"Notizbuch &#8220;Nifty&#8221;"}]},{"@type":"WebSite","@id":"https:\/\/pen.eu\/#website","url":"https:\/\/pen.eu\/","name":"PEN.EU","description":"Kugelschreiber bedrucken mit Logo | pen.eu","potentialAction":[{"@type":"SearchAction","target":{"@type":"EntryPoint","urlTemplate":"https:\/\/pen.eu\/?s={search_term_string}"},"query-input":{"@type":"PropertyValueSpecification","valueRequired":true,"valueName":"search_term_string"}}],"inLanguage":"fr-FR"}]}},"_links":{"self":[{"href":"https:\/\/pen.eu\/fr\/wp-json\/wp\/v2\/product\/15532","targetHints":{"allow":["GET"]}}],"collection":[{"href":"https:\/\/pen.eu\/fr\/wp-json\/wp\/v2\/product"}],"about":[{"href":"https:\/\/pen.eu\/fr\/wp-json\/wp\/v2\/types\/product"}],"replies":[{"embeddable":true,"href":"https:\/\/pen.eu\/fr\/wp-json\/wp\/v2\/comments?post=15532"}],"wp:featuredmedia":[{"embeddable":true,"href":"https:\/\/pen.eu\/fr\/wp-json\/wp\/v2\/media\/15675"}],"wp:attachment":[{"href":"https:\/\/pen.eu\/fr\/wp-json\/wp\/v2\/media?parent=15532"}],"wp:term":[{"taxonomy":"product_brand","embeddable":true,"href":"https:\/\/pen.eu\/fr\/wp-json\/wp\/v2\/product_brand?post=15532"},{"taxonomy":"product_cat","embeddable":true,"href":"https:\/\/pen.eu\/fr\/wp-json\/wp\/v2\/product_cat?post=15532"},{"taxonomy":"product_tag","embeddable":true,"href":"https:\/\/pen.eu\/fr\/wp-json\/wp\/v2\/product_tag?post=15532"}],"curies":[{"name":"wp","href":"https:\/\/api.w.org\/{rel}","templated":true}]}}