{"id":15539,"date":"2025-07-29T08:50:43","date_gmt":"2025-07-29T06:50:43","guid":{"rendered":"https:\/\/v2.frank-pen.de\/?post_type=product&#038;p=15539"},"modified":"2025-09-25T14:10:20","modified_gmt":"2025-09-25T12:10:20","slug":"notizbuch-manacor","status":"publish","type":"product","link":"https:\/\/pen.eu\/fr\/produit\/notizbuch-manacor\/","title":{"rendered":"Carnet \"Manacor\""},"content":{"rendered":"<p>Le set carnet \u00e0 spirale Manacor A5 avec stylo-bille \u201cMargo\u201d allie mat\u00e9riaux \u00e9cologiques et praticit\u00e9. La couverture est fabriqu\u00e9e \u00e0 partir de briques alimentaires recycl\u00e9es, offrant au carnet un aspect naturel et unique gr\u00e2ce \u00e0 sa fine texture ponctu\u00e9e. \u00c0 l\u2019int\u00e9rieur, 80 feuilles (160 pages) lign\u00e9es en papier ivoire (80 g\/m\u00b2) issu de for\u00eats g\u00e9r\u00e9es de mani\u00e8re responsable \u2013 id\u00e9ales pour notes, id\u00e9es ou croquis. La reliure \u00e0 double spirale en acier argent\u00e9 assure un feuilletage ais\u00e9, tandis qu\u2019un \u00e9lastique et une boucle porte-stylo int\u00e9gr\u00e9e ajoutent confort et organisation. Le set comprend un stylo-bille \u201cMargo\u201d en aluminium recycl\u00e9 avec poussoir en bambou et clip en acier inoxydable. Le stylo noir s\u2019accorde avec toutes les variantes de couleur du carnet, faisant de cet ensemble durable un choix \u00e9l\u00e9gant pour un usage quotidien ou comme cadeau \u00e9coresponsable.<\/p>","protected":false},"excerpt":{"rendered":"<p>Das Manacor Spiralnotizbuch im Format A5 mit dem Kugelschreiber &#8220;Margo&#8221; als Geschenkset verbindet umweltfreundliche Materialien mit praktischer Handhabung. Der Einband besteht aus recycelten Milchkartons und verleiht dem Notizbuch durch seine feine Punktstruktur eine nat\u00fcrliche, individuelle Optik. Innen erwarten Sie 80 Blatt (160 Seiten) liniertes Elfenbeinpapier (80\u202fg\/m\u00b2) \u2013 ideal f\u00fcr Notizen, Ideen oder Skizzen. Die stabile [&hellip;]<\/p>\n","protected":false},"featured_media":15732,"comment_status":"open","ping_status":"closed","template":"","meta":[],"product_brand":[],"product_cat":[311],"product_tag":[786,863,725,780],"class_list":{"0":"post-15539","1":"product","2":"type-product","3":"status-publish","4":"has-post-thumbnail","6":"product_cat-notizbuecher","7":"product_tag-left-50","8":"product_tag-notestripe","9":"product_tag-nzt","10":"product_tag-top-50","11":"pa_material-bambus","12":"pa_material-fsc-paper","13":"pa_material-recyceltes-aluminium","14":"pa_material-recyceltes-milchkarton","15":"pa_werbeanbringung-digitaldruck","17":"first","18":"instock","19":"taxable","20":"shipping-taxable","21":"purchasable","22":"product-type-variable","23":"add-to-wishlist-after_add_to_cart"},"yoast_head":"<!-- This site is optimized with the Yoast SEO plugin v27.4 - https:\/\/yoast.com\/product\/yoast-seo-wordpress\/ -->\n<title>Notizbuch &quot;Manacor&quot; - PEN.EU<\/title>\n<meta name=\"robots\" content=\"index, follow, max-snippet:-1, max-image-preview:large, max-video-preview:-1\" \/>\n<link rel=\"canonical\" href=\"https:\/\/pen.eu\/fr\/produit\/notizbuch-manacor\/\" \/>\n<meta property=\"og:locale\" content=\"fr_FR\" \/>\n<meta property=\"og:type\" content=\"article\" \/>\n<meta property=\"og:title\" content=\"Notizbuch &quot;Manacor&quot; - PEN.EU\" \/>\n<meta property=\"og:description\" content=\"Das Manacor Spiralnotizbuch im Format A5 mit dem Kugelschreiber &#8220;Margo&#8221; als Geschenkset verbindet umweltfreundliche Materialien mit praktischer Handhabung. Der Einband besteht aus recycelten Milchkartons und verleiht dem Notizbuch durch seine feine Punktstruktur eine nat\u00fcrliche, individuelle Optik. Innen erwarten Sie 80 Blatt (160 Seiten) liniertes Elfenbeinpapier (80\u202fg\/m\u00b2) \u2013 ideal f\u00fcr Notizen, Ideen oder Skizzen. Die stabile [&hellip;]\" \/>\n<meta property=\"og:url\" content=\"https:\/\/pen.eu\/fr\/produit\/notizbuch-manacor\/\" \/>\n<meta property=\"og:site_name\" content=\"PEN.EU\" \/>\n<meta property=\"article:modified_time\" content=\"2025-09-25T12:10:20+00:00\" \/>\n<meta property=\"og:image\" content=\"https:\/\/pen.eu\/wp-content\/uploads\/2025\/07\/NZT-C_Black.jpeg\" \/>\n\t<meta property=\"og:image:width\" content=\"500\" \/>\n\t<meta property=\"og:image:height\" content=\"500\" \/>\n\t<meta property=\"og:image:type\" content=\"image\/jpeg\" \/>\n<meta name=\"twitter:card\" content=\"summary_large_image\" \/>\n<meta name=\"twitter:label1\" content=\"Dur\u00e9e de lecture estim\u00e9e\" \/>\n\t<meta name=\"twitter:data1\" content=\"1 minute\" \/>\n<script type=\"application\/ld+json\" class=\"yoast-schema-graph\">{\"@context\":\"https:\\\/\\\/schema.org\",\"@graph\":[{\"@type\":\"WebPage\",\"@id\":\"https:\\\/\\\/pen.eu\\\/produkt\\\/notizbuch-manacor\\\/\",\"url\":\"https:\\\/\\\/pen.eu\\\/produkt\\\/notizbuch-manacor\\\/\",\"name\":\"Notizbuch \\\"Manacor\\\" - PEN.EU\",\"isPartOf\":{\"@id\":\"https:\\\/\\\/pen.eu\\\/#website\"},\"primaryImageOfPage\":{\"@id\":\"https:\\\/\\\/pen.eu\\\/produkt\\\/notizbuch-manacor\\\/#primaryimage\"},\"image\":{\"@id\":\"https:\\\/\\\/pen.eu\\\/produkt\\\/notizbuch-manacor\\\/#primaryimage\"},\"thumbnailUrl\":\"https:\\\/\\\/pen.eu\\\/wp-content\\\/uploads\\\/2025\\\/07\\\/NZT-C_Black.jpeg\",\"datePublished\":\"2025-07-29T06:50:43+00:00\",\"dateModified\":\"2025-09-25T12:10:20+00:00\",\"breadcrumb\":{\"@id\":\"https:\\\/\\\/pen.eu\\\/produkt\\\/notizbuch-manacor\\\/#breadcrumb\"},\"inLanguage\":\"fr-FR\",\"potentialAction\":[{\"@type\":\"ReadAction\",\"target\":[\"https:\\\/\\\/pen.eu\\\/produkt\\\/notizbuch-manacor\\\/\"]}]},{\"@type\":\"ImageObject\",\"inLanguage\":\"fr-FR\",\"@id\":\"https:\\\/\\\/pen.eu\\\/produkt\\\/notizbuch-manacor\\\/#primaryimage\",\"url\":\"https:\\\/\\\/pen.eu\\\/wp-content\\\/uploads\\\/2025\\\/07\\\/NZT-C_Black.jpeg\",\"contentUrl\":\"https:\\\/\\\/pen.eu\\\/wp-content\\\/uploads\\\/2025\\\/07\\\/NZT-C_Black.jpeg\",\"width\":500,\"height\":500,\"caption\":\"NZT-C_Black\"},{\"@type\":\"BreadcrumbList\",\"@id\":\"https:\\\/\\\/pen.eu\\\/produkt\\\/notizbuch-manacor\\\/#breadcrumb\",\"itemListElement\":[{\"@type\":\"ListItem\",\"position\":1,\"name\":\"Home\",\"item\":\"https:\\\/\\\/pen.eu\\\/\"},{\"@type\":\"ListItem\",\"position\":2,\"name\":\"Shop\",\"item\":\"https:\\\/\\\/pen.eu\\\/ch\\\/shop\\\/\"},{\"@type\":\"ListItem\",\"position\":3,\"name\":\"Notizbuch &#8220;Manacor&#8221;\"}]},{\"@type\":\"WebSite\",\"@id\":\"https:\\\/\\\/pen.eu\\\/#website\",\"url\":\"https:\\\/\\\/pen.eu\\\/\",\"name\":\"PEN.EU\",\"description\":\"Kugelschreiber bedrucken mit Logo | pen.eu\",\"potentialAction\":[{\"@type\":\"SearchAction\",\"target\":{\"@type\":\"EntryPoint\",\"urlTemplate\":\"https:\\\/\\\/pen.eu\\\/?s={search_term_string}\"},\"query-input\":{\"@type\":\"PropertyValueSpecification\",\"valueRequired\":true,\"valueName\":\"search_term_string\"}}],\"inLanguage\":\"fr-FR\"}]}<\/script>\n<!-- \/ Yoast SEO plugin. -->","yoast_head_json":{"title":"Notizbuch \"Manacor\" - PEN.EU","robots":{"index":"index","follow":"follow","max-snippet":"max-snippet:-1","max-image-preview":"max-image-preview:large","max-video-preview":"max-video-preview:-1"},"canonical":"https:\/\/pen.eu\/fr\/produit\/notizbuch-manacor\/","og_locale":"fr_FR","og_type":"article","og_title":"Notizbuch \"Manacor\" - PEN.EU","og_description":"Das Manacor Spiralnotizbuch im Format A5 mit dem Kugelschreiber &#8220;Margo&#8221; als Geschenkset verbindet umweltfreundliche Materialien mit praktischer Handhabung. Der Einband besteht aus recycelten Milchkartons und verleiht dem Notizbuch durch seine feine Punktstruktur eine nat\u00fcrliche, individuelle Optik. Innen erwarten Sie 80 Blatt (160 Seiten) liniertes Elfenbeinpapier (80\u202fg\/m\u00b2) \u2013 ideal f\u00fcr Notizen, Ideen oder Skizzen. Die stabile [&hellip;]","og_url":"https:\/\/pen.eu\/fr\/produit\/notizbuch-manacor\/","og_site_name":"PEN.EU","article_modified_time":"2025-09-25T12:10:20+00:00","og_image":[{"width":500,"height":500,"url":"https:\/\/pen.eu\/wp-content\/uploads\/2025\/07\/NZT-C_Black.jpeg","type":"image\/jpeg"}],"twitter_card":"summary_large_image","twitter_misc":{"Dur\u00e9e de lecture estim\u00e9e":"1 minute"},"schema":{"@context":"https:\/\/schema.org","@graph":[{"@type":"WebPage","@id":"https:\/\/pen.eu\/produkt\/notizbuch-manacor\/","url":"https:\/\/pen.eu\/produkt\/notizbuch-manacor\/","name":"Notizbuch \"Manacor\" - PEN.EU","isPartOf":{"@id":"https:\/\/pen.eu\/#website"},"primaryImageOfPage":{"@id":"https:\/\/pen.eu\/produkt\/notizbuch-manacor\/#primaryimage"},"image":{"@id":"https:\/\/pen.eu\/produkt\/notizbuch-manacor\/#primaryimage"},"thumbnailUrl":"https:\/\/pen.eu\/wp-content\/uploads\/2025\/07\/NZT-C_Black.jpeg","datePublished":"2025-07-29T06:50:43+00:00","dateModified":"2025-09-25T12:10:20+00:00","breadcrumb":{"@id":"https:\/\/pen.eu\/produkt\/notizbuch-manacor\/#breadcrumb"},"inLanguage":"fr-FR","potentialAction":[{"@type":"ReadAction","target":["https:\/\/pen.eu\/produkt\/notizbuch-manacor\/"]}]},{"@type":"ImageObject","inLanguage":"fr-FR","@id":"https:\/\/pen.eu\/produkt\/notizbuch-manacor\/#primaryimage","url":"https:\/\/pen.eu\/wp-content\/uploads\/2025\/07\/NZT-C_Black.jpeg","contentUrl":"https:\/\/pen.eu\/wp-content\/uploads\/2025\/07\/NZT-C_Black.jpeg","width":500,"height":500,"caption":"NZT-C_Black"},{"@type":"BreadcrumbList","@id":"https:\/\/pen.eu\/produkt\/notizbuch-manacor\/#breadcrumb","itemListElement":[{"@type":"ListItem","position":1,"name":"Home","item":"https:\/\/pen.eu\/"},{"@type":"ListItem","position":2,"name":"Shop","item":"https:\/\/pen.eu\/ch\/shop\/"},{"@type":"ListItem","position":3,"name":"Notizbuch &#8220;Manacor&#8221;"}]},{"@type":"WebSite","@id":"https:\/\/pen.eu\/#website","url":"https:\/\/pen.eu\/","name":"PEN.EU","description":"Kugelschreiber bedrucken mit Logo | pen.eu","potentialAction":[{"@type":"SearchAction","target":{"@type":"EntryPoint","urlTemplate":"https:\/\/pen.eu\/?s={search_term_string}"},"query-input":{"@type":"PropertyValueSpecification","valueRequired":true,"valueName":"search_term_string"}}],"inLanguage":"fr-FR"}]}},"_links":{"self":[{"href":"https:\/\/pen.eu\/fr\/wp-json\/wp\/v2\/product\/15539","targetHints":{"allow":["GET"]}}],"collection":[{"href":"https:\/\/pen.eu\/fr\/wp-json\/wp\/v2\/product"}],"about":[{"href":"https:\/\/pen.eu\/fr\/wp-json\/wp\/v2\/types\/product"}],"replies":[{"embeddable":true,"href":"https:\/\/pen.eu\/fr\/wp-json\/wp\/v2\/comments?post=15539"}],"wp:featuredmedia":[{"embeddable":true,"href":"https:\/\/pen.eu\/fr\/wp-json\/wp\/v2\/media\/15732"}],"wp:attachment":[{"href":"https:\/\/pen.eu\/fr\/wp-json\/wp\/v2\/media?parent=15539"}],"wp:term":[{"taxonomy":"product_brand","embeddable":true,"href":"https:\/\/pen.eu\/fr\/wp-json\/wp\/v2\/product_brand?post=15539"},{"taxonomy":"product_cat","embeddable":true,"href":"https:\/\/pen.eu\/fr\/wp-json\/wp\/v2\/product_cat?post=15539"},{"taxonomy":"product_tag","embeddable":true,"href":"https:\/\/pen.eu\/fr\/wp-json\/wp\/v2\/product_tag?post=15539"}],"curies":[{"name":"wp","href":"https:\/\/api.w.org\/{rel}","templated":true}]}}