{"id":15540,"date":"2025-07-29T08:50:43","date_gmt":"2025-07-29T06:50:43","guid":{"rendered":"https:\/\/v2.frank-pen.de\/?post_type=product&#038;p=15540"},"modified":"2025-09-22T15:54:45","modified_gmt":"2025-09-22T13:54:45","slug":"notizbuch-stacy","status":"publish","type":"product","link":"https:\/\/pen.eu\/fr\/produit\/notizbuch-stacy\/","title":{"rendered":"Carnet \"Stacy\""},"content":{"rendered":"<p>Ce carnet en coton recycl\u00e9 allie durabilit\u00e9 et design classique. Sa couverture en coton recycl\u00e9 offre un toucher doux et naturel. \u00c0 l\u2019int\u00e9rieur, 80 feuilles lign\u00e9es en papier recycl\u00e9 couleur ivoire (70 g\/m\u00b2) \u2013 parfaites pour prendre des notes, r\u00e9aliser des croquis ou \u00e9crire ses pens\u00e9es. L\u2019ensemble est compl\u00e9t\u00e9 par un \u00e9lastique de fermeture assorti, une boucle porte-stylo int\u00e9gr\u00e9e et un ruban marque-page coordonn\u00e9 \u2013 id\u00e9al pour un usage quotidien \u00e9coresponsable.<\/p>","protected":false},"excerpt":{"rendered":"<p>Dieses Notizbuch aus recycelter Baumwolle kombiniert Nachhaltigkeit mit klassischem Design. Der Einband besteht aus recycelter Baumwolle und verleiht dem Buch eine weiche, nat\u00fcrliche Haptik. Im Inneren befinden sich 80 linierte Bl\u00e4tter aus elfenbeinfarbenem Recyclingpapier (70\u202fg\/m\u00b2) \u2013 ideal f\u00fcr Notizen, Skizzen oder Gedanken. Abgerundet wird das praktische Design durch einen farblich abgestimmten elastischen Verschluss, eine integrierte [&hellip;]<\/p>\n","protected":false},"featured_media":15726,"comment_status":"open","ping_status":"closed","template":"","meta":[],"product_brand":[],"product_cat":[311],"product_tag":[724],"class_list":{"0":"post-15540","1":"product","2":"type-product","3":"status-publish","4":"has-post-thumbnail","6":"product_cat-notizbuecher","7":"product_tag-nve","8":"pa_material-recycelte-baumwolle","9":"pa_material-recyceltes-papier","10":"pa_werbeanbringung-siebdruck","12":"first","13":"instock","14":"taxable","15":"shipping-taxable","16":"purchasable","17":"product-type-variable","18":"add-to-wishlist-after_add_to_cart"},"yoast_head":"<!-- This site is optimized with the Yoast SEO plugin v27.4 - https:\/\/yoast.com\/product\/yoast-seo-wordpress\/ -->\n<title>Notizbuch &quot;Stacy&quot; - PEN.EU<\/title>\n<meta name=\"robots\" content=\"index, follow, max-snippet:-1, max-image-preview:large, max-video-preview:-1\" \/>\n<link rel=\"canonical\" href=\"https:\/\/pen.eu\/fr\/produit\/notizbuch-stacy\/\" \/>\n<meta property=\"og:locale\" content=\"fr_FR\" \/>\n<meta property=\"og:type\" content=\"article\" \/>\n<meta property=\"og:title\" content=\"Notizbuch &quot;Stacy&quot; - PEN.EU\" \/>\n<meta property=\"og:description\" content=\"Dieses Notizbuch aus recycelter Baumwolle kombiniert Nachhaltigkeit mit klassischem Design. Der Einband besteht aus recycelter Baumwolle und verleiht dem Buch eine weiche, nat\u00fcrliche Haptik. Im Inneren befinden sich 80 linierte Bl\u00e4tter aus elfenbeinfarbenem Recyclingpapier (70\u202fg\/m\u00b2) \u2013 ideal f\u00fcr Notizen, Skizzen oder Gedanken. Abgerundet wird das praktische Design durch einen farblich abgestimmten elastischen Verschluss, eine integrierte [&hellip;]\" \/>\n<meta property=\"og:url\" content=\"https:\/\/pen.eu\/fr\/produit\/notizbuch-stacy\/\" \/>\n<meta property=\"og:site_name\" content=\"PEN.EU\" \/>\n<meta property=\"article:modified_time\" content=\"2025-09-22T13:54:45+00:00\" \/>\n<meta property=\"og:image\" content=\"https:\/\/pen.eu\/wp-content\/uploads\/2025\/07\/NVE-GS-SSN-Group.jpg\" \/>\n\t<meta property=\"og:image:width\" content=\"1800\" \/>\n\t<meta property=\"og:image:height\" content=\"1800\" \/>\n\t<meta property=\"og:image:type\" content=\"image\/jpeg\" \/>\n<meta name=\"twitter:card\" content=\"summary_large_image\" \/>\n<script type=\"application\/ld+json\" class=\"yoast-schema-graph\">{\"@context\":\"https:\\\/\\\/schema.org\",\"@graph\":[{\"@type\":\"WebPage\",\"@id\":\"https:\\\/\\\/pen.eu\\\/produkt\\\/notizbuch-stacy\\\/\",\"url\":\"https:\\\/\\\/pen.eu\\\/produkt\\\/notizbuch-stacy\\\/\",\"name\":\"Notizbuch \\\"Stacy\\\" - PEN.EU\",\"isPartOf\":{\"@id\":\"https:\\\/\\\/pen.eu\\\/#website\"},\"primaryImageOfPage\":{\"@id\":\"https:\\\/\\\/pen.eu\\\/produkt\\\/notizbuch-stacy\\\/#primaryimage\"},\"image\":{\"@id\":\"https:\\\/\\\/pen.eu\\\/produkt\\\/notizbuch-stacy\\\/#primaryimage\"},\"thumbnailUrl\":\"https:\\\/\\\/pen.eu\\\/wp-content\\\/uploads\\\/2025\\\/07\\\/NVE-GS-SSN-Group.jpg\",\"datePublished\":\"2025-07-29T06:50:43+00:00\",\"dateModified\":\"2025-09-22T13:54:45+00:00\",\"breadcrumb\":{\"@id\":\"https:\\\/\\\/pen.eu\\\/produkt\\\/notizbuch-stacy\\\/#breadcrumb\"},\"inLanguage\":\"fr-FR\",\"potentialAction\":[{\"@type\":\"ReadAction\",\"target\":[\"https:\\\/\\\/pen.eu\\\/produkt\\\/notizbuch-stacy\\\/\"]}]},{\"@type\":\"ImageObject\",\"inLanguage\":\"fr-FR\",\"@id\":\"https:\\\/\\\/pen.eu\\\/produkt\\\/notizbuch-stacy\\\/#primaryimage\",\"url\":\"https:\\\/\\\/pen.eu\\\/wp-content\\\/uploads\\\/2025\\\/07\\\/NVE-GS-SSN-Group.jpg\",\"contentUrl\":\"https:\\\/\\\/pen.eu\\\/wp-content\\\/uploads\\\/2025\\\/07\\\/NVE-GS-SSN-Group.jpg\",\"width\":1800,\"height\":1800,\"caption\":\"NVE-GS-SSN-Group\"},{\"@type\":\"BreadcrumbList\",\"@id\":\"https:\\\/\\\/pen.eu\\\/produkt\\\/notizbuch-stacy\\\/#breadcrumb\",\"itemListElement\":[{\"@type\":\"ListItem\",\"position\":1,\"name\":\"Home\",\"item\":\"https:\\\/\\\/pen.eu\\\/\"},{\"@type\":\"ListItem\",\"position\":2,\"name\":\"Shop\",\"item\":\"https:\\\/\\\/pen.eu\\\/ch\\\/shop\\\/\"},{\"@type\":\"ListItem\",\"position\":3,\"name\":\"Notizbuch &#8220;Stacy&#8221;\"}]},{\"@type\":\"WebSite\",\"@id\":\"https:\\\/\\\/pen.eu\\\/#website\",\"url\":\"https:\\\/\\\/pen.eu\\\/\",\"name\":\"PEN.EU\",\"description\":\"Kugelschreiber bedrucken mit Logo | pen.eu\",\"potentialAction\":[{\"@type\":\"SearchAction\",\"target\":{\"@type\":\"EntryPoint\",\"urlTemplate\":\"https:\\\/\\\/pen.eu\\\/?s={search_term_string}\"},\"query-input\":{\"@type\":\"PropertyValueSpecification\",\"valueRequired\":true,\"valueName\":\"search_term_string\"}}],\"inLanguage\":\"fr-FR\"}]}<\/script>\n<!-- \/ Yoast SEO plugin. -->","yoast_head_json":{"title":"Notizbuch \"Stacy\" - PEN.EU","robots":{"index":"index","follow":"follow","max-snippet":"max-snippet:-1","max-image-preview":"max-image-preview:large","max-video-preview":"max-video-preview:-1"},"canonical":"https:\/\/pen.eu\/fr\/produit\/notizbuch-stacy\/","og_locale":"fr_FR","og_type":"article","og_title":"Notizbuch \"Stacy\" - PEN.EU","og_description":"Dieses Notizbuch aus recycelter Baumwolle kombiniert Nachhaltigkeit mit klassischem Design. Der Einband besteht aus recycelter Baumwolle und verleiht dem Buch eine weiche, nat\u00fcrliche Haptik. Im Inneren befinden sich 80 linierte Bl\u00e4tter aus elfenbeinfarbenem Recyclingpapier (70\u202fg\/m\u00b2) \u2013 ideal f\u00fcr Notizen, Skizzen oder Gedanken. Abgerundet wird das praktische Design durch einen farblich abgestimmten elastischen Verschluss, eine integrierte [&hellip;]","og_url":"https:\/\/pen.eu\/fr\/produit\/notizbuch-stacy\/","og_site_name":"PEN.EU","article_modified_time":"2025-09-22T13:54:45+00:00","og_image":[{"width":1800,"height":1800,"url":"https:\/\/pen.eu\/wp-content\/uploads\/2025\/07\/NVE-GS-SSN-Group.jpg","type":"image\/jpeg"}],"twitter_card":"summary_large_image","schema":{"@context":"https:\/\/schema.org","@graph":[{"@type":"WebPage","@id":"https:\/\/pen.eu\/produkt\/notizbuch-stacy\/","url":"https:\/\/pen.eu\/produkt\/notizbuch-stacy\/","name":"Notizbuch \"Stacy\" - PEN.EU","isPartOf":{"@id":"https:\/\/pen.eu\/#website"},"primaryImageOfPage":{"@id":"https:\/\/pen.eu\/produkt\/notizbuch-stacy\/#primaryimage"},"image":{"@id":"https:\/\/pen.eu\/produkt\/notizbuch-stacy\/#primaryimage"},"thumbnailUrl":"https:\/\/pen.eu\/wp-content\/uploads\/2025\/07\/NVE-GS-SSN-Group.jpg","datePublished":"2025-07-29T06:50:43+00:00","dateModified":"2025-09-22T13:54:45+00:00","breadcrumb":{"@id":"https:\/\/pen.eu\/produkt\/notizbuch-stacy\/#breadcrumb"},"inLanguage":"fr-FR","potentialAction":[{"@type":"ReadAction","target":["https:\/\/pen.eu\/produkt\/notizbuch-stacy\/"]}]},{"@type":"ImageObject","inLanguage":"fr-FR","@id":"https:\/\/pen.eu\/produkt\/notizbuch-stacy\/#primaryimage","url":"https:\/\/pen.eu\/wp-content\/uploads\/2025\/07\/NVE-GS-SSN-Group.jpg","contentUrl":"https:\/\/pen.eu\/wp-content\/uploads\/2025\/07\/NVE-GS-SSN-Group.jpg","width":1800,"height":1800,"caption":"NVE-GS-SSN-Group"},{"@type":"BreadcrumbList","@id":"https:\/\/pen.eu\/produkt\/notizbuch-stacy\/#breadcrumb","itemListElement":[{"@type":"ListItem","position":1,"name":"Home","item":"https:\/\/pen.eu\/"},{"@type":"ListItem","position":2,"name":"Shop","item":"https:\/\/pen.eu\/ch\/shop\/"},{"@type":"ListItem","position":3,"name":"Notizbuch &#8220;Stacy&#8221;"}]},{"@type":"WebSite","@id":"https:\/\/pen.eu\/#website","url":"https:\/\/pen.eu\/","name":"PEN.EU","description":"Kugelschreiber bedrucken mit Logo | pen.eu","potentialAction":[{"@type":"SearchAction","target":{"@type":"EntryPoint","urlTemplate":"https:\/\/pen.eu\/?s={search_term_string}"},"query-input":{"@type":"PropertyValueSpecification","valueRequired":true,"valueName":"search_term_string"}}],"inLanguage":"fr-FR"}]}},"_links":{"self":[{"href":"https:\/\/pen.eu\/fr\/wp-json\/wp\/v2\/product\/15540","targetHints":{"allow":["GET"]}}],"collection":[{"href":"https:\/\/pen.eu\/fr\/wp-json\/wp\/v2\/product"}],"about":[{"href":"https:\/\/pen.eu\/fr\/wp-json\/wp\/v2\/types\/product"}],"replies":[{"embeddable":true,"href":"https:\/\/pen.eu\/fr\/wp-json\/wp\/v2\/comments?post=15540"}],"wp:featuredmedia":[{"embeddable":true,"href":"https:\/\/pen.eu\/fr\/wp-json\/wp\/v2\/media\/15726"}],"wp:attachment":[{"href":"https:\/\/pen.eu\/fr\/wp-json\/wp\/v2\/media?parent=15540"}],"wp:term":[{"taxonomy":"product_brand","embeddable":true,"href":"https:\/\/pen.eu\/fr\/wp-json\/wp\/v2\/product_brand?post=15540"},{"taxonomy":"product_cat","embeddable":true,"href":"https:\/\/pen.eu\/fr\/wp-json\/wp\/v2\/product_cat?post=15540"},{"taxonomy":"product_tag","embeddable":true,"href":"https:\/\/pen.eu\/fr\/wp-json\/wp\/v2\/product_tag?post=15540"}],"curies":[{"name":"wp","href":"https:\/\/api.w.org\/{rel}","templated":true}]}}