{"id":15541,"date":"2025-07-29T08:50:44","date_gmt":"2025-07-29T06:50:44","guid":{"rendered":"https:\/\/v2.frank-pen.de\/?post_type=product&#038;p=15541"},"modified":"2025-09-22T15:54:45","modified_gmt":"2025-09-22T13:54:45","slug":"notizbuch-wren","status":"publish","type":"product","link":"https:\/\/pen.eu\/fr\/produit\/notizbuch-wren\/","title":{"rendered":"Carnet \u201cWren\u201d"},"content":{"rendered":"<p>Le carnet Wren au format A5 s\u00e9duit par son design durable et sa finition soign\u00e9e. Sa couverture rigide est compos\u00e9e \u00e0 31 % de cartons de lait recycl\u00e9s, offrant une surface l\u00e9g\u00e8rement textur\u00e9e au look naturel. \u00c0 l\u2019int\u00e9rieur, 80 feuilles (160 pages) de papier lisse couleur ivoire (70 g\/m\u00b2) provenant de sources g\u00e9r\u00e9es de mani\u00e8re responsable \u2013 parfait pour noter ses id\u00e9es, ses pens\u00e9es ou r\u00e9aliser des croquis. La reliure classique est compl\u00e9t\u00e9e par un \u00e9lastique assorti, fix\u00e9 \u00e0 l\u2019arri\u00e8re par un rivet argent\u00e9. Un ruban marque-page en satin assorti facilite le rep\u00e9rage \u2013 un compagnon \u00e9l\u00e9gant et respectueux de l\u2019environnement, id\u00e9al pour le quotidien, les \u00e9tudes ou le bureau.<\/p>","protected":false},"excerpt":{"rendered":"<p>Das Wren Notizbuch im A5-Format \u00fcberzeugt durch sein nachhaltiges Design und hochwertige Verarbeitung. Der feste Einband besteht zu 31\u202f% aus recycelten Milchkartons und verleiht dem Buch eine charakteristische, punktuell strukturierte Oberfl\u00e4che mit nat\u00fcrlichem Look. Im Inneren finden sich 80 Blatt (160 Seiten) glattes, elfenbeinfarbenes Papier (70\u202fg\/m\u00b2) aus verantwortungsvoller Forstwirtschaft \u2013 ideal zum Festhalten von Gedanken, [&hellip;]<\/p>\n","protected":false},"featured_media":15720,"comment_status":"open","ping_status":"closed","template":"","meta":[],"product_brand":[],"product_cat":[311],"product_tag":[723,829],"class_list":{"0":"post-15541","1":"product","2":"type-product","3":"status-publish","4":"has-post-thumbnail","6":"product_cat-notizbuecher","7":"product_tag-nzg","8":"product_tag-top-39","9":"pa_material-papier","10":"pa_material-recyceltes-milchkarton","11":"pa_werbeanbringung-digitaldruck","12":"pa_werbeanbringung-siebdruck","14":"first","15":"instock","16":"taxable","17":"shipping-taxable","18":"purchasable","19":"product-type-variable","20":"add-to-wishlist-after_add_to_cart"},"yoast_head":"<!-- This site is optimized with the Yoast SEO plugin v27.4 - https:\/\/yoast.com\/product\/yoast-seo-wordpress\/ -->\n<title>Notizbuch &quot;Wren&quot; - PEN.EU<\/title>\n<meta name=\"robots\" content=\"index, follow, max-snippet:-1, max-image-preview:large, max-video-preview:-1\" \/>\n<link rel=\"canonical\" href=\"https:\/\/pen.eu\/fr\/produit\/notizbuch-wren\/\" \/>\n<meta property=\"og:locale\" content=\"fr_FR\" \/>\n<meta property=\"og:type\" content=\"article\" \/>\n<meta property=\"og:title\" content=\"Notizbuch &quot;Wren&quot; - PEN.EU\" \/>\n<meta property=\"og:description\" content=\"Das Wren Notizbuch im A5-Format \u00fcberzeugt durch sein nachhaltiges Design und hochwertige Verarbeitung. Der feste Einband besteht zu 31\u202f% aus recycelten Milchkartons und verleiht dem Buch eine charakteristische, punktuell strukturierte Oberfl\u00e4che mit nat\u00fcrlichem Look. Im Inneren finden sich 80 Blatt (160 Seiten) glattes, elfenbeinfarbenes Papier (70\u202fg\/m\u00b2) aus verantwortungsvoller Forstwirtschaft \u2013 ideal zum Festhalten von Gedanken, [&hellip;]\" \/>\n<meta property=\"og:url\" content=\"https:\/\/pen.eu\/fr\/produit\/notizbuch-wren\/\" \/>\n<meta property=\"og:site_name\" content=\"PEN.EU\" \/>\n<meta property=\"article:modified_time\" content=\"2025-09-22T13:54:45+00:00\" \/>\n<meta property=\"og:image\" content=\"https:\/\/pen.eu\/wp-content\/uploads\/2025\/07\/NZG-blank-black.jpg\" \/>\n\t<meta property=\"og:image:width\" content=\"2000\" \/>\n\t<meta property=\"og:image:height\" content=\"2000\" \/>\n\t<meta property=\"og:image:type\" content=\"image\/jpeg\" \/>\n<meta name=\"twitter:card\" content=\"summary_large_image\" \/>\n<meta name=\"twitter:label1\" content=\"Dur\u00e9e de lecture estim\u00e9e\" \/>\n\t<meta name=\"twitter:data1\" content=\"1 minute\" \/>\n<script type=\"application\/ld+json\" class=\"yoast-schema-graph\">{\"@context\":\"https:\\\/\\\/schema.org\",\"@graph\":[{\"@type\":\"WebPage\",\"@id\":\"https:\\\/\\\/pen.eu\\\/produkt\\\/notizbuch-wren\\\/\",\"url\":\"https:\\\/\\\/pen.eu\\\/produkt\\\/notizbuch-wren\\\/\",\"name\":\"Notizbuch \\\"Wren\\\" - PEN.EU\",\"isPartOf\":{\"@id\":\"https:\\\/\\\/pen.eu\\\/#website\"},\"primaryImageOfPage\":{\"@id\":\"https:\\\/\\\/pen.eu\\\/produkt\\\/notizbuch-wren\\\/#primaryimage\"},\"image\":{\"@id\":\"https:\\\/\\\/pen.eu\\\/produkt\\\/notizbuch-wren\\\/#primaryimage\"},\"thumbnailUrl\":\"https:\\\/\\\/pen.eu\\\/wp-content\\\/uploads\\\/2025\\\/07\\\/NZG-blank-black.jpg\",\"datePublished\":\"2025-07-29T06:50:44+00:00\",\"dateModified\":\"2025-09-22T13:54:45+00:00\",\"breadcrumb\":{\"@id\":\"https:\\\/\\\/pen.eu\\\/produkt\\\/notizbuch-wren\\\/#breadcrumb\"},\"inLanguage\":\"fr-FR\",\"potentialAction\":[{\"@type\":\"ReadAction\",\"target\":[\"https:\\\/\\\/pen.eu\\\/produkt\\\/notizbuch-wren\\\/\"]}]},{\"@type\":\"ImageObject\",\"inLanguage\":\"fr-FR\",\"@id\":\"https:\\\/\\\/pen.eu\\\/produkt\\\/notizbuch-wren\\\/#primaryimage\",\"url\":\"https:\\\/\\\/pen.eu\\\/wp-content\\\/uploads\\\/2025\\\/07\\\/NZG-blank-black.jpg\",\"contentUrl\":\"https:\\\/\\\/pen.eu\\\/wp-content\\\/uploads\\\/2025\\\/07\\\/NZG-blank-black.jpg\",\"width\":2000,\"height\":2000,\"caption\":\"NZG-blank-black\"},{\"@type\":\"BreadcrumbList\",\"@id\":\"https:\\\/\\\/pen.eu\\\/produkt\\\/notizbuch-wren\\\/#breadcrumb\",\"itemListElement\":[{\"@type\":\"ListItem\",\"position\":1,\"name\":\"Home\",\"item\":\"https:\\\/\\\/pen.eu\\\/\"},{\"@type\":\"ListItem\",\"position\":2,\"name\":\"Shop\",\"item\":\"https:\\\/\\\/pen.eu\\\/ch\\\/shop\\\/\"},{\"@type\":\"ListItem\",\"position\":3,\"name\":\"Notizbuch &#8220;Wren&#8221;\"}]},{\"@type\":\"WebSite\",\"@id\":\"https:\\\/\\\/pen.eu\\\/#website\",\"url\":\"https:\\\/\\\/pen.eu\\\/\",\"name\":\"PEN.EU\",\"description\":\"Kugelschreiber bedrucken mit Logo | pen.eu\",\"potentialAction\":[{\"@type\":\"SearchAction\",\"target\":{\"@type\":\"EntryPoint\",\"urlTemplate\":\"https:\\\/\\\/pen.eu\\\/?s={search_term_string}\"},\"query-input\":{\"@type\":\"PropertyValueSpecification\",\"valueRequired\":true,\"valueName\":\"search_term_string\"}}],\"inLanguage\":\"fr-FR\"}]}<\/script>\n<!-- \/ Yoast SEO plugin. -->","yoast_head_json":{"title":"Notizbuch \"Wren\" - PEN.EU","robots":{"index":"index","follow":"follow","max-snippet":"max-snippet:-1","max-image-preview":"max-image-preview:large","max-video-preview":"max-video-preview:-1"},"canonical":"https:\/\/pen.eu\/fr\/produit\/notizbuch-wren\/","og_locale":"fr_FR","og_type":"article","og_title":"Notizbuch \"Wren\" - PEN.EU","og_description":"Das Wren Notizbuch im A5-Format \u00fcberzeugt durch sein nachhaltiges Design und hochwertige Verarbeitung. Der feste Einband besteht zu 31\u202f% aus recycelten Milchkartons und verleiht dem Buch eine charakteristische, punktuell strukturierte Oberfl\u00e4che mit nat\u00fcrlichem Look. Im Inneren finden sich 80 Blatt (160 Seiten) glattes, elfenbeinfarbenes Papier (70\u202fg\/m\u00b2) aus verantwortungsvoller Forstwirtschaft \u2013 ideal zum Festhalten von Gedanken, [&hellip;]","og_url":"https:\/\/pen.eu\/fr\/produit\/notizbuch-wren\/","og_site_name":"PEN.EU","article_modified_time":"2025-09-22T13:54:45+00:00","og_image":[{"width":2000,"height":2000,"url":"https:\/\/pen.eu\/wp-content\/uploads\/2025\/07\/NZG-blank-black.jpg","type":"image\/jpeg"}],"twitter_card":"summary_large_image","twitter_misc":{"Dur\u00e9e de lecture estim\u00e9e":"1 minute"},"schema":{"@context":"https:\/\/schema.org","@graph":[{"@type":"WebPage","@id":"https:\/\/pen.eu\/produkt\/notizbuch-wren\/","url":"https:\/\/pen.eu\/produkt\/notizbuch-wren\/","name":"Notizbuch \"Wren\" - PEN.EU","isPartOf":{"@id":"https:\/\/pen.eu\/#website"},"primaryImageOfPage":{"@id":"https:\/\/pen.eu\/produkt\/notizbuch-wren\/#primaryimage"},"image":{"@id":"https:\/\/pen.eu\/produkt\/notizbuch-wren\/#primaryimage"},"thumbnailUrl":"https:\/\/pen.eu\/wp-content\/uploads\/2025\/07\/NZG-blank-black.jpg","datePublished":"2025-07-29T06:50:44+00:00","dateModified":"2025-09-22T13:54:45+00:00","breadcrumb":{"@id":"https:\/\/pen.eu\/produkt\/notizbuch-wren\/#breadcrumb"},"inLanguage":"fr-FR","potentialAction":[{"@type":"ReadAction","target":["https:\/\/pen.eu\/produkt\/notizbuch-wren\/"]}]},{"@type":"ImageObject","inLanguage":"fr-FR","@id":"https:\/\/pen.eu\/produkt\/notizbuch-wren\/#primaryimage","url":"https:\/\/pen.eu\/wp-content\/uploads\/2025\/07\/NZG-blank-black.jpg","contentUrl":"https:\/\/pen.eu\/wp-content\/uploads\/2025\/07\/NZG-blank-black.jpg","width":2000,"height":2000,"caption":"NZG-blank-black"},{"@type":"BreadcrumbList","@id":"https:\/\/pen.eu\/produkt\/notizbuch-wren\/#breadcrumb","itemListElement":[{"@type":"ListItem","position":1,"name":"Home","item":"https:\/\/pen.eu\/"},{"@type":"ListItem","position":2,"name":"Shop","item":"https:\/\/pen.eu\/ch\/shop\/"},{"@type":"ListItem","position":3,"name":"Notizbuch &#8220;Wren&#8221;"}]},{"@type":"WebSite","@id":"https:\/\/pen.eu\/#website","url":"https:\/\/pen.eu\/","name":"PEN.EU","description":"Kugelschreiber bedrucken mit Logo | pen.eu","potentialAction":[{"@type":"SearchAction","target":{"@type":"EntryPoint","urlTemplate":"https:\/\/pen.eu\/?s={search_term_string}"},"query-input":{"@type":"PropertyValueSpecification","valueRequired":true,"valueName":"search_term_string"}}],"inLanguage":"fr-FR"}]}},"_links":{"self":[{"href":"https:\/\/pen.eu\/fr\/wp-json\/wp\/v2\/product\/15541","targetHints":{"allow":["GET"]}}],"collection":[{"href":"https:\/\/pen.eu\/fr\/wp-json\/wp\/v2\/product"}],"about":[{"href":"https:\/\/pen.eu\/fr\/wp-json\/wp\/v2\/types\/product"}],"replies":[{"embeddable":true,"href":"https:\/\/pen.eu\/fr\/wp-json\/wp\/v2\/comments?post=15541"}],"wp:featuredmedia":[{"embeddable":true,"href":"https:\/\/pen.eu\/fr\/wp-json\/wp\/v2\/media\/15720"}],"wp:attachment":[{"href":"https:\/\/pen.eu\/fr\/wp-json\/wp\/v2\/media?parent=15541"}],"wp:term":[{"taxonomy":"product_brand","embeddable":true,"href":"https:\/\/pen.eu\/fr\/wp-json\/wp\/v2\/product_brand?post=15541"},{"taxonomy":"product_cat","embeddable":true,"href":"https:\/\/pen.eu\/fr\/wp-json\/wp\/v2\/product_cat?post=15541"},{"taxonomy":"product_tag","embeddable":true,"href":"https:\/\/pen.eu\/fr\/wp-json\/wp\/v2\/product_tag?post=15541"}],"curies":[{"name":"wp","href":"https:\/\/api.w.org\/{rel}","templated":true}]}}