{"id":15542,"date":"2025-07-29T08:50:45","date_gmt":"2025-07-29T06:50:45","guid":{"rendered":"https:\/\/v2.frank-pen.de\/?post_type=product&#038;p=15542"},"modified":"2025-09-22T15:54:45","modified_gmt":"2025-09-22T13:54:45","slug":"notizbuch-organizer","status":"publish","type":"product","link":"https:\/\/pen.eu\/fr\/produit\/notizbuch-organizer\/","title":{"rendered":"Carnet \"Organizer\""},"content":{"rendered":"<p>Le carnet Organiser A5 associe mat\u00e9riaux durables et design fonctionnel pour un usage mobile au quotidien. La couverture est r\u00e9alis\u00e9e en tissu Repreve\u00ae 300D robuste, avec un dos en carton rigide. Son design se distingue par une sangle en chevrons de 25 mm \u00e0 l\u2019avant et \u00e0 l\u2019arri\u00e8re, ainsi que par des coutures contrast\u00e9es \u2013 noires \u00e0 l\u2019ext\u00e9rieur et bleu marine \u00e0 l\u2019int\u00e9rieur. \u00c0 gauche, en tissu Repreve\u00ae 210D bleu marine, se trouvent un \u00e9lastique noir de 40 mm orn\u00e9 d\u2019un motif cellulaire \u2013 id\u00e9al pour maintenir un smartphone \u2013 et une poche en maille pour \u00e9couteurs ou c\u00e2bles. \u00c0 droite, une boucle porte-stylo int\u00e9gr\u00e9e garde votre stylo toujours \u00e0 port\u00e9e de main. Le carnet amovible contient 100 feuilles (200 pages) lign\u00e9es en papier ivoire (80 g\/m\u00b2) pour un confort d\u2019\u00e9criture optimal. Un organiseur durable et astucieux \u2013 parfait pour les d\u00e9placements, le bureau ou les voyages.<\/p>","protected":false},"excerpt":{"rendered":"<p>Das Organiser Notizbuch im Format A5 vereint nachhaltige Materialien mit funktionalem Design f\u00fcr den mobilen Alltag. Der Umschlag besteht aus robustem Repreve\u00ae 300D-Gewebe, kombiniert mit einer stabilen Kartonunterlage. Das Design \u00fcberzeugt mit den 25\u202fmm breitem Fischgr\u00e4tengewebe auf Vorder- und R\u00fcckseite sowie kontrastierenden N\u00e4hten \u2013 schwarz au\u00dfen, marineblau innen. Im Inneren bietet die linke Seite aus [&hellip;]<\/p>\n","protected":false},"featured_media":15705,"comment_status":"open","ping_status":"closed","template":"","meta":[],"product_brand":[],"product_cat":[311],"product_tag":[808,722],"class_list":{"0":"post-15542","1":"product","2":"type-product","3":"status-publish","4":"has-post-thumbnail","6":"product_cat-notizbuecher","7":"product_tag-left-51","8":"product_tag-nxt","9":"pa_material-papier","10":"pa_material-repreve","11":"pa_werbeanbringung-digitaldruck","13":"first","14":"instock","15":"taxable","16":"shipping-taxable","17":"purchasable","18":"product-type-variable","19":"add-to-wishlist-after_add_to_cart"},"yoast_head":"<!-- This site is optimized with the Yoast SEO plugin v27.4 - https:\/\/yoast.com\/product\/yoast-seo-wordpress\/ -->\n<title>Notizbuch &quot;Organizer&quot; - PEN.EU<\/title>\n<meta name=\"robots\" content=\"index, follow, max-snippet:-1, max-image-preview:large, max-video-preview:-1\" \/>\n<link rel=\"canonical\" href=\"https:\/\/pen.eu\/fr\/produit\/notizbuch-organizer\/\" \/>\n<meta property=\"og:locale\" content=\"fr_FR\" \/>\n<meta property=\"og:type\" content=\"article\" \/>\n<meta property=\"og:title\" content=\"Notizbuch &quot;Organizer&quot; - PEN.EU\" \/>\n<meta property=\"og:description\" content=\"Das Organiser Notizbuch im Format A5 vereint nachhaltige Materialien mit funktionalem Design f\u00fcr den mobilen Alltag. Der Umschlag besteht aus robustem Repreve\u00ae 300D-Gewebe, kombiniert mit einer stabilen Kartonunterlage. Das Design \u00fcberzeugt mit den 25\u202fmm breitem Fischgr\u00e4tengewebe auf Vorder- und R\u00fcckseite sowie kontrastierenden N\u00e4hten \u2013 schwarz au\u00dfen, marineblau innen. Im Inneren bietet die linke Seite aus [&hellip;]\" \/>\n<meta property=\"og:url\" content=\"https:\/\/pen.eu\/fr\/produit\/notizbuch-organizer\/\" \/>\n<meta property=\"og:site_name\" content=\"PEN.EU\" \/>\n<meta property=\"article:modified_time\" content=\"2025-09-22T13:54:45+00:00\" \/>\n<meta property=\"og:image\" content=\"https:\/\/pen.eu\/wp-content\/uploads\/2025\/07\/NXT-blank-5-1024x1024.png\" \/>\n\t<meta property=\"og:image:width\" content=\"1024\" \/>\n\t<meta property=\"og:image:height\" content=\"1024\" \/>\n\t<meta property=\"og:image:type\" content=\"image\/png\" \/>\n<meta name=\"twitter:card\" content=\"summary_large_image\" \/>\n<meta name=\"twitter:label1\" content=\"Dur\u00e9e de lecture estim\u00e9e\" \/>\n\t<meta name=\"twitter:data1\" content=\"1 minute\" \/>\n<script type=\"application\/ld+json\" class=\"yoast-schema-graph\">{\"@context\":\"https:\\\/\\\/schema.org\",\"@graph\":[{\"@type\":\"WebPage\",\"@id\":\"https:\\\/\\\/pen.eu\\\/produkt\\\/notizbuch-organizer\\\/\",\"url\":\"https:\\\/\\\/pen.eu\\\/produkt\\\/notizbuch-organizer\\\/\",\"name\":\"Notizbuch \\\"Organizer\\\" - PEN.EU\",\"isPartOf\":{\"@id\":\"https:\\\/\\\/pen.eu\\\/#website\"},\"primaryImageOfPage\":{\"@id\":\"https:\\\/\\\/pen.eu\\\/produkt\\\/notizbuch-organizer\\\/#primaryimage\"},\"image\":{\"@id\":\"https:\\\/\\\/pen.eu\\\/produkt\\\/notizbuch-organizer\\\/#primaryimage\"},\"thumbnailUrl\":\"https:\\\/\\\/pen.eu\\\/wp-content\\\/uploads\\\/2025\\\/07\\\/NXT-blank-5.png\",\"datePublished\":\"2025-07-29T06:50:45+00:00\",\"dateModified\":\"2025-09-22T13:54:45+00:00\",\"breadcrumb\":{\"@id\":\"https:\\\/\\\/pen.eu\\\/produkt\\\/notizbuch-organizer\\\/#breadcrumb\"},\"inLanguage\":\"fr-FR\",\"potentialAction\":[{\"@type\":\"ReadAction\",\"target\":[\"https:\\\/\\\/pen.eu\\\/produkt\\\/notizbuch-organizer\\\/\"]}]},{\"@type\":\"ImageObject\",\"inLanguage\":\"fr-FR\",\"@id\":\"https:\\\/\\\/pen.eu\\\/produkt\\\/notizbuch-organizer\\\/#primaryimage\",\"url\":\"https:\\\/\\\/pen.eu\\\/wp-content\\\/uploads\\\/2025\\\/07\\\/NXT-blank-5.png\",\"contentUrl\":\"https:\\\/\\\/pen.eu\\\/wp-content\\\/uploads\\\/2025\\\/07\\\/NXT-blank-5.png\",\"width\":2000,\"height\":2000,\"caption\":\"NXT-blank\"},{\"@type\":\"BreadcrumbList\",\"@id\":\"https:\\\/\\\/pen.eu\\\/produkt\\\/notizbuch-organizer\\\/#breadcrumb\",\"itemListElement\":[{\"@type\":\"ListItem\",\"position\":1,\"name\":\"Home\",\"item\":\"https:\\\/\\\/pen.eu\\\/\"},{\"@type\":\"ListItem\",\"position\":2,\"name\":\"Shop\",\"item\":\"https:\\\/\\\/pen.eu\\\/ch\\\/shop\\\/\"},{\"@type\":\"ListItem\",\"position\":3,\"name\":\"Notizbuch &#8220;Organizer&#8221;\"}]},{\"@type\":\"WebSite\",\"@id\":\"https:\\\/\\\/pen.eu\\\/#website\",\"url\":\"https:\\\/\\\/pen.eu\\\/\",\"name\":\"PEN.EU\",\"description\":\"Kugelschreiber bedrucken mit Logo | pen.eu\",\"potentialAction\":[{\"@type\":\"SearchAction\",\"target\":{\"@type\":\"EntryPoint\",\"urlTemplate\":\"https:\\\/\\\/pen.eu\\\/?s={search_term_string}\"},\"query-input\":{\"@type\":\"PropertyValueSpecification\",\"valueRequired\":true,\"valueName\":\"search_term_string\"}}],\"inLanguage\":\"fr-FR\"}]}<\/script>\n<!-- \/ Yoast SEO plugin. -->","yoast_head_json":{"title":"Notizbuch \"Organizer\" - PEN.EU","robots":{"index":"index","follow":"follow","max-snippet":"max-snippet:-1","max-image-preview":"max-image-preview:large","max-video-preview":"max-video-preview:-1"},"canonical":"https:\/\/pen.eu\/fr\/produit\/notizbuch-organizer\/","og_locale":"fr_FR","og_type":"article","og_title":"Notizbuch \"Organizer\" - PEN.EU","og_description":"Das Organiser Notizbuch im Format A5 vereint nachhaltige Materialien mit funktionalem Design f\u00fcr den mobilen Alltag. Der Umschlag besteht aus robustem Repreve\u00ae 300D-Gewebe, kombiniert mit einer stabilen Kartonunterlage. Das Design \u00fcberzeugt mit den 25\u202fmm breitem Fischgr\u00e4tengewebe auf Vorder- und R\u00fcckseite sowie kontrastierenden N\u00e4hten \u2013 schwarz au\u00dfen, marineblau innen. Im Inneren bietet die linke Seite aus [&hellip;]","og_url":"https:\/\/pen.eu\/fr\/produit\/notizbuch-organizer\/","og_site_name":"PEN.EU","article_modified_time":"2025-09-22T13:54:45+00:00","og_image":[{"width":1024,"height":1024,"url":"https:\/\/pen.eu\/wp-content\/uploads\/2025\/07\/NXT-blank-5-1024x1024.png","type":"image\/png"}],"twitter_card":"summary_large_image","twitter_misc":{"Dur\u00e9e de lecture estim\u00e9e":"1 minute"},"schema":{"@context":"https:\/\/schema.org","@graph":[{"@type":"WebPage","@id":"https:\/\/pen.eu\/produkt\/notizbuch-organizer\/","url":"https:\/\/pen.eu\/produkt\/notizbuch-organizer\/","name":"Notizbuch \"Organizer\" - PEN.EU","isPartOf":{"@id":"https:\/\/pen.eu\/#website"},"primaryImageOfPage":{"@id":"https:\/\/pen.eu\/produkt\/notizbuch-organizer\/#primaryimage"},"image":{"@id":"https:\/\/pen.eu\/produkt\/notizbuch-organizer\/#primaryimage"},"thumbnailUrl":"https:\/\/pen.eu\/wp-content\/uploads\/2025\/07\/NXT-blank-5.png","datePublished":"2025-07-29T06:50:45+00:00","dateModified":"2025-09-22T13:54:45+00:00","breadcrumb":{"@id":"https:\/\/pen.eu\/produkt\/notizbuch-organizer\/#breadcrumb"},"inLanguage":"fr-FR","potentialAction":[{"@type":"ReadAction","target":["https:\/\/pen.eu\/produkt\/notizbuch-organizer\/"]}]},{"@type":"ImageObject","inLanguage":"fr-FR","@id":"https:\/\/pen.eu\/produkt\/notizbuch-organizer\/#primaryimage","url":"https:\/\/pen.eu\/wp-content\/uploads\/2025\/07\/NXT-blank-5.png","contentUrl":"https:\/\/pen.eu\/wp-content\/uploads\/2025\/07\/NXT-blank-5.png","width":2000,"height":2000,"caption":"NXT-blank"},{"@type":"BreadcrumbList","@id":"https:\/\/pen.eu\/produkt\/notizbuch-organizer\/#breadcrumb","itemListElement":[{"@type":"ListItem","position":1,"name":"Home","item":"https:\/\/pen.eu\/"},{"@type":"ListItem","position":2,"name":"Shop","item":"https:\/\/pen.eu\/ch\/shop\/"},{"@type":"ListItem","position":3,"name":"Notizbuch &#8220;Organizer&#8221;"}]},{"@type":"WebSite","@id":"https:\/\/pen.eu\/#website","url":"https:\/\/pen.eu\/","name":"PEN.EU","description":"Kugelschreiber bedrucken mit Logo | pen.eu","potentialAction":[{"@type":"SearchAction","target":{"@type":"EntryPoint","urlTemplate":"https:\/\/pen.eu\/?s={search_term_string}"},"query-input":{"@type":"PropertyValueSpecification","valueRequired":true,"valueName":"search_term_string"}}],"inLanguage":"fr-FR"}]}},"_links":{"self":[{"href":"https:\/\/pen.eu\/fr\/wp-json\/wp\/v2\/product\/15542","targetHints":{"allow":["GET"]}}],"collection":[{"href":"https:\/\/pen.eu\/fr\/wp-json\/wp\/v2\/product"}],"about":[{"href":"https:\/\/pen.eu\/fr\/wp-json\/wp\/v2\/types\/product"}],"replies":[{"embeddable":true,"href":"https:\/\/pen.eu\/fr\/wp-json\/wp\/v2\/comments?post=15542"}],"wp:featuredmedia":[{"embeddable":true,"href":"https:\/\/pen.eu\/fr\/wp-json\/wp\/v2\/media\/15705"}],"wp:attachment":[{"href":"https:\/\/pen.eu\/fr\/wp-json\/wp\/v2\/media?parent=15542"}],"wp:term":[{"taxonomy":"product_brand","embeddable":true,"href":"https:\/\/pen.eu\/fr\/wp-json\/wp\/v2\/product_brand?post=15542"},{"taxonomy":"product_cat","embeddable":true,"href":"https:\/\/pen.eu\/fr\/wp-json\/wp\/v2\/product_cat?post=15542"},{"taxonomy":"product_tag","embeddable":true,"href":"https:\/\/pen.eu\/fr\/wp-json\/wp\/v2\/product_tag?post=15542"}],"curies":[{"name":"wp","href":"https:\/\/api.w.org\/{rel}","templated":true}]}}