{"id":15560,"date":"2025-07-29T09:12:35","date_gmt":"2025-07-29T07:12:35","guid":{"rendered":"https:\/\/v2.frank-pen.de\/?post_type=product&#038;p=15560"},"modified":"2025-09-22T15:54:46","modified_gmt":"2025-09-22T13:54:46","slug":"notizbuch-tampa","status":"publish","type":"product","link":"https:\/\/pen.eu\/fr\/produit\/notizbuch-tampa\/","title":{"rendered":"Carnet \"Tampa\""},"content":{"rendered":"<p>Le carnet \u00e0 spirale Tampa au format A5, fabriqu\u00e9 \u00e0 partir de cartons de lait recycl\u00e9s, associe mat\u00e9riaux \u00e9cologiques et design pratique. Sa couverture, compos\u00e9e \u00e0 20 % de cartons de lait recycl\u00e9s, pr\u00e9sente une texture naturelle et ponctu\u00e9e qui lui conf\u00e8re un aspect et un toucher uniques. \u00c0 l\u2019int\u00e9rieur, 80 feuilles (160 pages) lign\u00e9es couleur ivoire (80 g\/m\u00b2) provenant de for\u00eats g\u00e9r\u00e9es de mani\u00e8re responsable. La reliure \u00e0 double spirale en acier argent\u00e9 permet de tourner facilement les pages et d\u2019ouvrir le carnet bien \u00e0 plat. Un \u00e9lastique assorti et une boucle porte-stylo int\u00e9gr\u00e9e compl\u00e8tent l\u2019ensemble \u2013 id\u00e9al pour un usage quotidien, les \u00e9tudes ou le bureau. Un compagnon durable pour ceux qui attachent de l\u2019importance au style et au respect de l\u2019environnement.<\/p>","protected":false},"excerpt":{"rendered":"<p>Das Tampa Spiralnotizbuch aus recyceltem Milchkarton im A5-Format vereint umweltfreundliche Materialien mit praktischem Design. Der Einband besteht zu 20\u202f% aus recycelten Milchkartons und zeichnet sich durch eine nat\u00fcrliche, punktuelle Struktur aus, die dem Notizbuch eine besondere Haptik und Optik verleiht. Im Inneren befinden sich 80 Blatt (160 Seiten) elfenbeinfarbenes, liniertes Papier mit 80\u202fg\/m\u00b2 St\u00e4rke, das [&hellip;]<\/p>\n","protected":false},"featured_media":15770,"comment_status":"open","ping_status":"closed","template":"","meta":[],"product_brand":[],"product_cat":[311],"product_tag":[786,728,818],"class_list":{"0":"post-15560","1":"product","2":"type-product","3":"status-publish","4":"has-post-thumbnail","6":"product_cat-notizbuecher","7":"product_tag-left-50","8":"product_tag-nzf","9":"product_tag-top-48","10":"pa_material-fsc-paper","11":"pa_material-recyceltes-milchkarton","12":"pa_werbeanbringung-digitaldruck","14":"first","15":"instock","16":"taxable","17":"shipping-taxable","18":"purchasable","19":"product-type-variable","20":"has-default-attributes","21":"add-to-wishlist-after_add_to_cart"},"yoast_head":"<!-- This site is optimized with the Yoast SEO plugin v27.4 - https:\/\/yoast.com\/product\/yoast-seo-wordpress\/ -->\n<title>Notizbuch &quot;Tampa&quot; - PEN.EU<\/title>\n<meta name=\"robots\" content=\"index, follow, max-snippet:-1, max-image-preview:large, max-video-preview:-1\" \/>\n<link rel=\"canonical\" href=\"https:\/\/pen.eu\/fr\/produit\/notizbuch-tampa\/\" \/>\n<meta property=\"og:locale\" content=\"fr_FR\" \/>\n<meta property=\"og:type\" content=\"article\" \/>\n<meta property=\"og:title\" content=\"Notizbuch &quot;Tampa&quot; - PEN.EU\" \/>\n<meta property=\"og:description\" content=\"Das Tampa Spiralnotizbuch aus recyceltem Milchkarton im A5-Format vereint umweltfreundliche Materialien mit praktischem Design. Der Einband besteht zu 20\u202f% aus recycelten Milchkartons und zeichnet sich durch eine nat\u00fcrliche, punktuelle Struktur aus, die dem Notizbuch eine besondere Haptik und Optik verleiht. Im Inneren befinden sich 80 Blatt (160 Seiten) elfenbeinfarbenes, liniertes Papier mit 80\u202fg\/m\u00b2 St\u00e4rke, das [&hellip;]\" \/>\n<meta property=\"og:url\" content=\"https:\/\/pen.eu\/fr\/produit\/notizbuch-tampa\/\" \/>\n<meta property=\"og:site_name\" content=\"PEN.EU\" \/>\n<meta property=\"article:modified_time\" content=\"2025-09-22T13:54:46+00:00\" \/>\n<meta property=\"og:image\" content=\"https:\/\/pen.eu\/wp-content\/uploads\/2025\/07\/NZF-blank-black-1024x1024.png\" \/>\n\t<meta property=\"og:image:width\" content=\"1024\" \/>\n\t<meta property=\"og:image:height\" content=\"1024\" \/>\n\t<meta property=\"og:image:type\" content=\"image\/png\" \/>\n<meta name=\"twitter:card\" content=\"summary_large_image\" \/>\n<meta name=\"twitter:label1\" content=\"Dur\u00e9e de lecture estim\u00e9e\" \/>\n\t<meta name=\"twitter:data1\" content=\"1 minute\" \/>\n<script type=\"application\/ld+json\" class=\"yoast-schema-graph\">{\"@context\":\"https:\\\/\\\/schema.org\",\"@graph\":[{\"@type\":\"WebPage\",\"@id\":\"https:\\\/\\\/pen.eu\\\/produkt\\\/notizbuch-tampa\\\/\",\"url\":\"https:\\\/\\\/pen.eu\\\/produkt\\\/notizbuch-tampa\\\/\",\"name\":\"Notizbuch \\\"Tampa\\\" - PEN.EU\",\"isPartOf\":{\"@id\":\"https:\\\/\\\/pen.eu\\\/#website\"},\"primaryImageOfPage\":{\"@id\":\"https:\\\/\\\/pen.eu\\\/produkt\\\/notizbuch-tampa\\\/#primaryimage\"},\"image\":{\"@id\":\"https:\\\/\\\/pen.eu\\\/produkt\\\/notizbuch-tampa\\\/#primaryimage\"},\"thumbnailUrl\":\"https:\\\/\\\/pen.eu\\\/wp-content\\\/uploads\\\/2025\\\/07\\\/NZF-blank-black.png\",\"datePublished\":\"2025-07-29T07:12:35+00:00\",\"dateModified\":\"2025-09-22T13:54:46+00:00\",\"breadcrumb\":{\"@id\":\"https:\\\/\\\/pen.eu\\\/produkt\\\/notizbuch-tampa\\\/#breadcrumb\"},\"inLanguage\":\"fr-FR\",\"potentialAction\":[{\"@type\":\"ReadAction\",\"target\":[\"https:\\\/\\\/pen.eu\\\/produkt\\\/notizbuch-tampa\\\/\"]}]},{\"@type\":\"ImageObject\",\"inLanguage\":\"fr-FR\",\"@id\":\"https:\\\/\\\/pen.eu\\\/produkt\\\/notizbuch-tampa\\\/#primaryimage\",\"url\":\"https:\\\/\\\/pen.eu\\\/wp-content\\\/uploads\\\/2025\\\/07\\\/NZF-blank-black.png\",\"contentUrl\":\"https:\\\/\\\/pen.eu\\\/wp-content\\\/uploads\\\/2025\\\/07\\\/NZF-blank-black.png\",\"width\":2000,\"height\":2000,\"caption\":\"NZF-blank-black\"},{\"@type\":\"BreadcrumbList\",\"@id\":\"https:\\\/\\\/pen.eu\\\/produkt\\\/notizbuch-tampa\\\/#breadcrumb\",\"itemListElement\":[{\"@type\":\"ListItem\",\"position\":1,\"name\":\"Home\",\"item\":\"https:\\\/\\\/pen.eu\\\/\"},{\"@type\":\"ListItem\",\"position\":2,\"name\":\"Shop\",\"item\":\"https:\\\/\\\/pen.eu\\\/ch\\\/shop\\\/\"},{\"@type\":\"ListItem\",\"position\":3,\"name\":\"Notizbuch &#8220;Tampa&#8221;\"}]},{\"@type\":\"WebSite\",\"@id\":\"https:\\\/\\\/pen.eu\\\/#website\",\"url\":\"https:\\\/\\\/pen.eu\\\/\",\"name\":\"PEN.EU\",\"description\":\"Kugelschreiber bedrucken mit Logo | pen.eu\",\"potentialAction\":[{\"@type\":\"SearchAction\",\"target\":{\"@type\":\"EntryPoint\",\"urlTemplate\":\"https:\\\/\\\/pen.eu\\\/?s={search_term_string}\"},\"query-input\":{\"@type\":\"PropertyValueSpecification\",\"valueRequired\":true,\"valueName\":\"search_term_string\"}}],\"inLanguage\":\"fr-FR\"}]}<\/script>\n<!-- \/ Yoast SEO plugin. -->","yoast_head_json":{"title":"Notizbuch \"Tampa\" - PEN.EU","robots":{"index":"index","follow":"follow","max-snippet":"max-snippet:-1","max-image-preview":"max-image-preview:large","max-video-preview":"max-video-preview:-1"},"canonical":"https:\/\/pen.eu\/fr\/produit\/notizbuch-tampa\/","og_locale":"fr_FR","og_type":"article","og_title":"Notizbuch \"Tampa\" - PEN.EU","og_description":"Das Tampa Spiralnotizbuch aus recyceltem Milchkarton im A5-Format vereint umweltfreundliche Materialien mit praktischem Design. Der Einband besteht zu 20\u202f% aus recycelten Milchkartons und zeichnet sich durch eine nat\u00fcrliche, punktuelle Struktur aus, die dem Notizbuch eine besondere Haptik und Optik verleiht. Im Inneren befinden sich 80 Blatt (160 Seiten) elfenbeinfarbenes, liniertes Papier mit 80\u202fg\/m\u00b2 St\u00e4rke, das [&hellip;]","og_url":"https:\/\/pen.eu\/fr\/produit\/notizbuch-tampa\/","og_site_name":"PEN.EU","article_modified_time":"2025-09-22T13:54:46+00:00","og_image":[{"width":1024,"height":1024,"url":"https:\/\/pen.eu\/wp-content\/uploads\/2025\/07\/NZF-blank-black-1024x1024.png","type":"image\/png"}],"twitter_card":"summary_large_image","twitter_misc":{"Dur\u00e9e de lecture estim\u00e9e":"1 minute"},"schema":{"@context":"https:\/\/schema.org","@graph":[{"@type":"WebPage","@id":"https:\/\/pen.eu\/produkt\/notizbuch-tampa\/","url":"https:\/\/pen.eu\/produkt\/notizbuch-tampa\/","name":"Notizbuch \"Tampa\" - PEN.EU","isPartOf":{"@id":"https:\/\/pen.eu\/#website"},"primaryImageOfPage":{"@id":"https:\/\/pen.eu\/produkt\/notizbuch-tampa\/#primaryimage"},"image":{"@id":"https:\/\/pen.eu\/produkt\/notizbuch-tampa\/#primaryimage"},"thumbnailUrl":"https:\/\/pen.eu\/wp-content\/uploads\/2025\/07\/NZF-blank-black.png","datePublished":"2025-07-29T07:12:35+00:00","dateModified":"2025-09-22T13:54:46+00:00","breadcrumb":{"@id":"https:\/\/pen.eu\/produkt\/notizbuch-tampa\/#breadcrumb"},"inLanguage":"fr-FR","potentialAction":[{"@type":"ReadAction","target":["https:\/\/pen.eu\/produkt\/notizbuch-tampa\/"]}]},{"@type":"ImageObject","inLanguage":"fr-FR","@id":"https:\/\/pen.eu\/produkt\/notizbuch-tampa\/#primaryimage","url":"https:\/\/pen.eu\/wp-content\/uploads\/2025\/07\/NZF-blank-black.png","contentUrl":"https:\/\/pen.eu\/wp-content\/uploads\/2025\/07\/NZF-blank-black.png","width":2000,"height":2000,"caption":"NZF-blank-black"},{"@type":"BreadcrumbList","@id":"https:\/\/pen.eu\/produkt\/notizbuch-tampa\/#breadcrumb","itemListElement":[{"@type":"ListItem","position":1,"name":"Home","item":"https:\/\/pen.eu\/"},{"@type":"ListItem","position":2,"name":"Shop","item":"https:\/\/pen.eu\/ch\/shop\/"},{"@type":"ListItem","position":3,"name":"Notizbuch &#8220;Tampa&#8221;"}]},{"@type":"WebSite","@id":"https:\/\/pen.eu\/#website","url":"https:\/\/pen.eu\/","name":"PEN.EU","description":"Kugelschreiber bedrucken mit Logo | pen.eu","potentialAction":[{"@type":"SearchAction","target":{"@type":"EntryPoint","urlTemplate":"https:\/\/pen.eu\/?s={search_term_string}"},"query-input":{"@type":"PropertyValueSpecification","valueRequired":true,"valueName":"search_term_string"}}],"inLanguage":"fr-FR"}]}},"_links":{"self":[{"href":"https:\/\/pen.eu\/fr\/wp-json\/wp\/v2\/product\/15560","targetHints":{"allow":["GET"]}}],"collection":[{"href":"https:\/\/pen.eu\/fr\/wp-json\/wp\/v2\/product"}],"about":[{"href":"https:\/\/pen.eu\/fr\/wp-json\/wp\/v2\/types\/product"}],"replies":[{"embeddable":true,"href":"https:\/\/pen.eu\/fr\/wp-json\/wp\/v2\/comments?post=15560"}],"wp:featuredmedia":[{"embeddable":true,"href":"https:\/\/pen.eu\/fr\/wp-json\/wp\/v2\/media\/15770"}],"wp:attachment":[{"href":"https:\/\/pen.eu\/fr\/wp-json\/wp\/v2\/media?parent=15560"}],"wp:term":[{"taxonomy":"product_brand","embeddable":true,"href":"https:\/\/pen.eu\/fr\/wp-json\/wp\/v2\/product_brand?post=15560"},{"taxonomy":"product_cat","embeddable":true,"href":"https:\/\/pen.eu\/fr\/wp-json\/wp\/v2\/product_cat?post=15560"},{"taxonomy":"product_tag","embeddable":true,"href":"https:\/\/pen.eu\/fr\/wp-json\/wp\/v2\/product_tag?post=15560"}],"curies":[{"name":"wp","href":"https:\/\/api.w.org\/{rel}","templated":true}]}}