{"id":15782,"date":"2025-07-30T07:22:23","date_gmt":"2025-07-30T05:22:23","guid":{"rendered":"https:\/\/v2.frank-pen.de\/?post_type=product&#038;p=15782"},"modified":"2025-12-15T08:06:43","modified_gmt":"2025-12-15T07:06:43","slug":"kugelschreiber-colorado","status":"publish","type":"product","link":"https:\/\/pen.eu\/fr\/produit\/kugelschreiber-colorado\/","title":{"rendered":"Kugelschreiber \u201cColorado\u201d"},"content":{"rendered":"<p>Dieser stilvolle Kugelschreiber Colorado \u00fcberzeugt durch seine satten, mineralischen Schaftfarben, die harmonisch mit dem farblich abgestimmten Stylus, ros\u00e9goldfarbenen Akzenten, Chromringen und einem rautenf\u00f6rmigen Griff kombiniert sind. Das Design strahlt moderne Eleganz aus und macht den Kugelschreiber zu einem echten Blickfang. Die samtige Soft-Touch-Oberfl\u00e4che sorgt f\u00fcr ein angenehmes Schreibgef\u00fchl und unterstreicht den hochwertigen Charakter des Stifts. F\u00fcr eine pers\u00f6nliche Note und langfristige Markenpr\u00e4senz l\u00e4sst sich der Schaft mit einer Lasergravur oder im mehrfarbigen Digitaldruck veredeln. Ob im B\u00fcro, bei Veranstaltungen oder als hochwertiges Werbegeschenk \u2013 dieser stylische Kugelschreiber mit Touch-Funktion bringt Ihre Marke wirkungsvoll zur Geltung.<\/p>","protected":false},"excerpt":{"rendered":"<p>Dieser stilvolle Kugelschreiber Colorado \u00fcberzeugt durch seine satten, mineralischen Schaftfarben, die harmonisch mit dem farblich abgestimmten Stylus, ros\u00e9goldfarbenen Akzenten, Chromringen und einem rautenf\u00f6rmigen Griff kombiniert sind. Das Design strahlt moderne Eleganz aus und macht den Kugelschreiber zu einem echten Blickfang. Die samtige Soft-Touch-Oberfl\u00e4che sorgt f\u00fcr ein angenehmes Schreibgef\u00fchl und unterstreicht den hochwertigen Charakter des Stifts. [&hellip;]<\/p>\n","protected":false},"featured_media":15815,"comment_status":"open","ping_status":"closed","template":"","meta":[],"product_brand":[],"product_cat":[309,247],"product_tag":[855,856,676,657],"class_list":{"0":"post-15782","1":"product","2":"type-product","3":"status-publish","4":"has-post-thumbnail","6":"product_cat-kugelschreiber-aus-metall","7":"product_cat-schreibgeraete","8":"product_tag-2303-fp-1023","9":"product_tag-diamond-mineral","10":"product_tag-mrr","11":"product_tag-shortpen","12":"pa_eigenschaft-rose-gold","13":"pa_eigenschaft-soft-touch","14":"pa_eigenschaft-stylus","15":"pa_farbe-anthrazit","16":"pa_farbe-dunkelblau","17":"pa_farbe-dunkelgruen","18":"pa_farbe-dunkellila","19":"pa_farbe-dunkelrot","20":"pa_farbe-gelb","21":"pa_farbe-gruen","22":"pa_farbe-hellblau","23":"pa_farbe-marine","24":"pa_farbe-orange","25":"pa_farbe-pink","26":"pa_farbe-rot","27":"pa_farbe-schwarz","28":"pa_farbe-weiss","29":"pa_material-gummibeschichtung","30":"pa_material-metall","31":"pa_mindestmenge-24","32":"pa_werbeanbringung-digitaldruck","33":"pa_werbeanbringung-lasergravur","35":"first","36":"instock","37":"taxable","38":"shipping-taxable","39":"purchasable","40":"product-type-variable","41":"add-to-wishlist-after_add_to_cart"},"yoast_head":"<!-- This site is optimized with the Yoast SEO plugin v27.2 - https:\/\/yoast.com\/product\/yoast-seo-wordpress\/ -->\n<title>Kugelschreiber \u201cColorado\u201d - PEN.EU<\/title>\n<meta name=\"robots\" content=\"index, follow, max-snippet:-1, max-image-preview:large, max-video-preview:-1\" \/>\n<link rel=\"canonical\" href=\"https:\/\/pen.eu\/fr\/produit\/kugelschreiber-colorado\/\" \/>\n<meta property=\"og:locale\" content=\"fr_FR\" \/>\n<meta property=\"og:type\" content=\"article\" \/>\n<meta property=\"og:title\" content=\"Kugelschreiber \u201cColorado\u201d - PEN.EU\" \/>\n<meta property=\"og:description\" content=\"Dieser stilvolle Kugelschreiber Colorado \u00fcberzeugt durch seine satten, mineralischen Schaftfarben, die harmonisch mit dem farblich abgestimmten Stylus, ros\u00e9goldfarbenen Akzenten, Chromringen und einem rautenf\u00f6rmigen Griff kombiniert sind. Das Design strahlt moderne Eleganz aus und macht den Kugelschreiber zu einem echten Blickfang. Die samtige Soft-Touch-Oberfl\u00e4che sorgt f\u00fcr ein angenehmes Schreibgef\u00fchl und unterstreicht den hochwertigen Charakter des Stifts. [&hellip;]\" \/>\n<meta property=\"og:url\" content=\"https:\/\/pen.eu\/fr\/produit\/kugelschreiber-colorado\/\" \/>\n<meta property=\"og:site_name\" content=\"PEN.EU\" \/>\n<meta property=\"article:modified_time\" content=\"2025-12-15T07:06:43+00:00\" \/>\n<meta property=\"og:image\" content=\"https:\/\/pen.eu\/wp-content\/uploads\/2025\/07\/MRR-C-ROSE-GOLD.jpg\" \/>\n\t<meta property=\"og:image:width\" content=\"1800\" \/>\n\t<meta property=\"og:image:height\" content=\"1800\" \/>\n\t<meta property=\"og:image:type\" content=\"image\/jpeg\" \/>\n<meta name=\"twitter:card\" content=\"summary_large_image\" \/>\n<meta name=\"twitter:label1\" content=\"Dur\u00e9e de lecture estim\u00e9e\" \/>\n\t<meta name=\"twitter:data1\" content=\"1 minute\" \/>\n<script type=\"application\/ld+json\" class=\"yoast-schema-graph\">{\"@context\":\"https:\/\/schema.org\",\"@graph\":[{\"@type\":\"WebPage\",\"@id\":\"https:\/\/pen.eu\/produkt\/kugelschreiber-colorado\/\",\"url\":\"https:\/\/pen.eu\/produkt\/kugelschreiber-colorado\/\",\"name\":\"Kugelschreiber \u201cColorado\u201d - PEN.EU\",\"isPartOf\":{\"@id\":\"https:\/\/pen.eu\/#website\"},\"primaryImageOfPage\":{\"@id\":\"https:\/\/pen.eu\/produkt\/kugelschreiber-colorado\/#primaryimage\"},\"image\":{\"@id\":\"https:\/\/pen.eu\/produkt\/kugelschreiber-colorado\/#primaryimage\"},\"thumbnailUrl\":\"https:\/\/pen.eu\/wp-content\/uploads\/2025\/07\/MRR-C-ROSE-GOLD.jpg\",\"datePublished\":\"2025-07-30T05:22:23+00:00\",\"dateModified\":\"2025-12-15T07:06:43+00:00\",\"breadcrumb\":{\"@id\":\"https:\/\/pen.eu\/produkt\/kugelschreiber-colorado\/#breadcrumb\"},\"inLanguage\":\"fr-FR\",\"potentialAction\":[{\"@type\":\"ReadAction\",\"target\":[\"https:\/\/pen.eu\/produkt\/kugelschreiber-colorado\/\"]}]},{\"@type\":\"ImageObject\",\"inLanguage\":\"fr-FR\",\"@id\":\"https:\/\/pen.eu\/produkt\/kugelschreiber-colorado\/#primaryimage\",\"url\":\"https:\/\/pen.eu\/wp-content\/uploads\/2025\/07\/MRR-C-ROSE-GOLD.jpg\",\"contentUrl\":\"https:\/\/pen.eu\/wp-content\/uploads\/2025\/07\/MRR-C-ROSE-GOLD.jpg\",\"width\":1800,\"height\":1800,\"caption\":\"MRR-C-ROSE GOLD\"},{\"@type\":\"BreadcrumbList\",\"@id\":\"https:\/\/pen.eu\/produkt\/kugelschreiber-colorado\/#breadcrumb\",\"itemListElement\":[{\"@type\":\"ListItem\",\"position\":1,\"name\":\"Home\",\"item\":\"https:\/\/pen.eu\/\"},{\"@type\":\"ListItem\",\"position\":2,\"name\":\"Shop\",\"item\":\"https:\/\/pen.eu\/ch\/shop\/\"},{\"@type\":\"ListItem\",\"position\":3,\"name\":\"Kugelschreiber \u201cColorado\u201d\"}]},{\"@type\":\"WebSite\",\"@id\":\"https:\/\/pen.eu\/#website\",\"url\":\"https:\/\/pen.eu\/\",\"name\":\"PEN.EU\",\"description\":\"Kugelschreiber bedrucken mit Logo | pen.eu\",\"potentialAction\":[{\"@type\":\"SearchAction\",\"target\":{\"@type\":\"EntryPoint\",\"urlTemplate\":\"https:\/\/pen.eu\/?s={search_term_string}\"},\"query-input\":{\"@type\":\"PropertyValueSpecification\",\"valueRequired\":true,\"valueName\":\"search_term_string\"}}],\"inLanguage\":\"fr-FR\"}]}<\/script>\n<!-- \/ Yoast SEO plugin. -->","yoast_head_json":{"title":"Kugelschreiber \u201cColorado\u201d - PEN.EU","robots":{"index":"index","follow":"follow","max-snippet":"max-snippet:-1","max-image-preview":"max-image-preview:large","max-video-preview":"max-video-preview:-1"},"canonical":"https:\/\/pen.eu\/fr\/produit\/kugelschreiber-colorado\/","og_locale":"fr_FR","og_type":"article","og_title":"Kugelschreiber \u201cColorado\u201d - PEN.EU","og_description":"Dieser stilvolle Kugelschreiber Colorado \u00fcberzeugt durch seine satten, mineralischen Schaftfarben, die harmonisch mit dem farblich abgestimmten Stylus, ros\u00e9goldfarbenen Akzenten, Chromringen und einem rautenf\u00f6rmigen Griff kombiniert sind. Das Design strahlt moderne Eleganz aus und macht den Kugelschreiber zu einem echten Blickfang. Die samtige Soft-Touch-Oberfl\u00e4che sorgt f\u00fcr ein angenehmes Schreibgef\u00fchl und unterstreicht den hochwertigen Charakter des Stifts. [&hellip;]","og_url":"https:\/\/pen.eu\/fr\/produit\/kugelschreiber-colorado\/","og_site_name":"PEN.EU","article_modified_time":"2025-12-15T07:06:43+00:00","og_image":[{"width":1800,"height":1800,"url":"https:\/\/pen.eu\/wp-content\/uploads\/2025\/07\/MRR-C-ROSE-GOLD.jpg","type":"image\/jpeg"}],"twitter_card":"summary_large_image","twitter_misc":{"Dur\u00e9e de lecture estim\u00e9e":"1 minute"},"schema":{"@context":"https:\/\/schema.org","@graph":[{"@type":"WebPage","@id":"https:\/\/pen.eu\/produkt\/kugelschreiber-colorado\/","url":"https:\/\/pen.eu\/produkt\/kugelschreiber-colorado\/","name":"Kugelschreiber \u201cColorado\u201d - PEN.EU","isPartOf":{"@id":"https:\/\/pen.eu\/#website"},"primaryImageOfPage":{"@id":"https:\/\/pen.eu\/produkt\/kugelschreiber-colorado\/#primaryimage"},"image":{"@id":"https:\/\/pen.eu\/produkt\/kugelschreiber-colorado\/#primaryimage"},"thumbnailUrl":"https:\/\/pen.eu\/wp-content\/uploads\/2025\/07\/MRR-C-ROSE-GOLD.jpg","datePublished":"2025-07-30T05:22:23+00:00","dateModified":"2025-12-15T07:06:43+00:00","breadcrumb":{"@id":"https:\/\/pen.eu\/produkt\/kugelschreiber-colorado\/#breadcrumb"},"inLanguage":"fr-FR","potentialAction":[{"@type":"ReadAction","target":["https:\/\/pen.eu\/produkt\/kugelschreiber-colorado\/"]}]},{"@type":"ImageObject","inLanguage":"fr-FR","@id":"https:\/\/pen.eu\/produkt\/kugelschreiber-colorado\/#primaryimage","url":"https:\/\/pen.eu\/wp-content\/uploads\/2025\/07\/MRR-C-ROSE-GOLD.jpg","contentUrl":"https:\/\/pen.eu\/wp-content\/uploads\/2025\/07\/MRR-C-ROSE-GOLD.jpg","width":1800,"height":1800,"caption":"MRR-C-ROSE GOLD"},{"@type":"BreadcrumbList","@id":"https:\/\/pen.eu\/produkt\/kugelschreiber-colorado\/#breadcrumb","itemListElement":[{"@type":"ListItem","position":1,"name":"Home","item":"https:\/\/pen.eu\/"},{"@type":"ListItem","position":2,"name":"Shop","item":"https:\/\/pen.eu\/ch\/shop\/"},{"@type":"ListItem","position":3,"name":"Kugelschreiber \u201cColorado\u201d"}]},{"@type":"WebSite","@id":"https:\/\/pen.eu\/#website","url":"https:\/\/pen.eu\/","name":"PEN.EU","description":"Kugelschreiber bedrucken mit Logo | pen.eu","potentialAction":[{"@type":"SearchAction","target":{"@type":"EntryPoint","urlTemplate":"https:\/\/pen.eu\/?s={search_term_string}"},"query-input":{"@type":"PropertyValueSpecification","valueRequired":true,"valueName":"search_term_string"}}],"inLanguage":"fr-FR"}]}},"_links":{"self":[{"href":"https:\/\/pen.eu\/fr\/wp-json\/wp\/v2\/product\/15782","targetHints":{"allow":["GET"]}}],"collection":[{"href":"https:\/\/pen.eu\/fr\/wp-json\/wp\/v2\/product"}],"about":[{"href":"https:\/\/pen.eu\/fr\/wp-json\/wp\/v2\/types\/product"}],"replies":[{"embeddable":true,"href":"https:\/\/pen.eu\/fr\/wp-json\/wp\/v2\/comments?post=15782"}],"wp:featuredmedia":[{"embeddable":true,"href":"https:\/\/pen.eu\/fr\/wp-json\/wp\/v2\/media\/15815"}],"wp:attachment":[{"href":"https:\/\/pen.eu\/fr\/wp-json\/wp\/v2\/media?parent=15782"}],"wp:term":[{"taxonomy":"product_brand","embeddable":true,"href":"https:\/\/pen.eu\/fr\/wp-json\/wp\/v2\/product_brand?post=15782"},{"taxonomy":"product_cat","embeddable":true,"href":"https:\/\/pen.eu\/fr\/wp-json\/wp\/v2\/product_cat?post=15782"},{"taxonomy":"product_tag","embeddable":true,"href":"https:\/\/pen.eu\/fr\/wp-json\/wp\/v2\/product_tag?post=15782"}],"curies":[{"name":"wp","href":"https:\/\/api.w.org\/{rel}","templated":true}]}}