{"id":15803,"date":"2025-07-30T07:52:01","date_gmt":"2025-07-30T05:52:01","guid":{"rendered":"https:\/\/v2.frank-pen.de\/?post_type=product&#038;p=15803"},"modified":"2025-09-29T15:19:58","modified_gmt":"2025-09-29T13:19:58","slug":"kugelschreiber-bamboo","status":"publish","type":"product","link":"https:\/\/pen.eu\/fr\/produit\/kugelschreiber-bamboo\/","title":{"rendered":"Kugelschreiber &#8220;Bamboo&#8221;"},"content":{"rendered":"<p>Der &#8220;Bamboo&#8221; Kugelschreiber mit Stylus ist eine harmonische Verschmelzung von Leichtgewicht und Design. Gefertigt aus einer perfekten Kombination von Aluminium und Bambus aus verantwortungsvoller Forstwirtschaft. Der Stift verf\u00fcgt \u00fcber einen Bambusgriff, der mit Punkten verziert ist und so f\u00fcr zus\u00e4tzlichen Komfort und Kontrolle sorgt. Die Zierteile, darunter der Dr\u00fccker und die Spitze aus Rotguss, erg\u00e4nzen das Gesamtdesign und verleihen ihm einen modernen Touch. Der Kolben ist mit einem farbigen Gummistift versehen, w\u00e4hrend der Edelstahlclip elegant aus Rotguss ist und der Schaft mit einer nicht spiegelnden, gummibeschichteten Oberfl\u00e4che f\u00fcr ein angenehmes und taktiles Gef\u00fchl versehen ist.<\/p>","protected":false},"excerpt":{"rendered":"<p>Der &#8220;Bamboo&#8221; Kugelschreiber mit Stylus ist eine harmonische Verschmelzung von Leichtgewicht und Design. Gefertigt aus einer perfekten Kombination von Aluminium und Bambus aus verantwortungsvoller Forstwirtschaft. Der Stift verf\u00fcgt \u00fcber einen Bambusgriff, der mit Punkten verziert ist und so f\u00fcr zus\u00e4tzlichen Komfort und Kontrolle sorgt. Die Zierteile, darunter der Dr\u00fccker und die Spitze aus Rotguss, erg\u00e4nzen [&hellip;]<\/p>\n","protected":false},"featured_media":15884,"comment_status":"open","ping_status":"closed","template":"","meta":[],"product_brand":[],"product_cat":[309,247],"product_tag":[790,789,734,657,781],"class_list":{"0":"post-15803","1":"product","2":"type-product","3":"status-publish","4":"has-post-thumbnail","6":"product_cat-kugelschreiber-aus-metall","7":"product_cat-schreibgeraete","8":"product_tag-left-65","9":"product_tag-mt-43","10":"product_tag-mzg","11":"product_tag-shortpen","12":"product_tag-top-49","13":"pa_eigenschaft-dokumentenecht","14":"pa_eigenschaft-eco-friendly","15":"pa_eigenschaft-soft-touch","16":"pa_eigenschaft-stylus","17":"pa_farbe-anthrazit","18":"pa_farbe-dunkelblau","19":"pa_farbe-dunkelgruen","20":"pa_farbe-dunkellila","21":"pa_farbe-dunkelrot","22":"pa_farbe-gelb","23":"pa_farbe-gruen","24":"pa_farbe-hellblau","25":"pa_farbe-marine","26":"pa_farbe-orange","27":"pa_farbe-pink","28":"pa_farbe-rot","29":"pa_farbe-schwarz","30":"pa_farbe-weiss","31":"pa_material-aluminium","32":"pa_material-bambus","33":"pa_mindestmenge-24","34":"pa_werbeanbringung-digitaldruck","35":"pa_werbeanbringung-lasergravur","37":"first","38":"instock","39":"taxable","40":"shipping-taxable","41":"purchasable","42":"product-type-variable","43":"add-to-wishlist-after_add_to_cart"},"yoast_head":"<!-- This site is optimized with the Yoast SEO plugin v27.4 - https:\/\/yoast.com\/product\/yoast-seo-wordpress\/ -->\n<title>Kugelschreiber &quot;Bamboo&quot; - PEN.EU<\/title>\n<meta name=\"robots\" content=\"index, follow, max-snippet:-1, max-image-preview:large, max-video-preview:-1\" \/>\n<link rel=\"canonical\" href=\"https:\/\/pen.eu\/fr\/produit\/kugelschreiber-bamboo\/\" \/>\n<meta property=\"og:locale\" content=\"fr_FR\" \/>\n<meta property=\"og:type\" content=\"article\" \/>\n<meta property=\"og:title\" content=\"Kugelschreiber &quot;Bamboo&quot; - PEN.EU\" \/>\n<meta property=\"og:description\" content=\"Der &#8220;Bamboo&#8221; Kugelschreiber mit Stylus ist eine harmonische Verschmelzung von Leichtgewicht und Design. Gefertigt aus einer perfekten Kombination von Aluminium und Bambus aus verantwortungsvoller Forstwirtschaft. Der Stift verf\u00fcgt \u00fcber einen Bambusgriff, der mit Punkten verziert ist und so f\u00fcr zus\u00e4tzlichen Komfort und Kontrolle sorgt. Die Zierteile, darunter der Dr\u00fccker und die Spitze aus Rotguss, erg\u00e4nzen [&hellip;]\" \/>\n<meta property=\"og:url\" content=\"https:\/\/pen.eu\/fr\/produit\/kugelschreiber-bamboo\/\" \/>\n<meta property=\"og:site_name\" content=\"PEN.EU\" \/>\n<meta property=\"article:modified_time\" content=\"2025-09-29T13:19:58+00:00\" \/>\n<meta property=\"og:image\" content=\"https:\/\/pen.eu\/wp-content\/uploads\/2025\/07\/MZG_Warm-Grey_L-6b625b.jpg\" \/>\n\t<meta property=\"og:image:width\" content=\"2000\" \/>\n\t<meta property=\"og:image:height\" content=\"2000\" \/>\n\t<meta property=\"og:image:type\" content=\"image\/jpeg\" \/>\n<meta name=\"twitter:card\" content=\"summary_large_image\" \/>\n<meta name=\"twitter:label1\" content=\"Dur\u00e9e de lecture estim\u00e9e\" \/>\n\t<meta name=\"twitter:data1\" content=\"1 minute\" \/>\n<script type=\"application\/ld+json\" class=\"yoast-schema-graph\">{\"@context\":\"https:\\\/\\\/schema.org\",\"@graph\":[{\"@type\":\"WebPage\",\"@id\":\"https:\\\/\\\/pen.eu\\\/produkt\\\/kugelschreiber-bamboo\\\/\",\"url\":\"https:\\\/\\\/pen.eu\\\/produkt\\\/kugelschreiber-bamboo\\\/\",\"name\":\"Kugelschreiber \\\"Bamboo\\\" - PEN.EU\",\"isPartOf\":{\"@id\":\"https:\\\/\\\/pen.eu\\\/#website\"},\"primaryImageOfPage\":{\"@id\":\"https:\\\/\\\/pen.eu\\\/produkt\\\/kugelschreiber-bamboo\\\/#primaryimage\"},\"image\":{\"@id\":\"https:\\\/\\\/pen.eu\\\/produkt\\\/kugelschreiber-bamboo\\\/#primaryimage\"},\"thumbnailUrl\":\"https:\\\/\\\/pen.eu\\\/wp-content\\\/uploads\\\/2025\\\/07\\\/MZG_Warm-Grey_L-6b625b.jpg\",\"datePublished\":\"2025-07-30T05:52:01+00:00\",\"dateModified\":\"2025-09-29T13:19:58+00:00\",\"breadcrumb\":{\"@id\":\"https:\\\/\\\/pen.eu\\\/produkt\\\/kugelschreiber-bamboo\\\/#breadcrumb\"},\"inLanguage\":\"fr-FR\",\"potentialAction\":[{\"@type\":\"ReadAction\",\"target\":[\"https:\\\/\\\/pen.eu\\\/produkt\\\/kugelschreiber-bamboo\\\/\"]}]},{\"@type\":\"ImageObject\",\"inLanguage\":\"fr-FR\",\"@id\":\"https:\\\/\\\/pen.eu\\\/produkt\\\/kugelschreiber-bamboo\\\/#primaryimage\",\"url\":\"https:\\\/\\\/pen.eu\\\/wp-content\\\/uploads\\\/2025\\\/07\\\/MZG_Warm-Grey_L-6b625b.jpg\",\"contentUrl\":\"https:\\\/\\\/pen.eu\\\/wp-content\\\/uploads\\\/2025\\\/07\\\/MZG_Warm-Grey_L-6b625b.jpg\",\"width\":2000,\"height\":2000,\"caption\":\"MZG_Warm Grey\"},{\"@type\":\"BreadcrumbList\",\"@id\":\"https:\\\/\\\/pen.eu\\\/produkt\\\/kugelschreiber-bamboo\\\/#breadcrumb\",\"itemListElement\":[{\"@type\":\"ListItem\",\"position\":1,\"name\":\"Home\",\"item\":\"https:\\\/\\\/pen.eu\\\/\"},{\"@type\":\"ListItem\",\"position\":2,\"name\":\"Shop\",\"item\":\"https:\\\/\\\/pen.eu\\\/ch\\\/shop\\\/\"},{\"@type\":\"ListItem\",\"position\":3,\"name\":\"Kugelschreiber &#8220;Bamboo&#8221;\"}]},{\"@type\":\"WebSite\",\"@id\":\"https:\\\/\\\/pen.eu\\\/#website\",\"url\":\"https:\\\/\\\/pen.eu\\\/\",\"name\":\"PEN.EU\",\"description\":\"Kugelschreiber bedrucken mit Logo | pen.eu\",\"potentialAction\":[{\"@type\":\"SearchAction\",\"target\":{\"@type\":\"EntryPoint\",\"urlTemplate\":\"https:\\\/\\\/pen.eu\\\/?s={search_term_string}\"},\"query-input\":{\"@type\":\"PropertyValueSpecification\",\"valueRequired\":true,\"valueName\":\"search_term_string\"}}],\"inLanguage\":\"fr-FR\"}]}<\/script>\n<!-- \/ Yoast SEO plugin. -->","yoast_head_json":{"title":"Kugelschreiber \"Bamboo\" - PEN.EU","robots":{"index":"index","follow":"follow","max-snippet":"max-snippet:-1","max-image-preview":"max-image-preview:large","max-video-preview":"max-video-preview:-1"},"canonical":"https:\/\/pen.eu\/fr\/produit\/kugelschreiber-bamboo\/","og_locale":"fr_FR","og_type":"article","og_title":"Kugelschreiber \"Bamboo\" - PEN.EU","og_description":"Der &#8220;Bamboo&#8221; Kugelschreiber mit Stylus ist eine harmonische Verschmelzung von Leichtgewicht und Design. Gefertigt aus einer perfekten Kombination von Aluminium und Bambus aus verantwortungsvoller Forstwirtschaft. Der Stift verf\u00fcgt \u00fcber einen Bambusgriff, der mit Punkten verziert ist und so f\u00fcr zus\u00e4tzlichen Komfort und Kontrolle sorgt. Die Zierteile, darunter der Dr\u00fccker und die Spitze aus Rotguss, erg\u00e4nzen [&hellip;]","og_url":"https:\/\/pen.eu\/fr\/produit\/kugelschreiber-bamboo\/","og_site_name":"PEN.EU","article_modified_time":"2025-09-29T13:19:58+00:00","og_image":[{"width":2000,"height":2000,"url":"https:\/\/pen.eu\/wp-content\/uploads\/2025\/07\/MZG_Warm-Grey_L-6b625b.jpg","type":"image\/jpeg"}],"twitter_card":"summary_large_image","twitter_misc":{"Dur\u00e9e de lecture estim\u00e9e":"1 minute"},"schema":{"@context":"https:\/\/schema.org","@graph":[{"@type":"WebPage","@id":"https:\/\/pen.eu\/produkt\/kugelschreiber-bamboo\/","url":"https:\/\/pen.eu\/produkt\/kugelschreiber-bamboo\/","name":"Kugelschreiber \"Bamboo\" - PEN.EU","isPartOf":{"@id":"https:\/\/pen.eu\/#website"},"primaryImageOfPage":{"@id":"https:\/\/pen.eu\/produkt\/kugelschreiber-bamboo\/#primaryimage"},"image":{"@id":"https:\/\/pen.eu\/produkt\/kugelschreiber-bamboo\/#primaryimage"},"thumbnailUrl":"https:\/\/pen.eu\/wp-content\/uploads\/2025\/07\/MZG_Warm-Grey_L-6b625b.jpg","datePublished":"2025-07-30T05:52:01+00:00","dateModified":"2025-09-29T13:19:58+00:00","breadcrumb":{"@id":"https:\/\/pen.eu\/produkt\/kugelschreiber-bamboo\/#breadcrumb"},"inLanguage":"fr-FR","potentialAction":[{"@type":"ReadAction","target":["https:\/\/pen.eu\/produkt\/kugelschreiber-bamboo\/"]}]},{"@type":"ImageObject","inLanguage":"fr-FR","@id":"https:\/\/pen.eu\/produkt\/kugelschreiber-bamboo\/#primaryimage","url":"https:\/\/pen.eu\/wp-content\/uploads\/2025\/07\/MZG_Warm-Grey_L-6b625b.jpg","contentUrl":"https:\/\/pen.eu\/wp-content\/uploads\/2025\/07\/MZG_Warm-Grey_L-6b625b.jpg","width":2000,"height":2000,"caption":"MZG_Warm Grey"},{"@type":"BreadcrumbList","@id":"https:\/\/pen.eu\/produkt\/kugelschreiber-bamboo\/#breadcrumb","itemListElement":[{"@type":"ListItem","position":1,"name":"Home","item":"https:\/\/pen.eu\/"},{"@type":"ListItem","position":2,"name":"Shop","item":"https:\/\/pen.eu\/ch\/shop\/"},{"@type":"ListItem","position":3,"name":"Kugelschreiber &#8220;Bamboo&#8221;"}]},{"@type":"WebSite","@id":"https:\/\/pen.eu\/#website","url":"https:\/\/pen.eu\/","name":"PEN.EU","description":"Kugelschreiber bedrucken mit Logo | pen.eu","potentialAction":[{"@type":"SearchAction","target":{"@type":"EntryPoint","urlTemplate":"https:\/\/pen.eu\/?s={search_term_string}"},"query-input":{"@type":"PropertyValueSpecification","valueRequired":true,"valueName":"search_term_string"}}],"inLanguage":"fr-FR"}]}},"_links":{"self":[{"href":"https:\/\/pen.eu\/fr\/wp-json\/wp\/v2\/product\/15803","targetHints":{"allow":["GET"]}}],"collection":[{"href":"https:\/\/pen.eu\/fr\/wp-json\/wp\/v2\/product"}],"about":[{"href":"https:\/\/pen.eu\/fr\/wp-json\/wp\/v2\/types\/product"}],"replies":[{"embeddable":true,"href":"https:\/\/pen.eu\/fr\/wp-json\/wp\/v2\/comments?post=15803"}],"wp:featuredmedia":[{"embeddable":true,"href":"https:\/\/pen.eu\/fr\/wp-json\/wp\/v2\/media\/15884"}],"wp:attachment":[{"href":"https:\/\/pen.eu\/fr\/wp-json\/wp\/v2\/media?parent=15803"}],"wp:term":[{"taxonomy":"product_brand","embeddable":true,"href":"https:\/\/pen.eu\/fr\/wp-json\/wp\/v2\/product_brand?post=15803"},{"taxonomy":"product_cat","embeddable":true,"href":"https:\/\/pen.eu\/fr\/wp-json\/wp\/v2\/product_cat?post=15803"},{"taxonomy":"product_tag","embeddable":true,"href":"https:\/\/pen.eu\/fr\/wp-json\/wp\/v2\/product_tag?post=15803"}],"curies":[{"name":"wp","href":"https:\/\/api.w.org\/{rel}","templated":true}]}}