{"id":15805,"date":"2025-07-30T08:01:31","date_gmt":"2025-07-30T06:01:31","guid":{"rendered":"https:\/\/v2.frank-pen.de\/?post_type=product&#038;p=15805"},"modified":"2025-09-29T15:19:58","modified_gmt":"2025-09-29T13:19:58","slug":"kugelschreiber-inca","status":"publish","type":"product","link":"https:\/\/pen.eu\/fr\/produit\/kugelschreiber-inca\/","title":{"rendered":"Kugelschreiber &#8220;Inca&#8221;"},"content":{"rendered":"<p>Der Kugelschreiber &#8220;Inca&#8221; aus recyceltem Aluminium mit Stylus zeichnet sich durch einen Schaft aus 100 % recyceltem Aluminium aus, der mit einer satinierten Gummilackierung versehen ist und einen eleganten, modernen Look bietet. Der Schaft ist mit klarem PET-Kunststoff an der Oberseite und einem Bambus-Dr\u00fccker mit farblich passendem Stylus f\u00fcr zus\u00e4tzliche Funktionalit\u00e4t akzentuiert. Der Stahlclip ist in Gunmetal gehalten, um einen stilvollen Kontrast zu schaffen und auf der gegen\u00fcberliegenden Seite des Clips ist ein Symbol aus recyceltem Aluminium eingraviert. Dank der schlanken Kunststoffmine und der Dokumental-Tinte bietet der Kugelschreiber mit seiner 1,0 mm Spitze eine gleichm\u00e4\u00dfige, konsistente Schreibleistung von 900 m.<\/p>","protected":false},"excerpt":{"rendered":"<p>Der Kugelschreiber &#8220;Inca&#8221; aus recyceltem Aluminium mit Stylus zeichnet sich durch einen Schaft aus 100 % recyceltem Aluminium aus, der mit einer satinierten Gummilackierung versehen ist und einen eleganten, modernen Look bietet. Der Schaft ist mit klarem PET-Kunststoff an der Oberseite und einem Bambus-Dr\u00fccker mit farblich passendem Stylus f\u00fcr zus\u00e4tzliche Funktionalit\u00e4t akzentuiert. Der Stahlclip ist [&hellip;]<\/p>\n","protected":false},"featured_media":15894,"comment_status":"open","ping_status":"closed","template":"","meta":[],"product_brand":[],"product_cat":[309,247],"product_tag":[736,792,658,793,781],"class_list":{"0":"post-15805","1":"product","2":"type-product","3":"status-publish","4":"has-post-thumbnail","6":"product_cat-kugelschreiber-aus-metall","7":"product_cat-schreibgeraete","8":"product_tag-jat","9":"product_tag-left-49","10":"product_tag-longpen","11":"product_tag-mtop-40","12":"product_tag-top-49","13":"pa_eigenschaft-eco-friendly","14":"pa_eigenschaft-soft-touch","15":"pa_eigenschaft-stylus","16":"pa_farbe-anthrazit","17":"pa_farbe-dunkelblau","18":"pa_farbe-dunkelgruen","19":"pa_farbe-dunkellila","20":"pa_farbe-dunkelrot","21":"pa_farbe-gelb","22":"pa_farbe-gruen","23":"pa_farbe-hellblau","24":"pa_farbe-marine","25":"pa_farbe-orange","26":"pa_farbe-pink","27":"pa_farbe-rot","28":"pa_farbe-schwarz","29":"pa_farbe-weiss","30":"pa_material-aluminium","31":"pa_material-bambus","32":"pa_mindestmenge-24","33":"pa_werbeanbringung-digitaldruck","34":"pa_werbeanbringung-lasergravur","36":"first","37":"instock","38":"taxable","39":"shipping-taxable","40":"purchasable","41":"product-type-variable","42":"add-to-wishlist-after_add_to_cart"},"yoast_head":"<!-- This site is optimized with the Yoast SEO plugin v27.2 - https:\/\/yoast.com\/product\/yoast-seo-wordpress\/ -->\n<title>Kugelschreiber &quot;Inca&quot; - PEN.EU<\/title>\n<meta name=\"robots\" content=\"index, follow, max-snippet:-1, max-image-preview:large, max-video-preview:-1\" \/>\n<link rel=\"canonical\" href=\"https:\/\/pen.eu\/fr\/produit\/kugelschreiber-inca\/\" \/>\n<meta property=\"og:locale\" content=\"fr_FR\" \/>\n<meta property=\"og:type\" content=\"article\" \/>\n<meta property=\"og:title\" content=\"Kugelschreiber &quot;Inca&quot; - PEN.EU\" \/>\n<meta property=\"og:description\" content=\"Der Kugelschreiber &#8220;Inca&#8221; aus recyceltem Aluminium mit Stylus zeichnet sich durch einen Schaft aus 100 % recyceltem Aluminium aus, der mit einer satinierten Gummilackierung versehen ist und einen eleganten, modernen Look bietet. Der Schaft ist mit klarem PET-Kunststoff an der Oberseite und einem Bambus-Dr\u00fccker mit farblich passendem Stylus f\u00fcr zus\u00e4tzliche Funktionalit\u00e4t akzentuiert. Der Stahlclip ist [&hellip;]\" \/>\n<meta property=\"og:url\" content=\"https:\/\/pen.eu\/fr\/produit\/kugelschreiber-inca\/\" \/>\n<meta property=\"og:site_name\" content=\"PEN.EU\" \/>\n<meta property=\"article:modified_time\" content=\"2025-09-29T13:19:58+00:00\" \/>\n<meta property=\"og:image\" content=\"https:\/\/pen.eu\/wp-content\/uploads\/2025\/07\/JAT-blank-teal.png\" \/>\n\t<meta property=\"og:image:width\" content=\"2000\" \/>\n\t<meta property=\"og:image:height\" content=\"2000\" \/>\n\t<meta property=\"og:image:type\" content=\"image\/png\" \/>\n<meta name=\"twitter:card\" content=\"summary_large_image\" \/>\n<meta name=\"twitter:label1\" content=\"Dur\u00e9e de lecture estim\u00e9e\" \/>\n\t<meta name=\"twitter:data1\" content=\"1 minute\" \/>\n<script type=\"application\/ld+json\" class=\"yoast-schema-graph\">{\"@context\":\"https:\/\/schema.org\",\"@graph\":[{\"@type\":\"WebPage\",\"@id\":\"https:\/\/pen.eu\/produkt\/kugelschreiber-inca\/\",\"url\":\"https:\/\/pen.eu\/produkt\/kugelschreiber-inca\/\",\"name\":\"Kugelschreiber \\\"Inca\\\" - PEN.EU\",\"isPartOf\":{\"@id\":\"https:\/\/pen.eu\/#website\"},\"primaryImageOfPage\":{\"@id\":\"https:\/\/pen.eu\/produkt\/kugelschreiber-inca\/#primaryimage\"},\"image\":{\"@id\":\"https:\/\/pen.eu\/produkt\/kugelschreiber-inca\/#primaryimage\"},\"thumbnailUrl\":\"https:\/\/pen.eu\/wp-content\/uploads\/2025\/07\/JAT-blank-teal.png\",\"datePublished\":\"2025-07-30T06:01:31+00:00\",\"dateModified\":\"2025-09-29T13:19:58+00:00\",\"breadcrumb\":{\"@id\":\"https:\/\/pen.eu\/produkt\/kugelschreiber-inca\/#breadcrumb\"},\"inLanguage\":\"fr-FR\",\"potentialAction\":[{\"@type\":\"ReadAction\",\"target\":[\"https:\/\/pen.eu\/produkt\/kugelschreiber-inca\/\"]}]},{\"@type\":\"ImageObject\",\"inLanguage\":\"fr-FR\",\"@id\":\"https:\/\/pen.eu\/produkt\/kugelschreiber-inca\/#primaryimage\",\"url\":\"https:\/\/pen.eu\/wp-content\/uploads\/2025\/07\/JAT-blank-teal.png\",\"contentUrl\":\"https:\/\/pen.eu\/wp-content\/uploads\/2025\/07\/JAT-blank-teal.png\",\"width\":2000,\"height\":2000,\"caption\":\"JAT-blank-teal\"},{\"@type\":\"BreadcrumbList\",\"@id\":\"https:\/\/pen.eu\/produkt\/kugelschreiber-inca\/#breadcrumb\",\"itemListElement\":[{\"@type\":\"ListItem\",\"position\":1,\"name\":\"Home\",\"item\":\"https:\/\/pen.eu\/\"},{\"@type\":\"ListItem\",\"position\":2,\"name\":\"Shop\",\"item\":\"https:\/\/pen.eu\/ch\/shop\/\"},{\"@type\":\"ListItem\",\"position\":3,\"name\":\"Kugelschreiber &#8220;Inca&#8221;\"}]},{\"@type\":\"WebSite\",\"@id\":\"https:\/\/pen.eu\/#website\",\"url\":\"https:\/\/pen.eu\/\",\"name\":\"PEN.EU\",\"description\":\"Kugelschreiber bedrucken mit Logo | pen.eu\",\"potentialAction\":[{\"@type\":\"SearchAction\",\"target\":{\"@type\":\"EntryPoint\",\"urlTemplate\":\"https:\/\/pen.eu\/?s={search_term_string}\"},\"query-input\":{\"@type\":\"PropertyValueSpecification\",\"valueRequired\":true,\"valueName\":\"search_term_string\"}}],\"inLanguage\":\"fr-FR\"}]}<\/script>\n<!-- \/ Yoast SEO plugin. -->","yoast_head_json":{"title":"Kugelschreiber \"Inca\" - PEN.EU","robots":{"index":"index","follow":"follow","max-snippet":"max-snippet:-1","max-image-preview":"max-image-preview:large","max-video-preview":"max-video-preview:-1"},"canonical":"https:\/\/pen.eu\/fr\/produit\/kugelschreiber-inca\/","og_locale":"fr_FR","og_type":"article","og_title":"Kugelschreiber \"Inca\" - PEN.EU","og_description":"Der Kugelschreiber &#8220;Inca&#8221; aus recyceltem Aluminium mit Stylus zeichnet sich durch einen Schaft aus 100 % recyceltem Aluminium aus, der mit einer satinierten Gummilackierung versehen ist und einen eleganten, modernen Look bietet. Der Schaft ist mit klarem PET-Kunststoff an der Oberseite und einem Bambus-Dr\u00fccker mit farblich passendem Stylus f\u00fcr zus\u00e4tzliche Funktionalit\u00e4t akzentuiert. Der Stahlclip ist [&hellip;]","og_url":"https:\/\/pen.eu\/fr\/produit\/kugelschreiber-inca\/","og_site_name":"PEN.EU","article_modified_time":"2025-09-29T13:19:58+00:00","og_image":[{"width":2000,"height":2000,"url":"https:\/\/pen.eu\/wp-content\/uploads\/2025\/07\/JAT-blank-teal.png","type":"image\/png"}],"twitter_card":"summary_large_image","twitter_misc":{"Dur\u00e9e de lecture estim\u00e9e":"1 minute"},"schema":{"@context":"https:\/\/schema.org","@graph":[{"@type":"WebPage","@id":"https:\/\/pen.eu\/produkt\/kugelschreiber-inca\/","url":"https:\/\/pen.eu\/produkt\/kugelschreiber-inca\/","name":"Kugelschreiber \"Inca\" - PEN.EU","isPartOf":{"@id":"https:\/\/pen.eu\/#website"},"primaryImageOfPage":{"@id":"https:\/\/pen.eu\/produkt\/kugelschreiber-inca\/#primaryimage"},"image":{"@id":"https:\/\/pen.eu\/produkt\/kugelschreiber-inca\/#primaryimage"},"thumbnailUrl":"https:\/\/pen.eu\/wp-content\/uploads\/2025\/07\/JAT-blank-teal.png","datePublished":"2025-07-30T06:01:31+00:00","dateModified":"2025-09-29T13:19:58+00:00","breadcrumb":{"@id":"https:\/\/pen.eu\/produkt\/kugelschreiber-inca\/#breadcrumb"},"inLanguage":"fr-FR","potentialAction":[{"@type":"ReadAction","target":["https:\/\/pen.eu\/produkt\/kugelschreiber-inca\/"]}]},{"@type":"ImageObject","inLanguage":"fr-FR","@id":"https:\/\/pen.eu\/produkt\/kugelschreiber-inca\/#primaryimage","url":"https:\/\/pen.eu\/wp-content\/uploads\/2025\/07\/JAT-blank-teal.png","contentUrl":"https:\/\/pen.eu\/wp-content\/uploads\/2025\/07\/JAT-blank-teal.png","width":2000,"height":2000,"caption":"JAT-blank-teal"},{"@type":"BreadcrumbList","@id":"https:\/\/pen.eu\/produkt\/kugelschreiber-inca\/#breadcrumb","itemListElement":[{"@type":"ListItem","position":1,"name":"Home","item":"https:\/\/pen.eu\/"},{"@type":"ListItem","position":2,"name":"Shop","item":"https:\/\/pen.eu\/ch\/shop\/"},{"@type":"ListItem","position":3,"name":"Kugelschreiber &#8220;Inca&#8221;"}]},{"@type":"WebSite","@id":"https:\/\/pen.eu\/#website","url":"https:\/\/pen.eu\/","name":"PEN.EU","description":"Kugelschreiber bedrucken mit Logo | pen.eu","potentialAction":[{"@type":"SearchAction","target":{"@type":"EntryPoint","urlTemplate":"https:\/\/pen.eu\/?s={search_term_string}"},"query-input":{"@type":"PropertyValueSpecification","valueRequired":true,"valueName":"search_term_string"}}],"inLanguage":"fr-FR"}]}},"_links":{"self":[{"href":"https:\/\/pen.eu\/fr\/wp-json\/wp\/v2\/product\/15805","targetHints":{"allow":["GET"]}}],"collection":[{"href":"https:\/\/pen.eu\/fr\/wp-json\/wp\/v2\/product"}],"about":[{"href":"https:\/\/pen.eu\/fr\/wp-json\/wp\/v2\/types\/product"}],"replies":[{"embeddable":true,"href":"https:\/\/pen.eu\/fr\/wp-json\/wp\/v2\/comments?post=15805"}],"wp:featuredmedia":[{"embeddable":true,"href":"https:\/\/pen.eu\/fr\/wp-json\/wp\/v2\/media\/15894"}],"wp:attachment":[{"href":"https:\/\/pen.eu\/fr\/wp-json\/wp\/v2\/media?parent=15805"}],"wp:term":[{"taxonomy":"product_brand","embeddable":true,"href":"https:\/\/pen.eu\/fr\/wp-json\/wp\/v2\/product_brand?post=15805"},{"taxonomy":"product_cat","embeddable":true,"href":"https:\/\/pen.eu\/fr\/wp-json\/wp\/v2\/product_cat?post=15805"},{"taxonomy":"product_tag","embeddable":true,"href":"https:\/\/pen.eu\/fr\/wp-json\/wp\/v2\/product_tag?post=15805"}],"curies":[{"name":"wp","href":"https:\/\/api.w.org\/{rel}","templated":true}]}}