{"id":15806,"date":"2025-07-30T08:03:02","date_gmt":"2025-07-30T06:03:02","guid":{"rendered":"https:\/\/v2.frank-pen.de\/?post_type=product&#038;p=15806"},"modified":"2025-09-29T15:19:58","modified_gmt":"2025-09-29T13:19:58","slug":"kugelschreiber-compass","status":"publish","type":"product","link":"https:\/\/pen.eu\/fr\/produit\/kugelschreiber-compass\/","title":{"rendered":"Kugelschreiber &#8220;Compass&#8221;"},"content":{"rendered":"<p>Der Kugelschreiber &#8220;Compass&#8221; aus Aluminium mit Stylus vereint modernes Design, hohe Funktionalit\u00e4t und spielerisches Element in einem. Der Aluminiumschaft ist mit einer angenehm griffigen Soft-Touch-Gummibeschichtung versehen, die f\u00fcr komfortables Schreiben sorgt. Ein besonderes Highlight ist der integrierte Drehmechanismus am oberen Ende des Stifts, der per Daumendruck aktiviert wird \u2013 ideal f\u00fcr nerv\u00f6se Finger oder als kleine Konzentrationshilfe im Alltag. Das Spinnerelement aus strukturiertem ABS-Kunststoff im Chevron-Muster ist mit einer metallischen Lackierung versehen und verleiht dem Kugelschreiber eine dynamische, stilvolle Note. Elegante Chromakzente und ein schwarzer Stylus am Dr\u00fccker unterstreichen den modernen Look. Ausgestattet mit einer 1,0\u202fmm schlanken Dokumental-Tintenmine liefert der &#8220;Compass&#8221; pr\u00e4zise, gleichm\u00e4\u00dfige Linien und eine Schreibleistung von bis zu 500\u202fMetern. Ein innovativer Kugelschreiber, der in puncto Stil, Komfort und Unterhaltung \u00fcberzeugt.<\/p>","protected":false},"excerpt":{"rendered":"<p>Der Kugelschreiber &#8220;Compass&#8221; aus Aluminium mit Stylus vereint modernes Design, hohe Funktionalit\u00e4t und spielerisches Element in einem. Der Aluminiumschaft ist mit einer angenehm griffigen Soft-Touch-Gummibeschichtung versehen, die f\u00fcr komfortables Schreiben sorgt. Ein besonderes Highlight ist der integrierte Drehmechanismus am oberen Ende des Stifts, der per Daumendruck aktiviert wird \u2013 ideal f\u00fcr nerv\u00f6se Finger oder als [&hellip;]<\/p>\n","protected":false},"featured_media":15902,"comment_status":"open","ping_status":"closed","template":"","meta":[],"product_brand":[],"product_cat":[309,247],"product_tag":[737,786,658,788,781],"class_list":{"0":"post-15806","1":"product","2":"type-product","3":"status-publish","4":"has-post-thumbnail","6":"product_cat-kugelschreiber-aus-metall","7":"product_cat-schreibgeraete","8":"product_tag-jae","9":"product_tag-left-50","10":"product_tag-longpen","11":"product_tag-mtop-42","12":"product_tag-top-49","13":"pa_eigenschaft-anti-stress","14":"pa_eigenschaft-soft-touch","15":"pa_eigenschaft-stylus","16":"pa_farbe-anthrazit","17":"pa_farbe-dunkelblau","18":"pa_farbe-dunkelgruen","19":"pa_farbe-dunkellila","20":"pa_farbe-dunkelrot","21":"pa_farbe-gelb","22":"pa_farbe-gruen","23":"pa_farbe-hellblau","24":"pa_farbe-marine","25":"pa_farbe-orange","26":"pa_farbe-pink","27":"pa_farbe-rot","28":"pa_farbe-schwarz","29":"pa_farbe-weiss","30":"pa_material-aluminium","31":"pa_material-kunststoff","32":"pa_mindestmenge-24","33":"pa_werbeanbringung-digitaldruck","34":"pa_werbeanbringung-lasergravur","36":"first","37":"instock","38":"taxable","39":"shipping-taxable","40":"purchasable","41":"product-type-variable","42":"add-to-wishlist-after_add_to_cart"},"yoast_head":"<!-- This site is optimized with the Yoast SEO plugin v27.4 - https:\/\/yoast.com\/product\/yoast-seo-wordpress\/ -->\n<title>Kugelschreiber &quot;Compass&quot; - PEN.EU<\/title>\n<meta name=\"robots\" content=\"index, follow, max-snippet:-1, max-image-preview:large, max-video-preview:-1\" \/>\n<link rel=\"canonical\" href=\"https:\/\/pen.eu\/fr\/produit\/kugelschreiber-compass\/\" \/>\n<meta property=\"og:locale\" content=\"fr_FR\" \/>\n<meta property=\"og:type\" content=\"article\" \/>\n<meta property=\"og:title\" content=\"Kugelschreiber &quot;Compass&quot; - PEN.EU\" \/>\n<meta property=\"og:description\" content=\"Der Kugelschreiber &#8220;Compass&#8221; aus Aluminium mit Stylus vereint modernes Design, hohe Funktionalit\u00e4t und spielerisches Element in einem. Der Aluminiumschaft ist mit einer angenehm griffigen Soft-Touch-Gummibeschichtung versehen, die f\u00fcr komfortables Schreiben sorgt. Ein besonderes Highlight ist der integrierte Drehmechanismus am oberen Ende des Stifts, der per Daumendruck aktiviert wird \u2013 ideal f\u00fcr nerv\u00f6se Finger oder als [&hellip;]\" \/>\n<meta property=\"og:url\" content=\"https:\/\/pen.eu\/fr\/produit\/kugelschreiber-compass\/\" \/>\n<meta property=\"og:site_name\" content=\"PEN.EU\" \/>\n<meta property=\"article:modified_time\" content=\"2025-09-29T13:19:58+00:00\" \/>\n<meta property=\"og:image\" content=\"https:\/\/pen.eu\/wp-content\/uploads\/2025\/07\/JAE-blank-gunmetal.png\" \/>\n\t<meta property=\"og:image:width\" content=\"2000\" \/>\n\t<meta property=\"og:image:height\" content=\"2000\" \/>\n\t<meta property=\"og:image:type\" content=\"image\/png\" \/>\n<meta name=\"twitter:card\" content=\"summary_large_image\" \/>\n<meta name=\"twitter:label1\" content=\"Dur\u00e9e de lecture estim\u00e9e\" \/>\n\t<meta name=\"twitter:data1\" content=\"1 minute\" \/>\n<script type=\"application\/ld+json\" class=\"yoast-schema-graph\">{\"@context\":\"https:\\\/\\\/schema.org\",\"@graph\":[{\"@type\":\"WebPage\",\"@id\":\"https:\\\/\\\/pen.eu\\\/produkt\\\/kugelschreiber-compass\\\/\",\"url\":\"https:\\\/\\\/pen.eu\\\/produkt\\\/kugelschreiber-compass\\\/\",\"name\":\"Kugelschreiber \\\"Compass\\\" - PEN.EU\",\"isPartOf\":{\"@id\":\"https:\\\/\\\/pen.eu\\\/#website\"},\"primaryImageOfPage\":{\"@id\":\"https:\\\/\\\/pen.eu\\\/produkt\\\/kugelschreiber-compass\\\/#primaryimage\"},\"image\":{\"@id\":\"https:\\\/\\\/pen.eu\\\/produkt\\\/kugelschreiber-compass\\\/#primaryimage\"},\"thumbnailUrl\":\"https:\\\/\\\/pen.eu\\\/wp-content\\\/uploads\\\/2025\\\/07\\\/JAE-blank-gunmetal.png\",\"datePublished\":\"2025-07-30T06:03:02+00:00\",\"dateModified\":\"2025-09-29T13:19:58+00:00\",\"breadcrumb\":{\"@id\":\"https:\\\/\\\/pen.eu\\\/produkt\\\/kugelschreiber-compass\\\/#breadcrumb\"},\"inLanguage\":\"fr-FR\",\"potentialAction\":[{\"@type\":\"ReadAction\",\"target\":[\"https:\\\/\\\/pen.eu\\\/produkt\\\/kugelschreiber-compass\\\/\"]}]},{\"@type\":\"ImageObject\",\"inLanguage\":\"fr-FR\",\"@id\":\"https:\\\/\\\/pen.eu\\\/produkt\\\/kugelschreiber-compass\\\/#primaryimage\",\"url\":\"https:\\\/\\\/pen.eu\\\/wp-content\\\/uploads\\\/2025\\\/07\\\/JAE-blank-gunmetal.png\",\"contentUrl\":\"https:\\\/\\\/pen.eu\\\/wp-content\\\/uploads\\\/2025\\\/07\\\/JAE-blank-gunmetal.png\",\"width\":2000,\"height\":2000,\"caption\":\"JAE-blank-gunmetal\"},{\"@type\":\"BreadcrumbList\",\"@id\":\"https:\\\/\\\/pen.eu\\\/produkt\\\/kugelschreiber-compass\\\/#breadcrumb\",\"itemListElement\":[{\"@type\":\"ListItem\",\"position\":1,\"name\":\"Home\",\"item\":\"https:\\\/\\\/pen.eu\\\/\"},{\"@type\":\"ListItem\",\"position\":2,\"name\":\"Shop\",\"item\":\"https:\\\/\\\/pen.eu\\\/ch\\\/shop\\\/\"},{\"@type\":\"ListItem\",\"position\":3,\"name\":\"Kugelschreiber &#8220;Compass&#8221;\"}]},{\"@type\":\"WebSite\",\"@id\":\"https:\\\/\\\/pen.eu\\\/#website\",\"url\":\"https:\\\/\\\/pen.eu\\\/\",\"name\":\"PEN.EU\",\"description\":\"Kugelschreiber bedrucken mit Logo | pen.eu\",\"potentialAction\":[{\"@type\":\"SearchAction\",\"target\":{\"@type\":\"EntryPoint\",\"urlTemplate\":\"https:\\\/\\\/pen.eu\\\/?s={search_term_string}\"},\"query-input\":{\"@type\":\"PropertyValueSpecification\",\"valueRequired\":true,\"valueName\":\"search_term_string\"}}],\"inLanguage\":\"fr-FR\"}]}<\/script>\n<!-- \/ Yoast SEO plugin. -->","yoast_head_json":{"title":"Kugelschreiber \"Compass\" - PEN.EU","robots":{"index":"index","follow":"follow","max-snippet":"max-snippet:-1","max-image-preview":"max-image-preview:large","max-video-preview":"max-video-preview:-1"},"canonical":"https:\/\/pen.eu\/fr\/produit\/kugelschreiber-compass\/","og_locale":"fr_FR","og_type":"article","og_title":"Kugelschreiber \"Compass\" - PEN.EU","og_description":"Der Kugelschreiber &#8220;Compass&#8221; aus Aluminium mit Stylus vereint modernes Design, hohe Funktionalit\u00e4t und spielerisches Element in einem. Der Aluminiumschaft ist mit einer angenehm griffigen Soft-Touch-Gummibeschichtung versehen, die f\u00fcr komfortables Schreiben sorgt. Ein besonderes Highlight ist der integrierte Drehmechanismus am oberen Ende des Stifts, der per Daumendruck aktiviert wird \u2013 ideal f\u00fcr nerv\u00f6se Finger oder als [&hellip;]","og_url":"https:\/\/pen.eu\/fr\/produit\/kugelschreiber-compass\/","og_site_name":"PEN.EU","article_modified_time":"2025-09-29T13:19:58+00:00","og_image":[{"width":2000,"height":2000,"url":"https:\/\/pen.eu\/wp-content\/uploads\/2025\/07\/JAE-blank-gunmetal.png","type":"image\/png"}],"twitter_card":"summary_large_image","twitter_misc":{"Dur\u00e9e de lecture estim\u00e9e":"1 minute"},"schema":{"@context":"https:\/\/schema.org","@graph":[{"@type":"WebPage","@id":"https:\/\/pen.eu\/produkt\/kugelschreiber-compass\/","url":"https:\/\/pen.eu\/produkt\/kugelschreiber-compass\/","name":"Kugelschreiber \"Compass\" - PEN.EU","isPartOf":{"@id":"https:\/\/pen.eu\/#website"},"primaryImageOfPage":{"@id":"https:\/\/pen.eu\/produkt\/kugelschreiber-compass\/#primaryimage"},"image":{"@id":"https:\/\/pen.eu\/produkt\/kugelschreiber-compass\/#primaryimage"},"thumbnailUrl":"https:\/\/pen.eu\/wp-content\/uploads\/2025\/07\/JAE-blank-gunmetal.png","datePublished":"2025-07-30T06:03:02+00:00","dateModified":"2025-09-29T13:19:58+00:00","breadcrumb":{"@id":"https:\/\/pen.eu\/produkt\/kugelschreiber-compass\/#breadcrumb"},"inLanguage":"fr-FR","potentialAction":[{"@type":"ReadAction","target":["https:\/\/pen.eu\/produkt\/kugelschreiber-compass\/"]}]},{"@type":"ImageObject","inLanguage":"fr-FR","@id":"https:\/\/pen.eu\/produkt\/kugelschreiber-compass\/#primaryimage","url":"https:\/\/pen.eu\/wp-content\/uploads\/2025\/07\/JAE-blank-gunmetal.png","contentUrl":"https:\/\/pen.eu\/wp-content\/uploads\/2025\/07\/JAE-blank-gunmetal.png","width":2000,"height":2000,"caption":"JAE-blank-gunmetal"},{"@type":"BreadcrumbList","@id":"https:\/\/pen.eu\/produkt\/kugelschreiber-compass\/#breadcrumb","itemListElement":[{"@type":"ListItem","position":1,"name":"Home","item":"https:\/\/pen.eu\/"},{"@type":"ListItem","position":2,"name":"Shop","item":"https:\/\/pen.eu\/ch\/shop\/"},{"@type":"ListItem","position":3,"name":"Kugelschreiber &#8220;Compass&#8221;"}]},{"@type":"WebSite","@id":"https:\/\/pen.eu\/#website","url":"https:\/\/pen.eu\/","name":"PEN.EU","description":"Kugelschreiber bedrucken mit Logo | pen.eu","potentialAction":[{"@type":"SearchAction","target":{"@type":"EntryPoint","urlTemplate":"https:\/\/pen.eu\/?s={search_term_string}"},"query-input":{"@type":"PropertyValueSpecification","valueRequired":true,"valueName":"search_term_string"}}],"inLanguage":"fr-FR"}]}},"_links":{"self":[{"href":"https:\/\/pen.eu\/fr\/wp-json\/wp\/v2\/product\/15806","targetHints":{"allow":["GET"]}}],"collection":[{"href":"https:\/\/pen.eu\/fr\/wp-json\/wp\/v2\/product"}],"about":[{"href":"https:\/\/pen.eu\/fr\/wp-json\/wp\/v2\/types\/product"}],"replies":[{"embeddable":true,"href":"https:\/\/pen.eu\/fr\/wp-json\/wp\/v2\/comments?post=15806"}],"wp:featuredmedia":[{"embeddable":true,"href":"https:\/\/pen.eu\/fr\/wp-json\/wp\/v2\/media\/15902"}],"wp:attachment":[{"href":"https:\/\/pen.eu\/fr\/wp-json\/wp\/v2\/media?parent=15806"}],"wp:term":[{"taxonomy":"product_brand","embeddable":true,"href":"https:\/\/pen.eu\/fr\/wp-json\/wp\/v2\/product_brand?post=15806"},{"taxonomy":"product_cat","embeddable":true,"href":"https:\/\/pen.eu\/fr\/wp-json\/wp\/v2\/product_cat?post=15806"},{"taxonomy":"product_tag","embeddable":true,"href":"https:\/\/pen.eu\/fr\/wp-json\/wp\/v2\/product_tag?post=15806"}],"curies":[{"name":"wp","href":"https:\/\/api.w.org\/{rel}","templated":true}]}}