{"id":16635,"date":"2025-08-13T15:49:23","date_gmt":"2025-08-13T13:49:23","guid":{"rendered":"https:\/\/v2.frank-pen.de\/?post_type=product&#038;p=16635"},"modified":"2025-12-12T15:35:31","modified_gmt":"2025-12-12T14:35:31","slug":"kugelschreiber-bamsteel","status":"publish","type":"product","link":"https:\/\/pen.eu\/fr\/produit\/kugelschreiber-bamsteel\/","title":{"rendered":"Kugelschreiber &#8220;BamSteel&#8221;"},"content":{"rendered":"<p>Le stylo \u00e0 bille BamSteel, fabriqu\u00e9 en aluminium recycl\u00e9, allie un design \u00e9l\u00e9gant \u00e0 une fonctionnalit\u00e9 bien pens\u00e9e. Son corps en aluminium recycl\u00e9 est dot\u00e9 d\u2019un rev\u00eatement en caoutchouc doux offrant une sensation d\u2019\u00e9criture agr\u00e9able. Un anneau et un poussoir en bambou provenant de sources g\u00e9r\u00e9es de mani\u00e8re responsable apportent une touche naturelle et soulignent le look moderne du stylo. Le clip en laiton robuste permet une fixation s\u00fbre aux poches ou aux carnets. Gr\u00e2ce \u00e0 sa mine pr\u00e9cise de 1,0 mm et \u00e0 son encre Dokumental de haute qualit\u00e9, le BamSteel garantit une \u00e9criture fluide et r\u00e9guli\u00e8re \u2013 parfaite pour une utilisation quotidienne \u00e9l\u00e9gante et fiable.<\/p>","protected":false},"excerpt":{"rendered":"<p>Der BamSteel Kugelschreiber aus recyceltem Aluminium vereint elegantes Design mit durchdachter Funktionalit\u00e4t. Sein Schaft aus recyceltem Aluminium ist mit einer angenehm weichen Gummierung versehen, die f\u00fcr ein komfortables Schreibgef\u00fchl sorgt. Ein Bambusring und -kolben aus verantwortungsvoll bewirtschafteten Quellen setzen nat\u00fcrliche Akzente und unterstreichen den modernen Look des Stifts. Der robuste Rotgussclip erm\u00f6glicht eine sichere Befestigung [&hellip;]<\/p>\n","protected":false},"featured_media":16647,"comment_status":"open","ping_status":"closed","template":"","meta":[],"product_brand":[],"product_cat":[309,247],"product_tag":[658,735],"class_list":{"0":"post-16635","1":"product","2":"type-product","3":"status-publish","4":"has-post-thumbnail","6":"product_cat-kugelschreiber-aus-metall","7":"product_cat-schreibgeraete","8":"product_tag-longpen","9":"product_tag-mzr","10":"pa_eigenschaft-soft-touch","11":"pa_eigenschaft-stylus","12":"pa_farbe-anthrazit","13":"pa_farbe-dunkelrot","14":"pa_farbe-marine","15":"pa_farbe-schwarz","16":"pa_material-gummi","17":"pa_material-metall","18":"pa_mindestmenge-24","19":"pa_minenfarbe-blau","20":"pa_minenfarbe-schwarz","21":"pa_werbeanbringung-lasergravur","23":"first","24":"instock","25":"taxable","26":"shipping-taxable","27":"purchasable","28":"product-type-variable","29":"add-to-wishlist-after_add_to_cart"},"yoast_head":"<!-- This site is optimized with the Yoast SEO plugin v27.4 - https:\/\/yoast.com\/product\/yoast-seo-wordpress\/ -->\n<title>Kugelschreiber &quot;BamSteel&quot; - PEN.EU<\/title>\n<meta name=\"robots\" content=\"index, follow, max-snippet:-1, max-image-preview:large, max-video-preview:-1\" \/>\n<link rel=\"canonical\" href=\"https:\/\/pen.eu\/fr\/produit\/kugelschreiber-bamsteel\/\" \/>\n<meta property=\"og:locale\" content=\"fr_FR\" \/>\n<meta property=\"og:type\" content=\"article\" \/>\n<meta property=\"og:title\" content=\"Kugelschreiber &quot;BamSteel&quot; - PEN.EU\" \/>\n<meta property=\"og:description\" content=\"Der BamSteel Kugelschreiber aus recyceltem Aluminium vereint elegantes Design mit durchdachter Funktionalit\u00e4t. Sein Schaft aus recyceltem Aluminium ist mit einer angenehm weichen Gummierung versehen, die f\u00fcr ein komfortables Schreibgef\u00fchl sorgt. Ein Bambusring und -kolben aus verantwortungsvoll bewirtschafteten Quellen setzen nat\u00fcrliche Akzente und unterstreichen den modernen Look des Stifts. Der robuste Rotgussclip erm\u00f6glicht eine sichere Befestigung [&hellip;]\" \/>\n<meta property=\"og:url\" content=\"https:\/\/pen.eu\/fr\/produit\/kugelschreiber-bamsteel\/\" \/>\n<meta property=\"og:site_name\" content=\"PEN.EU\" \/>\n<meta property=\"article:modified_time\" content=\"2025-12-12T14:35:31+00:00\" \/>\n<meta property=\"og:image\" content=\"https:\/\/pen.eu\/wp-content\/uploads\/2025\/08\/MZR_Light-Blue-L-8ebac3.jpg\" \/>\n\t<meta property=\"og:image:width\" content=\"2000\" \/>\n\t<meta property=\"og:image:height\" content=\"2000\" \/>\n\t<meta property=\"og:image:type\" content=\"image\/jpeg\" \/>\n<meta name=\"twitter:card\" content=\"summary_large_image\" \/>\n<script type=\"application\/ld+json\" class=\"yoast-schema-graph\">{\"@context\":\"https:\\\/\\\/schema.org\",\"@graph\":[{\"@type\":\"WebPage\",\"@id\":\"https:\\\/\\\/pen.eu\\\/produkt\\\/kugelschreiber-bamsteel\\\/\",\"url\":\"https:\\\/\\\/pen.eu\\\/produkt\\\/kugelschreiber-bamsteel\\\/\",\"name\":\"Kugelschreiber \\\"BamSteel\\\" - PEN.EU\",\"isPartOf\":{\"@id\":\"https:\\\/\\\/pen.eu\\\/#website\"},\"primaryImageOfPage\":{\"@id\":\"https:\\\/\\\/pen.eu\\\/produkt\\\/kugelschreiber-bamsteel\\\/#primaryimage\"},\"image\":{\"@id\":\"https:\\\/\\\/pen.eu\\\/produkt\\\/kugelschreiber-bamsteel\\\/#primaryimage\"},\"thumbnailUrl\":\"https:\\\/\\\/pen.eu\\\/wp-content\\\/uploads\\\/2025\\\/08\\\/MZR_Light-Blue-L-8ebac3.jpg\",\"datePublished\":\"2025-08-13T13:49:23+00:00\",\"dateModified\":\"2025-12-12T14:35:31+00:00\",\"breadcrumb\":{\"@id\":\"https:\\\/\\\/pen.eu\\\/produkt\\\/kugelschreiber-bamsteel\\\/#breadcrumb\"},\"inLanguage\":\"fr-FR\",\"potentialAction\":[{\"@type\":\"ReadAction\",\"target\":[\"https:\\\/\\\/pen.eu\\\/produkt\\\/kugelschreiber-bamsteel\\\/\"]}]},{\"@type\":\"ImageObject\",\"inLanguage\":\"fr-FR\",\"@id\":\"https:\\\/\\\/pen.eu\\\/produkt\\\/kugelschreiber-bamsteel\\\/#primaryimage\",\"url\":\"https:\\\/\\\/pen.eu\\\/wp-content\\\/uploads\\\/2025\\\/08\\\/MZR_Light-Blue-L-8ebac3.jpg\",\"contentUrl\":\"https:\\\/\\\/pen.eu\\\/wp-content\\\/uploads\\\/2025\\\/08\\\/MZR_Light-Blue-L-8ebac3.jpg\",\"width\":2000,\"height\":2000,\"caption\":\"MZR_Light Blue-L\"},{\"@type\":\"BreadcrumbList\",\"@id\":\"https:\\\/\\\/pen.eu\\\/produkt\\\/kugelschreiber-bamsteel\\\/#breadcrumb\",\"itemListElement\":[{\"@type\":\"ListItem\",\"position\":1,\"name\":\"Home\",\"item\":\"https:\\\/\\\/pen.eu\\\/\"},{\"@type\":\"ListItem\",\"position\":2,\"name\":\"Shop\",\"item\":\"https:\\\/\\\/pen.eu\\\/ch\\\/shop\\\/\"},{\"@type\":\"ListItem\",\"position\":3,\"name\":\"Kugelschreiber &#8220;BamSteel&#8221;\"}]},{\"@type\":\"WebSite\",\"@id\":\"https:\\\/\\\/pen.eu\\\/#website\",\"url\":\"https:\\\/\\\/pen.eu\\\/\",\"name\":\"PEN.EU\",\"description\":\"Kugelschreiber bedrucken mit Logo | pen.eu\",\"potentialAction\":[{\"@type\":\"SearchAction\",\"target\":{\"@type\":\"EntryPoint\",\"urlTemplate\":\"https:\\\/\\\/pen.eu\\\/?s={search_term_string}\"},\"query-input\":{\"@type\":\"PropertyValueSpecification\",\"valueRequired\":true,\"valueName\":\"search_term_string\"}}],\"inLanguage\":\"fr-FR\"}]}<\/script>\n<!-- \/ Yoast SEO plugin. -->","yoast_head_json":{"title":"Kugelschreiber \"BamSteel\" - PEN.EU","robots":{"index":"index","follow":"follow","max-snippet":"max-snippet:-1","max-image-preview":"max-image-preview:large","max-video-preview":"max-video-preview:-1"},"canonical":"https:\/\/pen.eu\/fr\/produit\/kugelschreiber-bamsteel\/","og_locale":"fr_FR","og_type":"article","og_title":"Kugelschreiber \"BamSteel\" - PEN.EU","og_description":"Der BamSteel Kugelschreiber aus recyceltem Aluminium vereint elegantes Design mit durchdachter Funktionalit\u00e4t. Sein Schaft aus recyceltem Aluminium ist mit einer angenehm weichen Gummierung versehen, die f\u00fcr ein komfortables Schreibgef\u00fchl sorgt. Ein Bambusring und -kolben aus verantwortungsvoll bewirtschafteten Quellen setzen nat\u00fcrliche Akzente und unterstreichen den modernen Look des Stifts. Der robuste Rotgussclip erm\u00f6glicht eine sichere Befestigung [&hellip;]","og_url":"https:\/\/pen.eu\/fr\/produit\/kugelschreiber-bamsteel\/","og_site_name":"PEN.EU","article_modified_time":"2025-12-12T14:35:31+00:00","og_image":[{"width":2000,"height":2000,"url":"https:\/\/pen.eu\/wp-content\/uploads\/2025\/08\/MZR_Light-Blue-L-8ebac3.jpg","type":"image\/jpeg"}],"twitter_card":"summary_large_image","schema":{"@context":"https:\/\/schema.org","@graph":[{"@type":"WebPage","@id":"https:\/\/pen.eu\/produkt\/kugelschreiber-bamsteel\/","url":"https:\/\/pen.eu\/produkt\/kugelschreiber-bamsteel\/","name":"Kugelschreiber \"BamSteel\" - PEN.EU","isPartOf":{"@id":"https:\/\/pen.eu\/#website"},"primaryImageOfPage":{"@id":"https:\/\/pen.eu\/produkt\/kugelschreiber-bamsteel\/#primaryimage"},"image":{"@id":"https:\/\/pen.eu\/produkt\/kugelschreiber-bamsteel\/#primaryimage"},"thumbnailUrl":"https:\/\/pen.eu\/wp-content\/uploads\/2025\/08\/MZR_Light-Blue-L-8ebac3.jpg","datePublished":"2025-08-13T13:49:23+00:00","dateModified":"2025-12-12T14:35:31+00:00","breadcrumb":{"@id":"https:\/\/pen.eu\/produkt\/kugelschreiber-bamsteel\/#breadcrumb"},"inLanguage":"fr-FR","potentialAction":[{"@type":"ReadAction","target":["https:\/\/pen.eu\/produkt\/kugelschreiber-bamsteel\/"]}]},{"@type":"ImageObject","inLanguage":"fr-FR","@id":"https:\/\/pen.eu\/produkt\/kugelschreiber-bamsteel\/#primaryimage","url":"https:\/\/pen.eu\/wp-content\/uploads\/2025\/08\/MZR_Light-Blue-L-8ebac3.jpg","contentUrl":"https:\/\/pen.eu\/wp-content\/uploads\/2025\/08\/MZR_Light-Blue-L-8ebac3.jpg","width":2000,"height":2000,"caption":"MZR_Light Blue-L"},{"@type":"BreadcrumbList","@id":"https:\/\/pen.eu\/produkt\/kugelschreiber-bamsteel\/#breadcrumb","itemListElement":[{"@type":"ListItem","position":1,"name":"Home","item":"https:\/\/pen.eu\/"},{"@type":"ListItem","position":2,"name":"Shop","item":"https:\/\/pen.eu\/ch\/shop\/"},{"@type":"ListItem","position":3,"name":"Kugelschreiber &#8220;BamSteel&#8221;"}]},{"@type":"WebSite","@id":"https:\/\/pen.eu\/#website","url":"https:\/\/pen.eu\/","name":"PEN.EU","description":"Kugelschreiber bedrucken mit Logo | pen.eu","potentialAction":[{"@type":"SearchAction","target":{"@type":"EntryPoint","urlTemplate":"https:\/\/pen.eu\/?s={search_term_string}"},"query-input":{"@type":"PropertyValueSpecification","valueRequired":true,"valueName":"search_term_string"}}],"inLanguage":"fr-FR"}]}},"_links":{"self":[{"href":"https:\/\/pen.eu\/fr\/wp-json\/wp\/v2\/product\/16635","targetHints":{"allow":["GET"]}}],"collection":[{"href":"https:\/\/pen.eu\/fr\/wp-json\/wp\/v2\/product"}],"about":[{"href":"https:\/\/pen.eu\/fr\/wp-json\/wp\/v2\/types\/product"}],"replies":[{"embeddable":true,"href":"https:\/\/pen.eu\/fr\/wp-json\/wp\/v2\/comments?post=16635"}],"wp:featuredmedia":[{"embeddable":true,"href":"https:\/\/pen.eu\/fr\/wp-json\/wp\/v2\/media\/16647"}],"wp:attachment":[{"href":"https:\/\/pen.eu\/fr\/wp-json\/wp\/v2\/media?parent=16635"}],"wp:term":[{"taxonomy":"product_brand","embeddable":true,"href":"https:\/\/pen.eu\/fr\/wp-json\/wp\/v2\/product_brand?post=16635"},{"taxonomy":"product_cat","embeddable":true,"href":"https:\/\/pen.eu\/fr\/wp-json\/wp\/v2\/product_cat?post=16635"},{"taxonomy":"product_tag","embeddable":true,"href":"https:\/\/pen.eu\/fr\/wp-json\/wp\/v2\/product_tag?post=16635"}],"curies":[{"name":"wp","href":"https:\/\/api.w.org\/{rel}","templated":true}]}}