{"id":7686,"date":"2024-10-21T21:05:34","date_gmt":"2024-10-21T19:05:34","guid":{"rendered":"https:\/\/v2.frank-pen.de\/?post_type=product&#038;p=7686"},"modified":"2025-12-12T15:35:32","modified_gmt":"2025-12-12T14:35:32","slug":"isolierflasche-odine","status":"publish","type":"product","link":"https:\/\/pen.eu\/fr\/produit\/isolierflasche-odine\/","title":{"rendered":"Bouteille isotherme \u201cOdine\u201d"},"content":{"rendered":"<p>La bouteille en acier inoxydable Odine \u2013 robuste, \u00e9l\u00e9gante et tr\u00e8s appr\u00e9ci\u00e9e. Gr\u00e2ce \u00e0 son isolation sous vide \u00e0 double paroi en cuivre, cette bouteille de 500 ml garde vos boissons froides jusqu\u2019\u00e0 24 heures ou chaudes jusqu\u2019\u00e0 12 heures \u2013 id\u00e9ale pour les d\u00e9placements. Son bouchon \u00e0 vis \u00e9tanche assure un transport sans fuites, tandis que le rev\u00eatement en poudre r\u00e9sistant aux rayures met durablement en valeur votre logo. Un article publicitaire haut de gamme, parfait pour les conf\u00e9rences, les \u00e9v\u00e9nements sportifs ou pour valoriser vos \u00e9quipes. Lavage \u00e0 la main uniquement. Livr\u00e9e dans un coffret cadeau personnalis\u00e9.<\/p>","protected":false},"excerpt":{"rendered":"<p>Die Edelstahlflasche Odine \u2013 robust, stilvoll und ein echter Publikumsliebling. Mit doppelwandiger Kupfer-Vakuumisolierung h\u00e4lt diese 500-ml-Flasche Getr\u00e4nke bis zu 24 Stunden kalt oder bis zu 12 Stunden hei\u00df \u2013 ideal f\u00fcr unterwegs. Der dichte Schraubverschluss sorgt f\u00fcr auslaufsicheren Transport, w\u00e4hrend die widerstandsf\u00e4hige Pulverbeschichtung nicht nur kratzfest ist, sondern auch Ihr Logo dauerhaft zur Geltung bringt. [&hellip;]<\/p>\n","protected":false},"featured_media":7732,"comment_status":"open","ping_status":"closed","template":"","meta":[],"product_brand":[],"product_cat":[248],"product_tag":[682,851,340,689,339,835],"class_list":{"0":"post-7686","1":"product","2":"type-product","3":"status-publish","4":"has-post-thumbnail","6":"product_cat-trinkgefaesse","7":"product_tag-designbottle","8":"product_tag-mwidth-14","9":"product_tag-odine","10":"product_tag-slimsize","11":"product_tag-wdo","12":"product_tag-width-33","13":"pa_eigenschaft-doppelwandig","14":"pa_farbe-dunkelblau","15":"pa_farbe-schwarz","16":"pa_farbe-silber","17":"pa_farbe-weiss","18":"pa_material-edelstahl","19":"pa_mindestmenge-315","20":"pa_werbeanbringung-digitaldruck","21":"pa_werbeanbringung-lasergravur","22":"pa_werbeanbringung-siebdruck","24":"first","25":"instock","26":"taxable","27":"shipping-taxable","28":"purchasable","29":"product-type-variable","30":"has-default-attributes","31":"add-to-wishlist-after_add_to_cart"},"yoast_head":"<!-- This site is optimized with the Yoast SEO plugin v27.4 - https:\/\/yoast.com\/product\/yoast-seo-wordpress\/ -->\n<title>Isolierflasche &quot;Odine&quot; - PEN.EU<\/title>\n<meta name=\"robots\" content=\"index, follow, max-snippet:-1, max-image-preview:large, max-video-preview:-1\" \/>\n<link rel=\"canonical\" href=\"https:\/\/pen.eu\/fr\/produit\/isolierflasche-odine\/\" \/>\n<meta property=\"og:locale\" content=\"fr_FR\" \/>\n<meta property=\"og:type\" content=\"article\" \/>\n<meta property=\"og:title\" content=\"Isolierflasche &quot;Odine&quot; - PEN.EU\" \/>\n<meta property=\"og:description\" content=\"Die Edelstahlflasche Odine \u2013 robust, stilvoll und ein echter Publikumsliebling. Mit doppelwandiger Kupfer-Vakuumisolierung h\u00e4lt diese 500-ml-Flasche Getr\u00e4nke bis zu 24 Stunden kalt oder bis zu 12 Stunden hei\u00df \u2013 ideal f\u00fcr unterwegs. Der dichte Schraubverschluss sorgt f\u00fcr auslaufsicheren Transport, w\u00e4hrend die widerstandsf\u00e4hige Pulverbeschichtung nicht nur kratzfest ist, sondern auch Ihr Logo dauerhaft zur Geltung bringt. [&hellip;]\" \/>\n<meta property=\"og:url\" content=\"https:\/\/pen.eu\/fr\/produit\/isolierflasche-odine\/\" \/>\n<meta property=\"og:site_name\" content=\"PEN.EU\" \/>\n<meta property=\"article:modified_time\" content=\"2025-12-12T14:35:32+00:00\" \/>\n<meta property=\"og:image\" content=\"https:\/\/pen.eu\/wp-content\/uploads\/2024\/10\/051301504-GDD.jpg\" \/>\n\t<meta property=\"og:image:width\" content=\"1800\" \/>\n\t<meta property=\"og:image:height\" content=\"1800\" \/>\n\t<meta property=\"og:image:type\" content=\"image\/jpeg\" \/>\n<meta name=\"twitter:card\" content=\"summary_large_image\" \/>\n<script type=\"application\/ld+json\" class=\"yoast-schema-graph\">{\"@context\":\"https:\\\/\\\/schema.org\",\"@graph\":[{\"@type\":\"WebPage\",\"@id\":\"https:\\\/\\\/pen.eu\\\/produkt\\\/isolierflasche-odine\\\/\",\"url\":\"https:\\\/\\\/pen.eu\\\/produkt\\\/isolierflasche-odine\\\/\",\"name\":\"Isolierflasche \\\"Odine\\\" - PEN.EU\",\"isPartOf\":{\"@id\":\"https:\\\/\\\/pen.eu\\\/#website\"},\"primaryImageOfPage\":{\"@id\":\"https:\\\/\\\/pen.eu\\\/produkt\\\/isolierflasche-odine\\\/#primaryimage\"},\"image\":{\"@id\":\"https:\\\/\\\/pen.eu\\\/produkt\\\/isolierflasche-odine\\\/#primaryimage\"},\"thumbnailUrl\":\"https:\\\/\\\/pen.eu\\\/wp-content\\\/uploads\\\/2024\\\/10\\\/051301504-GDD.jpg\",\"datePublished\":\"2024-10-21T19:05:34+00:00\",\"dateModified\":\"2025-12-12T14:35:32+00:00\",\"breadcrumb\":{\"@id\":\"https:\\\/\\\/pen.eu\\\/produkt\\\/isolierflasche-odine\\\/#breadcrumb\"},\"inLanguage\":\"fr-FR\",\"potentialAction\":[{\"@type\":\"ReadAction\",\"target\":[\"https:\\\/\\\/pen.eu\\\/produkt\\\/isolierflasche-odine\\\/\"]}]},{\"@type\":\"ImageObject\",\"inLanguage\":\"fr-FR\",\"@id\":\"https:\\\/\\\/pen.eu\\\/produkt\\\/isolierflasche-odine\\\/#primaryimage\",\"url\":\"https:\\\/\\\/pen.eu\\\/wp-content\\\/uploads\\\/2024\\\/10\\\/051301504-GDD.jpg\",\"contentUrl\":\"https:\\\/\\\/pen.eu\\\/wp-content\\\/uploads\\\/2024\\\/10\\\/051301504-GDD.jpg\",\"width\":1800,\"height\":1800},{\"@type\":\"BreadcrumbList\",\"@id\":\"https:\\\/\\\/pen.eu\\\/produkt\\\/isolierflasche-odine\\\/#breadcrumb\",\"itemListElement\":[{\"@type\":\"ListItem\",\"position\":1,\"name\":\"Home\",\"item\":\"https:\\\/\\\/pen.eu\\\/\"},{\"@type\":\"ListItem\",\"position\":2,\"name\":\"Shop\",\"item\":\"https:\\\/\\\/pen.eu\\\/ch\\\/shop\\\/\"},{\"@type\":\"ListItem\",\"position\":3,\"name\":\"Isolierflasche &#8220;Odine&#8221;\"}]},{\"@type\":\"WebSite\",\"@id\":\"https:\\\/\\\/pen.eu\\\/#website\",\"url\":\"https:\\\/\\\/pen.eu\\\/\",\"name\":\"PEN.EU\",\"description\":\"Kugelschreiber bedrucken mit Logo | pen.eu\",\"potentialAction\":[{\"@type\":\"SearchAction\",\"target\":{\"@type\":\"EntryPoint\",\"urlTemplate\":\"https:\\\/\\\/pen.eu\\\/?s={search_term_string}\"},\"query-input\":{\"@type\":\"PropertyValueSpecification\",\"valueRequired\":true,\"valueName\":\"search_term_string\"}}],\"inLanguage\":\"fr-FR\"}]}<\/script>\n<!-- \/ Yoast SEO plugin. -->","yoast_head_json":{"title":"Isolierflasche \"Odine\" - PEN.EU","robots":{"index":"index","follow":"follow","max-snippet":"max-snippet:-1","max-image-preview":"max-image-preview:large","max-video-preview":"max-video-preview:-1"},"canonical":"https:\/\/pen.eu\/fr\/produit\/isolierflasche-odine\/","og_locale":"fr_FR","og_type":"article","og_title":"Isolierflasche \"Odine\" - PEN.EU","og_description":"Die Edelstahlflasche Odine \u2013 robust, stilvoll und ein echter Publikumsliebling. Mit doppelwandiger Kupfer-Vakuumisolierung h\u00e4lt diese 500-ml-Flasche Getr\u00e4nke bis zu 24 Stunden kalt oder bis zu 12 Stunden hei\u00df \u2013 ideal f\u00fcr unterwegs. Der dichte Schraubverschluss sorgt f\u00fcr auslaufsicheren Transport, w\u00e4hrend die widerstandsf\u00e4hige Pulverbeschichtung nicht nur kratzfest ist, sondern auch Ihr Logo dauerhaft zur Geltung bringt. [&hellip;]","og_url":"https:\/\/pen.eu\/fr\/produit\/isolierflasche-odine\/","og_site_name":"PEN.EU","article_modified_time":"2025-12-12T14:35:32+00:00","og_image":[{"width":1800,"height":1800,"url":"https:\/\/pen.eu\/wp-content\/uploads\/2024\/10\/051301504-GDD.jpg","type":"image\/jpeg"}],"twitter_card":"summary_large_image","schema":{"@context":"https:\/\/schema.org","@graph":[{"@type":"WebPage","@id":"https:\/\/pen.eu\/produkt\/isolierflasche-odine\/","url":"https:\/\/pen.eu\/produkt\/isolierflasche-odine\/","name":"Isolierflasche \"Odine\" - PEN.EU","isPartOf":{"@id":"https:\/\/pen.eu\/#website"},"primaryImageOfPage":{"@id":"https:\/\/pen.eu\/produkt\/isolierflasche-odine\/#primaryimage"},"image":{"@id":"https:\/\/pen.eu\/produkt\/isolierflasche-odine\/#primaryimage"},"thumbnailUrl":"https:\/\/pen.eu\/wp-content\/uploads\/2024\/10\/051301504-GDD.jpg","datePublished":"2024-10-21T19:05:34+00:00","dateModified":"2025-12-12T14:35:32+00:00","breadcrumb":{"@id":"https:\/\/pen.eu\/produkt\/isolierflasche-odine\/#breadcrumb"},"inLanguage":"fr-FR","potentialAction":[{"@type":"ReadAction","target":["https:\/\/pen.eu\/produkt\/isolierflasche-odine\/"]}]},{"@type":"ImageObject","inLanguage":"fr-FR","@id":"https:\/\/pen.eu\/produkt\/isolierflasche-odine\/#primaryimage","url":"https:\/\/pen.eu\/wp-content\/uploads\/2024\/10\/051301504-GDD.jpg","contentUrl":"https:\/\/pen.eu\/wp-content\/uploads\/2024\/10\/051301504-GDD.jpg","width":1800,"height":1800},{"@type":"BreadcrumbList","@id":"https:\/\/pen.eu\/produkt\/isolierflasche-odine\/#breadcrumb","itemListElement":[{"@type":"ListItem","position":1,"name":"Home","item":"https:\/\/pen.eu\/"},{"@type":"ListItem","position":2,"name":"Shop","item":"https:\/\/pen.eu\/ch\/shop\/"},{"@type":"ListItem","position":3,"name":"Isolierflasche &#8220;Odine&#8221;"}]},{"@type":"WebSite","@id":"https:\/\/pen.eu\/#website","url":"https:\/\/pen.eu\/","name":"PEN.EU","description":"Kugelschreiber bedrucken mit Logo | pen.eu","potentialAction":[{"@type":"SearchAction","target":{"@type":"EntryPoint","urlTemplate":"https:\/\/pen.eu\/?s={search_term_string}"},"query-input":{"@type":"PropertyValueSpecification","valueRequired":true,"valueName":"search_term_string"}}],"inLanguage":"fr-FR"}]}},"_links":{"self":[{"href":"https:\/\/pen.eu\/fr\/wp-json\/wp\/v2\/product\/7686","targetHints":{"allow":["GET"]}}],"collection":[{"href":"https:\/\/pen.eu\/fr\/wp-json\/wp\/v2\/product"}],"about":[{"href":"https:\/\/pen.eu\/fr\/wp-json\/wp\/v2\/types\/product"}],"replies":[{"embeddable":true,"href":"https:\/\/pen.eu\/fr\/wp-json\/wp\/v2\/comments?post=7686"}],"wp:featuredmedia":[{"embeddable":true,"href":"https:\/\/pen.eu\/fr\/wp-json\/wp\/v2\/media\/7732"}],"wp:attachment":[{"href":"https:\/\/pen.eu\/fr\/wp-json\/wp\/v2\/media?parent=7686"}],"wp:term":[{"taxonomy":"product_brand","embeddable":true,"href":"https:\/\/pen.eu\/fr\/wp-json\/wp\/v2\/product_brand?post=7686"},{"taxonomy":"product_cat","embeddable":true,"href":"https:\/\/pen.eu\/fr\/wp-json\/wp\/v2\/product_cat?post=7686"},{"taxonomy":"product_tag","embeddable":true,"href":"https:\/\/pen.eu\/fr\/wp-json\/wp\/v2\/product_tag?post=7686"}],"curies":[{"name":"wp","href":"https:\/\/api.w.org\/{rel}","templated":true}]}}