{"id":8000,"date":"2024-10-23T21:24:20","date_gmt":"2024-10-23T19:24:20","guid":{"rendered":"https:\/\/v2.frank-pen.de\/?post_type=product&#038;p=8000"},"modified":"2026-01-22T09:25:50","modified_gmt":"2026-01-22T08:25:50","slug":"trinkflasche-nomad","status":"publish","type":"product","link":"https:\/\/pen.eu\/fr\/produit\/trinkflasche-nomad\/","title":{"rendered":"Gobelet \"Nomad\""},"content":{"rendered":"<p>La Nomad \u2013 bouteille en acier inoxydable de 530 ml avec une touche cuivr\u00e9e \u00e9l\u00e9gante. Cette bouteille \u00e0 double paroi avec isolation sous vide allie fonctionnalit\u00e9 thermique et design raffin\u00e9. Le corps ext\u00e9rieur est en acier inoxydable 201 robuste, l\u2019int\u00e9rieur en acier inoxydable 304 de haute qualit\u00e9 \u2013 parfait pour conserver la temp\u00e9rature des boissons jusqu\u2019\u00e0 6 heures. Le bouchon et le fond cuivr\u00e9s apportent une note sophistiqu\u00e9e, tandis que le rev\u00eatement mat donne un aspect moderne et haut de gamme. Avec sa capacit\u00e9 de 530 ml et son poids de seulement 296 g, elle est id\u00e9ale pour les d\u00e9placements. Non compatible avec le lave-vaisselle ou le micro-ondes. Emball\u00e9e dans un sachet en poly\u00e9thyl\u00e8ne.<\/p>","protected":false},"excerpt":{"rendered":"<p>Die Nomad \u2013 530 ml Edelstahlflasche mit stilvoller Kupfernote. Diese doppelwandige, vakuumisolierte Flasche kombiniert funktionale W\u00e4rme- und K\u00e4ltehaltung mit einem eleganten Design. Der Au\u00dfenk\u00f6rper besteht aus robustem Edelstahl 201, das Innere aus hochwertigem Edelstahl 304 \u2013 ideal, um Getr\u00e4nke bis zu 6 Stunden auf Temperatur zu halten. Der kupferfarbene Deckel und Boden setzen edle Akzente, [&hellip;]<\/p>\n","protected":false},"featured_media":8015,"comment_status":"open","ping_status":"closed","template":"","meta":[],"product_brand":[],"product_cat":[248],"product_tag":[682,687,367,818,368,684],"class_list":{"0":"post-8000","1":"product","2":"type-product","3":"status-publish","4":"has-post-thumbnail","6":"product_cat-trinkgefaesse","7":"product_tag-designbottle","8":"product_tag-logomiddle","9":"product_tag-marta","10":"product_tag-top-48","11":"product_tag-wfk","12":"product_tag-widesize","13":"pa_farbe-creme","14":"pa_farbe-schwarz","15":"pa_material-edelstahl","16":"pa_mindestmenge-357","17":"pa_werbeanbringung-digitaldruck","18":"pa_werbeanbringung-lasergravur","19":"pa_werbeanbringung-siebdruck","21":"first","22":"instock","23":"taxable","24":"shipping-taxable","25":"purchasable","26":"product-type-variable","27":"add-to-wishlist-after_add_to_cart"},"yoast_head":"<!-- This site is optimized with the Yoast SEO plugin v27.4 - https:\/\/yoast.com\/product\/yoast-seo-wordpress\/ -->\n<title>Trinkflasche &quot;Nomad&quot; - PEN.EU<\/title>\n<meta name=\"robots\" content=\"index, follow, max-snippet:-1, max-image-preview:large, max-video-preview:-1\" \/>\n<link rel=\"canonical\" href=\"https:\/\/pen.eu\/fr\/produit\/trinkflasche-nomad\/\" \/>\n<meta property=\"og:locale\" content=\"fr_FR\" \/>\n<meta property=\"og:type\" content=\"article\" \/>\n<meta property=\"og:title\" content=\"Trinkflasche &quot;Nomad&quot; - PEN.EU\" \/>\n<meta property=\"og:description\" content=\"Die Nomad \u2013 530 ml Edelstahlflasche mit stilvoller Kupfernote. Diese doppelwandige, vakuumisolierte Flasche kombiniert funktionale W\u00e4rme- und K\u00e4ltehaltung mit einem eleganten Design. Der Au\u00dfenk\u00f6rper besteht aus robustem Edelstahl 201, das Innere aus hochwertigem Edelstahl 304 \u2013 ideal, um Getr\u00e4nke bis zu 6 Stunden auf Temperatur zu halten. Der kupferfarbene Deckel und Boden setzen edle Akzente, [&hellip;]\" \/>\n<meta property=\"og:url\" content=\"https:\/\/pen.eu\/fr\/produit\/trinkflasche-nomad\/\" \/>\n<meta property=\"og:site_name\" content=\"PEN.EU\" \/>\n<meta property=\"article:modified_time\" content=\"2026-01-22T08:25:50+00:00\" \/>\n<meta property=\"og:image\" content=\"https:\/\/pen.eu\/wp-content\/uploads\/2024\/10\/051302403-GS.jpg\" \/>\n\t<meta property=\"og:image:width\" content=\"2000\" \/>\n\t<meta property=\"og:image:height\" content=\"2000\" \/>\n\t<meta property=\"og:image:type\" content=\"image\/jpeg\" \/>\n<meta name=\"twitter:card\" content=\"summary_large_image\" \/>\n<meta name=\"twitter:label1\" content=\"Dur\u00e9e de lecture estim\u00e9e\" \/>\n\t<meta name=\"twitter:data1\" content=\"1 minute\" \/>\n<script type=\"application\/ld+json\" class=\"yoast-schema-graph\">{\"@context\":\"https:\\\/\\\/schema.org\",\"@graph\":[{\"@type\":\"WebPage\",\"@id\":\"https:\\\/\\\/pen.eu\\\/produkt\\\/trinkflasche-nomad\\\/\",\"url\":\"https:\\\/\\\/pen.eu\\\/produkt\\\/trinkflasche-nomad\\\/\",\"name\":\"Trinkflasche \\\"Nomad\\\" - PEN.EU\",\"isPartOf\":{\"@id\":\"https:\\\/\\\/pen.eu\\\/#website\"},\"primaryImageOfPage\":{\"@id\":\"https:\\\/\\\/pen.eu\\\/produkt\\\/trinkflasche-nomad\\\/#primaryimage\"},\"image\":{\"@id\":\"https:\\\/\\\/pen.eu\\\/produkt\\\/trinkflasche-nomad\\\/#primaryimage\"},\"thumbnailUrl\":\"https:\\\/\\\/pen.eu\\\/wp-content\\\/uploads\\\/2024\\\/10\\\/051302403-GS.jpg\",\"datePublished\":\"2024-10-23T19:24:20+00:00\",\"dateModified\":\"2026-01-22T08:25:50+00:00\",\"breadcrumb\":{\"@id\":\"https:\\\/\\\/pen.eu\\\/produkt\\\/trinkflasche-nomad\\\/#breadcrumb\"},\"inLanguage\":\"fr-FR\",\"potentialAction\":[{\"@type\":\"ReadAction\",\"target\":[\"https:\\\/\\\/pen.eu\\\/produkt\\\/trinkflasche-nomad\\\/\"]}]},{\"@type\":\"ImageObject\",\"inLanguage\":\"fr-FR\",\"@id\":\"https:\\\/\\\/pen.eu\\\/produkt\\\/trinkflasche-nomad\\\/#primaryimage\",\"url\":\"https:\\\/\\\/pen.eu\\\/wp-content\\\/uploads\\\/2024\\\/10\\\/051302403-GS.jpg\",\"contentUrl\":\"https:\\\/\\\/pen.eu\\\/wp-content\\\/uploads\\\/2024\\\/10\\\/051302403-GS.jpg\",\"width\":2000,\"height\":2000},{\"@type\":\"BreadcrumbList\",\"@id\":\"https:\\\/\\\/pen.eu\\\/produkt\\\/trinkflasche-nomad\\\/#breadcrumb\",\"itemListElement\":[{\"@type\":\"ListItem\",\"position\":1,\"name\":\"Home\",\"item\":\"https:\\\/\\\/pen.eu\\\/\"},{\"@type\":\"ListItem\",\"position\":2,\"name\":\"Shop\",\"item\":\"https:\\\/\\\/pen.eu\\\/ch\\\/shop\\\/\"},{\"@type\":\"ListItem\",\"position\":3,\"name\":\"Trinkflasche &#8220;Nomad&#8221;\"}]},{\"@type\":\"WebSite\",\"@id\":\"https:\\\/\\\/pen.eu\\\/#website\",\"url\":\"https:\\\/\\\/pen.eu\\\/\",\"name\":\"PEN.EU\",\"description\":\"Kugelschreiber bedrucken mit Logo | pen.eu\",\"potentialAction\":[{\"@type\":\"SearchAction\",\"target\":{\"@type\":\"EntryPoint\",\"urlTemplate\":\"https:\\\/\\\/pen.eu\\\/?s={search_term_string}\"},\"query-input\":{\"@type\":\"PropertyValueSpecification\",\"valueRequired\":true,\"valueName\":\"search_term_string\"}}],\"inLanguage\":\"fr-FR\"}]}<\/script>\n<!-- \/ Yoast SEO plugin. -->","yoast_head_json":{"title":"Trinkflasche \"Nomad\" - PEN.EU","robots":{"index":"index","follow":"follow","max-snippet":"max-snippet:-1","max-image-preview":"max-image-preview:large","max-video-preview":"max-video-preview:-1"},"canonical":"https:\/\/pen.eu\/fr\/produit\/trinkflasche-nomad\/","og_locale":"fr_FR","og_type":"article","og_title":"Trinkflasche \"Nomad\" - PEN.EU","og_description":"Die Nomad \u2013 530 ml Edelstahlflasche mit stilvoller Kupfernote. Diese doppelwandige, vakuumisolierte Flasche kombiniert funktionale W\u00e4rme- und K\u00e4ltehaltung mit einem eleganten Design. Der Au\u00dfenk\u00f6rper besteht aus robustem Edelstahl 201, das Innere aus hochwertigem Edelstahl 304 \u2013 ideal, um Getr\u00e4nke bis zu 6 Stunden auf Temperatur zu halten. Der kupferfarbene Deckel und Boden setzen edle Akzente, [&hellip;]","og_url":"https:\/\/pen.eu\/fr\/produit\/trinkflasche-nomad\/","og_site_name":"PEN.EU","article_modified_time":"2026-01-22T08:25:50+00:00","og_image":[{"width":2000,"height":2000,"url":"https:\/\/pen.eu\/wp-content\/uploads\/2024\/10\/051302403-GS.jpg","type":"image\/jpeg"}],"twitter_card":"summary_large_image","twitter_misc":{"Dur\u00e9e de lecture estim\u00e9e":"1 minute"},"schema":{"@context":"https:\/\/schema.org","@graph":[{"@type":"WebPage","@id":"https:\/\/pen.eu\/produkt\/trinkflasche-nomad\/","url":"https:\/\/pen.eu\/produkt\/trinkflasche-nomad\/","name":"Trinkflasche \"Nomad\" - PEN.EU","isPartOf":{"@id":"https:\/\/pen.eu\/#website"},"primaryImageOfPage":{"@id":"https:\/\/pen.eu\/produkt\/trinkflasche-nomad\/#primaryimage"},"image":{"@id":"https:\/\/pen.eu\/produkt\/trinkflasche-nomad\/#primaryimage"},"thumbnailUrl":"https:\/\/pen.eu\/wp-content\/uploads\/2024\/10\/051302403-GS.jpg","datePublished":"2024-10-23T19:24:20+00:00","dateModified":"2026-01-22T08:25:50+00:00","breadcrumb":{"@id":"https:\/\/pen.eu\/produkt\/trinkflasche-nomad\/#breadcrumb"},"inLanguage":"fr-FR","potentialAction":[{"@type":"ReadAction","target":["https:\/\/pen.eu\/produkt\/trinkflasche-nomad\/"]}]},{"@type":"ImageObject","inLanguage":"fr-FR","@id":"https:\/\/pen.eu\/produkt\/trinkflasche-nomad\/#primaryimage","url":"https:\/\/pen.eu\/wp-content\/uploads\/2024\/10\/051302403-GS.jpg","contentUrl":"https:\/\/pen.eu\/wp-content\/uploads\/2024\/10\/051302403-GS.jpg","width":2000,"height":2000},{"@type":"BreadcrumbList","@id":"https:\/\/pen.eu\/produkt\/trinkflasche-nomad\/#breadcrumb","itemListElement":[{"@type":"ListItem","position":1,"name":"Home","item":"https:\/\/pen.eu\/"},{"@type":"ListItem","position":2,"name":"Shop","item":"https:\/\/pen.eu\/ch\/shop\/"},{"@type":"ListItem","position":3,"name":"Trinkflasche &#8220;Nomad&#8221;"}]},{"@type":"WebSite","@id":"https:\/\/pen.eu\/#website","url":"https:\/\/pen.eu\/","name":"PEN.EU","description":"Kugelschreiber bedrucken mit Logo | pen.eu","potentialAction":[{"@type":"SearchAction","target":{"@type":"EntryPoint","urlTemplate":"https:\/\/pen.eu\/?s={search_term_string}"},"query-input":{"@type":"PropertyValueSpecification","valueRequired":true,"valueName":"search_term_string"}}],"inLanguage":"fr-FR"}]}},"_links":{"self":[{"href":"https:\/\/pen.eu\/fr\/wp-json\/wp\/v2\/product\/8000","targetHints":{"allow":["GET"]}}],"collection":[{"href":"https:\/\/pen.eu\/fr\/wp-json\/wp\/v2\/product"}],"about":[{"href":"https:\/\/pen.eu\/fr\/wp-json\/wp\/v2\/types\/product"}],"replies":[{"embeddable":true,"href":"https:\/\/pen.eu\/fr\/wp-json\/wp\/v2\/comments?post=8000"}],"wp:featuredmedia":[{"embeddable":true,"href":"https:\/\/pen.eu\/fr\/wp-json\/wp\/v2\/media\/8015"}],"wp:attachment":[{"href":"https:\/\/pen.eu\/fr\/wp-json\/wp\/v2\/media?parent=8000"}],"wp:term":[{"taxonomy":"product_brand","embeddable":true,"href":"https:\/\/pen.eu\/fr\/wp-json\/wp\/v2\/product_brand?post=8000"},{"taxonomy":"product_cat","embeddable":true,"href":"https:\/\/pen.eu\/fr\/wp-json\/wp\/v2\/product_cat?post=8000"},{"taxonomy":"product_tag","embeddable":true,"href":"https:\/\/pen.eu\/fr\/wp-json\/wp\/v2\/product_tag?post=8000"}],"curies":[{"name":"wp","href":"https:\/\/api.w.org\/{rel}","templated":true}]}}