{"id":8023,"date":"2024-10-24T09:16:00","date_gmt":"2024-10-24T07:16:00","guid":{"rendered":"https:\/\/v2.frank-pen.de\/?post_type=product&#038;p=8023"},"modified":"2025-10-23T06:12:06","modified_gmt":"2025-10-23T04:12:06","slug":"trinkbecher-ree","status":"publish","type":"product","link":"https:\/\/pen.eu\/fr\/produit\/trinkbecher-ree\/","title":{"rendered":"Gobelet \"Ree\""},"content":{"rendered":"<p>Votre compagnon id\u00e9al pour vos d\u00e9placements \u2013 le gobelet Ree de 530 ml en acier inoxydable \u00e0 double paroi. Gr\u00e2ce \u00e0 sa conception robuste en acier inoxydable, \u00e0 l\u2019int\u00e9rieur comme \u00e0 l\u2019ext\u00e9rieur, ce tumbler offre une isolation fiable pour les boissons chaudes ou froides \u2013 jusqu\u2019\u00e0 6 heures. La technologie d\u2019isolation sous vide \u00e0 double paroi garantit que vos boissons conservent toujours la temp\u00e9rature souhait\u00e9e.<br data-start=\"431\" data-end=\"434\" \/>Le couvercle \u00e0 encliqueter pratique avec glissi\u00e8re anti-\u00e9claboussures et joint en caoutchouc permet une consommation confortable et prot\u00e8ge efficacement contre les fuites.<br data-start=\"586\" data-end=\"589\" \/>Avec une capacit\u00e9 de 530 ml et un fond antid\u00e9rapant, ce gobelet est parfaitement adapt\u00e9 au quotidien, aux voyages ou au bureau \u2013 \u00e9l\u00e9gant, fonctionnel et s\u00fbr \u00e0 utiliser.<br \/>\nNon compatible avec le micro-ondes ou le lave-vaisselle.<\/p>","protected":false},"excerpt":{"rendered":"<p>Ihr idealer Begleiter f\u00fcr unterwegs \u2013 der doppelwandige 530 ml Edelstahlbecher Ree. Mit seiner robusten Konstruktion aus Edelstahl innen und au\u00dfen bietet dieser Tumbler zuverl\u00e4ssige Isolierung f\u00fcr hei\u00dfe und kalte Getr\u00e4nke \u2013 bis zu 6 Stunden lang. Die doppelwandige Vakuumtechnologie sorgt daf\u00fcr, dass Ihre Lieblingsgetr\u00e4nke stets die gew\u00fcnschte Temperatur behalten.Der praktische Snap-On-Deckel mit spritzsicherem Daumenschieber [&hellip;]<\/p>\n","protected":false},"featured_media":8047,"comment_status":"open","ping_status":"closed","template":"","meta":[],"product_brand":[],"product_cat":[767,248],"product_tag":[370,683,808,689,815,371],"class_list":{"0":"post-8023","1":"product","2":"type-product","3":"status-publish","4":"has-post-thumbnail","6":"product_cat-trinkbecher","7":"product_cat-trinkgefaesse","8":"product_tag-arkona","9":"product_tag-designcup","10":"product_tag-left-51","11":"product_tag-slimsize","12":"product_tag-top-35","13":"product_tag-wcn","14":"pa_eigenschaft-doppelwandig","15":"pa_eigenschaft-vakuumisoliert","16":"pa_farbe-blau","17":"pa_farbe-schwarz","18":"pa_farbe-silber","19":"pa_farbe-weiss","20":"pa_material-edelstahl","21":"pa_mindestmenge-369","22":"pa_werbeanbringung-digitaldruck","23":"pa_werbeanbringung-lasergravur","24":"pa_werbeanbringung-siebdruck","26":"first","27":"instock","28":"taxable","29":"shipping-taxable","30":"purchasable","31":"product-type-variable","32":"add-to-wishlist-after_add_to_cart"},"yoast_head":"<!-- This site is optimized with the Yoast SEO plugin v27.4 - https:\/\/yoast.com\/product\/yoast-seo-wordpress\/ -->\n<title>Trinkbecher &quot;Ree&quot; - PEN.EU<\/title>\n<meta name=\"robots\" content=\"index, follow, max-snippet:-1, max-image-preview:large, max-video-preview:-1\" \/>\n<link rel=\"canonical\" href=\"https:\/\/pen.eu\/fr\/produit\/trinkbecher-ree\/\" \/>\n<meta property=\"og:locale\" content=\"fr_FR\" \/>\n<meta property=\"og:type\" content=\"article\" \/>\n<meta property=\"og:title\" content=\"Trinkbecher &quot;Ree&quot; - PEN.EU\" \/>\n<meta property=\"og:description\" content=\"Ihr idealer Begleiter f\u00fcr unterwegs \u2013 der doppelwandige 530 ml Edelstahlbecher Ree. Mit seiner robusten Konstruktion aus Edelstahl innen und au\u00dfen bietet dieser Tumbler zuverl\u00e4ssige Isolierung f\u00fcr hei\u00dfe und kalte Getr\u00e4nke \u2013 bis zu 6 Stunden lang. Die doppelwandige Vakuumtechnologie sorgt daf\u00fcr, dass Ihre Lieblingsgetr\u00e4nke stets die gew\u00fcnschte Temperatur behalten.Der praktische Snap-On-Deckel mit spritzsicherem Daumenschieber [&hellip;]\" \/>\n<meta property=\"og:url\" content=\"https:\/\/pen.eu\/fr\/produit\/trinkbecher-ree\/\" \/>\n<meta property=\"og:site_name\" content=\"PEN.EU\" \/>\n<meta property=\"article:modified_time\" content=\"2025-10-23T04:12:06+00:00\" \/>\n<meta property=\"og:image\" content=\"https:\/\/pen.eu\/wp-content\/uploads\/2024\/10\/051302511-GDD.jpg\" \/>\n\t<meta property=\"og:image:width\" content=\"2000\" \/>\n\t<meta property=\"og:image:height\" content=\"2000\" \/>\n\t<meta property=\"og:image:type\" content=\"image\/jpeg\" \/>\n<meta name=\"twitter:card\" content=\"summary_large_image\" \/>\n<meta name=\"twitter:label1\" content=\"Dur\u00e9e de lecture estim\u00e9e\" \/>\n\t<meta name=\"twitter:data1\" content=\"1 minute\" \/>\n<script type=\"application\/ld+json\" class=\"yoast-schema-graph\">{\"@context\":\"https:\\\/\\\/schema.org\",\"@graph\":[{\"@type\":\"WebPage\",\"@id\":\"https:\\\/\\\/pen.eu\\\/produkt\\\/trinkbecher-ree\\\/\",\"url\":\"https:\\\/\\\/pen.eu\\\/produkt\\\/trinkbecher-ree\\\/\",\"name\":\"Trinkbecher \\\"Ree\\\" - PEN.EU\",\"isPartOf\":{\"@id\":\"https:\\\/\\\/pen.eu\\\/#website\"},\"primaryImageOfPage\":{\"@id\":\"https:\\\/\\\/pen.eu\\\/produkt\\\/trinkbecher-ree\\\/#primaryimage\"},\"image\":{\"@id\":\"https:\\\/\\\/pen.eu\\\/produkt\\\/trinkbecher-ree\\\/#primaryimage\"},\"thumbnailUrl\":\"https:\\\/\\\/pen.eu\\\/wp-content\\\/uploads\\\/2024\\\/10\\\/051302511-GDD.jpg\",\"datePublished\":\"2024-10-24T07:16:00+00:00\",\"dateModified\":\"2025-10-23T04:12:06+00:00\",\"breadcrumb\":{\"@id\":\"https:\\\/\\\/pen.eu\\\/produkt\\\/trinkbecher-ree\\\/#breadcrumb\"},\"inLanguage\":\"fr-FR\",\"potentialAction\":[{\"@type\":\"ReadAction\",\"target\":[\"https:\\\/\\\/pen.eu\\\/produkt\\\/trinkbecher-ree\\\/\"]}]},{\"@type\":\"ImageObject\",\"inLanguage\":\"fr-FR\",\"@id\":\"https:\\\/\\\/pen.eu\\\/produkt\\\/trinkbecher-ree\\\/#primaryimage\",\"url\":\"https:\\\/\\\/pen.eu\\\/wp-content\\\/uploads\\\/2024\\\/10\\\/051302511-GDD.jpg\",\"contentUrl\":\"https:\\\/\\\/pen.eu\\\/wp-content\\\/uploads\\\/2024\\\/10\\\/051302511-GDD.jpg\",\"width\":2000,\"height\":2000},{\"@type\":\"BreadcrumbList\",\"@id\":\"https:\\\/\\\/pen.eu\\\/produkt\\\/trinkbecher-ree\\\/#breadcrumb\",\"itemListElement\":[{\"@type\":\"ListItem\",\"position\":1,\"name\":\"Home\",\"item\":\"https:\\\/\\\/pen.eu\\\/\"},{\"@type\":\"ListItem\",\"position\":2,\"name\":\"Shop\",\"item\":\"https:\\\/\\\/pen.eu\\\/ch\\\/shop\\\/\"},{\"@type\":\"ListItem\",\"position\":3,\"name\":\"Trinkbecher &#8220;Ree&#8221;\"}]},{\"@type\":\"WebSite\",\"@id\":\"https:\\\/\\\/pen.eu\\\/#website\",\"url\":\"https:\\\/\\\/pen.eu\\\/\",\"name\":\"PEN.EU\",\"description\":\"Kugelschreiber bedrucken mit Logo | pen.eu\",\"potentialAction\":[{\"@type\":\"SearchAction\",\"target\":{\"@type\":\"EntryPoint\",\"urlTemplate\":\"https:\\\/\\\/pen.eu\\\/?s={search_term_string}\"},\"query-input\":{\"@type\":\"PropertyValueSpecification\",\"valueRequired\":true,\"valueName\":\"search_term_string\"}}],\"inLanguage\":\"fr-FR\"}]}<\/script>\n<!-- \/ Yoast SEO plugin. -->","yoast_head_json":{"title":"Trinkbecher \"Ree\" - PEN.EU","robots":{"index":"index","follow":"follow","max-snippet":"max-snippet:-1","max-image-preview":"max-image-preview:large","max-video-preview":"max-video-preview:-1"},"canonical":"https:\/\/pen.eu\/fr\/produit\/trinkbecher-ree\/","og_locale":"fr_FR","og_type":"article","og_title":"Trinkbecher \"Ree\" - PEN.EU","og_description":"Ihr idealer Begleiter f\u00fcr unterwegs \u2013 der doppelwandige 530 ml Edelstahlbecher Ree. Mit seiner robusten Konstruktion aus Edelstahl innen und au\u00dfen bietet dieser Tumbler zuverl\u00e4ssige Isolierung f\u00fcr hei\u00dfe und kalte Getr\u00e4nke \u2013 bis zu 6 Stunden lang. Die doppelwandige Vakuumtechnologie sorgt daf\u00fcr, dass Ihre Lieblingsgetr\u00e4nke stets die gew\u00fcnschte Temperatur behalten.Der praktische Snap-On-Deckel mit spritzsicherem Daumenschieber [&hellip;]","og_url":"https:\/\/pen.eu\/fr\/produit\/trinkbecher-ree\/","og_site_name":"PEN.EU","article_modified_time":"2025-10-23T04:12:06+00:00","og_image":[{"width":2000,"height":2000,"url":"https:\/\/pen.eu\/wp-content\/uploads\/2024\/10\/051302511-GDD.jpg","type":"image\/jpeg"}],"twitter_card":"summary_large_image","twitter_misc":{"Dur\u00e9e de lecture estim\u00e9e":"1 minute"},"schema":{"@context":"https:\/\/schema.org","@graph":[{"@type":"WebPage","@id":"https:\/\/pen.eu\/produkt\/trinkbecher-ree\/","url":"https:\/\/pen.eu\/produkt\/trinkbecher-ree\/","name":"Trinkbecher \"Ree\" - PEN.EU","isPartOf":{"@id":"https:\/\/pen.eu\/#website"},"primaryImageOfPage":{"@id":"https:\/\/pen.eu\/produkt\/trinkbecher-ree\/#primaryimage"},"image":{"@id":"https:\/\/pen.eu\/produkt\/trinkbecher-ree\/#primaryimage"},"thumbnailUrl":"https:\/\/pen.eu\/wp-content\/uploads\/2024\/10\/051302511-GDD.jpg","datePublished":"2024-10-24T07:16:00+00:00","dateModified":"2025-10-23T04:12:06+00:00","breadcrumb":{"@id":"https:\/\/pen.eu\/produkt\/trinkbecher-ree\/#breadcrumb"},"inLanguage":"fr-FR","potentialAction":[{"@type":"ReadAction","target":["https:\/\/pen.eu\/produkt\/trinkbecher-ree\/"]}]},{"@type":"ImageObject","inLanguage":"fr-FR","@id":"https:\/\/pen.eu\/produkt\/trinkbecher-ree\/#primaryimage","url":"https:\/\/pen.eu\/wp-content\/uploads\/2024\/10\/051302511-GDD.jpg","contentUrl":"https:\/\/pen.eu\/wp-content\/uploads\/2024\/10\/051302511-GDD.jpg","width":2000,"height":2000},{"@type":"BreadcrumbList","@id":"https:\/\/pen.eu\/produkt\/trinkbecher-ree\/#breadcrumb","itemListElement":[{"@type":"ListItem","position":1,"name":"Home","item":"https:\/\/pen.eu\/"},{"@type":"ListItem","position":2,"name":"Shop","item":"https:\/\/pen.eu\/ch\/shop\/"},{"@type":"ListItem","position":3,"name":"Trinkbecher &#8220;Ree&#8221;"}]},{"@type":"WebSite","@id":"https:\/\/pen.eu\/#website","url":"https:\/\/pen.eu\/","name":"PEN.EU","description":"Kugelschreiber bedrucken mit Logo | pen.eu","potentialAction":[{"@type":"SearchAction","target":{"@type":"EntryPoint","urlTemplate":"https:\/\/pen.eu\/?s={search_term_string}"},"query-input":{"@type":"PropertyValueSpecification","valueRequired":true,"valueName":"search_term_string"}}],"inLanguage":"fr-FR"}]}},"_links":{"self":[{"href":"https:\/\/pen.eu\/fr\/wp-json\/wp\/v2\/product\/8023","targetHints":{"allow":["GET"]}}],"collection":[{"href":"https:\/\/pen.eu\/fr\/wp-json\/wp\/v2\/product"}],"about":[{"href":"https:\/\/pen.eu\/fr\/wp-json\/wp\/v2\/types\/product"}],"replies":[{"embeddable":true,"href":"https:\/\/pen.eu\/fr\/wp-json\/wp\/v2\/comments?post=8023"}],"wp:featuredmedia":[{"embeddable":true,"href":"https:\/\/pen.eu\/fr\/wp-json\/wp\/v2\/media\/8047"}],"wp:attachment":[{"href":"https:\/\/pen.eu\/fr\/wp-json\/wp\/v2\/media?parent=8023"}],"wp:term":[{"taxonomy":"product_brand","embeddable":true,"href":"https:\/\/pen.eu\/fr\/wp-json\/wp\/v2\/product_brand?post=8023"},{"taxonomy":"product_cat","embeddable":true,"href":"https:\/\/pen.eu\/fr\/wp-json\/wp\/v2\/product_cat?post=8023"},{"taxonomy":"product_tag","embeddable":true,"href":"https:\/\/pen.eu\/fr\/wp-json\/wp\/v2\/product_tag?post=8023"}],"curies":[{"name":"wp","href":"https:\/\/api.w.org\/{rel}","templated":true}]}}